{"id":955,"date":"2020-07-30T14:56:22","date_gmt":"2020-07-30T14:56:22","guid":{"rendered":"http:\/\/healthtourismcenterturkey.com\/?page_id=955"},"modified":"2022-03-24T19:40:20","modified_gmt":"2022-03-24T19:40:20","slug":"obezite-cerrahisi","status":"publish","type":"page","link":"https:\/\/healthtourismcenterturkey.com\/tr_tr\/plastik-cerrahi\/vucut-estetigi\/obezite-cerrahisi\/","title":{"rendered":"Obezite Cerrahisi"},"content":{"rendered":"<h1 class=\"vc_custom_heading font-weight-bold letter-spacing-1 vc_custom_1545743474705\">Obezite Cerrahisi Nedir?<\/h1>\n<p class=\"vc_custom_heading vc_custom_1545743490022\"><span style=\"font-size: 14pt;\">Obezite, d\u00fczensiz ve sa\u011fl\u0131ks\u0131z beslenmenin giderek yayg\u0131nla\u015fmas\u0131 ile beraber d\u00fcnyadaki pek \u00e7ok toplumda g\u00f6r\u00fclmeye ba\u015flayan, \u00f6nemli bir sa\u011fl\u0131k sorunudur. Kilo vermekte zorlanan, a\u015f\u0131r\u0131 kilolu ki\u015filerin bu s\u0131k\u0131nt\u0131s\u0131 \u00e7e\u015fitli \u015fekillerde giderilmek istenir. Ancak net ve do\u011fru y\u00f6ntemi bulmak gereklidir. Bu noktada bir tak\u0131m uygulamalar di\u011ferlerinin aras\u0131ndan s\u0131yr\u0131larak g\u00fcndeme gelirken, \u00f6zellikle de son d\u00f6nemlerde en s\u0131k konu\u015fulan uygulamalardan birisi olarak da \u201cobezite cerrahisi\u201d dikkat \u00e7eker.<\/span><\/p>\n<div class=\"wpb_single_image wpb_content_element vc_align_left vc_custom_1545743531852\">\n<figure class=\"wpb_wrapper vc_figure\">\n<div class=\"vc_single_image-wrapper vc_box_border_grey\"><img loading=\"lazy\" decoding=\"async\" class=\"alignnone size-full wp-image-2218\" src=\"https:\/\/healthtourismcenterturkey.com\/wp-content\/uploads\/2022\/03\/abdomen_liposuction.jpg\" alt=\"\" width=\"1204\" height=\"720\" srcset=\"https:\/\/healthtourismcenterturkey.com\/wp-content\/uploads\/2022\/03\/abdomen_liposuction.jpg 1204w, https:\/\/healthtourismcenterturkey.com\/wp-content\/uploads\/2022\/03\/abdomen_liposuction-300x179.jpg 300w, https:\/\/healthtourismcenterturkey.com\/wp-content\/uploads\/2022\/03\/abdomen_liposuction-1024x612.jpg 1024w, https:\/\/healthtourismcenterturkey.com\/wp-content\/uploads\/2022\/03\/abdomen_liposuction-768x459.jpg 768w\" sizes=\"(max-width: 1204px) 100vw, 1204px\" \/><\/div>\n<\/figure>\n<\/div>\n<p class=\"vc_custom_heading vc_custom_1545743499865\"><span style=\"font-size: 14pt;\">D\u00fcnya genelinde pek \u00e7ok obez hasta bulunur. Bu hastalar t\u00fcrl\u00fc y\u00f6ntemler ile kilo vermeye \u00e7al\u0131\u015f\u0131rlar. Kilo verme konusunda hastalara yard\u0131mc\u0131 olabilmek ad\u0131na sindirim sistemlerine m\u00fcdahalede bulunulmas\u0131 durumu s\u00f6z konusu olurken, g\u0131da al\u0131mlar\u0131 ya da g\u0131da emilimlerinin azalt\u0131lmas\u0131 amac\u0131 ile yap\u0131lan b\u00fct\u00fcn bu m\u00fcdahalelere ise obezite cerrahisi ad\u0131 verilir. Kimi yerlerde bu operasyon, yukar\u0131da da belirtildi\u011fi \u00fczere bariatrik cerrahi olarak da ge\u00e7er.<\/span><\/p>\n<div class=\"rt-separator element-one\" data-separator-width=\"100%\" data-separator-color=\"#000000\" data-separator-background=\"#ffffff\" data-separator-direction=\"center\">\n<div class=\"block\">\n<div class=\"gap\"><\/div>\n<div class=\"bar\"><\/div>\n<\/div>\n<\/div>\n<p>&nbsp;<\/p>\n<h1 class=\"vc_custom_heading font-weight-semibold vc_custom_1545743568631\">Obezite Cerrahisine Dair \u00d6nemli Noktalar<\/h1>\n<p class=\"vc_custom_heading vc_custom_1545743579031\"><span style=\"font-size: 14pt;\">Her operasyon gibi obezite cerrahisi operasyonlar\u0131 da ciddi cerrahi i\u015flemlerdendir. Bu nedenle de hastalar\u0131n \u00e7e\u015fitli noktalara \u00f6zellikle dikkat etmeleri gerekir\u2026<\/span><\/p>\n<p class=\"vc_custom_heading vc_custom_1545743594230\"><span style=\"font-size: 14pt;\">\u2022 Kilo vermek i\u00e7in olduk\u00e7a kal\u0131c\u0131 ve bir o kadar da kesin etkilerin ortaya \u00e7\u0131kar\u0131lmas\u0131 obezite cerrahisi \u00e7er\u00e7evesinde m\u00fcmk\u00fcn olur. Ki\u015finin \u00f6nemli ve ciddi bir operasyon ge\u00e7irdi\u011fini bilmesi, buna uygun hareket etmesi bu anlamda \u015fartt\u0131r.<\/span><br \/>\n<span style=\"font-size: 14pt;\">\u2022 Ameliyat\u0131n ard\u0131ndan dinlenme ve d\u00fczelme evresinde ki\u015filer mutlaka uzmanlar\u0131n dediklerine harfiyen uymal\u0131d\u0131r. \u00d6zellikle de beslenme ve egzersiz konular\u0131nda hastalar\u0131n \u00fcstlerine d\u00fc\u015fenleri yapmalar\u0131 gerekmektedir.<\/span><br \/>\n<span style=\"font-size: 14pt;\">\u2022 Bu cerrahi m\u00fcdahale sonras\u0131nda hastalar\u0131n kilo verme h\u0131zlar\u0131 olduk\u00e7a y\u00fcksek olur. Fakat verilen kilolardan sonra mevcut kilonun korunmas\u0131 ad\u0131na ki\u015finin ya\u015fam tarz\u0131na da belli bir derecede m\u00fcdahale etmesi gerekir. Kal\u0131c\u0131 ba\u015far\u0131, daha sonradan \u00e7e\u015fitli al\u0131\u015fkanl\u0131klar\u0131n g\u00f6lgesinde kalmamal\u0131d\u0131r.<\/span><br \/>\n<span style=\"font-size: 14pt;\">\u2022 Obezite cerrahisi elbette ki teknolojik geli\u015fimlerden etkilenir. \u00d6zellikle de yeni geli\u015fmeler ve farkl\u0131 metotlar noktas\u0131nda son derece iyi ve kaliteli m\u00fcdahaleler ger\u00e7ekle\u015ftirilebilir. \u00d6rne\u011fin kapal\u0131 laparoskopik y\u00f6ntem son y\u0131llarda daha s\u0131k uygulan\u0131r ve bu y\u00f6ntemin ard\u0131ndan hastalar\u0131n daha h\u0131zl\u0131 iyile\u015fip kendi hayatlar\u0131na daha rahat d\u00f6nd\u00fckleri g\u00f6r\u00fclebililr.<\/span><br \/>\n<span style=\"font-size: 14pt;\">\u2022 \u00d6te yandan obezite cerrahisi bir anda pop\u00fcler olmu\u015f bir m\u00fcdahaledir. \u00c7\u00fcnk\u00fc ameliyat\u0131n ard\u0131ndan riskler d\u00fc\u015fm\u00fc\u015ft\u00fcr ve ameliyat s\u00fcreci de hayli kolay \u015fekilde atlat\u0131lmaktad\u0131r. Buna ek olarak, yine ba\u015far\u0131l\u0131 ge\u00e7en bir operasyon sonras\u0131nda hastan\u0131n s\u0131rf kilo ve obezite kaynakl\u0131 ya\u015fad\u0131\u011f\u0131 sa\u011fl\u0131k sorunlar\u0131 da ortadan kalkabilir.<\/span><\/p>\n<div class=\"vc_row wpb_row vc_inner vc_row-fluid vc_custom_1545478509233\">\n<div class=\"wpb_column vc_column_container vc_col-sm-12 vc_col-has-fill\">\n<div class=\"vc_column-inner vc_custom_1545478117371\">\n<div class=\"wpb_wrapper\">\n<p>&nbsp;<\/p>\n<h1 class=\"vc_custom_heading vc_custom_1545743642230\">Obezite Cerrahisi Ka\u00e7 \u00c7e\u015fittir?<\/h1>\n<p class=\"vc_custom_heading vc_custom_1545743652396\"><span style=\"font-size: 14pt;\">Bu alanda yap\u0131lan ameliyatlar temel olarak 2\u2019ye ayr\u0131lmaktad\u0131r. Bu ameliyat t\u00fcrleri \u015fu \u015fekilde a\u00e7\u0131klanabilir;<\/span><\/p>\n<p class=\"vc_custom_heading vc_custom_1545743675051\"><span style=\"font-size: 14pt;\">1. \u0130lk ameliyat t\u00fcr\u00fc daha \u00e7ok k\u0131s\u0131tlay\u0131c\u0131 ameliyatlardaki midenin hacminin k\u00fc\u00e7\u00fclt\u00fclmesi ile ilgilidir. Mideye ula\u015fan g\u0131dalar\u0131n hem miktar olarak azalt\u0131lmas\u0131, hem de ki\u015finin genel olarak yedi\u011fi g\u0131dalar\u0131n azalt\u0131lmas\u0131 bu m\u00fcdahalenin ana konusudur.<\/span><br \/>\n<span style=\"font-size: 14pt;\">2. \u0130kinci ameliyat t\u00fcr\u00fc ise emilim ile ilgilidir. Emilimin azalt\u0131ld\u0131\u011f\u0131 ameliyat t\u00fcrlerinde besinlerin emilimini azaltmak i\u00e7in ba\u011f\u0131rsaklar\u0131n bir k\u0131sm\u0131 kesilip al\u0131n\u0131r. Bu da tercih edilen bir y\u00f6ntemdir.<\/span><\/p>\n<\/div>\n<\/div>\n<\/div>\n<\/div>\n<p class=\"vc_custom_heading vc_custom_1545743686498\"><span style=\"font-size: 14pt;\">Obezite olduk\u00e7a ciddi ve \u00f6nemli bir sa\u011fl\u0131k sorunudur. Konu sadece d\u0131\u015f g\u00f6r\u00fcn\u00fc\u015f de\u011fil, ayn\u0131 zamanda fiziksel rahats\u0131zl\u0131klar\u0131n da hissedilmesidir. \u00d6rnek olarak y\u00fcksek tansiyon \u015fikayeti, depresyon, iktidars\u0131zl\u0131k, ins\u00fclin direnci, uyku apnesi, kolesterol y\u00fcksekli\u011fi ve solunum bozuklu\u011fu gibi rahats\u0131zl\u0131klar obezite ile ilgili olabilir.<\/span><\/p>\n<div class=\"rt-separator element-one\" data-separator-width=\"100%\" data-separator-color=\"#000000\" data-separator-background=\"#ffffff\" data-separator-direction=\"center\">\n<div class=\"block\">\n<div class=\"gap\"><\/div>\n<div class=\"bar\"><\/div>\n<\/div>\n<\/div>\n<p>&nbsp;<\/p>\n<h1 class=\"vc_custom_heading font-weight-semibold vc_custom_1545743715312\">Mide Kelep\u00e7esi Ameliyat\u0131 Nedir?<\/h1>\n<p class=\"vc_custom_heading vc_custom_1545743725869\"><span style=\"font-size: 14pt;\">Yakla\u015f\u0131k olarak 1 ila 2 saat kadar s\u00fcren bu operasyon, g\u0131da al\u0131m\u0131nda k\u0131s\u0131tlama yapmak i\u00e7in ger\u00e7ekle\u015ftirilir. Obeziteyi \u00e7\u00f6zmek ad\u0131na uygulanan mide kelep\u00e7esi ameliyat\u0131, laproskopik y\u00f6ntem ile yap\u0131lmaktad\u0131r. Hastan\u0131n genel anestezi ile uyutulmas\u0131 sonras\u0131nda travma olu\u015fum riski de son derece azd\u0131r.<\/span><\/p>\n<p class=\"vc_custom_heading vc_custom_1545743739606\"><span style=\"font-size: 14pt;\">S\u00f6z konusu ameliyat \u00e7er\u00e7evesinde midenin \u00fcst taraf\u0131na \u015fi\u015febilme \u00f6zelli\u011fine sahip bir bant tak\u0131lmaktad\u0131r. Bu \u015fekilde mide 2 b\u00f6l\u00fcme ayr\u0131l\u0131r. \u00dcst k\u0131sm\u0131n k\u00fc\u00e7\u00fck, alt k\u0131sm\u0131n ise b\u00fcy\u00fck b\u00f6l\u00fcm olarak ikiye ayr\u0131ld\u0131\u011f\u0131 i\u015flem s\u0131ras\u0131nda, b\u00f6l\u00fcmlerin aras\u0131nda ise ufak bir de kanal b\u0131rak\u0131l\u0131r.<\/span><\/p>\n<p class=\"vc_custom_heading vc_custom_1545743751253\"><span style=\"font-size: 14pt;\">Mide kelep\u00e7esi ameliyat\u0131n\u0131n ard\u0131ndan herhangi bir komplikasyon geli\u015fmesi ya da enfeksiyon g\u00f6r\u00fclmesi son derece d\u00fc\u015f\u00fck bir ihtimaldir. Hatta ameliyat\u0131n rahatl\u0131\u011f\u0131n\u0131 vurgulayabilmek ad\u0131na hastan\u0131n ileride midesinden kelep\u00e7e al\u0131nmas\u0131 bile s\u00f6z konusu olabilir.<\/span><\/p>\n<p class=\"vc_custom_heading vc_custom_1545743767106\"><span style=\"font-size: 14pt;\">Ameliyat sonras\u0131nda hastanede kalmak da \u00e7ok uzun s\u00fcrmeyecektir. \u0130yile\u015fme belirtileri ba\u015flad\u0131ktan sonra hasta taburcu edilir.<\/span><\/p>\n<p class=\"vc_custom_heading vc_custom_1545743783120\"><span style=\"font-size: 14pt;\">Mide band\u0131 tak\u0131lmas\u0131, yani mide kelep\u00e7esi operasyonundan sonra hastan\u0131n \u00e7ok daha h\u0131zl\u0131 ve \u00e7abuk bi\u00e7imde doydu\u011fu g\u00f6zlemlenebilir. \u00d6yle ki hasta toplam a\u011f\u0131rl\u0131\u011f\u0131n\u0131n \u00e7eyre\u011fi, hatta yar\u0131s\u0131 ve yar\u0131s\u0131ndan biraz daha fazlas\u0131 kadar kilo verebilir. Bu \u015fekilde obezite sorunu da \u00e7\u00f6z\u00fcl\u00fcr.<\/span><\/p>\n<div class=\"rt-separator element-one\" data-separator-width=\"100%\" data-separator-color=\"#000000\" data-separator-background=\"#ffffff\" data-separator-direction=\"center\">\n<div class=\"block\">\n<div class=\"gap\"><\/div>\n<div class=\"bar\"><\/div>\n<\/div>\n<\/div>\n<p>&nbsp;<\/p>\n<h1 class=\"vc_custom_heading font-weight-semibold vc_custom_1545743793856\">T\u00fcp Mide Ameliyat\u0131 Nedir?<\/h1>\n<p class=\"vc_custom_heading vc_custom_1545743807776\"><span style=\"font-size: 14pt;\">Genel olarak mide k\u00fc\u00e7\u00fcltme operasyonu olarak da bilinen t\u00fcp mide ameliyat\u0131, g\u0131da almay\u0131 k\u0131s\u0131tlama ama\u00e7l\u0131 olarak yap\u0131l\u0131r. Midenin yakla\u015f\u0131k olarak y\u00fczde 75\u2019lik bir k\u0131sm\u0131n\u0131n cerrahi m\u00fcdahaleler ile al\u0131nmas\u0131 bu ameliyat ile m\u00fcmk\u00fcnd\u00fcr. Ayr\u0131ca, midenin kalan k\u0131sm\u0131 ise ba\u011f\u0131rsaklara ba\u011flan\u0131r. Bu b\u00f6l\u00fcm geriye kalan ince ve uzun k\u0131s\u0131md\u0131r.<\/span><\/p>\n<p class=\"vc_custom_heading vc_custom_1545743828571\"><span style=\"font-size: 14pt;\">Bu ameliyat ile mide kelep\u00e7esi ameliyat\u0131 aras\u0131ndaki temel fark ise, s\u00f6z konusu ameliyat\u0131n geri d\u00f6n\u00fc\u015f\u00fcn\u00fcn olmamas\u0131d\u0131r. \u00c7\u00fcnk\u00fc di\u011fer ameliyatta mide kelep\u00e7esi ileride al\u0131nabilmekte iken, burada ise do\u011frudan midenin kesilip al\u0131nmas\u0131 durumu s\u00f6z konusudur. O nedenle de ameliyat i\u00e7in emin olmak ve kesin karar vermek \u015fartt\u0131r.<\/span><\/p>\n<p class=\"vc_custom_heading vc_custom_1545743846724\"><span style=\"font-size: 14pt;\">Ameliyat sonras\u0131nda ilk hafta hasta mutlaka en iyi \u015fekilde dinlenmek zorundad\u0131r. Bu nedenle de v\u00fccut zorlanmaz ve dinlendirilir. Ayr\u0131ca, bu ameliyat sonras\u0131nda ciddi komplikasyonlar da g\u00f6zlemlenmemektedir. Fakat uygulama yeni say\u0131labilir ve uzun d\u00f6nem i\u00e7in detayl\u0131 g\u00f6zlemlemeler hen\u00fcz yeterli seviyelere gelememi\u015ftir.<\/span><\/p>\n<p>&nbsp;<\/p>\n","protected":false},"excerpt":{"rendered":"<p>Obezite Cerrahisi Nedir? Obezite, d\u00fczensiz ve sa\u011fl\u0131ks\u0131z beslenmenin giderek yayg\u0131nla\u015fmas\u0131 ile beraber d\u00fcnyadaki pek \u00e7ok toplumda g\u00f6r\u00fclmeye ba\u015flayan, \u00f6nemli bir sa\u011fl\u0131k sorunudur. Kilo vermekte zorlanan, a\u015f\u0131r\u0131 kilolu ki\u015filerin bu s\u0131k\u0131nt\u0131s\u0131 \u00e7e\u015fitli \u015fekillerde giderilmek istenir. Ancak net ve do\u011fru y\u00f6ntemi bulmak gereklidir. Bu noktada bir tak\u0131m uygulamalar di\u011ferlerinin aras\u0131ndan s\u0131yr\u0131larak g\u00fcndeme gelirken, \u00f6zellikle de son d\u00f6nemlerde [&hellip;]<\/p>\n","protected":false},"author":2,"featured_media":0,"parent":938,"menu_order":0,"comment_status":"closed","ping_status":"closed","template":"","meta":{"footnotes":""},"class_list":["post-955","page","type-page","status-publish","hentry"],"acf":[],"_links":{"self":[{"href":"https:\/\/healthtourismcenterturkey.com\/tr_tr\/wp-json\/wp\/v2\/pages\/955"}],"collection":[{"href":"https:\/\/healthtourismcenterturkey.com\/tr_tr\/wp-json\/wp\/v2\/pages"}],"about":[{"href":"https:\/\/healthtourismcenterturkey.com\/tr_tr\/wp-json\/wp\/v2\/types\/page"}],"author":[{"embeddable":true,"href":"https:\/\/healthtourismcenterturkey.com\/tr_tr\/wp-json\/wp\/v2\/users\/2"}],"replies":[{"embeddable":true,"href":"https:\/\/healthtourismcenterturkey.com\/tr_tr\/wp-json\/wp\/v2\/comments?post=955"}],"version-history":[{"count":6,"href":"https:\/\/healthtourismcenterturkey.com\/tr_tr\/wp-json\/wp\/v2\/pages\/955\/revisions"}],"predecessor-version":[{"id":2219,"href":"https:\/\/healthtourismcenterturkey.com\/tr_tr\/wp-json\/wp\/v2\/pages\/955\/revisions\/2219"}],"up":[{"embeddable":true,"href":"https:\/\/healthtourismcenterturkey.com\/tr_tr\/wp-json\/wp\/v2\/pages\/938"}],"wp:attachment":[{"href":"https:\/\/healthtourismcenterturkey.com\/tr_tr\/wp-json\/wp\/v2\/media?parent=955"}],"curies":[{"name":"wp","href":"https:\/\/api.w.org\/{rel}","templated":true}]}}