{"id":950,"date":"2020-07-30T14:54:37","date_gmt":"2020-07-30T14:54:37","guid":{"rendered":"http:\/\/healthtourismcenterturkey.com\/?page_id=950"},"modified":"2022-03-24T19:38:19","modified_gmt":"2022-03-24T19:38:19","slug":"kol-germe","status":"publish","type":"page","link":"https:\/\/healthtourismcenterturkey.com\/tr_tr\/plastik-cerrahi\/vucut-estetigi\/kol-germe\/","title":{"rendered":"Kol Germe"},"content":{"rendered":"<h1 class=\"vc_custom_heading font-weight-bold letter-spacing-1 vc_custom_1545740673227\">Kol Germe Esteti\u011fi Neden Gereklidir?<\/h1>\n<p class=\"vc_custom_heading vc_custom_1545740687762\"><span style=\"font-size: 14pt;\">Kol b\u00f6lgesinde zamana ba\u011fl\u0131 olarak sarkmalar meydana gelebilir. Bu g\u00f6r\u00fcnt\u00fc insanlar i\u00e7in olduk\u00e7a rahats\u0131z edicidir. V\u00fccudun en \u00e7ok g\u00f6r\u00fcnen b\u00f6lgesinde meydana gelen bu sarkmalar\u0131 bitirmek i\u00e7in kol germe esteti\u011fi en iyi sonu\u00e7lar\u0131 verecektir<\/span><\/p>\n<div class=\"wpb_single_image wpb_content_element vc_align_left vc_custom_1545740795867\">\n<figure class=\"wpb_wrapper vc_figure\">\n<div class=\"vc_single_image-wrapper vc_box_border_grey\"><img loading=\"lazy\" decoding=\"async\" class=\"alignnone wp-image-2213\" src=\"https:\/\/healthtourismcenterturkey.com\/wp-content\/uploads\/2022\/03\/arm-aesthetic.jpg\" alt=\"\" width=\"790\" height=\"525\" srcset=\"https:\/\/healthtourismcenterturkey.com\/wp-content\/uploads\/2022\/03\/arm-aesthetic.jpg 1084w, https:\/\/healthtourismcenterturkey.com\/wp-content\/uploads\/2022\/03\/arm-aesthetic-300x199.jpg 300w, https:\/\/healthtourismcenterturkey.com\/wp-content\/uploads\/2022\/03\/arm-aesthetic-1024x680.jpg 1024w, https:\/\/healthtourismcenterturkey.com\/wp-content\/uploads\/2022\/03\/arm-aesthetic-768x510.jpg 768w\" sizes=\"(max-width: 790px) 100vw, 790px\" \/><\/div>\n<\/figure>\n<\/div>\n<h1 class=\"vc_custom_heading font-weight-semibold vc_custom_1545740716045\">Kollarda Sarkma Neden Olur?<\/h1>\n<p class=\"vc_custom_heading vc_custom_1545740726188\"><span style=\"font-size: 14pt;\">Kol sarkmas\u0131n\u0131n nedenleri aras\u0131nda pek \u00e7ok durumu saymak m\u00fcmk\u00fcnd\u00fcr. Ama en \u00e7ok bilinen neden ya\u015f\u0131n ilerlemesinden dolay\u0131d\u0131r. Ya\u015flanma ile birlikte cilt elastik yap\u0131s\u0131n\u0131 kaybetmeye ba\u015flar. Bu durumdan sonra deri daha sark\u0131k bir g\u00f6r\u00fcnt\u00fc alm\u0131\u015f olacakt\u0131r. Bunun yan\u0131nda kilodaki baz\u0131 de\u011fi\u015fiklikler de kollarda sarkmalara neden olabilir. \u00d6zellikle ani kilo al\u0131p verme bu \u015fikayetin olu\u015fmas\u0131na neden olur.<\/span><\/p>\n<div class=\"rt-separator element-one\" data-separator-width=\"100%\" data-separator-color=\"#000000\" data-separator-background=\"#ffffff\" data-separator-direction=\"center\">\n<div class=\"block\">\n<div class=\"gap\"><\/div>\n<div class=\"bar\"><\/div>\n<\/div>\n<\/div>\n<div class=\"vc_row wpb_row vc_inner vc_row-fluid vc_custom_1545478509233\">\n<div class=\"wpb_column vc_column_container vc_col-sm-12 vc_col-has-fill\">\n<div class=\"vc_column-inner vc_custom_1545478117371\">\n<div class=\"wpb_wrapper\">\n<h1 class=\"vc_custom_heading vc_custom_1545741024409\">Kol Germe Ameliyat\u0131 Nas\u0131l Yap\u0131l\u0131r?<\/h1>\n<p class=\"vc_custom_heading vc_custom_1545740850236\"><span style=\"font-size: 14pt;\">Kol germe ameliyat\u0131n\u0131n \u00f6ncesinde ki\u015finin yap\u0131s\u0131na uygun olarak bir karar verilecektir. Deri ya\u011f alt\u0131 dokusu ve sarkma oran\u0131na g\u00f6re yap\u0131lacak olan ameliyat t\u00fcr\u00fcne karar verilir. Derinin kal\u0131n oldu\u011fu d\u00f6nemlerde liposuction uygulamas\u0131n\u0131n yap\u0131lmas\u0131 s\u00f6z konusu olacakt\u0131r. Bu i\u015flem yap\u0131ld\u0131ktan sonra bol olan deri yap\u0131s\u0131n\u0131n cerrahi olarak al\u0131nmas\u0131 sa\u011flan\u0131r.<\/span><\/p>\n<p class=\"vc_custom_heading vc_custom_1545740864419\"><span style=\"font-size: 14pt;\">G\u00fcn\u00fcm\u00fcz ko\u015fullar\u0131na g\u00f6re son derece h\u0131zl\u0131 ve basit ad\u0131mlarla yap\u0131ld\u0131\u011f\u0131n\u0131 belirtmek gerekir. Ortalama 1-3 saat s\u00fcrecek uygulaman\u0131n ard\u0131ndan son derece s\u0131k\u0131 ve estetik g\u00f6r\u00fcn\u00fcml\u00fc kollara sahip olmak m\u00fcmk\u00fcnd\u00fcr.<\/span><\/p>\n<\/div>\n<\/div>\n<\/div>\n<\/div>\n<p>&nbsp;<\/p>\n<p><img loading=\"lazy\" decoding=\"async\" class=\"alignnone wp-image-2214\" src=\"https:\/\/healthtourismcenterturkey.com\/wp-content\/uploads\/2022\/03\/arm_stretching4.jpg\" alt=\"\" width=\"863\" height=\"575\" srcset=\"https:\/\/healthtourismcenterturkey.com\/wp-content\/uploads\/2022\/03\/arm_stretching4.jpg 1080w, https:\/\/healthtourismcenterturkey.com\/wp-content\/uploads\/2022\/03\/arm_stretching4-300x200.jpg 300w, https:\/\/healthtourismcenterturkey.com\/wp-content\/uploads\/2022\/03\/arm_stretching4-1024x683.jpg 1024w, https:\/\/healthtourismcenterturkey.com\/wp-content\/uploads\/2022\/03\/arm_stretching4-768x512.jpg 768w\" sizes=\"(max-width: 863px) 100vw, 863px\" \/><\/p>\n<h1 class=\"vc_custom_heading font-weight-semibold vc_custom_1545740899904\">Ameliyat Sonras\u0131 Nelere Dikkat Etmeli?<\/h1>\n<p class=\"vc_custom_heading vc_custom_1545740910728\"><span style=\"font-size: 14pt;\">Kol germe uygulamas\u0131 yap\u0131l\u0131rken genel veya lokal anestezi tercih edilir. Lokal anestezi alt\u0131nda bu uygulamay\u0131 yapt\u0131ran ki\u015filerin ayn\u0131 g\u00fcn i\u00e7inde taburcu olmas\u0131 m\u00fcmk\u00fcnd\u00fcr. Genel anestezi verilen hastalar en az 6 saat takip edilir.<\/span><\/p>\n<p class=\"vc_custom_heading vc_custom_1545740922005\"><span style=\"font-size: 14pt;\">Uygulaman\u0131n ard\u0131ndan baz\u0131 ad\u0131mlara dikkat edilmesi daha rahat bir d\u00f6nemin ge\u00e7mesine neden olacakt\u0131r. 2 g\u00fcn boyunca ameliyat sahas\u0131n\u0131n \u0131slat\u0131lmamas\u0131 ve yap\u0131lan pansuman\u0131n korunmas\u0131 \u00f6nerilir. Elastik bandajlar \u00f6demi engeller. Ancak dikkatli uygulanmal\u0131d\u0131r. Kollar \u00e7ok s\u0131k\u0131l\u0131r ise kol kan dola\u015f\u0131m\u0131 olumsuz etkilenebilir. Hastalar\u0131n a\u011f\u0131r olarak tabir edilen spor aktivitelerinden tamamen uzak durmas\u0131 \u00f6nerilir. Bu tarz aktivitelere yeniden ba\u015flaman\u0131z i\u00e7in en az 6 haftal\u0131k bir s\u00fcrenin ge\u00e7mesi gerekir. Bu ad\u0131mlara dikkat etti\u011finizde h\u0131zl\u0131 bir \u015fekilde iyile\u015fme s\u00fcreci tamamlanm\u0131\u015f olur.<\/span><\/p>\n<p>&nbsp;<\/p>\n","protected":false},"excerpt":{"rendered":"<p>Kol Germe Esteti\u011fi Neden Gereklidir? Kol b\u00f6lgesinde zamana ba\u011fl\u0131 olarak sarkmalar meydana gelebilir. Bu g\u00f6r\u00fcnt\u00fc insanlar i\u00e7in olduk\u00e7a rahats\u0131z edicidir. V\u00fccudun en \u00e7ok g\u00f6r\u00fcnen b\u00f6lgesinde meydana gelen bu sarkmalar\u0131 bitirmek i\u00e7in kol germe esteti\u011fi en iyi sonu\u00e7lar\u0131 verecektir Kollarda Sarkma Neden Olur? Kol sarkmas\u0131n\u0131n nedenleri aras\u0131nda pek \u00e7ok durumu saymak m\u00fcmk\u00fcnd\u00fcr. Ama en \u00e7ok bilinen [&hellip;]<\/p>\n","protected":false},"author":2,"featured_media":0,"parent":938,"menu_order":0,"comment_status":"closed","ping_status":"closed","template":"","meta":{"footnotes":""},"class_list":["post-950","page","type-page","status-publish","hentry"],"acf":[],"_links":{"self":[{"href":"https:\/\/healthtourismcenterturkey.com\/tr_tr\/wp-json\/wp\/v2\/pages\/950"}],"collection":[{"href":"https:\/\/healthtourismcenterturkey.com\/tr_tr\/wp-json\/wp\/v2\/pages"}],"about":[{"href":"https:\/\/healthtourismcenterturkey.com\/tr_tr\/wp-json\/wp\/v2\/types\/page"}],"author":[{"embeddable":true,"href":"https:\/\/healthtourismcenterturkey.com\/tr_tr\/wp-json\/wp\/v2\/users\/2"}],"replies":[{"embeddable":true,"href":"https:\/\/healthtourismcenterturkey.com\/tr_tr\/wp-json\/wp\/v2\/comments?post=950"}],"version-history":[{"count":6,"href":"https:\/\/healthtourismcenterturkey.com\/tr_tr\/wp-json\/wp\/v2\/pages\/950\/revisions"}],"predecessor-version":[{"id":2215,"href":"https:\/\/healthtourismcenterturkey.com\/tr_tr\/wp-json\/wp\/v2\/pages\/950\/revisions\/2215"}],"up":[{"embeddable":true,"href":"https:\/\/healthtourismcenterturkey.com\/tr_tr\/wp-json\/wp\/v2\/pages\/938"}],"wp:attachment":[{"href":"https:\/\/healthtourismcenterturkey.com\/tr_tr\/wp-json\/wp\/v2\/media?parent=950"}],"curies":[{"name":"wp","href":"https:\/\/api.w.org\/{rel}","templated":true}]}}