{"id":948,"date":"2020-07-30T14:54:23","date_gmt":"2020-07-30T14:54:23","guid":{"rendered":"http:\/\/healthtourismcenterturkey.com\/?page_id=948"},"modified":"2022-03-24T19:26:56","modified_gmt":"2022-03-24T19:26:56","slug":"karin-germe","status":"publish","type":"page","link":"https:\/\/healthtourismcenterturkey.com\/tr_tr\/plastik-cerrahi\/vucut-estetigi\/karin-germe\/","title":{"rendered":"Kar\u0131n Germe"},"content":{"rendered":"<h1 class=\"vc_custom_heading font-weight-bold letter-spacing-1 vc_custom_1545739532632\">Kar\u0131n Germe Esteti\u011fi Neden Gerekli<\/h1>\n<p class=\"vc_custom_heading vc_custom_1545739545544\"><span style=\"font-size: 14pt;\">Kar\u0131n b\u00f6lgesinde hamilelik sonras\u0131 veya kilo kayb\u0131 sonras\u0131 \u00e7ok fazla estetik sorun ortaya \u00e7\u0131kmaktad\u0131r. Kar\u0131n cildi sarkmakta ve deforme olmaktad\u0131r. Bu nedenle k\u0131smi veya tam kar\u0131n germe ameliyatlar\u0131 yap\u0131lmaktad\u0131r. Ayr\u0131ca gerek oldu\u011funda ya\u011f alma (liposak\u015f\u0131n) veya ya\u011f \u015fekillendirme (liposhaping) i\u015flemleri yap\u0131lmaktad\u0131r.<\/span><\/p>\n<div class=\"wpb_single_image wpb_content_element vc_align_left vc_custom_1545740334402\">\n<div class=\"vc_single_image-wrapper vc_box_border_grey\"><img loading=\"lazy\" decoding=\"async\" class=\"alignnone size-full wp-image-2206\" src=\"https:\/\/healthtourismcenterturkey.com\/wp-content\/uploads\/2022\/03\/karingermeameliyatinedirnedenvenasilyapilir_1613547104.jpg\" alt=\"\" width=\"1300\" height=\"600\" srcset=\"https:\/\/healthtourismcenterturkey.com\/wp-content\/uploads\/2022\/03\/karingermeameliyatinedirnedenvenasilyapilir_1613547104.jpg 1300w, https:\/\/healthtourismcenterturkey.com\/wp-content\/uploads\/2022\/03\/karingermeameliyatinedirnedenvenasilyapilir_1613547104-300x138.jpg 300w, https:\/\/healthtourismcenterturkey.com\/wp-content\/uploads\/2022\/03\/karingermeameliyatinedirnedenvenasilyapilir_1613547104-1024x473.jpg 1024w, https:\/\/healthtourismcenterturkey.com\/wp-content\/uploads\/2022\/03\/karingermeameliyatinedirnedenvenasilyapilir_1613547104-768x354.jpg 768w\" sizes=\"(max-width: 1300px) 100vw, 1300px\" \/><\/div>\n<\/div>\n<h1 class=\"vc_custom_heading font-weight-semibold vc_custom_1545739800086\">Kar\u0131n Germe Ameliyat\u0131 Nas\u0131l Yap\u0131l\u0131r?<\/h1>\n<p class=\"vc_custom_heading vc_custom_1545739812383\"><span style=\"font-size: 14pt;\">G\u00fcn\u00fcm\u00fczde yap\u0131lan kar\u0131n germe ameliyat\u0131 son derece etkili ve h\u0131zl\u0131 sonu\u00e7lar ortaya \u00e7\u0131kar\u0131r. Kar\u0131n b\u00f6lgesinde birikmi\u015f olan ya\u011flar\u0131n al\u0131nmas\u0131yla b\u00f6lgenin daha s\u0131k\u0131 olmas\u0131 sa\u011flan\u0131r. Fazla derinin toparlanmas\u0131ndan sonra cilt y\u00fczeyi b\u00f6ylelikle eskiye nazaran daha sa\u011fl\u0131kl\u0131 ve estetik bir yap\u0131ya sahip olur. Ameliyat \u00f6ncesinde ki\u015finin deri yap\u0131s\u0131 ve kar\u0131n b\u00f6lgesi incelenerek konu hakk\u0131nda en do\u011fru karar verilir. Olduk\u00e7a kolay ve basit ad\u0131mlarla tamamlanan bir i\u015flemdir. Ameliyat sonras\u0131 hastaya tak\u0131lan serumdan verilen ila\u00e7lar ile hastan\u0131n a\u011fr\u0131s\u0131 kesilir. Hasta ortalama 1-2 \u00fcn sonra taburcu edilebilir.<\/span><\/p>\n<div class=\"rt-separator element-one\" data-separator-width=\"100%\" data-separator-color=\"#000000\" data-separator-background=\"#ffffff\" data-separator-direction=\"center\">\n<div class=\"block\">\n<div class=\"gap\"><\/div>\n<div class=\"bar\"><\/div>\n<\/div>\n<\/div>\n<div class=\"vc_row wpb_row vc_inner vc_row-fluid vc_custom_1545478509233\">\n<div class=\"wpb_column vc_column_container vc_col-sm-12 vc_col-has-fill\">\n<div class=\"vc_column-inner vc_custom_1545478117371\">\n<div class=\"wpb_wrapper\">\n<h1 class=\"vc_custom_heading vc_custom_1545740462324\">Kar\u0131n Germe Ameliyat\u0131 Hakk\u0131nda Bilmeniz Gerekenler<\/h1>\n<p class=\"vc_custom_heading vc_custom_1545739844496\"><span style=\"font-size: 14pt;\">G\u00fcn\u00fcm\u00fcz geli\u015fmi\u015f teknikleriyle birlikte hastalar\u0131n bu uygulamada beklentilerinin kar\u015f\u0131lanmas\u0131 m\u00fcmk\u00fcn olacakt\u0131r. Genellikle genel anestezi alt\u0131nda ger\u00e7ekle\u015ftirilen uygulama yakla\u015f\u0131k olarak 1-2 saat s\u00fcrer. Operasyon esnas\u0131nda hastan\u0131n kar\u0131n kaslar\u0131 \u00fczerinden at\u0131lan diki\u015fler ile kar\u0131n \u00e7evresi daralt\u0131lmaktad\u0131r. Rektus plikasyonu denen bu i\u015flem ile hastan\u0131n ameliyat sonras\u0131 g\u00f6r\u00fcn\u00fcm\u00fc olumlu y\u00f6nde de\u011fi\u015fmektedir. Ayn\u0131 seansta mevcut ise kar\u0131n ve g\u00f6bek f\u0131t\u0131kla\u015fmalar\u0131n\u0131n da onar\u0131m\u0131 yap\u0131lmaktad\u0131r. Yani hastaya bir seansta asl\u0131nda pek \u00e7ok detayl\u0131 m\u00fcdahale yap\u0131lmaktad\u0131r.<\/span><\/p>\n<\/div>\n<\/div>\n<\/div>\n<\/div>\n<p>&nbsp;<\/p>\n<h1 class=\"vc_custom_heading font-weight-semibold vc_custom_1545739865664\">Kar\u0131n Germe Ameliyat\u0131 Sonras\u0131<\/h1>\n<p class=\"vc_custom_heading vc_custom_1545739878880\"><span style=\"font-size: 14pt;\">Kar\u0131n germe uygulamas\u0131 sonras\u0131nda ki\u015filerin baz\u0131 konulara dikkat etmesi gerekir. Bu sayede ameliyat sonras\u0131n\u0131 daha rahat bir \u015fekilde ge\u00e7irebilmek m\u00fcmk\u00fcn olacakt\u0131r. Hasta \u00f6zellikle a\u011f\u0131r kald\u0131rmaktan bir s\u00fcre ka\u00e7\u0131nmal\u0131d\u0131r. V\u00fccudun tam olarak toparlanmas\u0131 ve de\u011fi\u015fikliklerin hissedilmesi i\u00e7in, ortalama 6 ayl\u0131k bir s\u00fcrenin ge\u00e7mesi gerekir. Bu s\u00fcreden sonra v\u00fccut h\u0131zla toparlanarak s\u0131k\u0131 bir g\u00f6r\u00fcnt\u00fcye kavu\u015fmu\u015f olur.<\/span><\/p>\n<p>&nbsp;<\/p>\n","protected":false},"excerpt":{"rendered":"<p>Kar\u0131n Germe Esteti\u011fi Neden Gerekli Kar\u0131n b\u00f6lgesinde hamilelik sonras\u0131 veya kilo kayb\u0131 sonras\u0131 \u00e7ok fazla estetik sorun ortaya \u00e7\u0131kmaktad\u0131r. Kar\u0131n cildi sarkmakta ve deforme olmaktad\u0131r. Bu nedenle k\u0131smi veya tam kar\u0131n germe ameliyatlar\u0131 yap\u0131lmaktad\u0131r. Ayr\u0131ca gerek oldu\u011funda ya\u011f alma (liposak\u015f\u0131n) veya ya\u011f \u015fekillendirme (liposhaping) i\u015flemleri yap\u0131lmaktad\u0131r. Kar\u0131n Germe Ameliyat\u0131 Nas\u0131l Yap\u0131l\u0131r? G\u00fcn\u00fcm\u00fczde yap\u0131lan kar\u0131n germe [&hellip;]<\/p>\n","protected":false},"author":2,"featured_media":0,"parent":938,"menu_order":0,"comment_status":"closed","ping_status":"closed","template":"","meta":{"footnotes":""},"class_list":["post-948","page","type-page","status-publish","hentry"],"acf":[],"_links":{"self":[{"href":"https:\/\/healthtourismcenterturkey.com\/tr_tr\/wp-json\/wp\/v2\/pages\/948"}],"collection":[{"href":"https:\/\/healthtourismcenterturkey.com\/tr_tr\/wp-json\/wp\/v2\/pages"}],"about":[{"href":"https:\/\/healthtourismcenterturkey.com\/tr_tr\/wp-json\/wp\/v2\/types\/page"}],"author":[{"embeddable":true,"href":"https:\/\/healthtourismcenterturkey.com\/tr_tr\/wp-json\/wp\/v2\/users\/2"}],"replies":[{"embeddable":true,"href":"https:\/\/healthtourismcenterturkey.com\/tr_tr\/wp-json\/wp\/v2\/comments?post=948"}],"version-history":[{"count":8,"href":"https:\/\/healthtourismcenterturkey.com\/tr_tr\/wp-json\/wp\/v2\/pages\/948\/revisions"}],"predecessor-version":[{"id":2207,"href":"https:\/\/healthtourismcenterturkey.com\/tr_tr\/wp-json\/wp\/v2\/pages\/948\/revisions\/2207"}],"up":[{"embeddable":true,"href":"https:\/\/healthtourismcenterturkey.com\/tr_tr\/wp-json\/wp\/v2\/pages\/938"}],"wp:attachment":[{"href":"https:\/\/healthtourismcenterturkey.com\/tr_tr\/wp-json\/wp\/v2\/media?parent=948"}],"curies":[{"name":"wp","href":"https:\/\/api.w.org\/{rel}","templated":true}]}}