{"id":945,"date":"2020-07-30T14:53:32","date_gmt":"2020-07-30T14:53:32","guid":{"rendered":"http:\/\/healthtourismcenterturkey.com\/?page_id=945"},"modified":"2022-03-24T19:23:45","modified_gmt":"2022-03-24T19:23:45","slug":"genital-estetik","status":"publish","type":"page","link":"https:\/\/healthtourismcenterturkey.com\/tr_tr\/plastik-cerrahi\/vucut-estetigi\/genital-estetik\/","title":{"rendered":"Genital Estetik"},"content":{"rendered":"<h1 class=\"vc_custom_heading font-weight-bold letter-spacing-1 vc_custom_1545672635270\">Genital Estetik Nedir? Nas\u0131l Yap\u0131l\u0131r?<\/h1>\n<p class=\"vc_custom_heading vc_custom_1545672646407\"><span style=\"font-size: 14pt;\">G\u00fcn\u00fcm\u00fczde kozmetik cerrahi alan\u0131nda en \u00e7ok de\u011fi\u015fime u\u011frayan giri\u015flerden biri genital esteti\u011fidir. Ya\u015fam\u0131n, ya\u015flanman\u0131n, geneti\u011fin veya benzeri a\u011f\u0131rl\u0131ktaki dalgalanmalar\u0131n etkilerini ele almak \u00fczere tasarlanan genital estetik cerrahi, g\u00f6r\u00fcn\u00fc\u015f\u00fcn\u00fcz\u00fc, rahat\u0131n\u0131z\u0131 ve cinsel tatmininizi \u00f6nemli \u00f6l\u00e7\u00fcde art\u0131rabilir.<\/span><\/p>\n<div class=\"wpb_single_image wpb_content_element vc_align_left vc_custom_1545672673129\">\n<div class=\"vc_single_image-wrapper vc_box_border_grey\"><img loading=\"lazy\" decoding=\"async\" class=\"alignnone size-full wp-image-2203\" src=\"https:\/\/healthtourismcenterturkey.com\/wp-content\/uploads\/2022\/03\/vagina_aesthetics2.jpg\" alt=\"\" width=\"1080\" height=\"720\" srcset=\"https:\/\/healthtourismcenterturkey.com\/wp-content\/uploads\/2022\/03\/vagina_aesthetics2.jpg 1080w, https:\/\/healthtourismcenterturkey.com\/wp-content\/uploads\/2022\/03\/vagina_aesthetics2-300x200.jpg 300w, https:\/\/healthtourismcenterturkey.com\/wp-content\/uploads\/2022\/03\/vagina_aesthetics2-1024x683.jpg 1024w, https:\/\/healthtourismcenterturkey.com\/wp-content\/uploads\/2022\/03\/vagina_aesthetics2-768x512.jpg 768w\" sizes=\"(max-width: 1080px) 100vw, 1080px\" \/><\/div>\n<\/div>\n<p class=\"vc_custom_heading vc_custom_1545672656281\"><span style=\"font-size: 14pt;\">Erkeklere oranla kad\u0131nlarda genital estetik \u00e7ok daha yayg\u0131nd\u0131r. Genital b\u00f6lgedeki \u015fekil bozukluklar\u0131, vajina i\u00e7 dudak k\u00fc\u00e7\u00fcltme (labial red\u00fcksiyon), abart\u0131l\u0131 \u015fi\u015fkinlik, ya\u015flanmadan kaynaklanan genital sorunlar, geni\u015fleyen vajinay\u0131 daraltma ve s\u0131k\u0131la\u015ft\u0131rma gibi estetik \u015fekiller vard\u0131r.<\/span><\/p>\n<div class=\"rt-separator element-one\" data-separator-width=\"100%\" data-separator-color=\"#000000\" data-separator-background=\"#ffffff\" data-separator-direction=\"center\">\n<div class=\"block\">\n<div class=\"gap\"><\/div>\n<div class=\"bar\"><\/div>\n<\/div>\n<\/div>\n<div class=\"vc_row wpb_row vc_inner vc_row-fluid vc_custom_1545478509233\">\n<div class=\"wpb_column vc_column_container vc_col-sm-12 vc_col-has-fill\">\n<div class=\"vc_column-inner vc_custom_1545478117371\">\n<div class=\"wpb_wrapper\">\n<h1 class=\"vc_custom_heading vc_custom_1545673066256\">Genital Estetik Hangi Durumlarda Gereklidir?<\/h1>\n<p class=\"vc_custom_heading vc_custom_1545672728404\"><span style=\"font-size: 14pt;\">\u2022 Kad\u0131nlar\u0131n fazlaca yapm\u0131\u015f olduklar\u0131 do\u011fumdan dolay\u0131 vajinada olu\u015fabilecek \u015fekil bozukluklar\u0131 ve geni\u015flemede,<\/span><br \/>\n<span style=\"font-size: 14pt;\">\u2022 \u00c7ok yap\u0131lan do\u011fumdan sonra esteti\u011fini ve \u015feklini kaybederek anormallik olu\u015fturan vajinada,<\/span><br \/>\n<span style=\"font-size: 14pt;\">\u2022 Vulva denilen b\u00f6lgededeki deformasyonlardan kaynakl\u0131 vajina dudaklar\u0131n\u0131n normal d\u0131\u015f\u0131 b\u00fcy\u00fcmesinde,<\/span><br \/>\n<span style=\"font-size: 14pt;\">\u2022 Sanc\u0131l\u0131 ve a\u011fr\u0131l\u0131 do\u011fumlardan sonra vajinada olu\u015fan deformelerde,<\/span><br \/>\n<span style=\"font-size: 14pt;\">\u2022 Zor ve a\u011fr\u0131l\u0131 do\u011fum esnas\u0131nda vajinaya at\u0131lan kesilerden dolay\u0131 cinsel tatminin d\u00fc\u015fmesi ve vajinan\u0131n esteti\u011finin kaybolmas\u0131nda,<\/span><br \/>\n<span style=\"font-size: 14pt;\">\u2022 Rahim sarkmas\u0131 ve idrar kesesindeki anormalliklerden dolay\u0131 idrar ka\u00e7\u0131rmada,<\/span><br \/>\n<span style=\"font-size: 14pt;\">\u2022 Hymenoplasty (k\u0131zl\u0131k zar\u0131 dikimi) ameliyat\u0131nda genital estetik kullan\u0131labilir.<\/span><\/p>\n<\/div>\n<\/div>\n<\/div>\n<\/div>\n<div class=\"rt-separator element-one\" data-separator-width=\"100%\" data-separator-color=\"#000000\" data-separator-background=\"#ffffff\" data-separator-direction=\"center\">\n<div class=\"block\">\n<div class=\"gap\"><\/div>\n<div class=\"bar\"><\/div>\n<\/div>\n<\/div>\n<p>&nbsp;<\/p>\n<h1 class=\"vc_custom_heading font-weight-semibold vc_custom_1545672753155\">Genital Estetik Neleri Kapsamaktad\u0131r?<\/h1>\n<p class=\"vc_custom_heading vc_custom_1545672848548\"><span style=\"font-size: 14pt;\"><b>Vajinoplasti:<\/b><\/span><br \/>\n<span style=\"font-size: 14pt;\">Vajinal duvarlar\u0131n ve vajinal a\u00e7\u0131kl\u0131\u011f\u0131n, v\u00fccuda sertlik ve ton eklemek i\u00e7in s\u0131k\u0131ld\u0131\u011f\u0131 pop\u00fcler bir cerrahi i\u015flemdir. Bir\u00e7ok kad\u0131n ya\u015f, do\u011fum, hormonal de\u011fi\u015fiklikler veya do\u011fum kusurlar\u0131na ba\u011fl\u0131 olarak vajinal gev\u015feklik ve tonda do\u011fal bir kay\u0131p ya\u015farlar. Rekonstr\u00fcktif cerrahi se\u00e7enek olan vajinoplasti \u201cvajinal gen\u00e7le\u015fme\u201d olarak adland\u0131r\u0131l\u0131r ve son y\u0131llarda pop\u00fclaritesi artmaktad\u0131r. Zay\u0131flam\u0131\u015f vajinal kaslar, cinsel rahats\u0131zl\u0131k, duygusal g\u00fcvensizlik, ho\u015fnutsuzluk ve hatta cinsel ili\u015fki s\u0131ras\u0131nda a\u011fr\u0131 yapabilir. Vajinoplasti esteti\u011fi ge\u00e7iren milyonlarca kad\u0131n i\u00e7in, bu esteti\u011fin \u00f6zellikle \u00e7ekici olmas\u0131n\u0131 sa\u011flayan bir\u00e7ok fayda vard\u0131r:<\/span><br \/>\n<span style=\"font-size: 14pt;\">Kad\u0131nlar\u0131n vajinal duvarlar\u0131 zay\u0131flad\u0131k\u00e7a hissettikleri en b\u00fcy\u00fck kay\u0131plardan biri, cinsel zevk ve hassasiyette bir kay\u0131pt\u0131r. Ayr\u0131ca, gev\u015feyen vajinal duvarlar\u0131n bu deneyimi her iki taraf i\u00e7in de daha az zevkli hale getirebilece\u011fi konusunda kendileri hakk\u0131nda bilin\u00e7li hissederler.<\/span><\/p>\n<p class=\"vc_custom_heading vc_custom_1545672862651\"><span style=\"font-size: 14pt;\"><b>Labiaplasti:<\/b><\/span><br \/>\n<span style=\"font-size: 14pt;\">Vajinal a\u00e7\u0131kl\u0131\u011f\u0131n her iki taraf\u0131ndaki deri flepleri olan labia minora&#8217;n\u0131n boyutunu azaltmak i\u00e7in yap\u0131lan estetik ameliyatt\u0131r. Bir kad\u0131ndaki vajinal a\u00e7\u0131kl\u0131k, etraf\u0131nda fark edilir cilt k\u0131vr\u0131mlar\u0131 olmas\u0131 do\u011fal ve normaldir. \u00c7o\u011fu durumda bu durum herhangi bir soruna neden olmaz. Ama i\u00e7 dudak b\u00fcy\u00fcmesinden sonra sorunlar ba\u015f g\u00f6sterir ve labiaplasti esteti\u011fi gerekir. Labiaplasti, genel anestezi veya sedasyon veya lokal bir anestetik madde kullan\u0131larak ger\u00e7ekle\u015ftirilebilir. Vajinal dudaklar\u0131n k\u0131salt\u0131lmas\u0131 veya yeniden \u015fekillendirilmesi sa\u011flan\u0131r. \u0130stenmeyen doku cerrahi veya bir lazer ile kesilir ve gev\u015fek kenar ince, \u00e7\u00f6z\u00fcnebilir diki\u015flerle dikilir.<\/span><\/p>\n<p class=\"vc_custom_heading vc_custom_1545672878738\"><span style=\"font-size: 14pt;\"><b>Klitoral Hudoplasti:<\/b><\/span><br \/>\n<span style=\"font-size: 14pt;\">Klitoris esteti\u011fi olarak bilinen klitoral hudoplasti klitoral prepusun fonksiyonun korunmas\u0131yla daha ho\u015f bir g\u00f6r\u00fcn\u00fcme d\u00f6n\u00fc\u015fmesini sa\u011flayan cerrahi m\u00fcdahaledir. Klitoral prepus klitoris \u00fczerinde \u00fcst\u00fcste gelen deri k\u0131vr\u0131m, ayn\u0131 zamanda klitoral ba\u015fl\u0131k veya klitoral derisi olarak bilinir. Klitoris b\u00f6lgesindeki cilt fazlal\u0131klar\u0131 al\u0131narak klitoris esteti\u011fi yap\u0131lm\u0131\u015f olur.<\/span><\/p>\n<p class=\"vc_custom_heading vc_custom_1545672895235\"><span style=\"font-size: 14pt;\"><b>Perinoplasti:<\/b><\/span><br \/>\n<span style=\"font-size: 14pt;\">Do\u011fum sonras\u0131 perine b\u00f6lgesinde olu\u015fan zorlanmalar, tahribatlar ve y\u0131rt\u0131lmalar\u0131n onar\u0131lmas\u0131d\u0131r. Zor do\u011fumlar, fazla do\u011fumlar ve a\u011fr\u0131l\u0131 do\u011fumlardan sonra perine b\u00f6lgesinde ciddi deformasyonlar olabilir. Perinoplasti esteti\u011finde ama\u00e7 deformasyonlar\u0131 onar\u0131p, estetik kazand\u0131rmakt\u0131r.<\/span><\/p>\n<p class=\"vc_custom_heading vc_custom_1545672910590\"><span style=\"font-size: 14pt;\"><b>G-Spot Augmentasyonu:<\/b><\/span><br \/>\n<span style=\"font-size: 14pt;\">Normal cinsel i\u015flevli cinsel olarak aktif kad\u0131nlarda grafenburg noktas\u0131n\u0131 (G-Spot) artt\u0131ran basit, cerrahi olmayan, doktor taraf\u0131ndan y\u00f6netilen bir tedavidir. Ama\u00e7 G noktas\u0131n\u0131 b\u00fcy\u00fctmektir.<\/span><\/p>\n<p class=\"vc_custom_heading vc_custom_1545672922839\"><span style=\"font-size: 14pt;\"><b>Himenoplasti (K\u0131zl\u0131k Zar\u0131 Dikimi):<\/b><\/span><br \/>\n<span style=\"font-size: 14pt;\">Himenoplasti veya k\u0131zl\u0131k zar\u0131 onar\u0131m\u0131, y\u0131rt\u0131lm\u0131\u015f k\u0131zl\u0131k zar\u0131 i\u00e7in bir estetik y\u00f6ntemdir. K\u0131zl\u0131k zar\u0131 dikimi ve tamiri, \u00e7e\u015fitli ki\u015fisel nedenlerden dolay\u0131 ger\u00e7ekle\u015ftirilebilir. Himenoplasti, asl\u0131nda vajinan\u0131n a\u00e7\u0131lmas\u0131n\u0131 k\u0131smen kapatan bir zar\u0131 olan hymen&#8217;in cerrahi onar\u0131m\u0131d\u0131r. S\u0131k\u0131 egzersiz veya tampon yerle\u015ftirme gibi cinsel ili\u015fkiden ba\u015fka nedenlerle, k\u0131zl\u0131k zar\u0131 y\u0131rt\u0131labilir. Bu ko\u015fullar alt\u0131nda, k\u0131zl\u0131k zar\u0131n\u0131n yeniden yap\u0131land\u0131r\u0131lmas\u0131 himenoplasti ile olur.<\/span><\/p>\n<p>&nbsp;<\/p>\n","protected":false},"excerpt":{"rendered":"<p>Genital Estetik Nedir? Nas\u0131l Yap\u0131l\u0131r? G\u00fcn\u00fcm\u00fczde kozmetik cerrahi alan\u0131nda en \u00e7ok de\u011fi\u015fime u\u011frayan giri\u015flerden biri genital esteti\u011fidir. Ya\u015fam\u0131n, ya\u015flanman\u0131n, geneti\u011fin veya benzeri a\u011f\u0131rl\u0131ktaki dalgalanmalar\u0131n etkilerini ele almak \u00fczere tasarlanan genital estetik cerrahi, g\u00f6r\u00fcn\u00fc\u015f\u00fcn\u00fcz\u00fc, rahat\u0131n\u0131z\u0131 ve cinsel tatmininizi \u00f6nemli \u00f6l\u00e7\u00fcde art\u0131rabilir. Erkeklere oranla kad\u0131nlarda genital estetik \u00e7ok daha yayg\u0131nd\u0131r. Genital b\u00f6lgedeki \u015fekil bozukluklar\u0131, vajina i\u00e7 dudak [&hellip;]<\/p>\n","protected":false},"author":2,"featured_media":0,"parent":938,"menu_order":0,"comment_status":"closed","ping_status":"closed","template":"","meta":{"footnotes":""},"class_list":["post-945","page","type-page","status-publish","hentry"],"acf":[],"_links":{"self":[{"href":"https:\/\/healthtourismcenterturkey.com\/tr_tr\/wp-json\/wp\/v2\/pages\/945"}],"collection":[{"href":"https:\/\/healthtourismcenterturkey.com\/tr_tr\/wp-json\/wp\/v2\/pages"}],"about":[{"href":"https:\/\/healthtourismcenterturkey.com\/tr_tr\/wp-json\/wp\/v2\/types\/page"}],"author":[{"embeddable":true,"href":"https:\/\/healthtourismcenterturkey.com\/tr_tr\/wp-json\/wp\/v2\/users\/2"}],"replies":[{"embeddable":true,"href":"https:\/\/healthtourismcenterturkey.com\/tr_tr\/wp-json\/wp\/v2\/comments?post=945"}],"version-history":[{"count":8,"href":"https:\/\/healthtourismcenterturkey.com\/tr_tr\/wp-json\/wp\/v2\/pages\/945\/revisions"}],"predecessor-version":[{"id":2204,"href":"https:\/\/healthtourismcenterturkey.com\/tr_tr\/wp-json\/wp\/v2\/pages\/945\/revisions\/2204"}],"up":[{"embeddable":true,"href":"https:\/\/healthtourismcenterturkey.com\/tr_tr\/wp-json\/wp\/v2\/pages\/938"}],"wp:attachment":[{"href":"https:\/\/healthtourismcenterturkey.com\/tr_tr\/wp-json\/wp\/v2\/media?parent=945"}],"curies":[{"name":"wp","href":"https:\/\/api.w.org\/{rel}","templated":true}]}}