{"id":936,"date":"2020-07-30T14:50:46","date_gmt":"2020-07-30T14:50:46","guid":{"rendered":"http:\/\/healthtourismcenterturkey.com\/?page_id=936"},"modified":"2022-03-24T18:13:10","modified_gmt":"2022-03-24T18:13:10","slug":"kulak-estetigi","status":"publish","type":"page","link":"https:\/\/healthtourismcenterturkey.com\/tr_tr\/plastik-cerrahi\/yuz-estetigi\/kulak-estetigi\/","title":{"rendered":"Kulak Esteti\u011fi"},"content":{"rendered":"<h1 class=\"vc_custom_heading font-weight-bold letter-spacing-1 vc_custom_1545673176370\">Estetik ve Kep\u00e7e Kulak Sorununun \u0130li\u015fkisi<\/h1>\n<p class=\"vc_custom_heading vc_custom_1545673190323\"><span style=\"font-size: 14pt;\">Estetik g\u00f6r\u00fcn\u00fcm herkes a\u00e7\u0131s\u0131ndan \u00f6nemli ve de\u011ferli bir konudur. \u0130nsanlar sa\u011fl\u0131kl\u0131 olmak istedikleri kadar g\u00f6r\u00fcnt\u00fc olarak da iyi ve ho\u015f bir duru\u015fa sahip olmak isterler. Bu nedenle de pek \u00e7ok kimse a\u00e7\u0131s\u0131ndan d\u0131\u015f g\u00f6r\u00fcn\u00fc\u015f\u00fcn gerekli yerlerde gereken m\u00fcdahaleleri almas\u0131 \u015fartt\u0131r. \u00d6rne\u011fin y\u00fczde yer alan bir s\u0131k\u0131nt\u0131n\u0131n giderilmesi, do\u011frudan g\u00f6r\u00fcnen a\u00e7\u0131k bir lekenin silinmesi veya bir uzvun estetik olmayan yanlar\u0131n\u0131n d\u00fczeltilmesi bu tarz durumlara \u00f6rnek te\u015fkil eder. \u0130\u015fte bu noktada kulaklar\u0131n yap\u0131s\u0131 da son derece \u00f6nemli bir nokta olarak \u00f6ne \u00e7\u0131kar. \u00c7\u00fcnk\u00fc insanlar\u0131n kulaklar\u0131 ile s\u0131k\u0131nt\u0131lar\u0131n\u0131n olmas\u0131 can s\u0131k\u0131c\u0131 bir durumdur ve e\u011fer ki bir rahats\u0131zl\u0131k s\u00f6z konusu ise bu rahats\u0131zl\u0131klar\u0131n giderilmesi gerekmektedir. Kep\u00e7e kulak durumu da bu rahats\u0131zl\u0131klar aras\u0131nda yer alabilir.<\/span><\/p>\n<div class=\"wpb_single_image wpb_content_element vc_align_left vc_custom_1545673325228\">\n<figure class=\"wpb_wrapper vc_figure\">\n<div class=\"vc_single_image-wrapper vc_box_border_grey\"><img loading=\"lazy\" decoding=\"async\" class=\"alignnone size-full wp-image-2147\" src=\"https:\/\/healthtourismcenterturkey.com\/wp-content\/uploads\/2022\/03\/kepce-kulak.png\" alt=\"\" width=\"900\" height=\"400\" srcset=\"https:\/\/healthtourismcenterturkey.com\/wp-content\/uploads\/2022\/03\/kepce-kulak.png 900w, https:\/\/healthtourismcenterturkey.com\/wp-content\/uploads\/2022\/03\/kepce-kulak-300x133.png 300w, https:\/\/healthtourismcenterturkey.com\/wp-content\/uploads\/2022\/03\/kepce-kulak-768x341.png 768w\" sizes=\"(max-width: 900px) 100vw, 900px\" \/><\/div>\n<\/figure>\n<\/div>\n<h1 class=\"vc_custom_heading font-weight-bold letter-spacing-1 vc_custom_1545673205648\">Kep\u00e7e Kulak Sorunu Tam Olarak Nedir?<\/h1>\n<p class=\"vc_custom_heading vc_custom_1545673219766\"><span style=\"font-size: 14pt;\">Asl\u0131nda, bu duruma do\u011frudan sorun diye nitelendirme yapmak do\u011fru de\u011fildir. \u00c7\u00fcnk\u00fc s\u00f6z konusu g\u00f6r\u00fcnt\u00fcn\u00fcn sorun olarak adland\u0131r\u0131lmas\u0131 ki\u015finin kendini be\u011fenip be\u011fenmemesi ile alakal\u0131d\u0131r. Ancak e\u011fer ki ki\u015fi bu g\u00f6r\u00fcn\u00fcm\u00fcnden ho\u015fnut de\u011fil ise muhakkak ki temel baz\u0131 dokunu\u015f ve i\u015flemler ile kep\u00e7e kulak esteti\u011fi uygulanabilir. Burada \u00f6nemli olan cerrah\u0131n do\u011fru bir de\u011ferlendirme yapmas\u0131, i\u015flemlerin kabaca ortaya d\u00f6k\u00fclmesi ve b\u00fct\u00fcn detaylar\u0131n hasta ile payla\u015f\u0131lmas\u0131d\u0131r. Bu \u015fekilde her t\u00fcrl\u00fc sorunun \u00e7\u00f6z\u00fcm\u00fc daha kolay olacak ve hasta ile doktor ili\u015fkisi de sa\u011flam kald\u0131\u011f\u0131 i\u00e7in kar\u015f\u0131l\u0131kl\u0131 g\u00fcven durumu olu\u015facakt\u0131r.<\/span><\/p>\n<div class=\"rt-separator element-one\" data-separator-width=\"100%\" data-separator-color=\"#000000\" data-separator-background=\"#ffffff\" data-separator-direction=\"center\">\n<div class=\"block\">\n<div class=\"gap\"><\/div>\n<div class=\"bar\"><\/div>\n<\/div>\n<\/div>\n<p>&nbsp;<\/p>\n<h1 class=\"vc_custom_heading font-weight-semibold vc_custom_1545673342702\">Kulakta \u201cKep\u00e7e\u201d Formu<\/h1>\n<p class=\"vc_custom_heading vc_custom_1545673353309\"><span style=\"font-size: 14pt;\">Kep\u00e7e kulak s\u0131k\u0131nt\u0131s\u0131 daha \u00e7ok kulaklar\u0131n d\u0131\u015fa d\u00f6n\u00fck ve hacimli bir yap\u0131ya sahip olmas\u0131 ile ortaya \u00e7\u0131kar. Bu t\u00fcr kulaklar\u0131n geriye do\u011fru yasland\u0131r\u0131larak \u015fekil bozuklu\u011funun giderilmesi sa\u011flan\u0131r. \u0130\u015fte bu operasyonlar i\u00e7in de doktorun hasta ile kar\u015f\u0131l\u0131kl\u0131 fikir al\u0131\u015fveri\u015fi yapmas\u0131 ve en nihayetinde de gereken operasyonlar\u0131n ba\u015flat\u0131lmas\u0131 durumu g\u00f6r\u00fclebilir. Kulaklar\u0131n arka k\u0131sma do\u011fru \u00e7ekilerek buraya al\u0131nmas\u0131 ve ba\u015far\u0131l\u0131 bir cerrahi m\u00fcdahale ile estetik g\u00f6r\u00fcnt\u00fcn\u00fcn istenildi\u011fi gibi yakalanmas\u0131 dikkat \u00e7eker.<\/span><\/p>\n<p>&nbsp;<\/p>\n<h1 class=\"vc_custom_heading font-weight-semibold vc_custom_1545673392887\">Kep\u00e7e Kulak Ameliyat\u0131 i\u00e7in Uygun Ya\u015f Aral\u0131\u011f\u0131<\/h1>\n<p class=\"vc_custom_heading vc_custom_1545673409208\"><span style=\"font-size: 14pt;\">\u0130nsanlarda kulak \u015fekli, formunu 6 ya\u015fa kadar tamamlam\u0131\u015f olur. Bu nedenle de erken ya\u015fta yap\u0131lacak olan operasyonlar, \u00f6zellikle de okul \u00f6ncesi d\u00f6nem bu anlamda \u00f6n plana \u00e7\u0131kar. \u00dcstelik daha erken yap\u0131lan operasyonlar \u00e7ocu\u011fun okul d\u00f6neminde psikolojik olarak da rahat etmesini sa\u011flar. E\u011fer ki bu ya\u015flarda ameliyat yap\u0131lmad\u0131ysa bile ilerleyen ya\u015flarda, herhangi bir s\u0131n\u0131r ya da k\u0131s\u0131tlama olmaks\u0131z\u0131n bu operasyonlar ger\u00e7ekle\u015ftirilebilir.<\/span><\/p>\n<div class=\"vc_row wpb_row vc_inner vc_row-fluid vc_custom_1545478509233\">\n<div class=\"wpb_column vc_column_container vc_col-sm-12 vc_col-has-fill\">\n<div class=\"vc_column-inner vc_custom_1545478117371\">\n<div class=\"wpb_wrapper\">\n<p>&nbsp;<\/p>\n<h1 class=\"vc_custom_heading vc_custom_1545673660232\">Ameliyat \u00d6ncesi Haz\u0131rl\u0131k D\u00f6nemi<\/h1>\n<p class=\"vc_custom_heading vc_custom_1545673441291\"><span style=\"font-size: 14pt;\">Ameliyata 1 hafta kala, hi\u00e7bir \u015fekilde aspirin ve benzer ila\u00e7lar kullan\u0131lmaz. Ancak s\u00fcrekli kullan\u0131lan ve kritik \u00f6neme sahip olan ila\u00e7lar ise doktora dan\u0131\u015f\u0131larak devam edilebilir ya da belli aral\u0131klarla al\u0131nabilir. Ancak doktor karar\u0131 ile bu ila\u00e7lar\u0131n kullan\u0131m\u0131 kesilebilir.<\/span><\/p>\n<p class=\"vc_custom_heading vc_custom_1545673455050\"><span style=\"font-size: 14pt;\">Her ne kadar tam bir zorunluluk olmasa da ameliyat \u00f6ncesi ve sonras\u0131nda bir s\u00fcre sigara i\u00e7ilmemesi tavsiye edilir. Bu \u015fekilde daha rahat ve daha sorunsuz bir ameliyat s\u00fcreci ge\u00e7irilir.<\/span><\/p>\n<p class=\"vc_custom_heading vc_custom_1545673467834\"><span style=\"font-size: 14pt;\">Operasyona gelirken rahat k\u0131yafetler gelinmesi, tak\u0131 tak\u0131lmamas\u0131, j\u00f6le s\u00fcr\u00fclmemesi ve operasyona engel te\u015fkil edecek ba\u015fka herhangi bir uygulamada bulunulmamas\u0131 sa\u011flanmal\u0131d\u0131r.<\/span><\/p>\n<p class=\"vc_custom_heading vc_custom_1545673482387\"><span style=\"font-size: 14pt;\">Operasyon saatinden en az 1 saat kadar \u00f6nce hastanede olunmal\u0131d\u0131r. Bu \u015fekilde daha haz\u0131r ve daha g\u00fcvenli bir s\u00fcre\u00e7 takip edilir.<\/span><\/p>\n<\/div>\n<\/div>\n<\/div>\n<\/div>\n<p class=\"vc_custom_heading vc_custom_1545749689292\"><span style=\"font-size: 14pt;\">Doktoruna dan\u0131\u015fmak isteyen herkes, kep\u00e7e kulak \u015fik\u00e2yetini ve operasyon sonras\u0131 beklentilerini anlatmal\u0131d\u0131r. Bununla beraber sorunun tam olarak ortaya konabilmesi i\u00e7in kula\u011f\u0131n 6 farkl\u0131 a\u00e7\u0131dan foto\u011fraf\u0131n\u0131n \u00e7ekilmesi de sa\u011flan\u0131r. Ard\u0131ndan ise kulaklar\u0131n ameliyat sonras\u0131nda nas\u0131l bir g\u00f6r\u00fcnt\u00fc alaca\u011f\u0131na dair \u00f6ng\u00f6r\u00fcler ve \u00e7izimler g\u00f6sterilir. Hatta bu g\u00f6r\u00fcnt\u00fc bilgisayardan da ayarlanarak t\u0131pk\u0131 ger\u00e7ek bir foto\u011fraf gibi sunulur. B\u00fct\u00fcn bunlar sonucunda, kar\u015f\u0131l\u0131kl\u0131 mutabakata var\u0131ld\u0131\u011f\u0131nda operasyon s\u00fcreci ba\u015flat\u0131l\u0131r. Gerekli t\u00fcm haz\u0131rl\u0131klar yap\u0131l\u0131r.<\/span><\/p>\n<div class=\"rt-separator element-one\" data-separator-width=\"100%\" data-separator-color=\"#000000\" data-separator-background=\"#ffffff\" data-separator-direction=\"center\">\n<div class=\"block\">\n<div class=\"gap\"><\/div>\n<div class=\"bar\"><\/div>\n<\/div>\n<\/div>\n<p>&nbsp;<\/p>\n<h1 class=\"vc_custom_heading font-weight-semibold vc_custom_1545673514149\">Kep\u00e7e Kulak Estetik Ameliyat\u0131na Dair Teknik Detaylar<\/h1>\n<p class=\"vc_custom_heading vc_custom_1545673524357\"><span style=\"font-size: 14pt;\">Bu operasyona dair birtak\u0131m detaylar hem ameliyat \u00f6ncesinden bilinmeli hem de uygulamalar bu \u00e7er\u00e7evede \u015fekil almal\u0131d\u0131r;<\/span><\/p>\n<p class=\"vc_custom_heading vc_custom_1545673538148\"><span style=\"font-size: 14pt;\">\u2022 Kulakta, g\u00f6r\u00fcnen yerlerde hi\u00e7bir ameliyat izi, kesi veya diki\u015f izi bulunmaz<\/span><br \/>\n<span style=\"font-size: 14pt;\">\u2022 Yaln\u0131zca kula\u011f\u0131n arka k\u0131sm\u0131nda, dikine 3 cm kadar bir kesi olu\u015fturulur ve operasyon buradan ger\u00e7ekle\u015ftirilir<\/span><br \/>\n<span style=\"font-size: 14pt;\">\u2022 K\u0131k\u0131rdak k\u0131sma istenilen ve tasar\u0131m\u0131 yap\u0131lan \u015fekil verilir, ard\u0131ndan ise kal\u0131c\u0131 diki\u015fler ile bu \u015fekil korunur<\/span><br \/>\n<span style=\"font-size: 14pt;\">\u2022 Kulak derisi ise zaman i\u00e7inde eriyen diki\u015fler ile dikilir, ard\u0131ndan bu k\u0131s\u0131m sarg\u0131 ile sar\u0131l\u0131r<\/span><br \/>\n<span style=\"font-size: 14pt;\">\u2022 Operasyon genel olarak yar\u0131m saat ile 2 saat aras\u0131nda s\u00fcrer (yap\u0131lan i\u015flemlerin t\u00fcr\u00fc, yo\u011funlu\u011fu, \u00e7oklu\u011fu gibi detaylar bu s\u00fcrenin belirlenmesinde etkilidir)<\/span><br \/>\n<span style=\"font-size: 14pt;\">\u2022 Operasyon genel anestezi ile yap\u0131labildi\u011fi gibi, hastan\u0131n durumuna ve doktorun karar\u0131na g\u00f6re lokal anestezi ile de ger\u00e7ekle\u015ftirilebilir<\/span><br \/>\n<span style=\"font-size: 14pt;\">\u2022 Hasta, ameliyat sonras\u0131nda do\u011frudan evine gidebilir<\/span><\/p>\n<div class=\"rt-separator element-one\" data-separator-width=\"100%\" data-separator-color=\"#000000\" data-separator-background=\"#ffffff\" data-separator-direction=\"center\">\n<div class=\"block\">\n<div class=\"gap\"><\/div>\n<div class=\"bar\"><\/div>\n<\/div>\n<\/div>\n<p>&nbsp;<\/p>\n<h1 class=\"vc_custom_heading font-weight-semibold vc_custom_1545673552948\">Kep\u00e7e Kulak Ameliyat\u0131 Sonras\u0131 D\u00f6nem<\/h1>\n<p class=\"vc_custom_heading vc_custom_1545673569321\"><span style=\"font-size: 14pt;\">Bununla beraber elbette ki hastan\u0131n operasyon sonras\u0131 kulaklar\u0131na olan bak\u0131m\u0131 da fazlas\u0131 ile \u00f6nem ta\u015f\u0131r. Her hasta bak\u0131m konusunda doktorunun s\u00f6ylediklerini yapmal\u0131, hatta operasyonun ard\u0131ndan belirtilen aral\u0131klarla da kontrol i\u015flemleri ger\u00e7ekle\u015ftirilmelidir. \u0130\u015fte bu nedenle de hasta ve doktor diyalo\u011fu estetik operasyonlarda \u00e7ok \u00f6nemlidir. Hele ki d\u0131\u015f g\u00f6r\u00fcn\u00fc\u015f\u00fc do\u011frudan etkileyen bu t\u00fcr vakalarda her hasta \u00fczerine d\u00fc\u015feni yapmal\u0131d\u0131r.<\/span><\/p>\n<div class=\"rt-separator element-one\" data-separator-width=\"100%\" data-separator-color=\"#000000\" data-separator-background=\"#ffffff\" data-separator-direction=\"center\">\n<div class=\"block\">\n<div class=\"gap\"><\/div>\n<div class=\"bar\"><\/div>\n<\/div>\n<\/div>\n<p>&nbsp;<\/p>\n<h1 class=\"vc_custom_heading font-weight-semibold vc_custom_1545673601226\">Kep\u00e7e Kulak Operasyonu ve Ba\u015far\u0131l\u0131 Sonu\u00e7lar<\/h1>\n<p class=\"vc_custom_heading vc_custom_1545673610401\"><span style=\"font-size: 14pt;\">\u00d6te yandan kep\u00e7e kulak esteti\u011fi alan\u0131nda \u00e7al\u0131\u015fmalar\u0131n yap\u0131lmas\u0131 ile beraber al\u0131nan sonu\u00e7lardan memnun kal\u0131nmas\u0131 takdirinde ki\u015fide \u00f6zg\u00fcven art\u0131\u015f\u0131 da g\u00f6r\u00fcl\u00fcr. \u00c7\u00fcnk\u00fc d\u0131\u015f g\u00f6r\u00fcn\u00fc\u015f\u00fcn ki\u015finin sosyal hayat\u0131 ve \u00f6zg\u00fcveni \u00fczerinde \u00e7ok b\u00fcy\u00fck etkileri vard\u0131r. Bundan dolay\u0131 da g\u00fczel ve ho\u015f bir g\u00f6r\u00fcnt\u00fcn\u00fcn yakalanmas\u0131 ile beraber kep\u00e7e kulak sorunu da \u00e7\u00f6z\u00fclm\u00fc\u015f olaca\u011f\u0131 i\u00e7in daha mutlu, daha huzurlu ve daha kendinden emin karakterlerin ortaya \u00e7\u0131kmas\u0131 kolayla\u015f\u0131r. Dileyen herkes bu konuda uzman doktorlara dan\u0131\u015fabilir.<\/span><\/p>\n<p>&nbsp;<\/p>\n","protected":false},"excerpt":{"rendered":"<p>Estetik ve Kep\u00e7e Kulak Sorununun \u0130li\u015fkisi Estetik g\u00f6r\u00fcn\u00fcm herkes a\u00e7\u0131s\u0131ndan \u00f6nemli ve de\u011ferli bir konudur. \u0130nsanlar sa\u011fl\u0131kl\u0131 olmak istedikleri kadar g\u00f6r\u00fcnt\u00fc olarak da iyi ve ho\u015f bir duru\u015fa sahip olmak isterler. Bu nedenle de pek \u00e7ok kimse a\u00e7\u0131s\u0131ndan d\u0131\u015f g\u00f6r\u00fcn\u00fc\u015f\u00fcn gerekli yerlerde gereken m\u00fcdahaleleri almas\u0131 \u015fartt\u0131r. \u00d6rne\u011fin y\u00fczde yer alan bir s\u0131k\u0131nt\u0131n\u0131n giderilmesi, do\u011frudan g\u00f6r\u00fcnen [&hellip;]<\/p>\n","protected":false},"author":2,"featured_media":0,"parent":926,"menu_order":0,"comment_status":"closed","ping_status":"closed","template":"","meta":{"footnotes":""},"class_list":["post-936","page","type-page","status-publish","hentry"],"acf":[],"_links":{"self":[{"href":"https:\/\/healthtourismcenterturkey.com\/tr_tr\/wp-json\/wp\/v2\/pages\/936"}],"collection":[{"href":"https:\/\/healthtourismcenterturkey.com\/tr_tr\/wp-json\/wp\/v2\/pages"}],"about":[{"href":"https:\/\/healthtourismcenterturkey.com\/tr_tr\/wp-json\/wp\/v2\/types\/page"}],"author":[{"embeddable":true,"href":"https:\/\/healthtourismcenterturkey.com\/tr_tr\/wp-json\/wp\/v2\/users\/2"}],"replies":[{"embeddable":true,"href":"https:\/\/healthtourismcenterturkey.com\/tr_tr\/wp-json\/wp\/v2\/comments?post=936"}],"version-history":[{"count":21,"href":"https:\/\/healthtourismcenterturkey.com\/tr_tr\/wp-json\/wp\/v2\/pages\/936\/revisions"}],"predecessor-version":[{"id":2148,"href":"https:\/\/healthtourismcenterturkey.com\/tr_tr\/wp-json\/wp\/v2\/pages\/936\/revisions\/2148"}],"up":[{"embeddable":true,"href":"https:\/\/healthtourismcenterturkey.com\/tr_tr\/wp-json\/wp\/v2\/pages\/926"}],"wp:attachment":[{"href":"https:\/\/healthtourismcenterturkey.com\/tr_tr\/wp-json\/wp\/v2\/media?parent=936"}],"curies":[{"name":"wp","href":"https:\/\/api.w.org\/{rel}","templated":true}]}}