{"id":926,"date":"2020-07-30T14:45:21","date_gmt":"2020-07-30T14:45:21","guid":{"rendered":"http:\/\/healthtourismcenterturkey.com\/?page_id=926"},"modified":"2020-09-20T19:18:11","modified_gmt":"2020-09-20T19:18:11","slug":"yuz-estetigi","status":"publish","type":"page","link":"https:\/\/healthtourismcenterturkey.com\/tr_tr\/plastik-cerrahi\/yuz-estetigi\/","title":{"rendered":"Y\u00fcz Esteti\u011fi"},"content":{"rendered":"<p><section class=\"fw-main-row \"   >\n\t<div class=\"fw-container-fluid no-padding\">\n\t\t<div class=\"fw-row\">\n\t\n<div class=\"fw-col-xs-12\" style=\"\">\n\t<section class=\"banner-block banner-block-69e9dceb1f6c4 fw-main-row \" style=\"height:450px;\">\n\t\t<div class=\"item \"  style=\"height:450px;background-image: url(\/\/healthtourismcenterturkey.com\/wp-content\/uploads\/2020\/09\/YUZ_ESNETIGI_1-scaled.jpg);\">\n\t\t<div class=\"fw-container centered-container tac\">\n\t\t\t\t\t<\/div>\n\t<\/div>\n\t<\/section><\/div>\n<\/div>\n\n\t<\/div>\n<\/section><section class=\"fw-main-row \"  style=\"padding-top:40px;\" >\n\t<div class=\"fw-container\">\n\t\t<div class=\"fw-row\">\n\t\n<div class=\"fw-col-xs-12\" style=\"\">\n\t<h2 class='fw-special-title heading-decor tac' style='margin-bottom:55px;'>\n\t<span>Hizmetlerimiz<\/span>\n\t<\/h2><\/div>\n<\/div>\n\n<div class=\"fw-row\">\n\t\n<div class=\"fw-col-xs-12\" style=\"\">\n\t<div class=\"fw-row\">\n\t\t<div class=\"fw-col-sm-4\">\n\t\t<!-- Category item -->\n\t\t<div class=\"category-item\" style=\"background-image: url(\/\/healthtourismcenterturkey.com\/wp-content\/uploads\/2020\/09\/burun-estetigi.jpg)\">\n\t\t\t<div class=\"centered-container\">\n\t\t\t\t<a href=\"http:\/\/healthtourismcenterturkey.com\/plastik-cerrahi\/yuz-estetigi\/burun-estetigi\/\" class=\"button-style2 white big\"><span>BURUN ESTET\u0130\u011e\u0130<\/span><\/a>\n\t\t\t<\/div>\n\t\t<\/div>\n\t\t<!-- END Category item -->\n\t<\/div>\n\t\t<div class=\"fw-col-sm-4\">\n\t\t<!-- Category item -->\n\t\t<div class=\"category-item\" style=\"background-image: url(\/\/healthtourismcenterturkey.com\/wp-content\/uploads\/2020\/09\/cene-estetigi.jpg)\">\n\t\t\t<div class=\"centered-container\">\n\t\t\t\t<a href=\"http:\/\/healthtourismcenterturkey.com\/plastik-cerrahi\/yuz-estetigi\/cene-estetigi\/\" class=\"button-style2 white big\"><span>\u00c7ENE ESTET\u0130\u011e\u0130<\/span><\/a>\n\t\t\t<\/div>\n\t\t<\/div>\n\t\t<!-- END Category item -->\n\t<\/div>\n\t\t<div class=\"fw-col-sm-4\">\n\t\t<!-- Category item -->\n\t\t<div class=\"category-item\" style=\"background-image: url(\/\/healthtourismcenterturkey.com\/wp-content\/uploads\/2020\/09\/burun-estetigi-1.jpg)\">\n\t\t\t<div class=\"centered-container\">\n\t\t\t\t<a href=\"http:\/\/healthtourismcenterturkey.com\/goz-ameliyatlari\/goz-cevresi-estetigi\/goz-kapagi-estetigi\/\" class=\"button-style2 white big\"><span>G\u00d6Z KAPA\u011eI ESTET\u0130\u011e\u0130<\/span><\/a>\n\t\t\t<\/div>\n\t\t<\/div>\n\t\t<!-- END Category item -->\n\t<\/div>\n\t\t<div class=\"fw-col-sm-4\">\n\t\t<!-- Category item -->\n\t\t<div class=\"category-item\" style=\"background-image: url(\/\/healthtourismcenterturkey.com\/wp-content\/uploads\/2020\/09\/kulak-estetigi.jpg)\">\n\t\t\t<div class=\"centered-container\">\n\t\t\t\t<a href=\"http:\/\/healthtourismcenterturkey.com\/plastik-cerrahi\/yuz-estetigi\/kulak-estetigi\/\" class=\"button-style2 white big\"><span>KULAK ESTET\u0130\u011e\u0130<\/span><\/a>\n\t\t\t<\/div>\n\t\t<\/div>\n\t\t<!-- END Category item -->\n\t<\/div>\n\t<\/div><\/div>\n<\/div>\n\n\t<\/div>\n<\/section><\/p>\n","protected":false},"excerpt":{"rendered":"<p>Hizmetlerimiz BURUN ESTET\u0130\u011e\u0130 \u00c7ENE ESTET\u0130\u011e\u0130 G\u00d6Z KAPA\u011eI ESTET\u0130\u011e\u0130 KULAK ESTET\u0130\u011e\u0130<\/p>\n","protected":false},"author":2,"featured_media":0,"parent":721,"menu_order":0,"comment_status":"closed","ping_status":"closed","template":"","meta":{"footnotes":""},"class_list":["post-926","page","type-page","status-publish","hentry"],"acf":[],"_links":{"self":[{"href":"https:\/\/healthtourismcenterturkey.com\/tr_tr\/wp-json\/wp\/v2\/pages\/926"}],"collection":[{"href":"https:\/\/healthtourismcenterturkey.com\/tr_tr\/wp-json\/wp\/v2\/pages"}],"about":[{"href":"https:\/\/healthtourismcenterturkey.com\/tr_tr\/wp-json\/wp\/v2\/types\/page"}],"author":[{"embeddable":true,"href":"https:\/\/healthtourismcenterturkey.com\/tr_tr\/wp-json\/wp\/v2\/users\/2"}],"replies":[{"embeddable":true,"href":"https:\/\/healthtourismcenterturkey.com\/tr_tr\/wp-json\/wp\/v2\/comments?post=926"}],"version-history":[{"count":9,"href":"https:\/\/healthtourismcenterturkey.com\/tr_tr\/wp-json\/wp\/v2\/pages\/926\/revisions"}],"predecessor-version":[{"id":1962,"href":"https:\/\/healthtourismcenterturkey.com\/tr_tr\/wp-json\/wp\/v2\/pages\/926\/revisions\/1962"}],"up":[{"embeddable":true,"href":"https:\/\/healthtourismcenterturkey.com\/tr_tr\/wp-json\/wp\/v2\/pages\/721"}],"wp:attachment":[{"href":"https:\/\/healthtourismcenterturkey.com\/tr_tr\/wp-json\/wp\/v2\/media?parent=926"}],"curies":[{"name":"wp","href":"https:\/\/api.w.org\/{rel}","templated":true}]}}