{"id":922,"date":"2020-07-30T14:34:21","date_gmt":"2020-07-30T14:34:21","guid":{"rendered":"http:\/\/healthtourismcenterturkey.com\/?page_id=922"},"modified":"2020-08-06T23:07:53","modified_gmt":"2020-08-06T23:07:53","slug":"burun-estetigi","status":"publish","type":"page","link":"https:\/\/healthtourismcenterturkey.com\/tr_tr\/plastik-cerrahi\/yuz-estetigi\/burun-estetigi\/","title":{"rendered":"Burun Esteti\u011fi"},"content":{"rendered":"<h1 class=\"vc_custom_heading font-weight-bold letter-spacing-1 vc_custom_1545667538250\">Burun Esteti\u011fi Nedir? Nas\u0131l Yap\u0131l\u0131r?<\/h1>\n<p class=\"vc_custom_heading vc_custom_1545749414717\"><span style=\"font-size: 14pt; font-family: georgia, palatino, serif;\">Burun septumundaki deviasyon benzeri \u00e7e\u015fitli t\u0131bbi sorunlar tespit edildi\u011finde, bu sorunlar\u0131n d\u00fczeltilmesi ya da yaln\u0131zca burun \u00f6zelliklerinin daha da iyile\u015ftirilip g\u00fczelle\u015ftirilmesi i\u00e7in yap\u0131lan cerrahi uygulama ve m\u00fcdahaleler b\u00fct\u00fcn\u00fcne rinoplasti (burun esteti\u011fi) ad\u0131 verilir. Bu uygulamalar hassasiyet gerektiren uygulamalard\u0131r ve her ad\u0131mda hasta ile bilgi payla\u015f\u0131m\u0131 yap\u0131lmas\u0131 gerekir.<\/span><br \/>\n<span style=\"font-size: 14pt; font-family: georgia, palatino, serif;\">Burnun g\u00f6r\u00fcn\u00fcm itibari ile daha g\u00fczel ve estetik \u015fekilde bir hal almas\u0131 i\u00e7in her sene milyonlarca insan estetik cerrahlara ba\u015fvuruda bulunur. \u00c7\u00fcnk\u00fc d\u0131\u015f g\u00f6r\u00fcn\u00fc\u015f\u00fcn ana \u00e7at\u0131s\u0131 y\u00fcz ile sa\u011flan\u0131rken, y\u00fcz\u00fcn anahtar noktas\u0131 ise burundur. \u00d6zellikle de alt\u0131n oran gibi kavramlara dikkat edilirse burun g\u00f6r\u00fcn\u00fcm\u00fcn\u00fcn ne denli \u00f6nemli oldu\u011fu fark edilebilir. \u00c7\u00fcnk\u00fc genel anlamda g\u00fczellik ve estetik duygusu g\u00fczel bir burun ile sa\u011flan\u0131r.<\/span><\/p>\n<p><img loading=\"lazy\" decoding=\"async\" class=\"\" src=\"http:\/\/healthtourismcenterturkey.com\/wp-content\/uploads\/2020\/08\/burun-estetigi-resim1.jpg\" width=\"796\" height=\"432\" \/><\/p>\n<p><span style=\"font-size: 14pt;\">Rinoplasti uygulamalar\u0131nda burnun o anki mevcut g\u00f6r\u00fcn\u00fcm\u00fc ve fonksiyonlar\u0131 de\u011fi\u015ftirilmek \u00fczere i\u015flemler yap\u0131l\u0131r. Bu nedenle de kemik ile k\u0131k\u0131rdaklar\u0131n tekrar \u015fekillendirilmesi durumu s\u00f6z konusu olur. \u0130\u015fte bu noktada herhangi bir komplikasyon ya\u015fanmadan ve gayet g\u00fcvenli \u015fekilde i\u015flemlerin s\u00fcrd\u00fcr\u00fclmesi sa\u011flanmaktad\u0131r. Ana hedef burunun y\u00fcz hatlar\u0131na g\u00f6re do\u011fru \u015fekillendirilmesi, en uygun i\u015flemler ile en g\u00fczel g\u00f6r\u00fcnt\u00fcn\u00fcn uyum i\u00e7inde yakalanmas\u0131d\u0131r.<\/span><\/p>\n<p>&nbsp;<\/p>\n<div class=\"vc_row wpb_row vc_inner vc_row-fluid vc_custom_1545478509233\">\n<div class=\"wpb_column vc_column_container vc_col-sm-12 vc_col-has-fill\">\n<div class=\"vc_column-inner vc_custom_1545478117371\">\n<div class=\"wpb_wrapper\">\n<h1 class=\"vc_custom_heading vc_custom_1545667884999\">Burun ve Y\u00fcz Uyumu<\/h1>\n<p class=\"vc_custom_heading vc_custom_1545667899890\"><span style=\"font-size: 14pt;\">Burun esteti\u011findeki as\u0131l nokta, burun ve y\u00fcz uyumunun sa\u011flanmas\u0131d\u0131r. Burunda g\u00f6z\u00fc rahats\u0131z edici bir kemer var ise, u\u00e7 k\u0131s\u0131mlarda a\u015f\u0131r\u0131 bir sarkma g\u00f6zlenmekte ise, burun fazla kal\u0131n veya ince ise burun esteti\u011fi ihtiyac\u0131 ortaya \u00e7\u0131kar. \u00c7\u00fcnk\u00fc bu tarz burunlar d\u0131\u015f g\u00f6r\u00fcn\u00fc\u015fe do\u011frudan olumsuz etki eder. Hem y\u00fcz ile olan uyumsuzluk, hem de genel anlamda k\u00f6t\u00fc g\u00f6r\u00fcnt\u00fc ki\u015fiyi olumsuz etkiler. T\u00fcm bunlar rinoplasti ameliyat\u0131 ile d\u00fczeltilir. Estetik ve ho\u015f bir g\u00f6r\u00fcnt\u00fcn\u00fcn yakalanmas\u0131 \u00f6nemlidir.<\/span><\/p>\n<p class=\"vc_custom_heading vc_custom_1545667912790\"><span style=\"font-size: 14pt;\">Burun esteti\u011fi sonras\u0131nda burnun \u015fekil ve form olarak g\u00fczel durmas\u0131, y\u00fcz g\u00f6r\u00fcn\u00fcm\u00fc i\u00e7in \u00e7ok \u00f6nemlidir. G\u00f6zlerin konumu, kulak ve dudak aras\u0131ndaki a\u00e7\u0131lar ve mesafeler burun ameliyat\u0131n\u0131n planlanmas\u0131nda \u00e7ok \u00f6nemlidir. Bu nedenle rinoplasti \u00f6ncesi iyi bir planlama yap\u0131lmal\u0131d\u0131r.<\/span><\/p>\n<\/div>\n<\/div>\n<\/div>\n<\/div>\n<div class=\"block\"><\/div>\n<div>\n<h1 class=\"vc_custom_heading font-weight-semibold vc_custom_1545667968881\">Kesilerin Durumu ve Ameliyat Sonras\u0131 D\u00f6nem<\/h1>\n<p class=\"vc_custom_heading vc_custom_1545668038980\"><span style=\"font-size: 14pt;\">Ameliyat esnas\u0131nda kesilerin olu\u015fturulmas\u0131n\u0131n ard\u0131ndan kemik ve k\u0131k\u0131rdak dokuya y\u00f6nelik cerrahi i\u015flemler yap\u0131l\u0131r. Deforme olan yap\u0131lar bu a\u015famada d\u00fczeltilir. Gerek g\u00f6r\u00fcl\u00fcrse kemik ve k\u0131k\u0131rdak doku yeniden \u015fekillendirilir. Burun i\u00e7i darl\u0131\u011f\u0131n a\u00e7\u0131lmas\u0131 kadar, burun d\u0131\u015f g\u00f6r\u00fcn\u00fcm\u00fcn\u00fcn d\u00fczeltilmesi de \u00f6nemlidir. Gerek var ise b\u00fcy\u00fcm\u00fc\u015f burun i\u00e7i konka dokusuna y\u00f6nelik radyofrekans ve di\u011fer cerrahi i\u015flemler yap\u0131l\u0131r. Burun kemikleri piezo ile veya mikromotor cihaz\u0131 hassas bir \u015fekilde kesilerek yeniden \u015fekillendirilir. Ameliyat bitiminde burunda morluk olu\u015fmamas\u0131, y\u00fcz\u00fcn \u015fi\u015fmemesi ve hastan\u0131n k\u0131sa s\u00fcrede i\u015fine d\u00f6nebilmesi \u00e7ok \u00f6nemlidir. Bu ameliyat esnas\u0131nda kaliteli malzeme ve cihaz kullan\u0131m\u0131 ile m\u00fcmk\u00fcn olur. Hekimin tecr\u00fcbesi cihaz ve malzeme kalitesi ile biraraya gelir ise sonu\u00e7 m\u00fckemmel olur. Ameliyat bitiminde burunu irrite etmeyen ve kolay \u00e7\u0131kan tamponlar\u0131n kullan\u0131lmas\u0131 bir o kadar \u00f6nemlidir. Burun i\u00e7ine yap\u0131\u015fan merhemli gazl\u0131 bezlerin ve uzun tamponlar\u0131n kullan\u0131lmas\u0131 art\u0131k tarihe kar\u0131\u015fm\u0131\u015ft\u0131r. \u00c7o\u011fu burun ameliyat\u0131nda tampon dahi konulmamaktad\u0131r. Burun \u00fcst\u00fcne konan atel veya ufak al\u00e7\u0131 yerine hafif termoplastik splintlerin kullan\u0131lmas\u0131, hastan\u0131n konforunu artt\u0131r\u0131r. H\u0131zl\u0131 iyile\u015fme ve hastan\u0131n k\u0131sa s\u00fcrede normal ya\u015fama d\u00f6nmesi hastan\u0131n psikolojisinin normal hale gelmesini sa\u011flar. Bu nedenle hasta hastanede veya evde uzun s\u00fcre kalmak yerine k\u0131sa s\u00fcrede normal ya\u015fama d\u00f6nmelidir. Uzun s\u00fcre hastanede kalan hastalarda hastane enfeksiyonu riski olu\u015fur. Tahmini 1 haftal\u0131k bir s\u00fcre\u00e7 sonunda hasta tamam\u0131 ile iyile\u015fir. Bant, splint, tampon ve diki\u015flerden kurtulur. Ameliyat sonras\u0131 her hastada olmasa da bazen g\u00f6z etraf\u0131nda hafif morluk olu\u015fabilir. Morluk ve \u015fi\u015flik olu\u015fsa dahi verilen jel veya kremlerin masaj ile uygulanmas\u0131 neticesinde k\u0131sa s\u00fcrede bu durum d\u00fczelir.<\/span><\/p>\n<p class=\"vc_custom_heading vc_custom_1545668072676\"><span style=\"font-size: 14pt;\">Ameliyat\u0131n ard\u0131ndan ge\u00e7en 4 hafta i\u00e7inde ise a\u011f\u0131r i\u015flerden ka\u00e7\u0131nmak gerekir. Bu s\u00fcre\u00e7 boyunca burnun yaralanmas\u0131n\u0131 do\u011furacak tehlikelerden ka\u00e7\u0131nmak gerekecektir. Buruna herhangi bir darbe al\u0131nmamal\u0131d\u0131r ve g\u00f6zl\u00fck kullan\u0131l\u0131yorsa da burun i\u00e7in y\u00fck olu\u015fturmayacak \u015fekilde g\u00f6zl\u00fck takmak uygun olacakt\u0131r.<\/span><\/p>\n<\/div>\n<p>&nbsp;<\/p>\n<p>&nbsp;<\/p>\n<div class=\"wpb_column vc_column_container vc_col-sm-12 vc_col-has-fill\">\n<p class=\"vc_custom_heading vc_custom_1545667912790\" style=\"font-size: 15px; color: #ffffff; line-height: 23px; text-align: left;\">\n<\/div>\n","protected":false},"excerpt":{"rendered":"<p>Burun Esteti\u011fi Nedir? Nas\u0131l Yap\u0131l\u0131r? Burun septumundaki deviasyon benzeri \u00e7e\u015fitli t\u0131bbi sorunlar tespit edildi\u011finde, bu sorunlar\u0131n d\u00fczeltilmesi ya da yaln\u0131zca burun \u00f6zelliklerinin daha da iyile\u015ftirilip g\u00fczelle\u015ftirilmesi i\u00e7in yap\u0131lan cerrahi uygulama ve m\u00fcdahaleler b\u00fct\u00fcn\u00fcne rinoplasti (burun esteti\u011fi) ad\u0131 verilir. Bu uygulamalar hassasiyet gerektiren uygulamalard\u0131r ve her ad\u0131mda hasta ile bilgi payla\u015f\u0131m\u0131 yap\u0131lmas\u0131 gerekir. Burnun g\u00f6r\u00fcn\u00fcm itibari [&hellip;]<\/p>\n","protected":false},"author":2,"featured_media":0,"parent":926,"menu_order":0,"comment_status":"closed","ping_status":"closed","template":"","meta":{"footnotes":""},"class_list":["post-922","page","type-page","status-publish","hentry"],"acf":[],"_links":{"self":[{"href":"https:\/\/healthtourismcenterturkey.com\/tr_tr\/wp-json\/wp\/v2\/pages\/922"}],"collection":[{"href":"https:\/\/healthtourismcenterturkey.com\/tr_tr\/wp-json\/wp\/v2\/pages"}],"about":[{"href":"https:\/\/healthtourismcenterturkey.com\/tr_tr\/wp-json\/wp\/v2\/types\/page"}],"author":[{"embeddable":true,"href":"https:\/\/healthtourismcenterturkey.com\/tr_tr\/wp-json\/wp\/v2\/users\/2"}],"replies":[{"embeddable":true,"href":"https:\/\/healthtourismcenterturkey.com\/tr_tr\/wp-json\/wp\/v2\/comments?post=922"}],"version-history":[{"count":17,"href":"https:\/\/healthtourismcenterturkey.com\/tr_tr\/wp-json\/wp\/v2\/pages\/922\/revisions"}],"predecessor-version":[{"id":1228,"href":"https:\/\/healthtourismcenterturkey.com\/tr_tr\/wp-json\/wp\/v2\/pages\/922\/revisions\/1228"}],"up":[{"embeddable":true,"href":"https:\/\/healthtourismcenterturkey.com\/tr_tr\/wp-json\/wp\/v2\/pages\/926"}],"wp:attachment":[{"href":"https:\/\/healthtourismcenterturkey.com\/tr_tr\/wp-json\/wp\/v2\/media?parent=922"}],"curies":[{"name":"wp","href":"https:\/\/api.w.org\/{rel}","templated":true}]}}