{"id":83,"date":"2016-10-10T10:15:25","date_gmt":"2016-10-10T07:15:25","guid":{"rendered":"http:\/\/healthtourismcenterturkey.com\/?page_id=83"},"modified":"2017-08-15T11:05:31","modified_gmt":"2017-08-15T11:05:31","slug":"plastic-surgery","status":"publish","type":"page","link":"https:\/\/healthtourismcenterturkey.com\/tr_tr\/home\/plastic-surgery\/","title":{"rendered":"Plastic Surgery"},"content":{"rendered":"<p><section class=\"fw-main-row \"   >\n\t<div class=\"fw-container-fluid no-padding\">\n\t\t<div class=\"fw-row\">\n\t\n<div class=\"fw-col-xs-12\" style=\"\">\n\t<section class=\"banner-block banner-block-69f605fa80030 fw-main-row full-screen\" style=\"\">\n\t\t<div class=\"item \"  style=\"background-image: url(\/\/healthtourismcenterturkey.com\/wp-content\/uploads\/2016\/10\/plastic-surgery.jpg);\">\n\t\t<div class=\"fw-container centered-container tac\">\n\t\t\t\t\t\t<h2 class=\"h1  \"><span>Helping Your Teeth<br>Stay Healthy One<\/span><\/h2>\n\t\t\t\t\t\t<p>Check Out Our Services!<\/p>\n\t\t\t\t\t\t\t\t\t\t\t\t<a href=\"#\" class=\"button-style1 \"><span>CHECK OUT<\/span><\/a>\n\t\t\t\t\t\t\t\t\t<a href=\"#\" class=\"button-style1 dark\"><span>more info<\/span><\/a>\n\t\t\t\t\t\t\t\t\t<\/div>\n\t<\/div>\n\t<\/section><\/div>\n<\/div>\n\n\t<\/div>\n<\/section><section class=\"fw-main-row \"  style=\"padding-top:45px;padding-bottom:20px;\" >\n\t<div class=\"fw-container\">\n\t\t<div class=\"fw-row\">\n\t\n<div class=\"fw-col-xs-12\" style=\"\">\n\t<h2 class='fw-special-title heading-decor tac' style='margin-bottom:40px;'>\n\t<span>Major Services<\/span>\n\t<\/h2><\/div>\n<\/div>\n\n<div class=\"fw-row\">\n\t\n<div class=\"fw-col-xs-12\" style=\"\">\n\t<div class=\"fw-row\">\n\t\t<div class=\"fw-col-sm-4\">\n\t\t<!-- Category item -->\n\t\t<div class=\"category-item\" style=\"background-image: url(\/\/healthtourismcenterturkey.com\/wp-content\/uploads\/2016\/10\/6.jpg)\">\n\t\t\t<div class=\"centered-container\">\n\t\t\t\t<a href=\"\" class=\"button-style2 white big\"><span>face surgery<\/span><\/a>\n\t\t\t<\/div>\n\t\t<\/div>\n\t\t<!-- END Category item -->\n\t<\/div>\n\t\t<div class=\"fw-col-sm-4\">\n\t\t<!-- Category item -->\n\t\t<div class=\"category-item\" style=\"background-image: url(\/\/healthtourismcenterturkey.com\/wp-content\/uploads\/2016\/10\/7.jpg)\">\n\t\t\t<div class=\"centered-container\">\n\t\t\t\t<a href=\"\" class=\"button-style2 white big\"><span>body SURGERY<\/span><\/a>\n\t\t\t<\/div>\n\t\t<\/div>\n\t\t<!-- END Category item -->\n\t<\/div>\n\t\t<div class=\"fw-col-sm-4\">\n\t\t<!-- Category item -->\n\t\t<div class=\"category-item\" style=\"background-image: url(\/\/healthtourismcenterturkey.com\/wp-content\/uploads\/2016\/10\/8.jpg)\">\n\t\t\t<div class=\"centered-container\">\n\t\t\t\t<a href=\"\" class=\"button-style2 white big\"><span>breast surgery<\/span><\/a>\n\t\t\t<\/div>\n\t\t<\/div>\n\t\t<!-- END Category item -->\n\t<\/div>\n\t<\/div><\/div>\n<\/div>\n\n\t<\/div>\n<\/section><section class=\"fw-main-row \"  style=\"padding-top:40px;padding-bottom:40px;\" >\n\t<div class=\"fw-container\">\n\t\t<div class=\"fw-row\">\n\t\n<div class=\"fw-col-xs-12\" style=\"\">\n\t<h2 class='fw-special-title heading-decor tac' style='margin-bottom:55px;'>\n\t<span>Popular procedures<\/span>\n\t<\/h2><\/div>\n<\/div>\n\n<div class=\"fw-row\">\n\t\n<div class=\"fw-col-xs-12\" style=\"\">\n\t\t\t<div class=\"icon-box-area fw-row\">\n\t\t\t\t<!-- Icon box item -->\n\t\t<div class=\"icon-box-col fw-col-xs-12 fw-col-sm-4 fw-col-md-3 fw-col-lg-3 \">\n\t\t\t<div class=\"icon  big medical-icon med-icon-nose\"><\/div>\n\t\t\t<div class=\"h4\">Nose Correction<\/div>\n\t\t\t<p>Lorem ipsum dolor sit amet, consetetur sadipscing elitr, sed diam nonumy eirmod tempor.<\/p>\n\t\t\t\t\t\t<a href=\"\" class=\"button-style2 gray min\"><span>read more<\/span><\/a>\n\t\t\t\t\t<\/div>\n\t\t<!-- END Icon box item -->\n\t\t\t\t<!-- Icon box item -->\n\t\t<div class=\"icon-box-col fw-col-xs-12 fw-col-sm-4 fw-col-md-3 fw-col-lg-3 \">\n\t\t\t<div class=\"icon  big medical-icon med-icon-epidermis\"><\/div>\n\t\t\t<div class=\"h4\">Epidermis Surgery<\/div>\n\t\t\t<p>Lorem ipsum dolor sit amet, consetetur sadipscing elitr, sed diam nonumy eirmod tempor.<\/p>\n\t\t\t\t\t\t<a href=\"\" class=\"button-style2 gray min\"><span>read more<\/span><\/a>\n\t\t\t\t\t<\/div>\n\t\t<!-- END Icon box item -->\n\t\t\t\t<!-- Icon box item -->\n\t\t<div class=\"icon-box-col fw-col-xs-12 fw-col-sm-4 fw-col-md-3 fw-col-lg-3 \">\n\t\t\t<div class=\"icon  big medical-icon med-icon-breast-4\"><\/div>\n\t\t\t<div class=\"h4\">Breast Correction<\/div>\n\t\t\t<p>Lorem ipsum dolor sit amet, consetetur sadipscing elitr, sed diam nonumy eirmod tempor.<\/p>\n\t\t\t\t\t\t<a href=\"\" class=\"button-style2 gray min\"><span>read more<\/span><\/a>\n\t\t\t\t\t<\/div>\n\t\t<!-- END Icon box item -->\n\t\t\t\t<!-- Icon box item -->\n\t\t<div class=\"icon-box-col fw-col-xs-12 fw-col-sm-4 fw-col-md-3 fw-col-lg-3 \">\n\t\t\t<div class=\"icon  big medical-icon med-icon-arm-1\"><\/div>\n\t\t\t<div class=\"h4\">Mens Surgery<\/div>\n\t\t\t<p>Lorem ipsum dolor sit amet, consetetur sadipscing elitr, sed diam nonumy eirmod tempor.<\/p>\n\t\t\t\t\t\t<a href=\"\" class=\"button-style2 gray min\"><span>read more<\/span><\/a>\n\t\t\t\t\t<\/div>\n\t\t<!-- END Icon box item -->\n\t\t\t\t<!-- Icon box item -->\n\t\t<div class=\"icon-box-col fw-col-xs-12 fw-col-sm-4 fw-col-md-3 fw-col-lg-3 \">\n\t\t\t<div class=\"icon  big medical-icon med-icon-fat\"><\/div>\n\t\t\t<div class=\"h4\">Fat Correction<\/div>\n\t\t\t<p>Lorem ipsum dolor sit amet, consetetur sadipscing elitr, sed diam nonumy eirmod tempor.<\/p>\n\t\t\t\t\t\t<a href=\"\" class=\"button-style2 gray min\"><span>read more<\/span><\/a>\n\t\t\t\t\t<\/div>\n\t\t<!-- END Icon box item -->\n\t\t\t\t<!-- Icon box item -->\n\t\t<div class=\"icon-box-col fw-col-xs-12 fw-col-sm-4 fw-col-md-3 fw-col-lg-3 \">\n\t\t\t<div class=\"icon  big medical-icon med-icon-thin\"><\/div>\n\t\t\t<div class=\"h4\">Thin Correction<\/div>\n\t\t\t<p>Lorem ipsum dolor sit amet, consetetur sadipscing elitr, sed diam nonumy eirmod tempor.<\/p>\n\t\t\t\t\t\t<a href=\"\" class=\"button-style2 gray min\"><span>read more<\/span><\/a>\n\t\t\t\t\t<\/div>\n\t\t<!-- END Icon box item -->\n\t\t\t\t<!-- Icon box item -->\n\t\t<div class=\"icon-box-col fw-col-xs-12 fw-col-sm-4 fw-col-md-3 fw-col-lg-3 \">\n\t\t\t<div class=\"icon  big medical-icon med-icon-breast-implant\"><\/div>\n\t\t\t<div class=\"h4\">Breast Implants<\/div>\n\t\t\t<p>Lorem ipsum dolor sit amet, consetetur sadipscing elitr, sed diam nonumy eirmod tempor.<\/p>\n\t\t\t\t\t\t<a href=\"\" class=\"button-style2 gray min\"><span>read more<\/span><\/a>\n\t\t\t\t\t<\/div>\n\t\t<!-- END Icon box item -->\n\t\t\t\t<!-- Icon box item -->\n\t\t<div class=\"icon-box-col fw-col-xs-12 fw-col-sm-4 fw-col-md-3 fw-col-lg-3 \">\n\t\t\t<div class=\"icon  big medical-icon med-icon-fit\"><\/div>\n\t\t\t<div class=\"h4\">Skin Correction<\/div>\n\t\t\t<p>Lorem ipsum dolor sit amet, consetetur sadipscing elitr, sed diam nonumy eirmod tempor.<\/p>\n\t\t\t\t\t\t<a href=\"\" class=\"button-style2 gray min\"><span>read more<\/span><\/a>\n\t\t\t\t\t<\/div>\n\t\t<!-- END Icon box item -->\n\t\t\t<\/div>\n<\/div>\n<\/div>\n\n\t<\/div>\n<\/section><section class=\"fw-main-row \"  style=\"background-image:url(http:\/\/healthtourismcenterturkey.com\/wp-content\/uploads\/2016\/10\/testimonials.jpg);padding-top:50px;padding-bottom:40px;\" >\n\t<div class=\"fw-container\">\n\t\t<div class=\"fw-row\">\n\t\n<div class=\"fw-col-xs-12\" style=\"\">\n\t<h2 class='fw-special-title heading-decor tac' style=''>\n\t<span>Before-After Testimonials<\/span>\n\t<\/h2>     \t\n<!-- Testimonials slider -->\n<div class=\"testimonials-slider testimonials-slider-69f605fa854f0\">\n\t\t\t\t\t\t<!-- Testimonials item -->\n\t\t\t<div class=\"testimonials-item\">\n\t\t\t\t<div class=\"fw-row\">\n\t\t\t\t\t\t\t\t\t\t\t<div class=\"image fw-col-sm-6\">\n\t\t\t\t\t\t\t<div style=\"background-image: url(\/\/healthtourismcenterturkey.com\/wp-content\/uploads\/2016\/10\/tes3.jpg)\"><\/div>\n\t\t\t\t\t\t<\/div>\n\t\t\t\t\t\t\t\t\t\t<div class=\"text fw-col-sm-6 fw-col-sm-offset-6\">\n\t\t\t\t\t\t<div>\n\t\t\t\t\t\t\t<div class=\"top\">\n\t\t\t\t\t\t\t\t<div class=\"h4\">Harvey Darrel<\/div>\n\t\t\t\t\t\t\t\t\t\t\t\t\t\t\t\t\t<span>interior designer<\/span>\n\t\t\t\t\t\t\t\t\t\t\t\t\t\t\t<\/div>\n\t\t\t\t\t\t\t\t\t\t\t\t\t\t<div class=\"h5\">procedure: Liposaction<\/div>\n\t\t\t\t\t\t\t\t\t\t\t\t\t\t<div class=\"blockquote\">Casaesaert viasead setertya aseteciega nveritide nerafae kertyeritaesa ertyatya aplicaboserde miuas oditaut. onequuntures dolores eonemo eniptai volupta equi nesciunt ades. Nernatur aut qui ratione quisquam estneque porro.<\/div>\n\t\t\t\t\t\t\t\t\t\t\t\t\t<\/div>\n\t\t\t\t\t<\/div>\n\t\t\t\t<\/div>\n\t\t\t<\/div>\n\t\t\t<!-- END Testimonials item -->\n\t\t\t\t\t\t\t\t<!-- Testimonials item -->\n\t\t\t<div class=\"testimonials-item\">\n\t\t\t\t<div class=\"fw-row\">\n\t\t\t\t\t\t\t\t\t\t\t<div class=\"image fw-col-sm-6\">\n\t\t\t\t\t\t\t<div style=\"background-image: url(\/\/healthtourismcenterturkey.com\/wp-content\/uploads\/2016\/10\/tes1.jpg)\"><\/div>\n\t\t\t\t\t\t<\/div>\n\t\t\t\t\t\t\t\t\t\t<div class=\"text fw-col-sm-6 fw-col-sm-offset-6\">\n\t\t\t\t\t\t<div>\n\t\t\t\t\t\t\t<div class=\"top\">\n\t\t\t\t\t\t\t\t<div class=\"h4\">Monika Black<\/div>\n\t\t\t\t\t\t\t\t\t\t\t\t\t\t\t\t\t<span>model<\/span>\n\t\t\t\t\t\t\t\t\t\t\t\t\t\t\t<\/div>\n\t\t\t\t\t\t\t\t\t\t\t\t\t\t<div class=\"h5\">procedure: Liposaction<\/div>\n\t\t\t\t\t\t\t\t\t\t\t\t\t\t<div class=\"blockquote\">Casaesaert viasead setertya aseteciega nveritide nerafae kertyeritaesa ertyatya aplicaboserde miuas oditaut. onequuntures dolores eonemo eniptai volupta equi nesciunt ades. Nernatur aut qui ratione quisquam estneque porro.<\/div>\n\t\t\t\t\t\t\t\t\t\t\t\t\t\t<div class=\"tac\">\n\t\t\t\t\t\t\t\t<a href=\"\" class=\"button-style2\">read more<\/a>\n\t\t\t\t\t\t\t<\/div>\n\t\t\t\t\t\t\t\t\t\t\t\t\t<\/div>\n\t\t\t\t\t<\/div>\n\t\t\t\t<\/div>\n\t\t\t<\/div>\n\t\t\t<!-- END Testimonials item -->\n\t\t\t\t\t\t\t\t<!-- Testimonials item -->\n\t\t\t<div class=\"testimonials-item\">\n\t\t\t\t<div class=\"fw-row\">\n\t\t\t\t\t\t\t\t\t\t\t<div class=\"image fw-col-sm-6\">\n\t\t\t\t\t\t\t<div style=\"background-image: url(\/\/healthtourismcenterturkey.com\/wp-content\/uploads\/2016\/10\/tes2.jpg)\"><\/div>\n\t\t\t\t\t\t<\/div>\n\t\t\t\t\t\t\t\t\t\t<div class=\"text fw-col-sm-6 fw-col-sm-offset-6\">\n\t\t\t\t\t\t<div>\n\t\t\t\t\t\t\t<div class=\"top\">\n\t\t\t\t\t\t\t\t<div class=\"h4\">Sarah Lentz<\/div>\n\t\t\t\t\t\t\t\t\t\t\t\t\t\t\t\t\t<span>designer<\/span>\n\t\t\t\t\t\t\t\t\t\t\t\t\t\t\t<\/div>\n\t\t\t\t\t\t\t\t\t\t\t\t\t\t<div class=\"h5\">procedure: Liposaction<\/div>\n\t\t\t\t\t\t\t\t\t\t\t\t\t\t<div class=\"blockquote\">Casaesaert viasead setertya aseteciega nveritide nerafae kertyeritaesa ertyatya aplicaboserde miuas oditaut. onequuntures dolores eonemo eniptai volupta equi nesciunt ades. Nernatur aut qui ratione quisquam estneque porro.<\/div>\n\t\t\t\t\t\t\t\t\t\t\t\t\t\t<div class=\"tac\">\n\t\t\t\t\t\t\t\t<a href=\"\" class=\"button-style2\">read more<\/a>\n\t\t\t\t\t\t\t<\/div>\n\t\t\t\t\t\t\t\t\t\t\t\t\t<\/div>\n\t\t\t\t\t<\/div>\n\t\t\t\t<\/div>\n\t\t\t<\/div>\n\t\t\t<!-- END Testimonials item -->\n\t\t\t<\/div>\n<!-- END Testimonials slider --><\/div>\n<\/div>\n\n\t<\/div>\n<\/section><section class=\"fw-main-row \"  style=\"padding-top:40px;\" >\n\t<div class=\"fw-container\">\n\t\t<div class=\"fw-row\">\n\t\n<div class=\"fw-col-xs-12\" style=\"\">\n\t<h2 class='fw-special-title heading-decor tac' style='margin-bottom:40px;'>\n\t<span>Latest from blog<\/span>\n\t<\/h2><\/div>\n<\/div>\n\n<div class=\"fw-row\">\n\t\n<div class=\"fw-col-xs-12\" style=\"\">\n\t\n<div class=\"blog-items fw-row\">\n\t\t<!-- Blog item -->\n\t<div class=\"blog-item fw-col-xs-12 fw-col-md-4\">\n\t\t<div class=\"fw-row\">\n\t\t\t\t\t\t\t<div class=\"image fw-col-xs-12 fw-col-sm-5 fw-col-md-12\"><a href=\"https:\/\/healthtourismcenterturkey.com\/tr_tr\/blog\/researches\/\"><img decoding=\"async\" src=\"https:\/\/healthtourismcenterturkey.com\/wp-content\/uploads\/2016\/10\/1-2-370x270.jpeg\" alt=\"Popo Esteti\u011fi\"><\/a><\/div>\n\t\t\t\t\t\t<div class=\"fw-col-xs-12 fw-col-sm-7 fw-col-md-12\">\n\t\t\t\t<h4><a href=\"https:\/\/healthtourismcenterturkey.com\/tr_tr\/blog\/researches\/\">Popo Esteti\u011fi<\/a><\/h4>\n\t\t\t\t<div class=\"post-date\">11\/10\/2016<\/div>\n\t\t\t\t<p>Popo Esteti\u011fi Hakk\u0131nda\r\nHer kad\u0131n\u0131n hayali estetik kal\u00e7alara sahip olmakt\u0131r. Tabi bu hayalin baz\u0131 sorunlardan dolay\u0131 ger\u00e7e\u011fe d\u00f6nd\u00fcr\u00fclmesi m\u00fcmk\u00fcn olmayabilir. \u0130\u015fte bu durumlarda popo...<\/p>\n\t\t\t\t<a href=\"https:\/\/healthtourismcenterturkey.com\/tr_tr\/blog\/researches\/\" class=\"button-style2 gray min\">read more<\/a>\n\t\t\t<\/div>\n\t\t<\/div>\n\t<\/div>\n\t<!-- END Blog item -->\n\t\t<!-- Blog item -->\n\t<div class=\"blog-item fw-col-xs-12 fw-col-md-4\">\n\t\t<div class=\"fw-row\">\n\t\t\t\t\t\t\t<div class=\"image fw-col-xs-12 fw-col-sm-5 fw-col-md-12\"><a href=\"https:\/\/healthtourismcenterturkey.com\/tr_tr\/blog\/your-health\/\"><img decoding=\"async\" src=\"https:\/\/healthtourismcenterturkey.com\/wp-content\/uploads\/2016\/10\/1-1-370x270.jpeg\" alt=\"Sa\u00e7 Ekimi\"><\/a><\/div>\n\t\t\t\t\t\t<div class=\"fw-col-xs-12 fw-col-sm-7 fw-col-md-12\">\n\t\t\t\t<h4><a href=\"https:\/\/healthtourismcenterturkey.com\/tr_tr\/blog\/your-health\/\">Sa\u00e7 Ekimi<\/a><\/h4>\n\t\t\t\t<div class=\"post-date\">11\/10\/2016<\/div>\n\t\t\t\t<p>DHI Y\u00f6ntemi Nedir? Nas\u0131l Yap\u0131l\u0131r?\r\nBu y\u00f6ntemle toplanan sa\u00e7lar do\u011frudan alana dikilir. \u201cDH\u0130 Kalemleri\u201d ad\u0131 verilen aletler, \u00f6nceden kanal a\u00e7\u0131lmas\u0131 gerektirmeyen bu y\u00f6ntemde...<\/p>\n\t\t\t\t<a href=\"https:\/\/healthtourismcenterturkey.com\/tr_tr\/blog\/your-health\/\" class=\"button-style2 gray min\">read more<\/a>\n\t\t\t<\/div>\n\t\t<\/div>\n\t<\/div>\n\t<!-- END Blog item -->\n\t\t<!-- Blog item -->\n\t<div class=\"blog-item fw-col-xs-12 fw-col-md-4\">\n\t\t<div class=\"fw-row\">\n\t\t\t\t\t\t\t<div class=\"image fw-col-xs-12 fw-col-sm-5 fw-col-md-12\"><a href=\"https:\/\/healthtourismcenterturkey.com\/tr_tr\/blog\/new-investigations\/\"><img decoding=\"async\" src=\"https:\/\/healthtourismcenterturkey.com\/wp-content\/uploads\/2016\/10\/1-3-370x270.jpeg\" alt=\"Meme Esteti\u011fi\"><\/a><\/div>\n\t\t\t\t\t\t<div class=\"fw-col-xs-12 fw-col-sm-7 fw-col-md-12\">\n\t\t\t\t<h4><a href=\"https:\/\/healthtourismcenterturkey.com\/tr_tr\/blog\/new-investigations\/\">Meme Esteti\u011fi<\/a><\/h4>\n\t\t\t\t<div class=\"post-date\">11\/10\/2016<\/div>\n\t\t\t\t<p>Meme B\u00fcy\u00fctme Operasyonlar\u0131 Neden Gereklidir?\r\nG\u00f6\u011f\u00fcs b\u00f6lgesi, kad\u0131nlar i\u00e7in son derece \u00f6nemli ve dikkat \u00e7ekici bir b\u00f6lgedir. \u00c7\u00fcnk\u00fc buras\u0131 genel d\u0131\u015f g\u00f6r\u00fcn\u00fc\u015f\u00fcn de kritik bir...<\/p>\n\t\t\t\t<a href=\"https:\/\/healthtourismcenterturkey.com\/tr_tr\/blog\/new-investigations\/\" class=\"button-style2 gray min\">read more<\/a>\n\t\t\t<\/div>\n\t\t<\/div>\n\t<\/div>\n\t<!-- END Blog item -->\n\t<\/div><\/div>\n<\/div>\n\n\t<\/div>\n<\/section><section class=\"fw-main-row \"  style=\"padding-top:40px;\" >\n\t<div class=\"fw-container-fluid no-padding\">\n\t\t<div class=\"fw-row\">\n\t\n<div class=\"fw-col-xs-12\" style=\"\">\n\t<h2 class='fw-special-title heading-decor tac' style='margin-bottom:40px;'>\n\t<span>Our Latest Work<\/span>\n\t<\/h2><\/div>\n<\/div>\n\n<div class=\"fw-row\">\n\t\n<div class=\"fw-col-xs-12\" style=\"\">\n\t\n\t<div class=\"fw-row disable-space\"> \n\t\t\t\t\t\t\t\t\t\t\t<div class=\"gallery-item fw-col-xs-6 fw-col-sm-4 fw-col-md-3 category4\">\n\t\t\t\t\t<div style=\"background-image: url(https:\/\/healthtourismcenterturkey.com\/wp-content\/uploads\/2016\/10\/gallery1-1000x798.jpg);\">\n\t\t\t\t\t\t\t\t\t\t\t\t\t<span class=\"h4\">Gallery item heading<\/span>\n\t\t\t\t\t\t\t\t\t\t\t\t\t<span>Praesent tincidunt molestie libero mollis porta. Faucibus leo, ac aliquet magna. Vivamus ullamcorper mollis leo, at sagittis mi pellentesque...<\/span>\n\t\t\t\t\t\t\t\t\t\t\t<\/div>\n\t\t\t\t\t<a href=\"https:\/\/healthtourismcenterturkey.com\/tr_tr\/project\/gallery-item-heading-11\/\" data-size=\"1253x1000\"><\/a>\n\t\t\t\t<\/div>\n\t\t\t\t\t\t\t\t\t\t\t\t<div class=\"gallery-item fw-col-xs-6 fw-col-sm-4 fw-col-md-3 category4\">\n\t\t\t\t\t<div style=\"background-image: url(https:\/\/healthtourismcenterturkey.com\/wp-content\/uploads\/2016\/10\/gallery2-1000x656.jpg);\">\n\t\t\t\t\t\t\t\t\t\t\t\t\t<span class=\"h4\">Gallery item heading<\/span>\n\t\t\t\t\t\t\t\t\t\t\t\t\t<span>Praesent tincidunt molestie libero mollis porta. Faucibus leo, ac aliquet magna. Vivamus ullamcorper mollis leo, at sagittis mi pellentesque...<\/span>\n\t\t\t\t\t\t\t\t\t\t\t<\/div>\n\t\t\t\t\t<a href=\"https:\/\/healthtourismcenterturkey.com\/tr_tr\/project\/gallery-item-heading-10\/\" data-size=\"1525x1000\"><\/a>\n\t\t\t\t<\/div>\n\t\t\t\t\t\t\t\t\t\t\t\t<div class=\"gallery-item fw-col-xs-6 fw-col-sm-4 fw-col-md-3 category4\">\n\t\t\t\t\t<div style=\"background-image: url(https:\/\/healthtourismcenterturkey.com\/wp-content\/uploads\/2016\/10\/gallery3-1000x667.jpg);\">\n\t\t\t\t\t\t\t\t\t\t\t\t\t<span class=\"h4\">Gallery item heading<\/span>\n\t\t\t\t\t\t\t\t\t\t\t\t\t<span>Praesent tincidunt molestie libero mollis porta. Faucibus leo, ac aliquet magna. Vivamus ullamcorper mollis leo, at sagittis mi pellentesque...<\/span>\n\t\t\t\t\t\t\t\t\t\t\t<\/div>\n\t\t\t\t\t<a href=\"https:\/\/healthtourismcenterturkey.com\/tr_tr\/project\/gallery-item-heading-9\/\" data-size=\"1500x1000\"><\/a>\n\t\t\t\t<\/div>\n\t\t\t\t\t\t\t\t\t\t\t\t<div class=\"gallery-item fw-col-xs-6 fw-col-sm-4 fw-col-md-3 category4\">\n\t\t\t\t\t<div style=\"background-image: url(https:\/\/healthtourismcenterturkey.com\/wp-content\/uploads\/2016\/10\/gallery5-1000x1483.jpg);\">\n\t\t\t\t\t\t\t\t\t\t\t\t\t<span class=\"h4\">Gallery item heading<\/span>\n\t\t\t\t\t\t\t\t\t\t\t\t\t<span>Praesent tincidunt molestie libero mollis porta. Faucibus leo, ac aliquet magna. Vivamus ullamcorper mollis leo, at sagittis mi pellentesque...<\/span>\n\t\t\t\t\t\t\t\t\t\t\t<\/div>\n\t\t\t\t\t<a href=\"https:\/\/healthtourismcenterturkey.com\/tr_tr\/project\/gallery-item-heading-8\/\" data-size=\"1000x1483\"><\/a>\n\t\t\t\t<\/div>\n\t\t\t\t\t\t\t\t\t\t\t\t<div class=\"gallery-item fw-col-xs-6 fw-col-sm-4 fw-col-md-3 category4\">\n\t\t\t\t\t<div style=\"background-image: url(https:\/\/healthtourismcenterturkey.com\/wp-content\/uploads\/2016\/10\/gallery6-1000x694.jpg);\">\n\t\t\t\t\t\t\t\t\t\t\t\t\t<span class=\"h4\">Gallery item heading<\/span>\n\t\t\t\t\t\t\t\t\t\t\t\t\t<span>Praesent tincidunt molestie libero mollis porta. Faucibus leo, ac aliquet magna. Vivamus ullamcorper mollis leo, at sagittis mi pellentesque...<\/span>\n\t\t\t\t\t\t\t\t\t\t\t<\/div>\n\t\t\t\t\t<a href=\"https:\/\/healthtourismcenterturkey.com\/tr_tr\/project\/gallery-item-heading-7\/\" data-size=\"1441x1000\"><\/a>\n\t\t\t\t<\/div>\n\t\t\t\t\t\t\t\t\t\t\t\t<div class=\"gallery-item fw-col-xs-6 fw-col-sm-4 fw-col-md-3 category4\">\n\t\t\t\t\t<div style=\"background-image: url(https:\/\/healthtourismcenterturkey.com\/wp-content\/uploads\/2016\/10\/gallery7-1000x578.jpg);\">\n\t\t\t\t\t\t\t\t\t\t\t\t\t<span class=\"h4\">Gallery item heading<\/span>\n\t\t\t\t\t\t\t\t\t\t\t\t\t<span>Praesent tincidunt molestie libero mollis porta. Faucibus leo, ac aliquet magna. Vivamus ullamcorper mollis leo, at sagittis mi pellentesque...<\/span>\n\t\t\t\t\t\t\t\t\t\t\t<\/div>\n\t\t\t\t\t<a href=\"https:\/\/healthtourismcenterturkey.com\/tr_tr\/project\/gallery-item-heading-6\/\" data-size=\"1729x1000\"><\/a>\n\t\t\t\t<\/div>\n\t\t\t\t\t\t\t\t\t\t\t\t<div class=\"gallery-item fw-col-xs-6 fw-col-sm-4 fw-col-md-3 category4\">\n\t\t\t\t\t<div style=\"background-image: url(https:\/\/healthtourismcenterturkey.com\/wp-content\/uploads\/2016\/10\/gallery8-1000x667.jpg);\">\n\t\t\t\t\t\t\t\t\t\t\t\t\t<span class=\"h4\">Gallery item heading<\/span>\n\t\t\t\t\t\t\t\t\t\t\t\t\t<span>Praesent tincidunt molestie libero mollis porta. Faucibus leo, ac aliquet magna. Vivamus ullamcorper mollis leo, at sagittis mi pellentesque...<\/span>\n\t\t\t\t\t\t\t\t\t\t\t<\/div>\n\t\t\t\t\t<a href=\"https:\/\/healthtourismcenterturkey.com\/tr_tr\/project\/gallery-item-heading-5\/\" data-size=\"1500x1000\"><\/a>\n\t\t\t\t<\/div>\n\t\t\t\t\t\t\t\t\t\t\t\t<div class=\"gallery-item fw-col-xs-6 fw-col-sm-4 fw-col-md-3 category4\">\n\t\t\t\t\t<div style=\"background-image: url(https:\/\/healthtourismcenterturkey.com\/wp-content\/uploads\/2016\/10\/gallery10-1000x863.jpg);\">\n\t\t\t\t\t\t\t\t\t\t\t\t\t<span class=\"h4\">Gallery item heading<\/span>\n\t\t\t\t\t\t\t\t\t\t\t\t\t<span>Praesent tincidunt molestie libero mollis porta. Faucibus leo, ac aliquet magna. Vivamus ullamcorper mollis leo, at sagittis mi pellentesque...<\/span>\n\t\t\t\t\t\t\t\t\t\t\t<\/div>\n\t\t\t\t\t<a href=\"https:\/\/healthtourismcenterturkey.com\/tr_tr\/project\/gallery-item-heading-4\/\" data-size=\"1159x1000\"><\/a>\n\t\t\t\t<\/div>\n\t\t\t\t\t\t\t\t\t\t<\/div>\n<\/div>\n<\/div>\n\n\t<\/div>\n<\/section><\/p>\n","protected":false},"excerpt":{"rendered":"<p>Helping Your TeethStay Healthy One Check Out Our Services! CHECK OUT more info Major Services face surgery body SURGERY breast surgery Popular procedures Nose Correction Lorem ipsum dolor sit amet, consetetur sadipscing elitr, sed diam nonumy eirmod tempor. read more Epidermis Surgery Lorem ipsum dolor sit amet, consetetur sadipscing elitr, sed diam nonumy eirmod tempor. [&hellip;]<\/p>\n","protected":false},"author":1,"featured_media":0,"parent":79,"menu_order":0,"comment_status":"closed","ping_status":"closed","template":"page-landing.php","meta":{"footnotes":""},"class_list":["post-83","page","type-page","status-publish","hentry"],"acf":[],"_links":{"self":[{"href":"https:\/\/healthtourismcenterturkey.com\/tr_tr\/wp-json\/wp\/v2\/pages\/83"}],"collection":[{"href":"https:\/\/healthtourismcenterturkey.com\/tr_tr\/wp-json\/wp\/v2\/pages"}],"about":[{"href":"https:\/\/healthtourismcenterturkey.com\/tr_tr\/wp-json\/wp\/v2\/types\/page"}],"author":[{"embeddable":true,"href":"https:\/\/healthtourismcenterturkey.com\/tr_tr\/wp-json\/wp\/v2\/users\/1"}],"replies":[{"embeddable":true,"href":"https:\/\/healthtourismcenterturkey.com\/tr_tr\/wp-json\/wp\/v2\/comments?post=83"}],"version-history":[{"count":17,"href":"https:\/\/healthtourismcenterturkey.com\/tr_tr\/wp-json\/wp\/v2\/pages\/83\/revisions"}],"predecessor-version":[{"id":611,"href":"https:\/\/healthtourismcenterturkey.com\/tr_tr\/wp-json\/wp\/v2\/pages\/83\/revisions\/611"}],"up":[{"embeddable":true,"href":"https:\/\/healthtourismcenterturkey.com\/tr_tr\/wp-json\/wp\/v2\/pages\/79"}],"wp:attachment":[{"href":"https:\/\/healthtourismcenterturkey.com\/tr_tr\/wp-json\/wp\/v2\/media?parent=83"}],"curies":[{"name":"wp","href":"https:\/\/api.w.org\/{rel}","templated":true}]}}