{"id":567,"date":"2017-07-06T08:54:53","date_gmt":"2017-07-06T08:54:53","guid":{"rendered":"http:\/\/healthtourismcenterturkey.com\/?page_id=567"},"modified":"2017-10-31T06:57:24","modified_gmt":"2017-10-31T06:57:24","slug":"spa","status":"publish","type":"page","link":"https:\/\/healthtourismcenterturkey.com\/tr_tr\/spa\/","title":{"rendered":"Spa"},"content":{"rendered":"<p><section class=\"fw-main-row \"   >\n\t<div class=\"fw-container-fluid no-padding\">\n\t\t<div class=\"fw-row\">\n\t\n<div class=\"fw-col-xs-12\" style=\"\">\n\t<section class=\"banner-block banner-block-69f70a0d4de82 fw-main-row full-screen\" style=\"\">\n\t\t<div class=\"item dark-bg\"  style=\"background-image: url(\/\/healthtourismcenterturkey.com\/wp-content\/uploads\/2017\/07\/spa-slide.jpg);\">\n\t\t<div class=\"fw-container centered-container tal\">\n\t\t\t\t\t\t<h2 class=\"h1  \"><span><span class=\"blue-color\">Helping You<\/span><br>Stay Beauty One<\/span><\/h2>\n\t\t\t\t\t\t<p>Check Out Our Services!<\/p>\n\t\t\t\t\t\t\t\t\t\t\t\t<a href=\"#\" class=\"button-style1 \"><span>CHECK OUT<\/span><\/a>\n\t\t\t\t\t\t\t\t\t<a href=\"#\" class=\"button-style1 dark\"><span>more info<\/span><\/a>\n\t\t\t\t\t\t\t\t\t<\/div>\n\t<\/div>\n\t<\/section><\/div>\n<\/div>\n\n\t<\/div>\n<\/section><div class=\"fw-main-row \"  style=\"padding-top:45px;padding-bottom:50px;\" >\n\t<div class=\"fw-container\">\n\t\t<div class=\"fw-row\">\n\t\n<div class=\"fw-col-xs-12\" style=\"\">\n\t<h2 class='fw-special-title heading-decor tac' style='margin-bottom:40px;'>\n\t<span>Major Services<\/span>\n\t<\/h2><\/div>\n<\/div>\n\n<div class=\"fw-row\">\n\t\n<div class=\"fw-col-xs-12\" style=\"\">\n\t<div class=\"fw-row\">\n\t\t<div class=\"fw-col-sm-4\">\n\t\t<!-- Category item -->\n\t\t<div class=\"category-item\" style=\"background-image: url(\/\/healthtourismcenterturkey.com\/wp-content\/uploads\/2017\/07\/spa-cat1.jpg)\">\n\t\t\t<div class=\"centered-container\">\n\t\t\t\t<a href=\"\" class=\"button-style2 white big\"><span>massages<\/span><\/a>\n\t\t\t<\/div>\n\t\t<\/div>\n\t\t<!-- END Category item -->\n\t<\/div>\n\t\t<div class=\"fw-col-sm-4\">\n\t\t<!-- Category item -->\n\t\t<div class=\"category-item\" style=\"background-image: url(\/\/healthtourismcenterturkey.com\/wp-content\/uploads\/2017\/07\/spa-cat2.jpg)\">\n\t\t\t<div class=\"centered-container\">\n\t\t\t\t<a href=\"\" class=\"button-style2 white big\"><span>relaxation<\/span><\/a>\n\t\t\t<\/div>\n\t\t<\/div>\n\t\t<!-- END Category item -->\n\t<\/div>\n\t\t<div class=\"fw-col-sm-4\">\n\t\t<!-- Category item -->\n\t\t<div class=\"category-item\" style=\"background-image: url(\/\/healthtourismcenterturkey.com\/wp-content\/uploads\/2017\/07\/spa-cat3.jpg)\">\n\t\t\t<div class=\"centered-container\">\n\t\t\t\t<a href=\"\" class=\"button-style2 white big\"><span>therapies<\/span><\/a>\n\t\t\t<\/div>\n\t\t<\/div>\n\t\t<!-- END Category item -->\n\t<\/div>\n\t<\/div><\/div>\n<\/div>\n\n<div class=\"fw-row\">\n\t\n<div class=\"fw-col-xs-12\" style=\"\">\n\t<h2 class='fw-special-title heading-decor tac' style='margin-top:40px;margin-bottom:40px;'>\n\t<span>Why Choose Our Spa Salon<\/span>\n\t<\/h2><\/div>\n<\/div>\n\n<div class=\"fw-row\">\n\t\n<div class=\"fw-col-xs-12\" style=\"\">\n\t\t\t<div class=\"icon-box-area fw-row\">\n\t\t\t\t<!-- Icon box item -->\n\t\t<div class=\"icon-box-col fw-col-xs-12 fw-col-sm-6 fw-col-md-4 fw-col-lg-4 \">\n\t\t\t<div class=\"icon  spa-icons-lotus\"><\/div>\n\t\t\t<div class=\"h4\">Organic Treatment<\/div>\n\t\t\t<p>Lorem Ipsum is simply dummy text of the printing and typesetting industry. Lorem Ipsum has been.<\/p>\n\t\t\t\t\t<\/div>\n\t\t<!-- END Icon box item -->\n\t\t\t\t<!-- Icon box item -->\n\t\t<div class=\"icon-box-col fw-col-xs-12 fw-col-sm-6 fw-col-md-4 fw-col-lg-4 \">\n\t\t\t<div class=\"icon  spa-icons-incense-1\"><\/div>\n\t\t\t<div class=\"h4\">Aromatherapy Massage<\/div>\n\t\t\t<p>Lorem Ipsum is simply dummy text of the printing and typesetting industry. Lorem Ipsum has been.<\/p>\n\t\t\t\t\t<\/div>\n\t\t<!-- END Icon box item -->\n\t\t\t\t<!-- Icon box item -->\n\t\t<div class=\"icon-box-col fw-col-xs-12 fw-col-sm-6 fw-col-md-4 fw-col-lg-4 \">\n\t\t\t<div class=\"icon  spa-icons-massage\"><\/div>\n\t\t\t<div class=\"h4\">Expert Therapists<\/div>\n\t\t\t<p>Lorem Ipsum is simply dummy text of the printing and typesetting industry. Lorem Ipsum has been.<\/p>\n\t\t\t\t\t<\/div>\n\t\t<!-- END Icon box item -->\n\t\t\t\t<!-- Icon box item -->\n\t\t<div class=\"icon-box-col fw-col-xs-12 fw-col-sm-6 fw-col-md-4 fw-col-lg-4 \">\n\t\t\t<div class=\"icon  spa-icons-bathtub\"><\/div>\n\t\t\t<div class=\"h4\">Jet Hydro Massage<\/div>\n\t\t\t<p>Lorem Ipsum is simply dummy text of the printing and typesetting industry. Lorem Ipsum has been.<\/p>\n\t\t\t\t\t<\/div>\n\t\t<!-- END Icon box item -->\n\t\t\t\t<!-- Icon box item -->\n\t\t<div class=\"icon-box-col fw-col-xs-12 fw-col-sm-6 fw-col-md-4 fw-col-lg-4 \">\n\t\t\t<div class=\"icon  spa-icons-hot-stones\"><\/div>\n\t\t\t<div class=\"h4\">Hot Stone Massage<\/div>\n\t\t\t<p>Lorem Ipsum is simply dummy text of the printing and typesetting industry. Lorem Ipsum has been.<\/p>\n\t\t\t\t\t<\/div>\n\t\t<!-- END Icon box item -->\n\t\t\t\t<!-- Icon box item -->\n\t\t<div class=\"icon-box-col fw-col-xs-12 fw-col-sm-6 fw-col-md-4 fw-col-lg-4 \">\n\t\t\t<div class=\"icon  spa-icons-candle-1\"><\/div>\n\t\t\t<div class=\"h4\">Deep Tissue Massage<\/div>\n\t\t\t<p>Lorem Ipsum is simply dummy text of the printing and typesetting industry. Lorem Ipsum has been.<\/p>\n\t\t\t\t\t<\/div>\n\t\t<!-- END Icon box item -->\n\t\t\t<\/div>\n<\/div>\n<\/div>\n\n\t<\/div>\n<\/div><section class=\"fw-main-row \"  style=\"background-image:url(http:\/\/healthtourismcenterturkey.com\/wp-content\/uploads\/2017\/07\/spa-bg.jpg);padding-top:45px;padding-bottom:65px;\" >\n\t<div class=\"fw-container dark-bg\">\n\t\t<div class=\"fw-row\">\n\t\n<div class=\"fw-col-xs-12\" style=\"\">\n\t<h2 class='fw-special-title heading-decor tac' style=''>\n\t<span>Our prices<\/span>\n\t<\/h2>\n<div class=\"price-list-t2-items price-list-t2-items-69f70a0d5107c\">\n\t\t\t<div class=\"price-list-t2\">\n\t\t\t<div class=\"h\">Our Packages<\/div>\n\t\t\t\t\t\t\t<div class=\"price-list-t2-item\">\n\t\t\t\t\t\t\t\t\t\t\t<div class=\"image\" style=\"background-image: url(\/\/healthtourismcenterturkey.com\/wp-content\/uploads\/2017\/07\/price-item1.jpg)\"><\/div>\n\t\t\t\t\t\t\t\t\t\t<div class=\"text\">\n\t\t\t\t\t\t<div class=\"name\">SPA BEAUTY TREATMENT<\/div>\n\t\t\t\t\t\t<div class=\"desc\">Lorem ipsum dolor sit amet, consectetur adipisicing elit, sed do eiusmod.<\/div>\n\t\t\t\t\t\t<div class=\"price\">$99<\/div>\n\t\t\t\t\t<\/div>\n\t\t\t\t<\/div>\n\t\t\t\t\t\t\t<div class=\"price-list-t2-item\">\n\t\t\t\t\t\t\t\t\t\t\t<div class=\"image\" style=\"background-image: url(\/\/healthtourismcenterturkey.com\/wp-content\/uploads\/2017\/07\/price-item2.jpg)\"><\/div>\n\t\t\t\t\t\t\t\t\t\t<div class=\"text\">\n\t\t\t\t\t\t<div class=\"name\">OIL MASSAGE<\/div>\n\t\t\t\t\t\t<div class=\"desc\">Lorem ipsum dolor sit amet, consectetur adipisicing elit, sed do eiusmod.<\/div>\n\t\t\t\t\t\t<div class=\"price\">$49<\/div>\n\t\t\t\t\t<\/div>\n\t\t\t\t<\/div>\n\t\t\t\t\t\t\t<div class=\"price-list-t2-item\">\n\t\t\t\t\t\t\t\t\t\t\t<div class=\"image\" style=\"background-image: url(\/\/healthtourismcenterturkey.com\/wp-content\/uploads\/2017\/07\/price-item3.jpg)\"><\/div>\n\t\t\t\t\t\t\t\t\t\t<div class=\"text\">\n\t\t\t\t\t\t<div class=\"name\">SKIN THERAPY<\/div>\n\t\t\t\t\t\t<div class=\"desc\">Lorem ipsum dolor sit amet, consectetur adipisicing elit, sed do eiusmod.<\/div>\n\t\t\t\t\t\t<div class=\"price\">$59<\/div>\n\t\t\t\t\t<\/div>\n\t\t\t\t<\/div>\n\t\t\t\t\t\t\t<div class=\"price-list-t2-item\">\n\t\t\t\t\t\t\t\t\t\t\t<div class=\"image\" style=\"background-image: url(\/\/healthtourismcenterturkey.com\/wp-content\/uploads\/2017\/07\/price-item4.jpg)\"><\/div>\n\t\t\t\t\t\t\t\t\t\t<div class=\"text\">\n\t\t\t\t\t\t<div class=\"name\">Aroma therapy<\/div>\n\t\t\t\t\t\t<div class=\"desc\">Lorem ipsum dolor sit amet, consectetur adipisicing elit, sed do eiusmod.<\/div>\n\t\t\t\t\t\t<div class=\"price\">$79<\/div>\n\t\t\t\t\t<\/div>\n\t\t\t\t<\/div>\n\t\t\t\t\t<\/div>\n\t\t\t<div class=\"price-list-t2\">\n\t\t\t<div class=\"h\">Relaxing Therapies<\/div>\n\t\t\t\t\t\t\t<div class=\"price-list-t2-item\">\n\t\t\t\t\t\t\t\t\t\t\t<div class=\"image\" style=\"background-image: url(\/\/healthtourismcenterturkey.com\/wp-content\/uploads\/2017\/07\/price-item5.jpg)\"><\/div>\n\t\t\t\t\t\t\t\t\t\t<div class=\"text\">\n\t\t\t\t\t\t<div class=\"name\">Facial THERAPY<\/div>\n\t\t\t\t\t\t<div class=\"desc\">Lorem ipsum dolor sit amet, consectetur adipisicing elit, sed do eiusmod.<\/div>\n\t\t\t\t\t\t<div class=\"price\">$39<\/div>\n\t\t\t\t\t<\/div>\n\t\t\t\t<\/div>\n\t\t\t\t\t\t\t<div class=\"price-list-t2-item\">\n\t\t\t\t\t\t\t\t\t\t\t<div class=\"image\" style=\"background-image: url(\/\/healthtourismcenterturkey.com\/wp-content\/uploads\/2017\/07\/price-item6.jpg)\"><\/div>\n\t\t\t\t\t\t\t\t\t\t<div class=\"text\">\n\t\t\t\t\t\t<div class=\"name\">STONE TREATMENT<\/div>\n\t\t\t\t\t\t<div class=\"desc\">Lorem ipsum dolor sit amet, consectetur adipisicing elit, sed do eiusmod.<\/div>\n\t\t\t\t\t\t<div class=\"price\">$29<\/div>\n\t\t\t\t\t<\/div>\n\t\t\t\t<\/div>\n\t\t\t\t\t<\/div>\n\t<\/div><\/div>\n<\/div>\n\n\t<\/div>\n<\/section><section class=\"fw-main-row \"  style=\"padding-top:20px;padding-bottom:20px;\" >\n\t<div class=\"fw-container\">\n\t\t<div class=\"fw-row\">\n\t\n<div class=\"fw-col-xs-12\" style=\"\">\n\t\t\t\t\t<!-- Icon box style 2 -->\n\t\t<div class=\"icon-box2-item fw-col-xs-6 fw-col-sm-6 fw-col-md-3 fw-col-lg-3 uppercase light \">\n\t\t\t\t\t\t\t<div class=\"icon spa-icons-treatment\"><\/div>\n\t\t\t\t\t\t<span><\/span>\n\t\t\t<div class=\"number animateNumber\" data-num=\"180\">0<\/div>\n\t\t\t<h4>Happy Customers<\/h4>\n\t\t<\/div>\n\t\t<!-- END Icon box style 2 -->\n\t\t\t<!-- Icon box style 2 -->\n\t\t<div class=\"icon-box2-item fw-col-xs-6 fw-col-sm-6 fw-col-md-3 fw-col-lg-3 uppercase light \">\n\t\t\t\t\t\t\t<div class=\"icon spa-icons-bamboo\"><\/div>\n\t\t\t\t\t\t<span><\/span>\n\t\t\t<div class=\"number animateNumber\" data-num=\"2568\">0<\/div>\n\t\t\t<h4>Visited Places<\/h4>\n\t\t<\/div>\n\t\t<!-- END Icon box style 2 -->\n\t\t\t<!-- Icon box style 2 -->\n\t\t<div class=\"icon-box2-item fw-col-xs-6 fw-col-sm-6 fw-col-md-3 fw-col-lg-3 uppercase light \">\n\t\t\t\t\t\t\t<div class=\"icon spa-icons-yoga\"><\/div>\n\t\t\t\t\t\t<span><\/span>\n\t\t\t<div class=\"number animateNumber\" data-num=\"112\">0<\/div>\n\t\t\t<h4>procedures done<\/h4>\n\t\t<\/div>\n\t\t<!-- END Icon box style 2 -->\n\t\t\t<!-- Icon box style 2 -->\n\t\t<div class=\"icon-box2-item fw-col-xs-6 fw-col-sm-6 fw-col-md-3 fw-col-lg-3 uppercase light \">\n\t\t\t\t\t\t\t<div class=\"icon spa-icons-leaf\"><\/div>\n\t\t\t\t\t\t<span><\/span>\n\t\t\t<div class=\"number animateNumber\" data-num=\"213\">0<\/div>\n\t\t\t<h4>ORGANIC TREATMENTs<\/h4>\n\t\t<\/div>\n\t\t<!-- END Icon box style 2 -->\n\t<\/div>\n<\/div>\n\n\t<\/div>\n<\/section><section class=\"fw-main-row \"  style=\"background-image:url(http:\/\/healthtourismcenterturkey.com\/wp-content\/uploads\/2017\/07\/spa-bg2.jpg);padding-top:35px;padding-bottom:55px;\" >\n\t<div class=\"fw-container dark-bg\">\n\t\t<div class=\"fw-row\">\n\t\n<div class=\"fw-col-xs-12\" style=\"\">\n\t<h2 class='fw-special-title heading-decor tac' style='margin-bottom:35px;'>\n\t<span>Book An Appointment Today!<\/span>\n\t<\/h2>\n<div class=\"w-form\">\n<div class=\"wpcf7 no-js\" id=\"wpcf7-f377-o1\" lang=\"ru-RU\" dir=\"ltr\">\n<div class=\"screen-reader-response\"><p role=\"status\" aria-live=\"polite\" aria-atomic=\"true\"><\/p> <ul><\/ul><\/div>\n<form action=\"\/tr_tr\/wp-json\/wp\/v2\/pages\/567#wpcf7-f377-o1\" method=\"post\" class=\"wpcf7-form init\" aria-label=\"\u041a\u043e\u043d\u0442\u0430\u043a\u0442\u043d\u0430\u044f \u0444\u043e\u0440\u043c\u0430\" novalidate=\"novalidate\" data-status=\"init\">\n<div style=\"display: none;\">\n<input type=\"hidden\" name=\"_wpcf7\" value=\"377\" \/>\n<input type=\"hidden\" name=\"_wpcf7_version\" value=\"5.7.6\" \/>\n<input type=\"hidden\" name=\"_wpcf7_locale\" value=\"ru_RU\" \/>\n<input type=\"hidden\" name=\"_wpcf7_unit_tag\" value=\"wpcf7-f377-o1\" \/>\n<input type=\"hidden\" name=\"_wpcf7_container_post\" value=\"0\" \/>\n<input type=\"hidden\" name=\"_wpcf7_posted_data_hash\" value=\"\" \/>\n<\/div>\n<div class=\"fw-col-sm-6 fw-col-md-3\">\n\t<p><span class=\"wpcf7-form-control-wrap\" data-name=\"name\"><input size=\"40\" class=\"wpcf7-form-control wpcf7-text wpcf7-validates-as-required style1\" aria-required=\"true\" aria-invalid=\"false\" placeholder=\"Ad\u0131n\u0131z Soyad\u0131n\u0131z *\" value=\"\" type=\"text\" name=\"name\" \/><\/span>\n\t<\/p>\n<\/div>\n<div class=\"fw-col-sm-6 fw-col-md-3\">\n\t<p><span class=\"wpcf7-form-control-wrap\" data-name=\"phone\"><input size=\"40\" class=\"wpcf7-form-control wpcf7-text wpcf7-validates-as-required style1\" aria-required=\"true\" aria-invalid=\"false\" placeholder=\"Telefon Numaran\u0131z *\" value=\"\" type=\"text\" name=\"phone\" \/><\/span>\n\t<\/p>\n<\/div>\n<div class=\"fw-col-sm-6 fw-col-md-6\">\n\t<p><span class=\"wpcf7-form-control-wrap\" data-name=\"email\"><input size=\"40\" class=\"wpcf7-form-control wpcf7-text wpcf7-validates-as-required style1\" aria-required=\"true\" aria-invalid=\"false\" placeholder=\"E-mail adresiniz *\" value=\"\" type=\"text\" name=\"email\" \/><\/span>\n\t<\/p>\n<\/div>\n<div class=\"fw-col-md-12\">\n\t<p><span class=\"wpcf7-form-control-wrap\" data-name=\"text\"><textarea cols=\"40\" rows=\"10\" class=\"wpcf7-form-control wpcf7-textarea style1\" aria-invalid=\"false\" placeholder=\"Sorular\u0131n\u0131z\u0131 veya \u015eikayetlerinizi g\u00f6nderin  *\" name=\"text\"><\/textarea><\/span>\n\t<\/p>\n\t<div class=\"tac\">\n\t\t<p><input class=\"wpcf7-form-control has-spinner wpcf7-submit button-style1\" type=\"submit\" value=\"G\u00f6nder\" \/>\n\t\t<\/p>\n\t<\/div>\n<\/div><p style=\"display: none !important;\" class=\"akismet-fields-container\" data-prefix=\"_wpcf7_ak_\"><label>&#916;<textarea name=\"_wpcf7_ak_hp_textarea\" cols=\"45\" rows=\"8\" maxlength=\"100\"><\/textarea><\/label><input type=\"hidden\" id=\"ak_js_1\" name=\"_wpcf7_ak_js\" value=\"174\"\/><script>document.getElementById( \"ak_js_1\" ).setAttribute( \"value\", ( new Date() ).getTime() );<\/script><\/p><div class=\"wpcf7-response-output\" aria-hidden=\"true\"><\/div>\n<\/form>\n<\/div>\n<\/div>\n<\/div>\n<\/div>\n\n\t<\/div>\n<\/section><section class=\"fw-main-row \"  style=\"padding-top:60px;padding-bottom:65px;\" >\n\t<div class=\"fw-container\">\n\t\t<div class=\"fw-row\">\n\t\n<div class=\"fw-col-xs-12\" style=\"\">\n\t<h2 class='fw-special-title heading-decor tac' style=''>\n\t<span>Our Clients Testimonials<\/span>\n\t<\/h2>     \t\n<!-- Testimonials slider -->\n<div class=\"testimonials-slider testimonials-slider-69f70a0d562bd\">\n\t\t\t\t\t\t<!-- Testimonials item -->\n\t\t\t<div class=\"testimonials-item-s2\">\n\t\t\t\t<div class=\"text\">\n\t\t\t\t\t\t\t\t\t\t\t<div class=\"image\">\n\t\t\t\t\t\t\t<div style=\"background-image: url(\/\/healthtourismcenterturkey.com\/wp-content\/uploads\/2017\/07\/spa-rew1.jpg)\"><\/div>\n\t\t\t\t\t\t<\/div>\n\t\t\t\t\t\t\t\t\t\t<div class=\"blockquote\">Casaesaert viasead setertya aseteciega nveritide nerafae kertyeritaesa ertyatya aplicaboserde miuas oditaut. onequuntures dolores eonemo eniptai volupta equi nesciunt ades. Nernatur aut qui ratione quisquam estneque porro.<\/div>\n\t\t\t\t<\/div>\n\t\t\t\t<div class=\"bottom\">\n\t\t\t\t\t<div class=\"h4\">Elizabeth Hurley<\/div>\n\t\t\t\t\t\t\t\t\t\t\t<span>doctor-nutritionist<\/span>\n\t\t\t\t\t\t\t\t\t<\/div>\n\t\t\t<\/div>\n\t\t\t<!-- END Testimonials item -->\n\t\t\t\t\t\t\t\t<!-- Testimonials item -->\n\t\t\t<div class=\"testimonials-item-s2\">\n\t\t\t\t<div class=\"text\">\n\t\t\t\t\t\t\t\t\t\t\t<div class=\"image\">\n\t\t\t\t\t\t\t<div style=\"background-image: url(\/\/healthtourismcenterturkey.com\/wp-content\/uploads\/2017\/07\/spa-rew2.jpg)\"><\/div>\n\t\t\t\t\t\t<\/div>\n\t\t\t\t\t\t\t\t\t\t<div class=\"blockquote\">Casaesaert viasead setertya aseteciega nveritide nerafae kertyeritaesa ertyatya aplicaboserde miuas oditaut. onequuntures dolores eonemo eniptai volupta equi nesciunt ades. Nernatur aut qui ratione quisquam estneque porro.<\/div>\n\t\t\t\t<\/div>\n\t\t\t\t<div class=\"bottom\">\n\t\t\t\t\t<div class=\"h4\">Rickie Thompson<\/div>\n\t\t\t\t\t\t\t\t\t\t\t<span>designer<\/span>\n\t\t\t\t\t\t\t\t\t<\/div>\n\t\t\t<\/div>\n\t\t\t<!-- END Testimonials item -->\n\t\t\t\t\t\t\t\t<!-- Testimonials item -->\n\t\t\t<div class=\"testimonials-item-s2\">\n\t\t\t\t<div class=\"text\">\n\t\t\t\t\t\t\t\t\t\t\t<div class=\"image\">\n\t\t\t\t\t\t\t<div style=\"background-image: url(\/\/healthtourismcenterturkey.com\/wp-content\/uploads\/2017\/03\/yoga_people.jpg)\"><\/div>\n\t\t\t\t\t\t<\/div>\n\t\t\t\t\t\t\t\t\t\t<div class=\"blockquote\">Casaesaert viasead setertya aseteciega nveritide nerafae kertyeritaesa ertyatya aplicaboserde miuas oditaut. onequuntures dolores eonemo eniptai volupta equi nesciunt ades. Nernatur aut qui ratione quisquam estneque porro.<\/div>\n\t\t\t\t<\/div>\n\t\t\t\t<div class=\"bottom\">\n\t\t\t\t\t<div class=\"h4\">Agnia Barto<\/div>\n\t\t\t\t\t\t\t\t\t\t\t<span>designer<\/span>\n\t\t\t\t\t\t\t\t\t<\/div>\n\t\t\t<\/div>\n\t\t\t<!-- END Testimonials item -->\n\t\t\t<\/div>\n<!-- END Testimonials slider --><\/div>\n<\/div>\n\n\t<\/div>\n<\/section><section class=\"fw-main-row \"  style=\"background-image:url(http:\/\/healthtourismcenterturkey.com\/wp-content\/uploads\/2017\/07\/spa-bg3.jpg);padding-top:40px;padding-bottom:50px;\" >\n\t<div class=\"fw-container dark-bg\">\n\t\t<div class=\"fw-row\">\n\t\n<div class=\"fw-col-xs-12\" style=\"\">\n\t<h2 class='fw-special-title heading-decor tac' style='margin-bottom:40px;'>\n\t<span>Week Classes<\/span>\n\t<\/h2>\n<div class=\"fw-row seven-cols pt20 pb40\">\n\t<div class=\"fw-col-xs-6 fw-col-sm-14 day-item style1 closed\">\n\t\t<div class=\"circle\">\n\t\t\t<div class=\"cell\">sun<\/div>\n\t\t<\/div>\n\t\t<p>Closed<\/p>\n\t<\/div>\n\t<div class=\"fw-col-xs-6 fw-col-sm-14 day-item style2 \">\n\t\t<div class=\"circle\">\n\t\t\t<div class=\"cell\">mon<\/div>\n\t\t<\/div>\n\t\t<p>09:00 AM - 18:00 PM<\/p>\n\t<\/div>\n\t<div class=\"fw-col-xs-6 fw-col-sm-14 day-item style3 \">\n\t\t<div class=\"circle\">\n\t\t\t<div class=\"cell\">tue<\/div>\n\t\t<\/div>\n\t\t<p>09:00 AM - 18:00 PM<\/p>\n\t<\/div>\n\t<div class=\"fw-col-xs-6 fw-col-sm-14 day-item style4 \">\n\t\t<div class=\"circle\">\n\t\t\t<div class=\"cell\">wed<\/div>\n\t\t<\/div>\n\t\t<p>09:00 AM - 18:00 PM<\/p>\n\t<\/div>\n\t<div class=\"fw-col-xs-6 fw-col-sm-14 day-item style5 \">\n\t\t<div class=\"circle\">\n\t\t\t<div class=\"cell\">thu<\/div>\n\t\t<\/div>\n\t\t<p>09:00 AM - 18:00 PM<\/p>\n\t<\/div>\n\t<div class=\"fw-col-xs-6 fw-col-sm-14 day-item style6 \">\n\t\t<div class=\"circle\">\n\t\t\t<div class=\"cell\">fri<\/div>\n\t\t<\/div>\n\t\t<p>09:00 AM - 18:00 PM<\/p>\n\t<\/div>\n\t<div class=\"fw-col-xs-6 fw-col-sm-14 day-item style7 closed\">\n\t\t<div class=\"circle\">\n\t\t\t<div class=\"cell\">sat<\/div>\n\t\t<\/div>\n\t\t<p>Closed<\/p>\n\t<\/div>\n<\/div><\/div>\n<\/div>\n\n\t<\/div>\n<\/section><\/p>\n","protected":false},"excerpt":{"rendered":"<p>Helping YouStay Beauty One Check Out Our Services! CHECK OUT more info Major Services massages relaxation therapies Why Choose Our Spa Salon Organic Treatment Lorem Ipsum is simply dummy text of the printing and typesetting industry. Lorem Ipsum has been. Aromatherapy Massage Lorem Ipsum is simply dummy text of the printing and typesetting industry. Lorem [&hellip;]<\/p>\n","protected":false},"author":1,"featured_media":0,"parent":0,"menu_order":0,"comment_status":"closed","ping_status":"closed","template":"page-landing.php","meta":{"footnotes":""},"class_list":["post-567","page","type-page","status-publish","hentry"],"acf":[],"_links":{"self":[{"href":"https:\/\/healthtourismcenterturkey.com\/tr_tr\/wp-json\/wp\/v2\/pages\/567"}],"collection":[{"href":"https:\/\/healthtourismcenterturkey.com\/tr_tr\/wp-json\/wp\/v2\/pages"}],"about":[{"href":"https:\/\/healthtourismcenterturkey.com\/tr_tr\/wp-json\/wp\/v2\/types\/page"}],"author":[{"embeddable":true,"href":"https:\/\/healthtourismcenterturkey.com\/tr_tr\/wp-json\/wp\/v2\/users\/1"}],"replies":[{"embeddable":true,"href":"https:\/\/healthtourismcenterturkey.com\/tr_tr\/wp-json\/wp\/v2\/comments?post=567"}],"version-history":[{"count":25,"href":"https:\/\/healthtourismcenterturkey.com\/tr_tr\/wp-json\/wp\/v2\/pages\/567\/revisions"}],"predecessor-version":[{"id":625,"href":"https:\/\/healthtourismcenterturkey.com\/tr_tr\/wp-json\/wp\/v2\/pages\/567\/revisions\/625"}],"wp:attachment":[{"href":"https:\/\/healthtourismcenterturkey.com\/tr_tr\/wp-json\/wp\/v2\/media?parent=567"}],"curies":[{"name":"wp","href":"https:\/\/api.w.org\/{rel}","templated":true}]}}