{"id":1431,"date":"2020-08-30T12:10:03","date_gmt":"2020-08-30T12:10:03","guid":{"rendered":"http:\/\/healthtourismcenterturkey.com\/?page_id=1431"},"modified":"2022-03-24T18:57:25","modified_gmt":"2022-03-24T18:57:25","slug":"goz-muayenesi-nasil-yapilir","status":"publish","type":"page","link":"https:\/\/healthtourismcenterturkey.com\/tr_tr\/goz-ameliyatlari\/goz-tetkikleri\/goz-muayenesi-nasil-yapilir\/","title":{"rendered":"G\u00f6z Muayenesi Nas\u0131l Yap\u0131l\u0131r"},"content":{"rendered":"<div class=\"row pt-80\">\n<div class=\"col-12 col-lg-6\">\n<h2 class=\"font__family-montserrat font__size-28 line__height-32 text-uppercase mb-35\"><\/h2>\n<p class=\"brk-dark-font-color font__size-16 font__weight-normal line__height-26 mb-10\"><span style=\"font-size: 14pt;\">Temel g\u00f6z muayenesi, koruyucu g\u00f6z sa\u011fl\u0131\u011f\u0131 a\u00e7\u0131s\u0131ndan ve hastal\u0131klar\u0131n tan\u0131s\u0131 amac\u0131 ile, g\u00f6zlerimizin her ikisinin de hem fonksiyonel (i\u015flevsel) hemde anatomik olarak de\u011ferlendirilmesi amac\u0131 ile ger\u00e7ekle\u015ftirilmektedir. G\u00f6zlerin fonksiyonel (i\u015flevsel) olarak de\u011ferlendirilmesi, g\u00f6rme ve g\u00f6rme ile ilgili olmayan g\u00f6z hareketleri ve g\u00f6z hizalanmalar\u0131 vb. s\u00fcre\u00e7leri i\u00e7ermektedir.<\/span><\/p>\n<h1 class=\"brk-dark-font-color font__size-16 font__weight-normal line__height-26\"><span class=\"font__weight-light\">TEMEL G\u00d6Z MUAYENES\u0130 NASIL YAPILIR?<\/span><\/h1>\n<p class=\"brk-dark-font-color font__size-16 font__weight-normal line__height-26 mb-10\"><span style=\"font-size: 14pt;\">Temel g\u00f6z muayenesi fiziksel muayene, refraksiyon, merkezi ve periferik g\u00f6rmenin test edilmesi, g\u00f6z bebeklerinin incelenmesi, g\u00f6zlerin hizalanmas\u0131 ve hareketlerini \u00f6l\u00e7\u00fcmlenmesi olan okuler motilite kontrol\u00fc, biyomikroskobik inceleme, tonometri ve g\u00f6z \u00e7evresi (g\u00f6z d\u0131\u015f\u0131) incelenmesinden olu\u015fmaktad\u0131r.<\/span><\/p>\n<p class=\"brk-dark-font-color font__size-16 font__weight-normal line__height-26 mb-10\"><span style=\"font-size: 14pt;\">Hastalar g\u00f6zleriyle ile ilgili belirttikleri esas \u015fikayetin bir par\u00e7as\u0131 olarak ifade etmeseler bile, yukar\u0131da belirtilen<\/span><\/p>\n<p class=\"brk-dark-font-color font__size-16 font__weight-normal line__height-26 mb-10\"><span style=\"font-size: 14pt;\">uygulamalar\u0131n yan\u0131 s\u0131ra temel g\u00f6z muayenesinde vital (ya\u015famsal) bulgular da de\u011ferlendirilmektedir. \u0130yi bir g\u00f6rme, n\u00f6rolojik (sinirsel) g\u00f6rme a\u011f\u0131n\u0131n b\u00fct\u00fcnl\u00fc\u011f\u00fc ile yap\u0131sal olarak sa\u011fl\u0131kl\u0131 bir g\u00f6z ile g\u00f6z\u00fcn uygun ve do\u011fru odaklamas\u0131n\u0131n t\u00fcm\u00fcyle ilgilidir. Bu kavram\u0131, \u00f6rnek olarak elimize ald\u0131\u011f\u0131m\u0131z bir video kameran\u0131n, televizyona ya da projeksiyona ba\u011fl\u0131 kablo ba\u011flant\u0131s\u0131, mekanik olarak sa\u011flam bir kamera g\u00f6vdesi ve uygun odak ayar\u0131na ihtiya\u00e7 duymas\u0131na benzetebiliriz.<\/span><\/p>\n<\/div>\n<div class=\"col-12 col-lg-6\"><img loading=\"lazy\" decoding=\"async\" class=\"alignnone size-full wp-image-2192\" src=\"https:\/\/healthtourismcenterturkey.com\/wp-content\/uploads\/2022\/03\/timthumb.png\" alt=\"\" width=\"720\" height=\"300\" srcset=\"https:\/\/healthtourismcenterturkey.com\/wp-content\/uploads\/2022\/03\/timthumb.png 720w, https:\/\/healthtourismcenterturkey.com\/wp-content\/uploads\/2022\/03\/timthumb-300x125.png 300w\" sizes=\"(max-width: 720px) 100vw, 720px\" \/><\/div>\n<\/div>\n<div class=\"overflow-hid position-static position-lg-relative pb-100\">\n<h1 class=\"brk-dark-font-color font__size-16 font__weight-normal line__height-26\"><span class=\"font__weight-light\">KIRMA KUSURLARI A\u00c7ISINDAN TEMEL OFTALMOLOJ\u0130K MUAYENE<\/span><\/h1>\n<p class=\"brk-dark-font-color font__size-16 font__weight-normal line__height-26 mb-10\"><span style=\"font-size: 14pt;\">G\u00f6z\u00fcn d\u00fczeltme i\u015flemi yap\u0131lmadan (tashihsiz) uzak odak noktas\u0131, normal bireylerde g\u00f6z yuvarla\u011f\u0131 ve kornean\u0131n anatomik \u015fekline ba\u011fl\u0131 olarak de\u011fi\u015fir. Emetrop olarak ifade edilen g\u00f6z, uzak g\u00f6r\u00fc\u015f i\u00e7in do\u011fal olarak en uygun oda\u011f\u0131 ifade etmektedir. Ancak Miyop, hipermetrop ve astigmat gibi k\u0131r\u0131lma kusurlar\u0131na ba\u011fl\u0131 olarak ifade edilen ametropluk durumunda ise g\u00f6z, uzak i\u00e7in uygun odakta olabilmek i\u00e7in d\u00fczeltici lensler ya da uygulamalara ihtiya\u00e7 duymaktad\u0131r. Ametrop olan g\u00f6zler i\u00e7in bu duruma latincede refraktif kusur olan k\u0131rma kusuru ad\u0131 verilmektedir.<\/span><\/p>\n<p class=\"brk-dark-font-color font__size-16 font__weight-normal line__height-26 mb-10\"><span style=\"font-size: 14pt;\">Refraksiyon ise herhangi bir k\u0131rma kusurunun karakterize edilmesi (hangi k\u0131rma kusurunun varl\u0131\u011f\u0131n\u0131n oldu\u011fu) ve k\u0131rma kusurunun derecesinin \u00f6l\u00e7\u00fcmlenmesine verilen isimdir. Burada temel g\u00f6z muayenesinde hastan\u0131n varsa bulan\u0131k g\u00f6rme vb. \u015fikayetlerinin k\u0131rma kusurlar\u0131ndan m\u0131 yoksa g\u00f6rme sisteminin t\u0131bbi anomaliliklerinden mi kaynakland\u0131\u011f\u0131n\u0131 \u00f6\u011frenebilmek i\u00e7in Refraksiyon uygulanmakad\u0131r. Refraksiyonun g\u00f6zl\u00fck, kontakt lens veya lazer uygulamalar\u0131 vb. tedavi edici \u00f6zelliklerinin yan\u0131 s\u0131ra, tan\u0131 yani hastal\u0131\u011f\u0131n ad\u0131n\u0131 koyma ama\u00e7l\u0131 bir i\u015flevi de vard\u0131r.<\/span><\/p>\n<p class=\"brk-dark-font-color font__size-16 font__weight-normal line__height-26 mb-10\"><span style=\"font-size: 14pt;\">Refraksiyon Foropter ad\u0131 verilen bir cihaz ile \u00f6l\u00e7\u00fcmlenebilmektedir. Bu cihaz, kolayca ileri-geri de\u011fi\u015ftirilebilecek \u015fekilde, d\u00fczeltici lens g\u00fc\u00e7lerinin tamam\u0131n\u0131 i\u00e7ermektedir ve hastan\u0131n hedef noktaya veya nesneye (e\u015fele) bakarken \u00e7e\u015fitli lens kombinasyonlar\u0131 ile hastan\u0131n yorumlar\u0131na ba\u011fl\u0131 olarak k\u0131rma kusurunun (subjektif) kar\u015f\u0131la\u015ft\u0131r\u0131lmas\u0131n\u0131 ve de\u011ferlendirilmesini sa\u011flar.<\/span><\/p>\n<h1 class=\"brk-dark-font-color font__size-16 font__weight-normal line__height-26\"><span class=\"font__weight-light\">G\u00d6RMEN\u0130N TEST ED\u0130LMES\u0130<\/span><\/h1>\n<p class=\"brk-dark-font-color font__size-16 font__weight-normal line__height-26 mb-10\"><span style=\"font-size: 14pt;\">K\u0131rma kusurlar\u0131 a\u00e7\u0131s\u0131ndan temel oftalmolojik muayenenin de\u011ferlendirilmesi ba\u015fl\u0131\u011f\u0131n\u0131n devam\u0131nda temel g\u00f6z muayenesinin bir par\u00e7as\u0131 olan merkezi ve periferik g\u00f6rmenin incelenmesi konusunu okumak i\u00e7in bir sonraki yaz\u0131m\u0131z olan G\u00f6rmenin test edilmesi payla\u015f\u0131m\u0131m\u0131z\u0131 okuyabilirsiniz.<\/span><\/p>\n<\/div>\n","protected":false},"excerpt":{"rendered":"<p>Temel g\u00f6z muayenesi, koruyucu g\u00f6z sa\u011fl\u0131\u011f\u0131 a\u00e7\u0131s\u0131ndan ve hastal\u0131klar\u0131n tan\u0131s\u0131 amac\u0131 ile, g\u00f6zlerimizin her ikisinin de hem fonksiyonel (i\u015flevsel) hemde anatomik olarak de\u011ferlendirilmesi amac\u0131 ile ger\u00e7ekle\u015ftirilmektedir. G\u00f6zlerin fonksiyonel (i\u015flevsel) olarak de\u011ferlendirilmesi, g\u00f6rme ve g\u00f6rme ile ilgili olmayan g\u00f6z hareketleri ve g\u00f6z hizalanmalar\u0131 vb. s\u00fcre\u00e7leri i\u00e7ermektedir. TEMEL G\u00d6Z MUAYENES\u0130 NASIL YAPILIR? Temel g\u00f6z muayenesi fiziksel muayene, [&hellip;]<\/p>\n","protected":false},"author":2,"featured_media":0,"parent":1299,"menu_order":0,"comment_status":"closed","ping_status":"closed","template":"","meta":{"footnotes":""},"class_list":["post-1431","page","type-page","status-publish","hentry"],"acf":[],"_links":{"self":[{"href":"https:\/\/healthtourismcenterturkey.com\/tr_tr\/wp-json\/wp\/v2\/pages\/1431"}],"collection":[{"href":"https:\/\/healthtourismcenterturkey.com\/tr_tr\/wp-json\/wp\/v2\/pages"}],"about":[{"href":"https:\/\/healthtourismcenterturkey.com\/tr_tr\/wp-json\/wp\/v2\/types\/page"}],"author":[{"embeddable":true,"href":"https:\/\/healthtourismcenterturkey.com\/tr_tr\/wp-json\/wp\/v2\/users\/2"}],"replies":[{"embeddable":true,"href":"https:\/\/healthtourismcenterturkey.com\/tr_tr\/wp-json\/wp\/v2\/comments?post=1431"}],"version-history":[{"count":5,"href":"https:\/\/healthtourismcenterturkey.com\/tr_tr\/wp-json\/wp\/v2\/pages\/1431\/revisions"}],"predecessor-version":[{"id":2193,"href":"https:\/\/healthtourismcenterturkey.com\/tr_tr\/wp-json\/wp\/v2\/pages\/1431\/revisions\/2193"}],"up":[{"embeddable":true,"href":"https:\/\/healthtourismcenterturkey.com\/tr_tr\/wp-json\/wp\/v2\/pages\/1299"}],"wp:attachment":[{"href":"https:\/\/healthtourismcenterturkey.com\/tr_tr\/wp-json\/wp\/v2\/media?parent=1431"}],"curies":[{"name":"wp","href":"https:\/\/api.w.org\/{rel}","templated":true}]}}