{"id":1427,"date":"2020-08-30T12:08:57","date_gmt":"2020-08-30T12:08:57","guid":{"rendered":"http:\/\/healthtourismcenterturkey.com\/?page_id=1427"},"modified":"2020-11-25T20:17:25","modified_gmt":"2020-11-25T20:17:25","slug":"iol-master","status":"publish","type":"page","link":"https:\/\/healthtourismcenterturkey.com\/tr_tr\/goz-ameliyatlari\/goz-tetkikleri\/iol-master\/","title":{"rendered":"IOL MASTER"},"content":{"rendered":"<div class=\"col-12 col-lg-6\">\n<h2 class=\"font__family-montserrat font__size-28 line__height-32 text-uppercase mb-35\"><span class=\"font__weight-light\">IOL MASTER (OPT\u0130K B\u0130OMETR\u0130)<\/span><\/h2>\n<p class=\"brk-dark-font-color font__size-16 font__weight-normal line__height-26 mb-10\"><span style=\"font-size: 14pt;\">Katarakt ameliyatlar\u0131nda saydaml\u0131\u011f\u0131n\u0131 yitirmi\u015f do\u011fal mercek \u00e7\u0131kar\u0131larak yerine yapay bir mercek yerle\u015ftirilir. IOL Master , bu yapay g\u00f6z i\u00e7i merce\u011finin g\u00fcc\u00fcn\u00fc (derecesini, numaras\u0131n\u0131) hesaplamak i\u00e7in kullan\u0131lan bir teknolojidir. \u00c7o\u00e7ukluk \u00e7a\u011f\u0131 miyopisinin takibinde de kullan\u0131l\u0131r.<\/span><\/p>\n<\/div>\n<div class=\"col-12 col-lg-6\"><img loading=\"lazy\" decoding=\"async\" class=\"alignnone size-full wp-image-1605\" src=\"http:\/\/healthtourismcenterturkey.com\/wp-content\/uploads\/2020\/09\/585x678_2-7-2.jpg\" alt=\"\" width=\"585\" height=\"678\" srcset=\"https:\/\/healthtourismcenterturkey.com\/wp-content\/uploads\/2020\/09\/585x678_2-7-2.jpg 585w, https:\/\/healthtourismcenterturkey.com\/wp-content\/uploads\/2020\/09\/585x678_2-7-2-259x300.jpg 259w\" sizes=\"(max-width: 585px) 100vw, 585px\" \/><\/div>\n","protected":false},"excerpt":{"rendered":"<p>IOL MASTER (OPT\u0130K B\u0130OMETR\u0130) Katarakt ameliyatlar\u0131nda saydaml\u0131\u011f\u0131n\u0131 yitirmi\u015f do\u011fal mercek \u00e7\u0131kar\u0131larak yerine yapay bir mercek yerle\u015ftirilir. IOL Master , bu yapay g\u00f6z i\u00e7i merce\u011finin g\u00fcc\u00fcn\u00fc (derecesini, numaras\u0131n\u0131) hesaplamak i\u00e7in kullan\u0131lan bir teknolojidir. \u00c7o\u00e7ukluk \u00e7a\u011f\u0131 miyopisinin takibinde de kullan\u0131l\u0131r.<\/p>\n","protected":false},"author":2,"featured_media":0,"parent":1299,"menu_order":0,"comment_status":"closed","ping_status":"closed","template":"","meta":{"footnotes":""},"class_list":["post-1427","page","type-page","status-publish","hentry"],"acf":[],"_links":{"self":[{"href":"https:\/\/healthtourismcenterturkey.com\/tr_tr\/wp-json\/wp\/v2\/pages\/1427"}],"collection":[{"href":"https:\/\/healthtourismcenterturkey.com\/tr_tr\/wp-json\/wp\/v2\/pages"}],"about":[{"href":"https:\/\/healthtourismcenterturkey.com\/tr_tr\/wp-json\/wp\/v2\/types\/page"}],"author":[{"embeddable":true,"href":"https:\/\/healthtourismcenterturkey.com\/tr_tr\/wp-json\/wp\/v2\/users\/2"}],"replies":[{"embeddable":true,"href":"https:\/\/healthtourismcenterturkey.com\/tr_tr\/wp-json\/wp\/v2\/comments?post=1427"}],"version-history":[{"count":3,"href":"https:\/\/healthtourismcenterturkey.com\/tr_tr\/wp-json\/wp\/v2\/pages\/1427\/revisions"}],"predecessor-version":[{"id":2064,"href":"https:\/\/healthtourismcenterturkey.com\/tr_tr\/wp-json\/wp\/v2\/pages\/1427\/revisions\/2064"}],"up":[{"embeddable":true,"href":"https:\/\/healthtourismcenterturkey.com\/tr_tr\/wp-json\/wp\/v2\/pages\/1299"}],"wp:attachment":[{"href":"https:\/\/healthtourismcenterturkey.com\/tr_tr\/wp-json\/wp\/v2\/media?parent=1427"}],"curies":[{"name":"wp","href":"https:\/\/api.w.org\/{rel}","templated":true}]}}