{"id":1425,"date":"2020-08-30T12:08:39","date_gmt":"2020-08-30T12:08:39","guid":{"rendered":"http:\/\/healthtourismcenterturkey.com\/?page_id=1425"},"modified":"2020-11-25T20:16:56","modified_gmt":"2020-11-25T20:16:56","slug":"pakimetri","status":"publish","type":"page","link":"https:\/\/healthtourismcenterturkey.com\/tr_tr\/goz-ameliyatlari\/goz-tetkikleri\/pakimetri\/","title":{"rendered":"Pakimetri"},"content":{"rendered":"<div class=\"col-12 col-lg-6\">\n<h2 class=\"font__family-montserrat font__size-28 line__height-32 text-uppercase mb-35\"><\/h2>\n<p class=\"brk-dark-font-color font__size-16 font__weight-normal line__height-26 mb-10\"><span style=\"font-size: 14pt;\">G\u00f6z\u00fcn saydam tabakas\u0131 olan kornean\u0131n kal\u0131nl\u0131\u011f\u0131n\u0131n \u00f6l\u00e7\u00fclmesi i\u015flemidir. Glokom (g\u00f6z tansiyonu) tan\u0131s\u0131 ve Lazer cerrahisi \u00f6ncesi gereklidir. G\u00f6ze temas olmadan bilgisayar yaz\u0131l\u0131m\u0131 destekli cihaz ile k\u0131sa s\u00fcrede yap\u0131l\u0131r.<\/span><\/p>\n<\/div>\n<div class=\"col-12 col-lg-6\"><img loading=\"lazy\" decoding=\"async\" class=\"alignnone size-full wp-image-1603\" src=\"http:\/\/healthtourismcenterturkey.com\/wp-content\/uploads\/2020\/09\/585x678_2-8-1.jpg\" alt=\"\" width=\"585\" height=\"678\" srcset=\"https:\/\/healthtourismcenterturkey.com\/wp-content\/uploads\/2020\/09\/585x678_2-8-1.jpg 585w, https:\/\/healthtourismcenterturkey.com\/wp-content\/uploads\/2020\/09\/585x678_2-8-1-259x300.jpg 259w\" sizes=\"(max-width: 585px) 100vw, 585px\" \/><\/div>\n","protected":false},"excerpt":{"rendered":"<p>G\u00f6z\u00fcn saydam tabakas\u0131 olan kornean\u0131n kal\u0131nl\u0131\u011f\u0131n\u0131n \u00f6l\u00e7\u00fclmesi i\u015flemidir. Glokom (g\u00f6z tansiyonu) tan\u0131s\u0131 ve Lazer cerrahisi \u00f6ncesi gereklidir. G\u00f6ze temas olmadan bilgisayar yaz\u0131l\u0131m\u0131 destekli cihaz ile k\u0131sa s\u00fcrede yap\u0131l\u0131r.<\/p>\n","protected":false},"author":2,"featured_media":0,"parent":1299,"menu_order":0,"comment_status":"closed","ping_status":"closed","template":"","meta":{"footnotes":""},"class_list":["post-1425","page","type-page","status-publish","hentry"],"acf":[],"_links":{"self":[{"href":"https:\/\/healthtourismcenterturkey.com\/tr_tr\/wp-json\/wp\/v2\/pages\/1425"}],"collection":[{"href":"https:\/\/healthtourismcenterturkey.com\/tr_tr\/wp-json\/wp\/v2\/pages"}],"about":[{"href":"https:\/\/healthtourismcenterturkey.com\/tr_tr\/wp-json\/wp\/v2\/types\/page"}],"author":[{"embeddable":true,"href":"https:\/\/healthtourismcenterturkey.com\/tr_tr\/wp-json\/wp\/v2\/users\/2"}],"replies":[{"embeddable":true,"href":"https:\/\/healthtourismcenterturkey.com\/tr_tr\/wp-json\/wp\/v2\/comments?post=1425"}],"version-history":[{"count":3,"href":"https:\/\/healthtourismcenterturkey.com\/tr_tr\/wp-json\/wp\/v2\/pages\/1425\/revisions"}],"predecessor-version":[{"id":2063,"href":"https:\/\/healthtourismcenterturkey.com\/tr_tr\/wp-json\/wp\/v2\/pages\/1425\/revisions\/2063"}],"up":[{"embeddable":true,"href":"https:\/\/healthtourismcenterturkey.com\/tr_tr\/wp-json\/wp\/v2\/pages\/1299"}],"wp:attachment":[{"href":"https:\/\/healthtourismcenterturkey.com\/tr_tr\/wp-json\/wp\/v2\/media?parent=1425"}],"curies":[{"name":"wp","href":"https:\/\/api.w.org\/{rel}","templated":true}]}}