{"id":1411,"date":"2020-08-30T12:04:44","date_gmt":"2020-08-30T12:04:44","guid":{"rendered":"http:\/\/healthtourismcenterturkey.com\/?page_id=1411"},"modified":"2022-03-24T18:15:27","modified_gmt":"2022-03-24T18:15:27","slug":"goz-kapagi-estetigi","status":"publish","type":"page","link":"https:\/\/healthtourismcenterturkey.com\/tr_tr\/goz-ameliyatlari\/goz-cevresi-estetigi\/goz-kapagi-estetigi\/","title":{"rendered":"G\u00f6z Kapa\u011f\u0131 Esteti\u011fi"},"content":{"rendered":"<h1 class=\"vc_custom_heading font-weight-bold letter-spacing-1 vc_custom_1545671933691\">G\u00f6z Kapa\u011f\u0131 Esteti\u011fi Nedir?<\/h1>\n<p class=\"vc_custom_heading vc_custom_1545671918843\"><span style=\"font-size: 14pt;\">Kimi insanlar do\u011fu\u015ftan, kimi insanlar ise sonradan olmak kayd\u0131 ile g\u00f6z kapaklar\u0131na dair \u00e7e\u015fitli s\u0131k\u0131nt\u0131lara sahip olabilirler. En \u00e7ok g\u00f6r\u00fclen ve yayg\u0131n \u015fekilde de fark edilebilen rahats\u0131zl\u0131klar aras\u0131nda ise bir g\u00f6z kapa\u011f\u0131n\u0131n di\u011ferinden daha az ya da daha \u00e7ok a\u00e7\u0131lmas\u0131 say\u0131labilir. Ya da her iki g\u00f6z kapa\u011f\u0131n\u0131n da problemli oldu\u011fu varsay\u0131m olarak kabul edilebilir. B\u00fct\u00fcn bunlara estetik uygulamalar yaparak \u00e7areler bulunabilir. \u00d6zellikle de g\u00f6z kapa\u011f\u0131 estetik uygulamalar\u0131 ile en iyi sonu\u00e7lar\u0131 en k\u0131sa s\u00fcrede elde etmek m\u00fcmk\u00fcn olur.<\/span><\/p>\n<div class=\"wpb_single_image wpb_content_element vc_align_left vc_custom_1545672052281\">\n<figure class=\"wpb_wrapper vc_figure\">\n<div class=\"vc_single_image-wrapper vc_box_border_grey\"><\/div>\n<\/figure>\n<\/div>\n<p class=\"vc_custom_heading vc_custom_1545672064689\"><span style=\"font-size: 14pt;\">G\u00f6z kapa\u011f\u0131 estetik ameliyat\u0131n\u0131n ard\u0131ndan iki g\u00f6z kapa\u011f\u0131n\u0131n da e\u015fit boyda, e\u015fit hacimde ve e\u015fit yetenekte olmas\u0131 operasyonunun ba\u015far\u0131s\u0131n\u0131 g\u00f6steren \u00f6nemli bir g\u00f6stergedir. Hele ki g\u00f6z kapa\u011f\u0131na dair dikkat \u00e7eken bir yanl\u0131\u015fl\u0131k olmas\u0131 durumunda en hassas m\u00fcdahaleler ile g\u00fczel sonu\u00e7lar al\u0131nabilir.<\/span><\/p>\n<div class=\"rt-separator element-one\" data-separator-width=\"100%\" data-separator-color=\"#000000\" data-separator-background=\"#ffffff\" data-separator-direction=\"center\">\n<div class=\"block\">\n<div class=\"gap\"><\/div>\n<div class=\"bar\"><img loading=\"lazy\" decoding=\"async\" class=\"alignnone size-full wp-image-2151\" src=\"https:\/\/healthtourismcenterturkey.com\/wp-content\/uploads\/2022\/03\/gozkapag.jpg\" alt=\"\" width=\"900\" height=\"400\" srcset=\"https:\/\/healthtourismcenterturkey.com\/wp-content\/uploads\/2022\/03\/gozkapag.jpg 900w, https:\/\/healthtourismcenterturkey.com\/wp-content\/uploads\/2022\/03\/gozkapag-300x133.jpg 300w, https:\/\/healthtourismcenterturkey.com\/wp-content\/uploads\/2022\/03\/gozkapag-768x341.jpg 768w\" sizes=\"(max-width: 900px) 100vw, 900px\" \/><\/div>\n<\/div>\n<\/div>\n<p>&nbsp;<\/p>\n<h1 class=\"vc_custom_heading vc_custom_1545672258751\">G\u00f6z Kapa\u011f\u0131 Esteti\u011fi Ameliyat\u0131 Hangi Ya\u015f Aral\u0131\u011f\u0131 i\u00e7in Uygundur?<\/h1>\n<p class=\"vc_custom_heading vc_custom_1545672095991\"><span style=\"font-size: 14pt;\">G\u00f6r\u00fc\u015f alan\u0131na giren ve g\u00f6rmeyi zorla\u015ft\u0131ran sarkmalar, daha \u00e7ok ya\u015f ilerleyince mevcut olur. Elbette ki kimi durumlar \u00e7evresel etkenlerden ya da do\u011fu\u015ftan kendini g\u00f6sterirken, zaman i\u00e7inde kendili\u011finden olu\u015fan g\u00f6z kapa\u011f\u0131 sarkmalar\u0131 asl\u0131nda bu estetik ameliyat\u0131n ilerleyen ya\u015flarda daha s\u0131k yapt\u0131r\u0131labildi\u011fine de i\u015faret eder. En \u00e7ok da 35 ila 40 ya\u015flar\u0131n\u0131 ge\u00e7en kimselerin g\u00f6z kapa\u011f\u0131 estetik ameliyat\u0131 i\u00e7in ba\u015fvuruda bulunduklar\u0131 istatistiksel bir ger\u00e7ektir.<\/span><\/p>\n<div class=\"vc_row wpb_row vc_inner vc_row-fluid vc_custom_1545478509233\">\n<div class=\"wpb_column vc_column_container vc_col-sm-12 vc_col-has-fill\">\n<div class=\"vc_column-inner vc_custom_1545478117371\">\n<div class=\"wpb_wrapper\">\n<p>&nbsp;<\/p>\n<h1 class=\"vc_custom_heading vc_custom_1545672258751\">G\u00f6z Kapa\u011f\u0131 Esteti\u011fi Ameliyat\u0131na Dair \u00d6nemli Notlar<\/h1>\n<p class=\"vc_custom_heading vc_custom_1545672213914\"><span style=\"font-size: 14pt;\">\u00c7e\u015fitli unsurlar\u0131n g\u00f6z kapa\u011f\u0131 esteti\u011fi ameliyat\u0131 i\u00e7in \u00f6nem te\u015fkil etti\u011fi bilinirken, a\u015fa\u011f\u0131daki maddeler ise genel olarak bilinmesi gereken noktalar\u0131 g\u00f6sterir;<\/span><\/p>\n<p class=\"vc_custom_heading vc_custom_1545672227755\"><span style=\"font-size: 14pt;\">\u2022 Ameliyat s\u0131ras\u0131nda lokal anestezi uygulan\u0131r, yani ki\u015fi uyumaz ve bilinci a\u00e7\u0131kt\u0131r.<\/span><br \/>\n<span style=\"font-size: 14pt;\">\u2022 Her ne kadar lokal anestezi uygulansa da ki\u015fi hi\u00e7bir a\u011fr\u0131 hissetmez.<\/span><br \/>\n<span style=\"font-size: 14pt;\">\u2022 G\u00f6z kapa\u011f\u0131 esteti\u011fi ameliyat\u0131 daha \u00e7ok 2 saat kadarl\u0131k bir s\u00fcre i\u00e7inde ger\u00e7ekle\u015ftirilir.<\/span><br \/>\n<span style=\"font-size: 14pt;\">\u2022 Ameliyat s\u0131ras\u0131nda kullan\u0131labilmesi i\u00e7in a\u00e7\u0131lacak olan kesiler do\u011fal \u00e7izgiler \u00fczerinden a\u00e7\u0131l\u0131r.<\/span><br \/>\n<span style=\"font-size: 14pt;\">\u2022 Alt g\u00f6z kapa\u011f\u0131 i\u00e7in kesi a\u00e7\u0131lacak ise kirpiklerin hemen alt k\u0131sm\u0131ndan bu i\u015flem yap\u0131l\u0131r.<\/span><br \/>\n<span style=\"font-size: 14pt;\">\u2022 Ameliyat esnas\u0131nda f\u0131t\u0131kla\u015fan ya\u011f dokunun d\u00fczeltilmesi, fazlal\u0131k doku ve di\u011fer unsurlar\u0131n ise g\u00f6z kapa\u011f\u0131ndan \u00e7\u0131kar\u0131lmas\u0131 s\u00f6z konusudur.<\/span><br \/>\n<span style=\"font-size: 14pt;\">\u2022 Temel ama\u00e7 her ne kadar ya\u011f dokunun korunmas\u0131na y\u00f6nelik olsa da baz\u0131 hastalarda bu b\u00f6lgelerde a\u015f\u0131r\u0131 yorulma ve \u00e7ukurla\u015fma oldu\u011fu i\u00e7in bu dokular al\u0131nabilir.<\/span><\/p>\n<\/div>\n<\/div>\n<\/div>\n<\/div>\n<div class=\"rt-separator element-one\" data-separator-width=\"100%\" data-separator-color=\"#000000\" data-separator-background=\"#ffffff\" data-separator-direction=\"center\">\n<div class=\"block\">\n<h1 class=\"bar\"><\/h1>\n<\/div>\n<\/div>\n<p>&nbsp;<\/p>\n<h1 class=\"vc_custom_heading font-weight-semibold vc_custom_1545672401332\">G\u00f6z Kapa\u011f\u0131 Esteti\u011fi Sonras\u0131 D\u00f6nem<\/h1>\n<p class=\"vc_custom_heading vc_custom_1545672427116\"><span style=\"font-size: 14pt;\">Cerrahi bir m\u00fcdahale de oldu\u011fu i\u00e7in ilk olarak do\u011fru bir planlama, uygun bir tasar\u0131m ve genel s\u00fcre\u00e7 analizleri hastaya aktar\u0131lmal\u0131d\u0131r. Ard\u0131ndan ise g\u00f6z kapa\u011f\u0131 ve \u00e7evresine dair bulgular\u0131n tamam\u0131n\u0131n toplan\u0131p de\u011ferlendirilmesi ve i\u015flemlere ba\u015flanmas\u0131 gelir. Bu i\u015flemler cerrahi uygulamalar olmas\u0131ndan kaynakl\u0131 olarak zaman zaman ameliyat ara\u00e7lar\u0131 de\u011ferlendirilebilirken, g\u00f6z kapa\u011f\u0131n\u0131n arkalar\u0131na do\u011fru \u00e7ok ufak bir kesi olmas\u0131 da bak\u0131m\u0131n \u00f6nemine vurgu yapar.<\/span><\/p>\n<p class=\"vc_custom_heading vc_custom_1545672318701\"><span style=\"font-size: 14pt;\">Ameliyat\u0131n ard\u0131ndan ilk 2 g\u00fcn g\u00f6zlerin \u015fi\u015fmesi de son derece normaldir. Bu \u015fi\u015flikler 5. g\u00fcn sonunda olduk\u00e7a azal\u0131rken, 2 hafta i\u00e7inde t\u00fcm \u015fi\u015flikler ge\u00e7mi\u015f ve g\u00f6z \u00e7evreleri tamamen normale d\u00f6nm\u00fc\u015f olur. Morluklar da ayn\u0131 \u015fekilde azal\u0131r ve biter.<\/span><\/p>\n<p class=\"vc_custom_heading vc_custom_1545672332664\"><span style=\"font-size: 14pt;\">Ameliyat sonras\u0131nda hastanede yatmaya gerek yok iken, evde bak\u0131m yap\u0131larak ve dikkatli \u015fekilde davran\u0131larak iyile\u015fme s\u00fcreci y\u00f6nlendirilebilir.<\/span><\/p>\n<p class=\"vc_custom_heading vc_custom_1545672342217\"><span style=\"font-size: 14pt;\">Farkl\u0131 teknikler ile d\u00fcnyan\u0131n her yan\u0131nda uygulanan bu estetik ameliyat i\u00e7in \u015fimdi siz de harekete ge\u00e7ebilirsiniz.<\/span><\/p>\n<p>&nbsp;<\/p>\n","protected":false},"excerpt":{"rendered":"<p>G\u00f6z Kapa\u011f\u0131 Esteti\u011fi Nedir? Kimi insanlar do\u011fu\u015ftan, kimi insanlar ise sonradan olmak kayd\u0131 ile g\u00f6z kapaklar\u0131na dair \u00e7e\u015fitli s\u0131k\u0131nt\u0131lara sahip olabilirler. En \u00e7ok g\u00f6r\u00fclen ve yayg\u0131n \u015fekilde de fark edilebilen rahats\u0131zl\u0131klar aras\u0131nda ise bir g\u00f6z kapa\u011f\u0131n\u0131n di\u011ferinden daha az ya da daha \u00e7ok a\u00e7\u0131lmas\u0131 say\u0131labilir. Ya da her iki g\u00f6z kapa\u011f\u0131n\u0131n da problemli oldu\u011fu varsay\u0131m [&hellip;]<\/p>\n","protected":false},"author":2,"featured_media":0,"parent":1294,"menu_order":0,"comment_status":"closed","ping_status":"closed","template":"","meta":{"footnotes":""},"class_list":["post-1411","page","type-page","status-publish","hentry"],"acf":[],"_links":{"self":[{"href":"https:\/\/healthtourismcenterturkey.com\/tr_tr\/wp-json\/wp\/v2\/pages\/1411"}],"collection":[{"href":"https:\/\/healthtourismcenterturkey.com\/tr_tr\/wp-json\/wp\/v2\/pages"}],"about":[{"href":"https:\/\/healthtourismcenterturkey.com\/tr_tr\/wp-json\/wp\/v2\/types\/page"}],"author":[{"embeddable":true,"href":"https:\/\/healthtourismcenterturkey.com\/tr_tr\/wp-json\/wp\/v2\/users\/2"}],"replies":[{"embeddable":true,"href":"https:\/\/healthtourismcenterturkey.com\/tr_tr\/wp-json\/wp\/v2\/comments?post=1411"}],"version-history":[{"count":4,"href":"https:\/\/healthtourismcenterturkey.com\/tr_tr\/wp-json\/wp\/v2\/pages\/1411\/revisions"}],"predecessor-version":[{"id":2152,"href":"https:\/\/healthtourismcenterturkey.com\/tr_tr\/wp-json\/wp\/v2\/pages\/1411\/revisions\/2152"}],"up":[{"embeddable":true,"href":"https:\/\/healthtourismcenterturkey.com\/tr_tr\/wp-json\/wp\/v2\/pages\/1294"}],"wp:attachment":[{"href":"https:\/\/healthtourismcenterturkey.com\/tr_tr\/wp-json\/wp\/v2\/media?parent=1411"}],"curies":[{"name":"wp","href":"https:\/\/api.w.org\/{rel}","templated":true}]}}