{"id":1409,"date":"2020-08-30T12:04:21","date_gmt":"2020-08-30T12:04:21","guid":{"rendered":"http:\/\/healthtourismcenterturkey.com\/?page_id=1409"},"modified":"2020-11-25T19:47:35","modified_gmt":"2020-11-25T19:47:35","slug":"goz-cevresi-uygulamalari","status":"publish","type":"page","link":"https:\/\/healthtourismcenterturkey.com\/tr_tr\/goz-ameliyatlari\/goz-cevresi-estetigi\/goz-cevresi-uygulamalari\/","title":{"rendered":"G\u00f6z \u00c7evresi Uygulamalar\u0131"},"content":{"rendered":"<div class=\"row pt-80\">\n<div class=\"col-12 col-lg-6\">\n<p class=\"brk-dark-font-color font__size-16 font__weight-normal line__height-26 mb-10\"><span style=\"font-size: 14pt;\">G\u00f6zlerimiz kulland\u0131\u011f\u0131m\u0131z duyu organlar\u0131ndan g\u00f6rme i\u015flevi sebebi ile en \u00f6nemlilerinden bir tanesi. D\u00fcnyaya net bakabilmenin yan\u0131 s\u0131ra g\u00fczel bir g\u00f6z g\u00fczelli\u011fi de \u00f6nemli hususlardan. G\u00f6z g\u00fczelli\u011fi denildi\u011finde sadece g\u00f6z\u00fcn i\u00e7 k\u0131sm\u0131 de\u011fil, g\u00f6z\u00fcn kapaklar\u0131, \u00e7evre b\u00f6lgeleri, g\u00f6z\u00fcn d\u0131\u015f k\u0131sm\u0131n\u0131 da kapsamaktad\u0131r. \u00d6zellikle g\u00f6z \u00e7evresi ila\u00e7 uygulamalar\u0131 ile varolan \u00e7izgiler ve k\u0131r\u0131\u015f\u0131kl\u0131klardan b\u00fcy\u00fck oranda azalt\u0131lmakta ve ortamda g\u00f6r\u00fcnmeyecek \u00f6l\u00e7\u00fclere k\u00fc\u00e7\u00fclt\u00fclmektedir.<\/span><\/p>\n<h1 class=\"brk-dark-font-color font__size-16 font__weight-normal line__height-26\"><span class=\"font__weight-light\">G\u00d6Z \u00c7EVRES\u0130 ESTET\u0130K UYGULAMALARI G\u00d6Z UZMANI HEK\u0130MLERCE UYGULANMALIDIR<\/span><\/h1>\n<p class=\"brk-dark-font-color font__size-16 font__weight-normal line__height-26 mb-10\"><span style=\"font-size: 14pt;\">\u0130la\u00e7 asl\u0131nda anaerop (oksijensiz solunum) yapan bir bakterinin \u00fcretti\u011fi toksindir ve kaslardaki sinir iletimini kesmektedir. Doz ayar\u0131 yap\u0131lmad\u0131\u011f\u0131nda ki\u015filerin sa\u011fl\u0131k durumlar\u0131nda ciddi problemler yaratabilmektedir. Bu anlamda g\u00f6z\u00fcn anatomik, sinir ve damar sistemi yap\u0131s\u0131n\u0131 en iyi bilen hekimler olan G\u00f6z hekimleri G\u00f6z \u00e7evresi ila\u00e7 uygulamalar\u0131n\u0131 ger\u00e7ekle\u015ftirmelidirler. Do\u011fru dozda ve do\u011fru ellerle uygulanan ila\u00e7 g\u00f6z k\u0131r\u0131\u015f\u0131klar\u0131n\u0131n ortadan kald\u0131r\u0131lmas\u0131 ba\u015far\u0131y\u0131 sa\u011flamaktad\u0131r.<\/span><\/p>\n<h1 class=\"brk-dark-font-color font__size-16 font__weight-normal line__height-26\"><span class=\"font__weight-light\">G\u00d6Z \u00c7EVRES\u0130 ESTET\u0130K UYGULAMALARI \u0130LE G\u00dcZEL B\u0130R G\u00d6R\u00dcN\u00dcME SAH\u0130P OLUN<\/span><\/h1>\n<p class=\"brk-dark-font-color font__size-16 font__weight-normal line__height-26 mb-10\"><span style=\"font-size: 14pt;\">\u00d6zellikle g\u00f6z\u00fcn d\u0131\u015f k\u0131sm\u0131nda olu\u015fan kazaya\u011f\u0131 g\u00f6r\u00fcn\u00fcm\u00fcndeki k\u0131r\u0131\u015f\u0131kl\u0131k i\u00e7in \u0130la\u00e7 s\u0131kl\u0131kla kullan\u0131lmaktad\u0131r. Bu k\u0131r\u0131\u015f\u0131kl\u0131klar genellikle ya\u015fa ba\u011f\u0131ml\u0131 olarak mimik kullan\u0131m\u0131n\u0131n fazlal\u0131\u011f\u0131, g\u00f6z kaslar\u0131n\u0131n yo\u011fun bir \u015fekilde \u00e7al\u0131\u015fmas\u0131nda ya da herhangi bir travma durumundan kaynakl\u0131 olu\u015fabilmektedir. Estetik sayesinde g\u00f6z\u00fcn d\u0131\u015f k\u0131sm\u0131nda olu\u015fan bu k\u0131r\u0131\u015f\u0131kl\u0131k sorunu ortadan kald\u0131r\u0131labilmektedir.<\/span><\/p>\n<\/div>\n<\/div>\n<div class=\"col-12 col-lg-6\"><img loading=\"lazy\" decoding=\"async\" class=\"alignnone size-full wp-image-1597\" src=\"http:\/\/healthtourismcenterturkey.com\/wp-content\/uploads\/2020\/09\/585x678_2-5-1.jpg\" alt=\"\" width=\"585\" height=\"678\" srcset=\"https:\/\/healthtourismcenterturkey.com\/wp-content\/uploads\/2020\/09\/585x678_2-5-1.jpg 585w, https:\/\/healthtourismcenterturkey.com\/wp-content\/uploads\/2020\/09\/585x678_2-5-1-259x300.jpg 259w\" sizes=\"(max-width: 585px) 100vw, 585px\" \/><\/div>\n<div class=\"overflow-hid position-static position-lg-relative pb-100\">\n<p class=\"brk-dark-font-color font__size-16 font__weight-normal line__height-26 mb-10\">\n<\/div>\n","protected":false},"excerpt":{"rendered":"<p>G\u00f6zlerimiz kulland\u0131\u011f\u0131m\u0131z duyu organlar\u0131ndan g\u00f6rme i\u015flevi sebebi ile en \u00f6nemlilerinden bir tanesi. D\u00fcnyaya net bakabilmenin yan\u0131 s\u0131ra g\u00fczel bir g\u00f6z g\u00fczelli\u011fi de \u00f6nemli hususlardan. G\u00f6z g\u00fczelli\u011fi denildi\u011finde sadece g\u00f6z\u00fcn i\u00e7 k\u0131sm\u0131 de\u011fil, g\u00f6z\u00fcn kapaklar\u0131, \u00e7evre b\u00f6lgeleri, g\u00f6z\u00fcn d\u0131\u015f k\u0131sm\u0131n\u0131 da kapsamaktad\u0131r. \u00d6zellikle g\u00f6z \u00e7evresi ila\u00e7 uygulamalar\u0131 ile varolan \u00e7izgiler ve k\u0131r\u0131\u015f\u0131kl\u0131klardan b\u00fcy\u00fck oranda azalt\u0131lmakta ve [&hellip;]<\/p>\n","protected":false},"author":2,"featured_media":0,"parent":1294,"menu_order":0,"comment_status":"closed","ping_status":"closed","template":"","meta":{"footnotes":""},"class_list":["post-1409","page","type-page","status-publish","hentry"],"acf":[],"_links":{"self":[{"href":"https:\/\/healthtourismcenterturkey.com\/tr_tr\/wp-json\/wp\/v2\/pages\/1409"}],"collection":[{"href":"https:\/\/healthtourismcenterturkey.com\/tr_tr\/wp-json\/wp\/v2\/pages"}],"about":[{"href":"https:\/\/healthtourismcenterturkey.com\/tr_tr\/wp-json\/wp\/v2\/types\/page"}],"author":[{"embeddable":true,"href":"https:\/\/healthtourismcenterturkey.com\/tr_tr\/wp-json\/wp\/v2\/users\/2"}],"replies":[{"embeddable":true,"href":"https:\/\/healthtourismcenterturkey.com\/tr_tr\/wp-json\/wp\/v2\/comments?post=1409"}],"version-history":[{"count":4,"href":"https:\/\/healthtourismcenterturkey.com\/tr_tr\/wp-json\/wp\/v2\/pages\/1409\/revisions"}],"predecessor-version":[{"id":2051,"href":"https:\/\/healthtourismcenterturkey.com\/tr_tr\/wp-json\/wp\/v2\/pages\/1409\/revisions\/2051"}],"up":[{"embeddable":true,"href":"https:\/\/healthtourismcenterturkey.com\/tr_tr\/wp-json\/wp\/v2\/pages\/1294"}],"wp:attachment":[{"href":"https:\/\/healthtourismcenterturkey.com\/tr_tr\/wp-json\/wp\/v2\/media?parent=1409"}],"curies":[{"name":"wp","href":"https:\/\/api.w.org\/{rel}","templated":true}]}}