{"id":1405,"date":"2020-08-30T12:03:39","date_gmt":"2020-08-30T12:03:39","guid":{"rendered":"http:\/\/healthtourismcenterturkey.com\/?page_id=1405"},"modified":"2022-03-24T18:54:55","modified_gmt":"2022-03-24T18:54:55","slug":"ameliyatsiz-goz-cevresi-estetigi","status":"publish","type":"page","link":"https:\/\/healthtourismcenterturkey.com\/tr_tr\/goz-ameliyatlari\/goz-cevresi-estetigi\/ameliyatsiz-goz-cevresi-estetigi\/","title":{"rendered":"Ameliyats\u0131z G\u00f6z \u00c7evresi Esteti\u011fi"},"content":{"rendered":"<div class=\"row pt-80\">\n<div class=\"col-12 col-lg-6\">\n<h2 class=\"font__family-montserrat font__size-28 line__height-32 text-uppercase mb-35\"><\/h2>\n<p class=\"brk-dark-font-color font__size-16 font__weight-normal line__height-26 mb-10\"><span style=\"font-size: 14pt;\">G\u00f6zlerimiz en de\u011ferli organlar\u0131m\u0131zdan birisi \u015f\u00fcphesiz. Hem duygular\u0131n ve ruhun, hem de sa\u011fl\u0131kl\u0131 olu\u015fun aynas\u0131 olan g\u00f6zlerimizin sa\u011fl\u0131\u011f\u0131 kadar, g\u00f6z \u00e7evresindeki cilt de son derece \u00f6nemlidir. Zira g\u00f6z \u00e7evresindeki deri, y\u00fcz\u00fcn di\u011fer b\u00f6lgelerindeki deriden daha ince ve narindir.<\/span><\/p>\n<p class=\"brk-dark-font-color font__size-16 font__weight-normal line__height-26 mb-10\"><span style=\"font-size: 14pt;\">K\u0131r\u0131\u015f\u0131kl\u0131klara ve y\u0131pranmalara kar\u015f\u0131 daha dayan\u0131ks\u0131z olan g\u00f6z \u00e7evresine s\u00fcr\u00fclen krem, maske ve di\u011fer kar\u0131\u015f\u0131mlara son derece dikkat etmek gerekiyor; zira bunlar g\u00f6z \u00e7evresine zarar verebiliyor. Y\u00fcz\u00fcn di\u011fer b\u00f6l\u00fcmlerine faydal\u0131 olan bir kar\u0131\u015f\u0131m, g\u00f6z \u00e7evresinde riskli olabiliyor. Bu sebeple g\u00f6z \u00e7evresi i\u00e7in kullan\u0131lacak \u00fcr\u00fcnlerde daha dikkatli olunmas\u0131 gerekiyor.<\/span><\/p>\n<p class=\"brk-dark-font-color font__size-16 font__weight-normal line__height-26 mb-10\"><span style=\"font-size: 14pt;\">G\u00f6z \u00e7evresi derisinin, ilerleyen ya\u015f, sigara, alkol gibi cildi tahrip eden al\u0131\u015fkanl\u0131klar, ya\u015fam tarz\u0131, stres gibi fakt\u00f6rlerle k\u0131r\u0131\u015fmas\u0131 ka\u00e7\u0131n\u0131lmazd\u0131r. Ya\u015fland\u0131k\u00e7a cilt daha da incelir; nemini, dolay\u0131s\u0131yla esnekli\u011fini kaybeder ve ince k\u0131r\u0131\u015f\u0131kl\u0131klar ba\u015flar. \u00d6zellikle g\u00fcl\u00fcmserken ve g\u00fclerken olu\u015fan g\u00f6z \u00e7evresi k\u0131r\u0131\u015f\u0131kl\u0131klar\u0131, bir m\u00fcddet sonra kal\u0131c\u0131 hale gelir. K\u0131r\u0131\u015f\u0131kl\u0131\u011fa sebep olan ana fakt\u00f6r ise kolajen eksikli\u011fidir.Kolajenin azalmas\u0131yla k\u0131r\u0131\u015f\u0131kl\u0131klar belirgin bir hal almaya ve kal\u0131c\u0131 olmaya ba\u015flar. Makyaj temizli\u011fi yaparken, cildi kurularken, peeling, cilt bak\u0131m\u0131, maske uygulamas\u0131 gibi t\u00fcm i\u015flemlerde g\u00f6z \u00e7evresine ayr\u0131 bir \u00f6zen g\u00f6stermeliyiz. Zira ya\u015flanma s\u00fcrecinde yer\u00e7ekimine direnmeyi ilk b\u0131rakacak b\u00f6lge g\u00f6z \u00e7evremiz olacakt\u0131r.<\/span><\/p>\n<p class=\"brk-dark-font-color font__size-16 font__weight-normal line__height-26 mb-10\"><span style=\"font-size: 14pt;\">G\u00f6z \u00e7evresindeki deri bir kez tahrip oldu\u011funda, eski gergin ve diri haline getirmek de neredeyse imkans\u0131zd\u0131r. Bu y\u00fczden g\u00f6z \u00e7evresi cildindeki ya\u015flanma ve y\u0131pranma s\u00fcrecini olabildi\u011fince geriletmek, bunun i\u00e7in de g\u00f6z \u00e7evresi bak\u0131m\u0131na daha fazla \u00f6zen g\u00f6stermek gereklidir.<\/span><\/p>\n<\/div>\n<div class=\"col-12 col-lg-6\"><img loading=\"lazy\" decoding=\"async\" class=\"alignnone  wp-image-2189\" src=\"https:\/\/healthtourismcenterturkey.com\/wp-content\/uploads\/2022\/03\/giz-alti-torbasi-estetigi.jpg\" alt=\"\" width=\"1085\" height=\"723\" srcset=\"https:\/\/healthtourismcenterturkey.com\/wp-content\/uploads\/2022\/03\/giz-alti-torbasi-estetigi.jpg 1200w, https:\/\/healthtourismcenterturkey.com\/wp-content\/uploads\/2022\/03\/giz-alti-torbasi-estetigi-300x200.jpg 300w, https:\/\/healthtourismcenterturkey.com\/wp-content\/uploads\/2022\/03\/giz-alti-torbasi-estetigi-1024x683.jpg 1024w, https:\/\/healthtourismcenterturkey.com\/wp-content\/uploads\/2022\/03\/giz-alti-torbasi-estetigi-768x512.jpg 768w\" sizes=\"(max-width: 1085px) 100vw, 1085px\" \/><\/div>\n<\/div>\n<div class=\"overflow-hid position-static position-lg-relative pb-100\">\n<p class=\"brk-dark-font-color font__size-16 font__weight-normal line__height-26 mb-10\"><span style=\"font-size: 14pt;\">Tahri\u015f etmeyen, yumu\u015fak form\u00fcll\u00fc kremler, ya\u011fs\u0131z nemlendiricilerle cildi beslemek, do\u011fru ve dengeli beslenmek, d\u00fczenli ya\u015fam ve yeterli uyku, evde haz\u0131rlanan do\u011fal kremlerle g\u00f6z \u00e7evresi bak\u0131m\u0131n\u0131 sa\u011flamak m\u00fcmk\u00fcn olabilir. Bitkisel g\u00f6z \u00e7evresi bak\u0131m\u0131 ile de hem hesapl\u0131 hem de son derece do\u011fal ve faydal\u0131 maskeler haz\u0131rlamak da elinizde.<\/span><\/p>\n<h1 class=\"brk-dark-font-color font__size-16 font__weight-normal line__height-26\"><span class=\"font__weight-light\">\u00a0G\u00d6Z \u00c7EVRES\u0130 KIRI\u015eIKLIKLARI NASIL G\u0130DER\u0130L\u0130R?<\/span><\/h1>\n<p class=\"brk-dark-font-color font__size-16 font__weight-normal line__height-26 mb-10\"><span style=\"font-size: 14pt;\">G\u00f6z \u00e7evresi cildini nemli tutmak ve g\u00f6z \u00e7evresi i\u00e7in \u00f6zel olarak \u00fcretilmi\u015f kremlerden kullanmak, g\u00f6z \u00e7evresi bak\u0131m\u0131 i\u00e7in ana ko\u015fuldur. K\u0131r\u0131\u015f\u0131kl\u0131klar derinle\u015fmeden ve kal\u0131c\u0131 hale gelmeden evvel, en az\u0131ndan s\u00fcreci yava\u015flatmak i\u00e7in, sa\u011fl\u0131kl\u0131 bir beslenme program\u0131 uygulayabilir, antioksidan fonksiyonu olan taze sebze, meyve ve destekleyici g\u0131dalar\u0131 t\u00fcketmeyi al\u0131\u015fkanl\u0131k haline getirebilirsiniz. Vitamin ve mineraller sayesinde cildin toparlanmas\u0131 ve elastikiyetini daha uzun s\u00fcre muhafaza etmesi m\u00fcmk\u00fcnd\u00fcr. Ya\u015flanmak ve ya\u015fl\u0131l\u0131\u011fa ba\u011fl\u0131 deformasyonlar\u0131 ya\u015famak ka\u00e7\u0131n\u0131lmazd\u0131r. M\u00fchim olan ya\u015flanmamak de\u011fil, g\u00fczel ya\u015flanmakt\u0131r. G\u00f6z \u00e7evresi i\u00e7in yapaca\u011f\u0131n\u0131z d\u00fczenli egzersizler sayesinde, g\u00f6z \u00e7evresi ve g\u00f6z alt\u0131 k\u0131r\u0131\u015f\u0131kl\u0131klar\u0131n\u0131 kontrol alt\u0131nda tutmak m\u00fcmk\u00fcnd\u00fcr.. Kaslar\u0131 s\u0131k\u0131la\u015ft\u0131rman\u0131n kollajen yap\u0131m\u0131z\u0131n cildi gergin ve canl\u0131 tutman\u0131n ilk ko\u015fulu egzersizdir.E\u011fer ge\u00e7 yat\u0131yor, yetersiz uyuyor ve tam da bu sebeple gece boyunca salg\u0131lanarak v\u00fccut h\u00fccrelerini yenileyen hormonlar\u0131n sal\u0131n\u0131m\u0131na engel oluyorsan\u0131z; bundan ilk etkilenecek b\u00f6lgenin g\u00f6z \u00e7evresi olaca\u011f\u0131n\u0131 bilin. Bu durum sadece g\u00f6z \u00e7evresi k\u0131r\u0131\u015f\u0131kl\u0131klar olarak de\u011fil, g\u00f6z alt\u0131 morluklar\u0131 ve torbalanmalar olarak da size geri d\u00f6necektir. G\u00fcn i\u00e7inde y\u00fcz\u00fc so\u011fuk suyla y\u0131kamak da g\u00f6zenekler \u00fczerinde k\u00fc\u00e7\u00fclt\u00fcc\u00fc ve tazeleyici etki yapar. Sadece k\u0131r\u0131\u015f\u0131kl\u0131klar i\u00e7in de\u011fil, cilt sa\u011fl\u0131\u011f\u0131 ve g\u00fczelli\u011fini muhafaza edebilmek i\u00e7in s\u0131v\u0131 al\u0131m\u0131na \u00f6zen g\u00f6stermeliyiz. Cilt yeteri kadar su almad\u0131\u011f\u0131nda, esnekli\u011fini yitirir, kurur, g\u00f6zenekleri geni\u015fler ve k\u0131r\u0131\u015f\u0131r. Do\u011fru nefes almay\u0131 \u00f6\u011frenip bunu t\u00fcm ya\u015fam\u0131n\u0131za entegre ederek, yeterli oranda oksijen al\u0131p, cildinizi uzun y\u0131llar sa\u011fl\u0131kl\u0131 ve diri tutabilirsiniz. Cildi bozan, ya\u015fland\u0131ran ve k\u0131r\u0131\u015ft\u0131ran en b\u00fcy\u00fck etken asl\u0131nda g\u00fcne\u015f \u0131\u015f\u0131nlar\u0131d\u0131r. Serbest radikalleri tetikleyen g\u00fcne\u015f \u0131\u015f\u0131nlar\u0131ndan korunman\u0131n en do\u011fru yolu, \u0131\u015f\u0131nlar\u0131n dik geldi\u011fi saatlerde m\u00fcmk\u00fcnse d\u0131\u015far\u0131da dola\u015fmamak; e\u011fer g\u00fcne\u015fe \u00e7\u0131k\u0131lacaksa da siperlikli \u015fapkalar ve y\u00fcksek koruma fakt\u00f6rl\u00fc g\u00fcne\u015f kremleri kullanmak gerekir.Tabiki g\u00fcne\u015f g\u00f6zl\u00fcklerini unutmayal\u0131m.<\/span><\/p>\n<h1 class=\"brk-dark-font-color font__size-16 font__weight-normal line__height-26\"><span class=\"font__weight-light\">G\u00d6Z \u00c7EVRES\u0130 \u0130\u00c7\u0130N MASKE<\/span><\/h1>\n<p class=\"brk-dark-font-color font__size-16 font__weight-normal line__height-26 mb-10\"><span style=\"font-size: 14pt;\">G\u00f6z \u00e7evresi cildi hayli ince oldu\u011fu i\u00e7in \u00e7abuk tahri\u015f olur ve kolay k\u0131r\u0131\u015fmaya yatk\u0131nd\u0131r. Evde haz\u0131rlanan cilt maskelerinin \u00e7o\u011fu g\u00f6z \u00e7evresi cildine zarar verece\u011finden, bu b\u00f6lgede kullan\u0131lmas\u0131 \u00f6nerilmez. S\u00f6zgelimi limon ile haz\u0131rlanm\u0131\u015f maskeler g\u00f6z alt\u0131 ve \u00e7evresine s\u00fcr\u00fcld\u00fc\u011f\u00fcnde limonun kurutucu ve geren etkisiyle cilde rahats\u0131zl\u0131k ve zarar verir, g\u00f6z \u00e7evresi k\u0131r\u0131\u015f\u0131kl\u0131klar\u0131n olu\u015fumunu h\u0131zland\u0131r\u0131r. G\u00f6z \u00e7evresi k\u0131r\u0131\u015f\u0131kl\u0131klar\u0131n\u0131n g\u00f6r\u00fcn\u00fcm\u00fcn\u00fc azaltmak ve yeni k\u0131r\u0131\u015f\u0131kl\u0131klar\u0131n belirmesini geciktirmek i\u00e7in bu b\u00f6lgelere \u00f6zel do\u011fal bak\u0131m maskeleri haz\u0131rlayabilirsiniz. Bizim \u00f6nerimiz kolajen i\u00e7eri\u011finden dolay\u0131 \u201cyumurta ak\u0131 maske\u201ddir. T\u00fcm y\u00fcze uygulanabilmesi ve kolay haz\u0131rlan\u0131\u015f\u0131 avantajlar\u0131d\u0131r.S\u0131k\u0131l\u0131k Veren Yumurta Ak\u0131 Maskesi: Protein y\u00f6n\u00fcnden hayli zengin olan yumurta ak\u0131 cilde besler ve s\u0131k\u0131la\u015ft\u0131r\u0131r. Ayr\u0131ca k\u0131r\u0131\u015f\u0131kl\u0131klar\u0131n g\u00f6r\u00fcn\u00fcm\u00fcnde azalma olu\u015fturur.<\/span><\/p>\n<p class=\"brk-dark-font-color font__size-16 font__weight-normal line__height-26 mb-10\"><span style=\"font-size: 14pt;\">1 adet yumurta ak\u0131, d\u0131\u015f k\u0131sm\u0131 soyulmu\u015f 1 \u00e7orba ka\u015f\u0131\u011f\u0131 dolusu incecik rendelenmi\u015f havu\u00e7 ve 1 \u00e7ay ka\u015f\u0131\u011f\u0131 aloe vera ya\u011f\u0131n\u0131 bir kase i\u00e7inde kar\u0131\u015ft\u0131r\u0131n. Haz\u0131rlad\u0131\u011f\u0131n\u0131z kar\u0131\u015f\u0131m\u0131 temiz cilde masajla yedirin, 20-30 dakika kadar bekleyin ve y\u00fcz\u00fcn\u00fcz\u00fc so\u011fuk suyla y\u0131kay\u0131n.\u0130lk uygulamada dahi hissedece\u011finiz s\u0131k\u0131la\u015fma sizi \u015fa\u015f\u0131rtacak. Maskeyi sadece g\u00f6z \u00e7evresi cildinizde de\u011fil, t\u00fcm y\u00fcz\u00fcn\u00fczde kullanabilirsiniz. Haftada 1-2 kez rahatl\u0131kla uygulayabilece\u011finiz bir maskedir.<\/span><\/p>\n<\/div>\n","protected":false},"excerpt":{"rendered":"<p>G\u00f6zlerimiz en de\u011ferli organlar\u0131m\u0131zdan birisi \u015f\u00fcphesiz. Hem duygular\u0131n ve ruhun, hem de sa\u011fl\u0131kl\u0131 olu\u015fun aynas\u0131 olan g\u00f6zlerimizin sa\u011fl\u0131\u011f\u0131 kadar, g\u00f6z \u00e7evresindeki cilt de son derece \u00f6nemlidir. Zira g\u00f6z \u00e7evresindeki deri, y\u00fcz\u00fcn di\u011fer b\u00f6lgelerindeki deriden daha ince ve narindir. K\u0131r\u0131\u015f\u0131kl\u0131klara ve y\u0131pranmalara kar\u015f\u0131 daha dayan\u0131ks\u0131z olan g\u00f6z \u00e7evresine s\u00fcr\u00fclen krem, maske ve di\u011fer kar\u0131\u015f\u0131mlara son derece [&hellip;]<\/p>\n","protected":false},"author":2,"featured_media":0,"parent":1294,"menu_order":0,"comment_status":"closed","ping_status":"closed","template":"","meta":{"footnotes":""},"class_list":["post-1405","page","type-page","status-publish","hentry"],"acf":[],"_links":{"self":[{"href":"https:\/\/healthtourismcenterturkey.com\/tr_tr\/wp-json\/wp\/v2\/pages\/1405"}],"collection":[{"href":"https:\/\/healthtourismcenterturkey.com\/tr_tr\/wp-json\/wp\/v2\/pages"}],"about":[{"href":"https:\/\/healthtourismcenterturkey.com\/tr_tr\/wp-json\/wp\/v2\/types\/page"}],"author":[{"embeddable":true,"href":"https:\/\/healthtourismcenterturkey.com\/tr_tr\/wp-json\/wp\/v2\/users\/2"}],"replies":[{"embeddable":true,"href":"https:\/\/healthtourismcenterturkey.com\/tr_tr\/wp-json\/wp\/v2\/comments?post=1405"}],"version-history":[{"count":4,"href":"https:\/\/healthtourismcenterturkey.com\/tr_tr\/wp-json\/wp\/v2\/pages\/1405\/revisions"}],"predecessor-version":[{"id":2190,"href":"https:\/\/healthtourismcenterturkey.com\/tr_tr\/wp-json\/wp\/v2\/pages\/1405\/revisions\/2190"}],"up":[{"embeddable":true,"href":"https:\/\/healthtourismcenterturkey.com\/tr_tr\/wp-json\/wp\/v2\/pages\/1294"}],"wp:attachment":[{"href":"https:\/\/healthtourismcenterturkey.com\/tr_tr\/wp-json\/wp\/v2\/media?parent=1405"}],"curies":[{"name":"wp","href":"https:\/\/api.w.org\/{rel}","templated":true}]}}