{"id":1380,"date":"2020-08-30T11:02:34","date_gmt":"2020-08-30T11:02:34","guid":{"rendered":"http:\/\/healthtourismcenterturkey.com\/?page_id=1380"},"modified":"2020-11-25T19:28:49","modified_gmt":"2020-11-25T19:28:49","slug":"keratokonus","status":"publish","type":"page","link":"https:\/\/healthtourismcenterturkey.com\/tr_tr\/goz-ameliyatlari\/goz-hastaliklari\/keratokonus\/","title":{"rendered":"KERATOKONUS TEDAV\u0130S\u0130"},"content":{"rendered":"<div class=\"row pt-80\">\n<div class=\"col-12 col-lg-6\">\n<p class=\"brk-dark-font-color font__size-16 font__weight-normal line__height-26 mb-10\"><span style=\"font-size: 14pt;\">Keratokonus tedavisinde hastalar\u0131n kontakt lenslerden yeterli fayday\u0131 sa\u011flayamad\u0131\u011f\u0131 durumlarda geli\u015fmi\u015f y\u00f6ntemlerden faydalan\u0131l\u0131r. Bu y\u00f6ntemler Kornea i\u00e7i halkalar ve Kornea Cross Linking y\u00f6ntemleridir. Keratokonus tedavisinde kullan\u0131lan geli\u015fmi\u015f y\u00f6ntemler yaz\u0131m\u0131zda bu iki y\u00f6ntemden bahsedece\u011fiz.<\/span><\/p>\n<h1 class=\"brk-dark-font-color font__size-16 font__weight-normal line__height-26 mb-10\">Keratokonus Tedavisinde Kornea \u0130\u00e7i Halka Y\u00f6ntemi<\/h1>\n<\/div>\n<div><\/div>\n<div class=\"col-12 col-lg-6\">\n<p><span style=\"font-size: 14pt;\">Keratokonus tedavisinde kullan\u0131lan korneal halkalar, yar\u0131m ay \u015feklinde olan ve iki k\u0131s\u0131mdan olu\u015fan \u00f6zel sistemlerdir. Kornea dokusu i\u00e7ine yerle\u015ftirilirler ve \u00e7ok k\u00fc\u00e7\u00fck boyutlarda sistemlerdir. Bu sistemler ayr\u0131ca k\u0131rma kusurlar\u0131nda d\u00fczeltilmesi istenen \u00f6l\u00e7\u00fcde ki\u015fiye \u00f6zel olarak kal\u0131nl\u0131\u011f\u0131 de\u011fi\u015fen \u00f6l\u00e7\u00fctlerde kullan\u0131labilinmektedir.<\/span><\/p>\n<p class=\"brk-dark-font-color font__size-16 font__weight-normal line__height-26 mb-10\"><span style=\"font-size: 14pt;\">Kornea i\u00e7i halkalar\u0131n kontakt lenslere g\u00f6re avantaj\u0131, uygulama sonras\u0131 s\u00fcre\u00e7te kontakt lens gibi his olu\u015fturmazlar ve g\u00f6z\u00fcn bir par\u00e7as\u0131ym\u0131\u015f gibi hissedilirler. \u0130stenildi\u011fi takdirde \u00e7\u0131kar\u0131lma \u00f6zelli\u011fine sahip kornea i\u00e7i halkalar g\u00f6zde kal\u0131c\u0131 bir iz b\u0131rakmazlar.<\/span><\/p>\n<p class=\"brk-dark-font-color font__size-16 font__weight-normal line__height-26 mb-10\"><span style=\"font-size: 14pt;\">Kornea i\u00e7i halkalar farkl\u0131 isimlerle ifade edilebilmektedir. Bunlar Intacs, ferrara ring ve keraring olarak bilinmektedir. Kornea i\u00e7i halkalar kornea y\u00fczeyinde olu\u015fan bombele\u015fmeyi (sivrile\u015fmeyi) t\u0131pk\u0131 bir kasnak gibi korneay\u0131 gerdirerek azalt\u0131rlar. Bu arada da olu\u015fan bu kornea gerilmesi ile hastada varolan miyopinin seviyesinde azalma ve daha net bir g\u00f6r\u00fc\u015f sa\u011flan\u0131r.<\/span><\/p>\n<h1 class=\"brk-dark-font-color font__size-16 font__weight-normal line__height-26\"><span class=\"font__weight-light\">Keratokonus Tedavisinde Corneal Cross Linking Tedavisi<\/span><\/h1>\n<p class=\"brk-dark-font-color font__size-16 font__weight-normal line__height-26 mb-10\"><span style=\"font-size: 14pt;\">\u0130ngilizcede CCL olarak adland\u0131r\u0131lan Corneal Cross Linking tedavisi keratokonus tedavisinde uygulanan bir di\u011fer y\u00f6ntemdir.<\/span><\/p>\n<\/div>\n<\/div>\n<div class=\"col-12 col-lg-6\"><img loading=\"lazy\" decoding=\"async\" class=\"alignnone size-full wp-image-1591\" src=\"http:\/\/healthtourismcenterturkey.com\/wp-content\/uploads\/2020\/09\/585x678_2-2-1.jpg\" alt=\"\" width=\"585\" height=\"678\" srcset=\"https:\/\/healthtourismcenterturkey.com\/wp-content\/uploads\/2020\/09\/585x678_2-2-1.jpg 585w, https:\/\/healthtourismcenterturkey.com\/wp-content\/uploads\/2020\/09\/585x678_2-2-1-259x300.jpg 259w\" sizes=\"(max-width: 585px) 100vw, 585px\" \/><\/div>\n<div class=\"overflow-hid position-static position-lg-relative pb-100\">\n<p class=\"brk-dark-font-color font__size-16 font__weight-normal line__height-26 mb-10\"><span style=\"font-size: 14pt;\">Ya\u015f\u0131m\u0131z\u0131n ilerlemesine ba\u011fl\u0131 olarak kornea yap\u0131s\u0131ndan bulunan organik bile\u015fenlerden kollajen kal\u0131nla\u015f\u0131r ve sertle\u015fme e\u011filimi olu\u015fur. Genel olarak 40\u2019l\u0131 ya\u015flar\u0131n sonlar\u0131ndan keratokonusun ilerlemesinin durmas\u0131n\u0131n sebeplerinden biri kollajen kal\u0131nla\u015fmas\u0131 ve sertle\u015fmesidir. Benzer \u00f6yk\u00fc gen\u00e7 \u015feker hastalar\u0131nda (gen\u00e7 ya\u015fta diyabetes mellituslu hastalarda) g\u00f6r\u00fcl\u00fcr ve bu sistemik rahats\u0131zl\u0131\u011fa sahip hastalarda keratokonusta ilerleme yava\u015f g\u00f6r\u00fcl\u00fcr ya da hi\u00e7 g\u00f6r\u00fclmez.<\/span><\/p>\n<p class=\"brk-dark-font-color font__size-16 font__weight-normal line__height-26 mb-10\"><span style=\"font-size: 14pt;\">Corneal Cross Linking tedavi y\u00f6ntemi bu fikirden \u00fcretilmi\u015ftir. Hastan\u0131n korneal kollajen stabilitesinin art\u0131\u015f\u0131 durumunda kornea dayan\u0131kl\u0131l\u0131\u011f\u0131 artar ve korneadaki sivrile\u015fme ve bombele\u015fme engellenir. Tedavide UV-A damla ve riboflavin kullan\u0131larak kollajen dokunun g\u00fc\u00e7lendirilmesi ve korneanin daha stabil bir yap\u0131ya b\u00fcr\u00fcnmesi sa\u011flan\u0131r. Tedavinin g\u00fc\u00e7l\u00fc yanlar\u0131, ilerlemekte olan keratokonus vakalar\u0131n\u0131n ilerlemesini azaltmak ve durdurmak, hastada g\u00f6rme kalitesini art\u0131rmak ve kornea gereksinimini ortadan kald\u0131rmakt\u0131r.<\/span><\/p>\n<p class=\"brk-dark-font-color font__size-16 font__weight-normal line__height-26 mb-10\"><span style=\"font-size: 14pt;\">Hastan\u0131n kornea i\u00e7i halka y\u00f6nteminden ya da corneal cross linking tedavisinden memnun kalmad\u0131\u011f\u0131 durumlarda son tedavi olarak keratoplasti ad\u0131 verilen kornea nakli ger\u00e7ekle\u015ftirilebilir. Bu tedavi ile ilgili ayr\u0131nt\u0131l\u0131 bilgiyi Kornea Nakli yaz\u0131m\u0131zdan \u00f6\u011frenebilirsiniz.<\/span><\/p>\n<h1 class=\"brk-dark-font-color font__size-16 font__weight-normal line__height-26\"><span class=\"font__weight-light\">Keratokonus Tedavisinde Kullan\u0131lan Y\u00f6ntemler<\/span><\/h1>\n<p class=\"brk-dark-font-color font__size-16 font__weight-normal line__height-26 mb-10\"><span style=\"font-size: 14pt;\">Keratokonus tedavileri genel olarak hastal\u0131\u011f\u0131n ilerlemesini durdurmas\u0131 ile bilinen tedavi y\u00f6ntemleridir. Bu tedavi y\u00f6ntemlerinin ilki, kontakt lens uygulamalar\u0131d\u0131r. Hastal\u0131\u011f\u0131n erken evrelerinde kullan\u0131labilen bir y\u00f6ntemdir. \u0130kinci y\u00f6ntem olarak kornea i\u00e7i halka uygulanmas\u0131d\u0131r. Son d\u00f6nemde ise Corneal Cross Linking ad\u0131 verilen y\u00f6ntem daha \u00e7ok kullan\u0131lmaktad\u0131r. En son tercih edilebilen y\u00f6ntem ise uygun kornea don\u00f6r\u00fc (vericisi) bulundu\u011funda kornea transplantasyonu yani kornea naklidir.<\/span><\/p>\n<h1 class=\"brk-dark-font-color font__size-16 font__weight-normal line__height-26\"><span class=\"font__weight-light\">Keratokonus Tedavisinde Kontakt Lens Kullan\u0131m\u0131<\/span><\/h1>\n<p class=\"brk-dark-font-color font__size-16 font__weight-normal line__height-26 mb-10\"><span style=\"font-size: 14pt;\">Keratokonus tedavisinde tam bir iyile\u015fme s\u00f6z konusu olamayaca\u011f\u0131 gibi, hastalarda hastal\u0131\u011f\u0131n ilerlemesini durduracak ya da azaltacak \u00f6nlemler al\u0131nmaktad\u0131r. Hastalarda g\u00f6rme kalitesinin art\u0131r\u0131lmas\u0131 i\u00e7in kullan\u0131labilen ilk ara\u00e7 g\u00f6zl\u00fckt\u00fcr. Ancak bilinmesi gereken konu, keratokonuslu hastalarda sounun kornean\u0131n \u015fekil bozuklu\u011fundan kaynakland\u0131\u011f\u0131 i\u00e7in g\u00f6zl\u00fck net g\u00f6r\u00fc\u015f\u00fcn elde edilmesi ciddi bir g\u00f6rme kalitesi olu\u015fturmayabilir. Bu sebeple g\u00f6rme kalitesini art\u0131rmak ve daha net bir g\u00f6r\u00fc\u015f i\u00e7in farkl\u0131 lens tipleri olan kontakt lensler kullan\u0131labilmektedir. Bunlar k\u0131saca,<\/span><\/p>\n<h1 class=\"brk-dark-font-color font__size-16 font__weight-normal line__height-26\"><span class=\"font__weight-light\">Keratokonus Tedavisinde Kullan\u0131lan Kontakt Lensler<\/span><\/h1>\n<p class=\"brk-dark-font-color font__size-16 font__weight-normal line__height-26\"><span style=\"font-size: 14pt;\">Gaz ge\u00e7irgen lensler<\/span><\/p>\n<p class=\"brk-dark-font-color font__size-16 font__weight-normal line__height-26\"><span style=\"font-size: 14pt;\">Piggy Back Lensler<\/span><\/p>\n<p class=\"brk-dark-font-color font__size-16 font__weight-normal line__height-26\"><span style=\"font-size: 14pt;\">Korneaskleral lensler<\/span><\/p>\n<p class=\"brk-dark-font-color font__size-16 font__weight-normal line__height-26 mb-30\"><span style=\"font-size: 14pt;\">Softperm lensler<\/span><\/p>\n<h2 class=\"brk-dark-font-color font__size-16 font__weight-normal line__height-26\"><span class=\"font__weight-light\">1 \u2013 Gaz Ge\u00e7irgen Lensler<\/span><\/h2>\n<p class=\"brk-dark-font-color font__size-16 font__weight-normal line__height-26 mb-10\"><span style=\"font-size: 14pt;\">Keratokonus tedavisinde dikle\u015fen kornean\u0131n yap\u0131s\u0131na uygun ve ki\u015fiye \u00f6zel olarak tasarlanm\u0131\u015f lenslerden yararlan\u0131labilmektedir. Bu tip lens grubunda lensin g\u00f6ze uyma oran\u0131 olduk\u00e7a y\u00fcksektir ve kaliteli, net bir g\u00f6r\u00fc\u015f sa\u011flanabilir.<\/span><\/p>\n<h2 class=\"brk-dark-font-color font__size-16 font__weight-normal line__height-26\"><span class=\"font__weight-light\">2 \u2013 Korneaskleral Lensler<\/span><\/h2>\n<p class=\"brk-dark-font-color font__size-16 font__weight-normal line__height-26 mb-10\"><span style=\"font-size: 14pt;\">Kornea ve sklera yap\u0131lar\u0131n\u0131 kaplayan geni\u015f y\u00fczey bir lens tasar\u0131m\u0131d\u0131r. Keratoplasti olmas\u0131 gereken hastalarda ve normal keratokonus lenslerini tolere konusunda s\u0131k\u0131nt\u0131 ya\u015fayan bireylerde \u00e7ok s\u0131k olmasa da kullan\u0131labilen lenslerdir.<\/span><\/p>\n<h2 class=\"brk-dark-font-color font__size-16 font__weight-normal line__height-26\"><span class=\"font__weight-light\">3 \u2013 Piggy Back Lensler<\/span><\/h2>\n<p class=\"brk-dark-font-color font__size-16 font__weight-normal line__height-26 mb-10\"><span style=\"font-size: 14pt;\">Gaz ge\u00e7irgen lensler konusunda keratokonuslu hastalar bazen yeterli rahatl\u0131\u011f\u0131 alamad\u0131klar\u0131n\u0131 ifade edebilmektedirler. Keratokonuslu hastaya birisi yumu\u015fak lens di\u011feri ise sert lens olan iki lens birlikte uygulan\u0131p lensin g\u00f6zde uyumu art\u0131r\u0131l\u0131r.<\/span><\/p>\n<h2 class=\"brk-dark-font-color font__size-16 font__weight-normal line__height-26\"><span class=\"font__weight-light\">4 \u2013 Softperm Lensler<\/span><\/h2>\n<p class=\"brk-dark-font-color font__size-16 font__weight-normal line__height-26 mb-30\"><span style=\"font-size: 14pt;\">Ortas\u0131 sert, yanlar\u0131 daha yumu\u015fak yap\u0131da olan lensler \u00f6zel keratokonus olgular\u0131ndan uygulanabilmektedirler.<\/span><\/p>\n<h2 class=\"brk-dark-font-color font__size-16 font__weight-normal line__height-26\"><span class=\"font__weight-light\">Keratokonus Tedavisinde Kullan\u0131lan Di\u011fer Y\u00f6ntemler<\/span><\/h2>\n<p class=\"brk-dark-font-color font__size-16 font__weight-normal line__height-26 mb-10\"><span style=\"font-size: 14pt;\">Keratokonus tedavisinde kontakt lens kullan\u0131m\u0131 hastan\u0131n g\u00f6rme kalitesini art\u0131rmak amac\u0131 ile \u00f6nemli bir yere sahiptir. Ancak olgularda kontak lens kullan\u0131m\u0131 hastal\u0131\u011f\u0131n ilerlemesini engelleyemeyebilmektedir. Bu tip olgularda keratakonus tedavisinde farkl\u0131 y\u00f6ntemler kullan\u0131lmaktad\u0131r. Bu y\u00f6ntemler hakk\u0131nda bilgi sahibi olmak i\u00e7in, Keratonus tedavisinde kullan\u0131lan geli\u015fmi\u015f y\u00f6ntemler yaz\u0131s\u0131n\u0131 inceleyebilirsiniz.<\/span><\/p>\n<h1 class=\"brk-dark-font-color font__size-16 font__weight-normal line__height-26\"><span class=\"font__weight-light\">Keratokonus Tedavisi ve Ameliyat\u0131<\/span><\/h1>\n<p class=\"brk-dark-font-color font__size-16 font__weight-normal line__height-26 mb-10\"><span style=\"font-size: 14pt;\">Keratokonus g\u00f6zlerimizin saydam tabakas\u0131 olan kornean\u0131n g\u00f6z k\u0131r\u0131lma kusurlar\u0131 olan miyop ve astigmat ile birlikte y\u00fczeyinin incelmesi ve sivrile\u015fmesi ile olu\u015fan hastal\u0131\u011fa verilen isimdir. Genel olarak ergenlik d\u00f6neminde ba\u015flayan hastal\u0131ktan bireyler 20\u2019li ya\u015flarda ayr\u0131nt\u0131l\u0131 g\u00f6z doktoru muayenesi ile farkedilirler. Hastal\u0131k 40\u2019l\u0131 ya\u015flara kadar ilerleme g\u00f6sterip genel olarak 40\u2019l\u0131 ya\u015flar\u0131n sonundan dura\u011fan bir s\u00fcre\u00e7te devam eder.<\/span><\/p>\n<p class=\"brk-dark-font-color font__size-16 font__weight-normal line__height-26 mb-10\"><span style=\"font-size: 14pt;\">Keratokonus tedavisi ve keratokonus ameliyat\u0131 i\u00e7in kornean\u0131n yap\u0131s\u0131ndan da bahsetmemiz konunun anla\u015f\u0131lmas\u0131 a\u00e7\u0131s\u0131ndan \u00f6nemlidir. Korna g\u00f6z\u00fcn \u00f6nemli k\u0131s\u0131mlar\u0131ndan biridir. I\u015f\u0131k h\u00fczmesi, g\u00f6ze ilk temas\u0131n\u0131 kornea arac\u0131l\u0131\u011f\u0131 ile ger\u00e7ekltirir. Kornea yap\u0131s\u0131n\u0131n \u00f6zelli\u011fi olarak \u0131\u015f\u0131\u011f\u0131 k\u0131rma \u00f6zelli\u011fine ve \u0131\u015f\u0131\u011f\u0131 odaklama \u00f6zelliklerine sahiptir. Bu \u00f6zellikle sayesinde nesneleri net g\u00f6rmemiz sa\u011flan\u0131r. Keratokonus rahats\u0131zl\u0131\u011f\u0131nda kornean\u0131n anatomik yap\u0131s\u0131nda varolan de\u011fi\u015fme ile birlikte g\u00f6rme bozulmaktad\u0131r. Keratokonus bir \u00e7ok y\u00f6nden (araba kullanmada zorlanma, bilgisayarda yaz\u0131 yazmada zorluk, kitap okumada zorlanma vb.) ya\u015fam kalitemizi d\u00fc\u015f\u00fcrebilmektedir.<\/span><\/p>\n<h1 class=\"brk-dark-font-color font__size-16 font__weight-normal line__height-26\"><span class=\"font__weight-light\">Keratokonus Te\u015fhisi Nas\u0131l Yap\u0131l\u0131r?<\/span><\/h1>\n<p class=\"brk-dark-font-color font__size-16 font__weight-normal line__height-26 mb-10\"><span style=\"font-size: 14pt;\">Keratokonusun belirtileri \u00e7o\u011funlukla ergenlik \u00e7a\u011f\u0131nda ortaya \u00e7\u0131kmaya ba\u015flar ve daha \u00f6nceki \u00e7ocukluk d\u00f6neminde te\u015fhisi olduk\u00e7a zordur. Bir\u00e7ok birey kendilerinde sadece miyom ve astigmat sorunlar\u0131n\u0131n oldu\u011funu zannedebilirler. Gen\u00e7 yeti\u015fkinlik d\u00f6neminde hastal\u0131k ilerleme g\u00f6sterir. Gen\u00e7 yeti\u015fkinlik d\u00f6neminde g\u00f6zl\u00fck numalaral\u0131 s\u0131k s\u0131k de\u011fi\u015fmeye ba\u015flayabilir ve ayr\u0131nt\u0131l\u0131 bir g\u00f6z muayenesi sonucu keratokonus varsa te\u015fhis konabilmektedir.<\/span><\/p>\n<p class=\"brk-dark-font-color font__size-16 font__weight-normal line__height-26 mb-10\"><span style=\"font-size: 14pt;\">G\u00f6rmeden netli\u011fin azalmas\u0131, \u00c7arp\u0131k g\u00f6r\u00fc\u015f, bulan\u0131k g\u00f6rme, \u00e7ift g\u00f6rme, Miyop ve Astigmat, G\u00f6zde par\u0131lt\u0131 olu\u015fmas\u0131, G\u00f6z yorgunlu\u011fu ile karakteriz ba\u011f a\u011fr\u0131lar\u0131 G\u00f6zlerde fotosensitivite yani \u0131\u015f\u0131\u011fa kar\u015f\u0131 a\u015f\u0131r\u0131 hassasiyet.<\/span><\/p>\n<h1 class=\"brk-dark-font-color font__size-16 font__weight-normal line__height-26\"><span class=\"font__weight-light\">Keratokonus Hastal\u0131\u011f\u0131nda Tedavi \u00d6ncesi Yap\u0131lan Tetkik ve G\u00f6z Muayenesi<\/span><\/h1>\n<p class=\"brk-dark-font-color font__size-16 font__weight-normal line__height-26 mb-10\"><span style=\"font-size: 14pt;\">Damlal\u0131 ve damlas\u0131z k\u0131rma (refraksiyon) kusurunun analiz edilmesi, Kornea topografisi olan kornea \u00f6n alan y\u00fczey haritas\u0131n\u0131n \u00e7\u0131kar\u0131lmas\u0131 Kornea kal\u0131nl\u0131\u011f\u0131n\u0131n \u00f6l\u00e7\u00fcmlenmesi, Endotel h\u00fccrelerinin say\u0131m\u0131, G\u00f6z dibi yani fundus muayenesi ger\u00e7ekle\u015ftirilebilmektedir.<\/span><\/p>\n<h1 class=\"brk-dark-font-color font__size-16 font__weight-normal line__height-26\"><span class=\"font__weight-light\">Keratokonus Hastal\u0131\u011f\u0131n\u0131n Tedavisi ve Ameliyat\u0131 Hakk\u0131nda<\/span><\/h1>\n<p class=\"brk-dark-font-color font__size-16 font__weight-normal line__height-26 mb-10\"><span style=\"font-size: 14pt;\">Keratokonus hastal\u0131\u011f\u0131n\u0131n ilk evrelerinde \u00f6zel sert kontakt lensler kullan\u0131labilmektedir. Ancak kontakt lens kullan\u0131m\u0131 hastal\u0131\u011f\u0131n ilerlemesi s\u00fcrecini durdurmayabilir. Kontakt lensler, kornean\u0131n yap\u0131sal \u00f6zelli\u011fi olarak kornea merkezinin bombeli\u011fini d\u00fczeltir yani astigmat problemini \u00e7\u00f6zebilirler ve daha net bir g\u00f6r\u00fc\u015f elde edilmesini sa\u011flayabilirler. Ancak hastal\u0131\u011f\u0131n ilerleyen evresinde kontakt lens kullan\u0131m\u0131 yetersiz kalabilmektedir. Di\u011fer bir alternatif \u00e7\u00f6z\u00fcm olarak Intra Korneal Ring (INTACS) ad\u0131 verilen kornea i\u00e7i halka tedavisi uygulanabilir. Farkl\u0131 bir uygulama ise Kornea nakli ameliyatlar\u0131d\u0131r. Kornea nakli, ba\u011f\u0131\u015flar\u0131n \u00e7o\u011fu zaman yetersiz olmas\u0131, doku transplantasyonundan v\u00fccudun kornea dokusunu reddetme oran\u0131n\u0131n y\u00fcksekli\u011fi sebebi ile son a\u015famada tercih edilmesi gereken bir tedavi y\u00f6ntemidir.<\/span><\/p>\n<p class=\"brk-dark-font-color font__size-16 font__weight-normal line__height-26 mb-10\"><span style=\"font-size: 14pt;\">Son d\u00f6nemde teknolojinin ilerlemesi ile birlikte Corneal Cross Linking ad\u0131 verilen tedavi y\u00f6ntemi ile hastal\u0131\u011f\u0131n ilerlemesi durdurulabilmektedir. Burada \u00f6nemli olan hastal\u0131\u011f\u0131nda tedavi edilebilitesi de\u011fil, mevcut durumda hastal\u0131\u011f\u0131n ilerlemesinin durdurulmas\u0131d\u0131r. Dilerseniz bir sonraki yaz\u0131m\u0131z olan Keratokonus tedavisinde kullan\u0131lan y\u00f6ntemler yaz\u0131s\u0131ndan daha ayr\u0131nt\u0131l\u0131 bilgi edinebilirsiniz.<\/span><\/p>\n<\/div>\n","protected":false},"excerpt":{"rendered":"<p>Keratokonus tedavisinde hastalar\u0131n kontakt lenslerden yeterli fayday\u0131 sa\u011flayamad\u0131\u011f\u0131 durumlarda geli\u015fmi\u015f y\u00f6ntemlerden faydalan\u0131l\u0131r. Bu y\u00f6ntemler Kornea i\u00e7i halkalar ve Kornea Cross Linking y\u00f6ntemleridir. Keratokonus tedavisinde kullan\u0131lan geli\u015fmi\u015f y\u00f6ntemler yaz\u0131m\u0131zda bu iki y\u00f6ntemden bahsedece\u011fiz. Keratokonus Tedavisinde Kornea \u0130\u00e7i Halka Y\u00f6ntemi Keratokonus tedavisinde kullan\u0131lan korneal halkalar, yar\u0131m ay \u015feklinde olan ve iki k\u0131s\u0131mdan olu\u015fan \u00f6zel sistemlerdir. Kornea dokusu [&hellip;]<\/p>\n","protected":false},"author":2,"featured_media":0,"parent":1292,"menu_order":0,"comment_status":"closed","ping_status":"closed","template":"","meta":{"footnotes":""},"class_list":["post-1380","page","type-page","status-publish","hentry"],"acf":[],"_links":{"self":[{"href":"https:\/\/healthtourismcenterturkey.com\/tr_tr\/wp-json\/wp\/v2\/pages\/1380"}],"collection":[{"href":"https:\/\/healthtourismcenterturkey.com\/tr_tr\/wp-json\/wp\/v2\/pages"}],"about":[{"href":"https:\/\/healthtourismcenterturkey.com\/tr_tr\/wp-json\/wp\/v2\/types\/page"}],"author":[{"embeddable":true,"href":"https:\/\/healthtourismcenterturkey.com\/tr_tr\/wp-json\/wp\/v2\/users\/2"}],"replies":[{"embeddable":true,"href":"https:\/\/healthtourismcenterturkey.com\/tr_tr\/wp-json\/wp\/v2\/comments?post=1380"}],"version-history":[{"count":5,"href":"https:\/\/healthtourismcenterturkey.com\/tr_tr\/wp-json\/wp\/v2\/pages\/1380\/revisions"}],"predecessor-version":[{"id":2046,"href":"https:\/\/healthtourismcenterturkey.com\/tr_tr\/wp-json\/wp\/v2\/pages\/1380\/revisions\/2046"}],"up":[{"embeddable":true,"href":"https:\/\/healthtourismcenterturkey.com\/tr_tr\/wp-json\/wp\/v2\/pages\/1292"}],"wp:attachment":[{"href":"https:\/\/healthtourismcenterturkey.com\/tr_tr\/wp-json\/wp\/v2\/media?parent=1380"}],"curies":[{"name":"wp","href":"https:\/\/api.w.org\/{rel}","templated":true}]}}