{"id":1378,"date":"2020-08-30T11:02:05","date_gmt":"2020-08-30T11:02:05","guid":{"rendered":"http:\/\/healthtourismcenterturkey.com\/?page_id=1378"},"modified":"2020-11-25T19:06:35","modified_gmt":"2020-11-25T19:06:35","slug":"goz-beyazinda-sari-leke","status":"publish","type":"page","link":"https:\/\/healthtourismcenterturkey.com\/tr_tr\/goz-ameliyatlari\/goz-hastaliklari\/goz-beyazinda-sari-leke\/","title":{"rendered":"G\u00f6z Beyaz\u0131nda Sar\u0131 Leke"},"content":{"rendered":"<p>&nbsp;<\/p>\n<div class=\"col-12 col-lg-6\">\n<p><span style=\"font-size: 14pt;\">G\u00f6z beyaz\u0131 \u00fczerinde genellikle burun taraf\u0131ndan g\u00f6r\u00fclen ve halk aras\u0131nda g\u00f6z beyaz\u0131nda sar\u0131 leke olarak ifade edilen rahats\u0131zl\u0131\u011fa Latincede pinguekula ad\u0131 verilmektedir. \u0130nsanlar\u0131 hem estetik hemde yanma, batma \u015fikayetleri ile rahats\u0131z eden g\u00f6z beyaz\u0131nda sar\u0131 leke pinguekula rahats\u0131zl\u0131\u011f\u0131, g\u00f6z\u00fcn \u00f6n y\u00fcz\u00fcnde ya\u011f birikmesi ve ya\u011f dokusu olu\u015fumuna ba\u011fl\u0131 bir rahats\u0131zl\u0131kt\u0131r.<\/span><\/p>\n<h2>\u00a0G\u00f6z Beyaz\u0131nda Sar\u0131 Leke Belirtileri Nelerdir?<\/h2>\n<p><span style=\"font-size: 14pt;\">Hastalar g\u00f6z \u00f6n y\u00fcz\u00fcnde, g\u00f6z beyaz\u0131nda sar\u0131 renkli genel olarak s\u0131n\u0131rlar\u0131 belirgin bir kitle varl\u0131\u011f\u0131 ile g\u00f6z doktoruna ba\u015fvurmaktad\u0131rlar. G\u00f6zde batma hissi, yanma hissi, bask\u0131 hissi gibi \u015fikayetlerle g\u00f6z doktoru muayenesine gelmektedirler.<\/span><\/p>\n<h2>\u00a0G\u00f6zde Et B\u00fcy\u00fcmesi (Pterjium) Hastal\u0131\u011f\u0131 \u0130le Afark\u0131 Nedir?<\/h2>\n<p><span style=\"font-size: 14pt;\">G\u00f6zde et b\u00fcy\u00fcmesi rahats\u0131zl\u0131\u011f\u0131nda kitle, g\u00f6z ile burunun birle\u015fti\u011fi noktada \u015fi\u015flik olu\u015fturarak kornea \u00fczerine invazyon yani yay\u0131lma yapar. G\u00f6z beyaz\u0131nda sar\u0131 leke olarak ifade edilen pinguekula rahats\u0131zl\u0131\u011f\u0131nda ise g\u00f6z beyaz\u0131nda zamanla b\u00fcy\u00fcyen, belirgin s\u0131n\u0131rlar\u0131 olan sar\u0131mtrak renkli bir kitle olu\u015fmaktad\u0131r.<\/span><\/p>\n<h2>\u00a0G\u00f6z Beyaz\u0131nda Sar\u0131 Leke (Pinguekula) Hastal\u0131\u011f\u0131 Nas\u0131l Tedavi Edilir?<\/h2>\n<p><span style=\"font-size: 14pt;\">G\u00f6z beyaz\u0131nda sar\u0131 leke daha yeni geli\u015fiyorsa batma ve yanma hissinin azalt\u0131lmas\u0131 i\u00e7in g\u00f6z damlalar\u0131 ile tedavi edilmektedir. Sar\u0131 kitlenin b\u00fcy\u00fcd\u00fc\u011f\u00fc durumlarda da kitleyi g\u00f6zden alma yoluna gidilip, hasta isterse ameliyat\u0131 yap\u0131labilir.<\/span><\/p>\n<p>&nbsp;<\/p>\n<\/div>\n<div class=\"col-12 col-lg-6\"><img loading=\"lazy\" decoding=\"async\" class=\"alignnone size-full wp-image-1589\" src=\"http:\/\/healthtourismcenterturkey.com\/wp-content\/uploads\/2020\/09\/585x678_2-1-1.jpg\" alt=\"\" width=\"585\" height=\"678\" srcset=\"https:\/\/healthtourismcenterturkey.com\/wp-content\/uploads\/2020\/09\/585x678_2-1-1.jpg 585w, https:\/\/healthtourismcenterturkey.com\/wp-content\/uploads\/2020\/09\/585x678_2-1-1-259x300.jpg 259w\" sizes=\"(max-width: 585px) 100vw, 585px\" \/><\/div>\n","protected":false},"excerpt":{"rendered":"<p>&nbsp; G\u00f6z beyaz\u0131 \u00fczerinde genellikle burun taraf\u0131ndan g\u00f6r\u00fclen ve halk aras\u0131nda g\u00f6z beyaz\u0131nda sar\u0131 leke olarak ifade edilen rahats\u0131zl\u0131\u011fa Latincede pinguekula ad\u0131 verilmektedir. \u0130nsanlar\u0131 hem estetik hemde yanma, batma \u015fikayetleri ile rahats\u0131z eden g\u00f6z beyaz\u0131nda sar\u0131 leke pinguekula rahats\u0131zl\u0131\u011f\u0131, g\u00f6z\u00fcn \u00f6n y\u00fcz\u00fcnde ya\u011f birikmesi ve ya\u011f dokusu olu\u015fumuna ba\u011fl\u0131 bir rahats\u0131zl\u0131kt\u0131r. \u00a0G\u00f6z Beyaz\u0131nda Sar\u0131 Leke [&hellip;]<\/p>\n","protected":false},"author":2,"featured_media":0,"parent":1292,"menu_order":0,"comment_status":"closed","ping_status":"closed","template":"","meta":{"footnotes":""},"class_list":["post-1378","page","type-page","status-publish","hentry"],"acf":[],"_links":{"self":[{"href":"https:\/\/healthtourismcenterturkey.com\/tr_tr\/wp-json\/wp\/v2\/pages\/1378"}],"collection":[{"href":"https:\/\/healthtourismcenterturkey.com\/tr_tr\/wp-json\/wp\/v2\/pages"}],"about":[{"href":"https:\/\/healthtourismcenterturkey.com\/tr_tr\/wp-json\/wp\/v2\/types\/page"}],"author":[{"embeddable":true,"href":"https:\/\/healthtourismcenterturkey.com\/tr_tr\/wp-json\/wp\/v2\/users\/2"}],"replies":[{"embeddable":true,"href":"https:\/\/healthtourismcenterturkey.com\/tr_tr\/wp-json\/wp\/v2\/comments?post=1378"}],"version-history":[{"count":4,"href":"https:\/\/healthtourismcenterturkey.com\/tr_tr\/wp-json\/wp\/v2\/pages\/1378\/revisions"}],"predecessor-version":[{"id":2043,"href":"https:\/\/healthtourismcenterturkey.com\/tr_tr\/wp-json\/wp\/v2\/pages\/1378\/revisions\/2043"}],"up":[{"embeddable":true,"href":"https:\/\/healthtourismcenterturkey.com\/tr_tr\/wp-json\/wp\/v2\/pages\/1292"}],"wp:attachment":[{"href":"https:\/\/healthtourismcenterturkey.com\/tr_tr\/wp-json\/wp\/v2\/media?parent=1378"}],"curies":[{"name":"wp","href":"https:\/\/api.w.org\/{rel}","templated":true}]}}