{"id":1355,"date":"2020-08-30T10:14:09","date_gmt":"2020-08-30T10:14:09","guid":{"rendered":"http:\/\/healthtourismcenterturkey.com\/?page_id=1355"},"modified":"2020-11-25T18:24:07","modified_gmt":"2020-11-25T18:24:07","slug":"goz-kurulugu","status":"publish","type":"page","link":"https:\/\/healthtourismcenterturkey.com\/tr_tr\/goz-ameliyatlari\/goz-hastaliklari\/goz-kurulugu\/","title":{"rendered":"G\u00f6z Kurulu\u011fu"},"content":{"rendered":"<div class=\"row pt-80\">\n<div class=\"col-12 col-lg-6\">\n<h1 class=\"font__family-montserrat font__size-28 line__height-32 text-uppercase mb-35\"><span class=\"font__weight-light\">G\u00d6Z KURULU\u011eU TEDAV\u0130S\u0130<\/span><\/h1>\n<p class=\"brk-dark-font-color font__size-16 font__weight-normal line__height-26 mb-10\"><span style=\"font-size: 14pt;\">Kuru g\u00f6z sendromu ya da di\u011fer ad\u0131yla G\u00f6z kurulu\u011fu g\u00f6z ya\u015f\u0131n\u0131n yeterli \u00fcretilememesi, g\u00f6zya\u015f\u0131n\u0131n yeterli kalitede olmay\u0131\u015f\u0131 ile g\u00f6z \u00fczerinde nitelik bir tabaka olu\u015fturamay\u0131\u015f\u0131 sonucu olu\u015fan rahats\u0131zl\u0131\u011f\u0131n ad\u0131d\u0131r. Kuru g\u00f6z rahats\u0131zl\u0131\u011f\u0131 \u00f6zellikle end\u00fcstriyel toplumun geli\u015fimi ile birlikte insidans\u0131 (g\u00f6r\u00fclme s\u0131kl\u0131\u011f\u0131) artm\u0131\u015f olan bir rahats\u0131zl\u0131kt\u0131r. Kuru g\u00f6z hastal\u0131\u011f\u0131n\u0131n te\u015fhisi ve tedavisi i\u00e7in bir g\u00f6z hastal\u0131klar\u0131 ve cerrahisi uzman\u0131n\u0131n muayenesi gereklidir.<\/span><\/p>\n<h2 class=\"brk-dark-font-color font__size-16 font__weight-normal line__height-26\"><span class=\"font__weight-light\">Kuru G\u00f6z ve G\u00f6z Ya\u015f\u0131<\/span><\/h2>\n<p class=\"brk-dark-font-color font__size-16 font__weight-normal line__height-26 mb-10\"><span style=\"font-size: 14pt;\">G\u00f6zya\u015f\u0131 %97.8 su, %0.9 sodyum klor\u00fcr ve %0.4\u2019\u00fc proteinden olu\u015fan, (glob\u00fclin, alb\u00fcmin vb.) v\u00fccut s\u0131v\u0131lar\u0131 ile ayn\u0131 ozmotik bas\u0131nca sahip s\u0131v\u0131d\u0131r. G\u00f6z\u00fcn nemlenmesini sa\u011flamaktad\u0131r. G\u00f6z, g\u00f6zya\u015f\u0131 ile d\u00fczenli bir \u015fekilde y\u0131kanmaktad\u0131r. Ayr\u0131ca g\u00f6z y\u00fczeyinde olu\u015fabilecek herhangi bir enfeksiyonun \u00f6nlenmesine yard\u0131mc\u0131 olmakta, g\u00f6z y\u00fczeyine gelen par\u00e7ac\u0131klar\u0131n adezyon kuvveti ile g\u00f6z y\u00fczeyine yap\u0131\u015fmas\u0131n\u0131 engellemektedir.<\/span><\/p>\n<h2 class=\"brk-dark-font-color font__size-16 font__weight-normal line__height-26\"><span class=\"font__weight-light\">G\u00f6z Ya\u015f\u0131 Kurulu\u011fu Nas\u0131l Olu\u015fmaktad\u0131r<\/span><\/h2>\n<p class=\"brk-dark-font-color font__size-16 font__weight-normal line__height-26\"><span style=\"font-size: 14pt;\">G\u00fcn\u00fcm\u00fcz toplumunda gerek sera gazlar\u0131n\u0131n etkisi, gerek soludu\u011fumuz havan\u0131n kalitesizle\u015fmesi, gerek sanayi toplumu olmam\u0131z\u0131n yaratt\u0131\u011f\u0131 olumsuz sa\u011fl\u0131k ko\u015fullar\u0131 ile g\u00f6zya\u015f\u0131 bezimiz nitelikli bir g\u00f6z y\u0131kamas\u0131 yapamayabilmektedir. Kuru g\u00f6z sendromu ya da halk aras\u0131nda g\u00f6z kurulu\u011fu olarak bilinen rahats\u0131zl\u0131k ileri ya\u015f d\u00f6neminde ve masaba\u015f\u0131 bilgisayar ba\u015f\u0131nda yo\u011funluklu i\u015f yapan bireylerde daha s\u0131kl\u0131kla g\u00f6r\u00fclen bir rahats\u0131zl\u0131kt\u0131r. \u00d6zellikle menapoz sonras\u0131 kad\u0131nlarda daha s\u0131kl\u0131kla g\u00f6r\u00fclmektedir. Geli\u015fmemi\u015f \u00fclkelerde A vitamini eksikli\u011fine ba\u011fl\u0131 kuru g\u00f6z vakalar\u0131 g\u00f6zlemlenmi\u015ftir.<\/span><\/p>\n<\/div>\n<\/div>\n<div class=\"col-12 col-lg-6\"><\/div>\n<div><img loading=\"lazy\" decoding=\"async\" class=\"alignnone size-full wp-image-1543\" src=\"http:\/\/healthtourismcenterturkey.com\/wp-content\/uploads\/2020\/09\/585x678_2-13.jpg\" alt=\"\" width=\"585\" height=\"678\" srcset=\"https:\/\/healthtourismcenterturkey.com\/wp-content\/uploads\/2020\/09\/585x678_2-13.jpg 585w, https:\/\/healthtourismcenterturkey.com\/wp-content\/uploads\/2020\/09\/585x678_2-13-259x300.jpg 259w\" sizes=\"(max-width: 585px) 100vw, 585px\" \/><\/div>\n<div><\/div>\n<div class=\"overflow-hid position-static position-lg-relative pb-100\">\n<p class=\"brk-dark-font-color font__size-16 font__weight-normal line__height-26 mb-30\"><span style=\"font-size: 14pt;\">Ayr\u0131ca antihistaminikler, betablokorler ve di\u00fcretikler gibi ila\u00e7 gruplar\u0131n\u0131n kullan\u0131m\u0131 kuru g\u00f6z rahats\u0131zl\u0131\u011f\u0131n\u0131n geli\u015fmesine neden olabilmektedir.<\/span><\/p>\n<h2 class=\"brk-dark-font-color font__size-16 font__weight-normal line__height-26\"><span class=\"font__weight-light\">G\u00f6z Ya\u015f\u0131 Kurulu\u011fu Belirtileri<\/span><\/h2>\n<h3 class=\"brk-dark-font-color font__size-16 font__weight-normal line__height-26 mb-10\">Kuru g\u00f6z sendromunun ki\u015finin kendisinin de anlayabilece\u011fi belirgin belirtileri vard\u0131r.Bunlar;<\/h3>\n<ul>\n<li class=\"brk-dark-font-color font__size-16 font__weight-normal line__height-26\"><span class=\"font__weight-light\" style=\"font-size: 14pt;\">\u00a0G\u00f6zde batma hissi ve yanma hissinin geli\u015fmesi<\/span><\/li>\n<li class=\"brk-dark-font-color font__size-16 font__weight-normal line__height-26\"><span class=\"font__weight-light\" style=\"font-size: 14pt;\">\u00a0G\u00f6z i\u00e7inde ve \u00e7evresinde viskoz, yo\u011fun ve ak\u0131\u015fkan bir s\u0131v\u0131n\u0131n olmas\u0131<\/span><\/li>\n<li class=\"brk-dark-font-color font__size-16 font__weight-normal line__height-26\"><span class=\"font__weight-light\" style=\"font-size: 14pt;\">\u00a0G\u00f6z i\u00e7inde k\u0131zar\u0131kl\u0131k<\/span><\/li>\n<li class=\"brk-dark-font-color font__size-16 font__weight-normal line__height-26\"><span class=\"font__weight-light\" style=\"font-size: 14pt;\">\u00a0Kontakt lens kullan\u0131l\u0131yorsa lens kullan\u0131m\u0131nda batma hissinin art\u0131\u015f\u0131<\/span><\/li>\n<li class=\"brk-dark-font-color font__size-16 font__weight-normal line__height-26 mb-10\"><span class=\"font__weight-light\" style=\"font-size: 14pt;\">\u00a0Baz\u0131 d\u00f6nemlerde a\u015f\u0131r\u0131 ya\u015farma ve yorgunluk hissinin olu\u015fmas\u0131<\/span><\/li>\n<\/ul>\n<p>&nbsp;<\/p>\n<p class=\"brk-dark-font-color font__size-16 font__weight-normal line__height-26 mb-10\"><span style=\"font-size: 14pt;\">Kuru g\u00f6z (g\u00f6z kurulu\u011fu) schirmer testi ile \u00f6l\u00e7\u00fclmektedir. Schirmer testi g\u00f6z hastal\u0131klar\u0131 ve cerrahisi uzman\u0131 hekimince yap\u0131labilmektedir. Genel olarak 10 milimetre ve \u00fcst\u00fc hastalarda kuru g\u00f6z varl\u0131\u011f\u0131ndan s\u00f6z edilmezken, 5 milimetre ve daha d\u00fc\u015f\u00fck sonu\u00e7larda kuru g\u00f6z varl\u0131\u011f\u0131ndan s\u00f6z edilebilmektedir. Kuru g\u00f6z rahats\u0131zl\u0131\u011f\u0131n\u0131n tam te\u015fhisi i\u00e7in bir g\u00f6z hekiminin kontrol\u00fc \u00f6nemlidir. G\u00f6z ya\u015f\u0131 k\u0131r\u0131lma zaman\u0131 da g\u00f6zya\u015f\u0131 kurulu\u011fu te\u015fhisi i\u00e7in bilinen y\u00f6ntemlerdendir. Boyar madde damlat\u0131lmas\u0131 ile hemen belirgin kuruluklar\u0131n olu\u015fmas\u0131 kuru g\u00f6z a\u00e7\u0131s\u0131ndan pozitif sonucu (hastal\u0131\u011f\u0131n varl\u0131\u011f\u0131n\u0131) ortaya koymaktad\u0131r.<\/span><\/p>\n<h2 class=\"brk-dark-font-color font__size-16 font__weight-normal line__height-26\"><span class=\"font__weight-light\">Kuru G\u00f6z &#8211; G\u00f6z Kurulu\u011fu Rahats\u0131zl\u0131\u011f\u0131n\u0131n Tedavisi<\/span><\/h2>\n<p class=\"brk-dark-font-color font__size-16 font__weight-normal line__height-26 mb-10\"><span style=\"font-size: 14pt;\">G\u00f6zya\u015f\u0131 kurulu\u011funun tedavisi i\u00e7in en \u00e7ok kullan\u0131lan y\u00f6ntem, suni g\u00f6zya\u015f\u0131 preparatlar\u0131d\u0131r. Bu g\u00f6z damlalar\u0131 g\u00f6zya\u015f\u0131 ile ayn\u0131 ozmotik bas\u0131nca sahip \u00fcr\u00fcnlerdir ve g\u00f6zya\u015f\u0131n\u0131 g\u00f6z i\u00e7inde taklit ederler. Bu sayede g\u00f6z i\u00e7i sunu g\u00f6zya\u015f\u0131 damlalar\u0131 ile istenilen s\u0131v\u0131 yo\u011funlu\u011funa ve nemli ortama ula\u015ft\u0131r\u0131lm\u0131\u015f olmaktad\u0131r. Suni g\u00f6zya\u015f\u0131 se\u00e7imi sizin bireysel \u00f6zelliklerinize ve hastal\u0131\u011f\u0131n\u0131z\u0131n durumuna uygun olarak g\u00f6z hekiminiz taraf\u0131ndan belirlenmelidir. G\u00fcnde ka\u00e7 kez ve nas\u0131l kullan\u0131laca\u011f\u0131 ile ilgili bilgi de yine hekiminiz taraf\u0131ndan belirlenmelidir. Di\u011fer y\u00f6ntemler aras\u0131nda g\u00f6z ya\u015f\u0131n\u0131n korunmas\u0131 i\u00e7in g\u00f6z\u00fcn buruna akt\u0131\u011f\u0131 kanal\u0131n t\u0131kanmas\u0131 vb. y\u00f6ntemler de uygulama konular\u0131 aras\u0131nda yer almaktad\u0131r. Ayr\u0131ca kuru g\u00f6z hastas\u0131n\u0131n kendini klima, soba, sigara gibi \u00e7evresel etkenlerden korumas\u0131 da gerekmektedir. Kuru g\u00f6z ya da G\u00f6zya\u015f\u0131 kurulu\u011fu i\u00e7in Net G\u00f6z ile ileti\u015fime ge\u00e7in. Kuru g\u00f6z ya da G\u00f6zya\u015f\u0131 kurulu\u011funun te\u015fhisi ve tedavisi i\u00e7in 0 544 535 43 31 numaral\u0131 telefondan Net G\u00f6z ile ileti\u015fime ge\u00e7ebilirsiniz.<\/span><\/p>\n<\/div>\n<p>&nbsp;<\/p>\n","protected":false},"excerpt":{"rendered":"<p>G\u00d6Z KURULU\u011eU TEDAV\u0130S\u0130 Kuru g\u00f6z sendromu ya da di\u011fer ad\u0131yla G\u00f6z kurulu\u011fu g\u00f6z ya\u015f\u0131n\u0131n yeterli \u00fcretilememesi, g\u00f6zya\u015f\u0131n\u0131n yeterli kalitede olmay\u0131\u015f\u0131 ile g\u00f6z \u00fczerinde nitelik bir tabaka olu\u015fturamay\u0131\u015f\u0131 sonucu olu\u015fan rahats\u0131zl\u0131\u011f\u0131n ad\u0131d\u0131r. Kuru g\u00f6z rahats\u0131zl\u0131\u011f\u0131 \u00f6zellikle end\u00fcstriyel toplumun geli\u015fimi ile birlikte insidans\u0131 (g\u00f6r\u00fclme s\u0131kl\u0131\u011f\u0131) artm\u0131\u015f olan bir rahats\u0131zl\u0131kt\u0131r. Kuru g\u00f6z hastal\u0131\u011f\u0131n\u0131n te\u015fhisi ve tedavisi i\u00e7in bir [&hellip;]<\/p>\n","protected":false},"author":2,"featured_media":0,"parent":1292,"menu_order":0,"comment_status":"closed","ping_status":"closed","template":"","meta":{"footnotes":""},"class_list":["post-1355","page","type-page","status-publish","hentry"],"acf":[],"_links":{"self":[{"href":"https:\/\/healthtourismcenterturkey.com\/tr_tr\/wp-json\/wp\/v2\/pages\/1355"}],"collection":[{"href":"https:\/\/healthtourismcenterturkey.com\/tr_tr\/wp-json\/wp\/v2\/pages"}],"about":[{"href":"https:\/\/healthtourismcenterturkey.com\/tr_tr\/wp-json\/wp\/v2\/types\/page"}],"author":[{"embeddable":true,"href":"https:\/\/healthtourismcenterturkey.com\/tr_tr\/wp-json\/wp\/v2\/users\/2"}],"replies":[{"embeddable":true,"href":"https:\/\/healthtourismcenterturkey.com\/tr_tr\/wp-json\/wp\/v2\/comments?post=1355"}],"version-history":[{"count":6,"href":"https:\/\/healthtourismcenterturkey.com\/tr_tr\/wp-json\/wp\/v2\/pages\/1355\/revisions"}],"predecessor-version":[{"id":2039,"href":"https:\/\/healthtourismcenterturkey.com\/tr_tr\/wp-json\/wp\/v2\/pages\/1355\/revisions\/2039"}],"up":[{"embeddable":true,"href":"https:\/\/healthtourismcenterturkey.com\/tr_tr\/wp-json\/wp\/v2\/pages\/1292"}],"wp:attachment":[{"href":"https:\/\/healthtourismcenterturkey.com\/tr_tr\/wp-json\/wp\/v2\/media?parent=1355"}],"curies":[{"name":"wp","href":"https:\/\/api.w.org\/{rel}","templated":true}]}}