{"id":1351,"date":"2020-08-30T10:13:15","date_gmt":"2020-08-30T10:13:15","guid":{"rendered":"http:\/\/healthtourismcenterturkey.com\/?page_id=1351"},"modified":"2022-03-24T18:48:01","modified_gmt":"2022-03-24T18:48:01","slug":"glokom-hfds","status":"publish","type":"page","link":"https:\/\/healthtourismcenterturkey.com\/tr_tr\/goz-ameliyatlari\/goz-hastaliklari\/glokom-hfds\/","title":{"rendered":"Glokom HFDS"},"content":{"rendered":"<h3 class=\"font__family-montserrat font__size-28 line__height-32 text-uppercase mb-35\"><span class=\"font__weight-light\">G\u00d6Z TANS\u0130YONU &#8211; GLOKOM TEDAV\u0130S\u0130NDE YEN\u0130 B\u0130R Y\u00d6NTEM :\u00a0<\/span><\/h3>\n<h3><span class=\"font__weight-bold\">HFDS (High Frequency Deep Sklerotomy)<\/span><\/h3>\n<p><span style=\"font-size: 14pt;\">Glokomun g\u00f6z i\u00e7i s\u0131v\u0131 bas\u0131n\u00e7 y\u00fcksekli\u011fini takiben g\u00f6rme sinirinde meydana gelen ilerleyici hasar olarak tan\u0131mland\u0131\u011f\u0131n\u0131, tedavi edilmedi\u011fi taktirde g\u00f6rme kayb\u0131 ve k\u00f6rl\u00fc\u011fe neden olabilice\u011fini s\u00f6yleyen \u00d6zel Net G\u00f6z Cerrahi T\u0131p Merkezi&#8217;nden G\u00f6z Hastal\u0131klar\u0131 Uzman\u0131 Op. Dr. Mehmet Mercan, her ya\u015fta g\u00f6r\u00fclebilen glokomun 40 ya\u015f ve \u00fcst\u00fc grupta daha s\u0131k g\u00f6r\u00fcld\u00fc\u011f\u00fcn\u00fc belirtti. D\u00fcnyada geli\u015fmi\u015f sa\u011fl\u0131k merkezlerinde kullan\u0131lan ve T\u00fcrkiye&#8217;de de say\u0131l\u0131 merkezde olan HFDS y\u00f6ntemi ile g\u00fcvenli ve konforlu tedavi edilebildi\u011fini ve y\u00fcz g\u00fcld\u00fcren sonu\u00e7lar al\u0131nd\u0131\u011f\u0131n\u0131 s\u00f6yledi.<\/span><\/p>\n<p>&nbsp;<\/p>\n<p><img loading=\"lazy\" decoding=\"async\" class=\"alignnone size-full wp-image-2181\" src=\"https:\/\/healthtourismcenterturkey.com\/wp-content\/uploads\/2022\/03\/glokom.jpg\" alt=\"\" width=\"700\" height=\"425\" srcset=\"https:\/\/healthtourismcenterturkey.com\/wp-content\/uploads\/2022\/03\/glokom.jpg 700w, https:\/\/healthtourismcenterturkey.com\/wp-content\/uploads\/2022\/03\/glokom-300x182.jpg 300w\" sizes=\"(max-width: 700px) 100vw, 700px\" \/><\/p>\n<h3><span class=\"font__weight-bold\">\u00d6NEML\u0130 B\u0130R HASTALIK<\/span><\/h3>\n<p><span style=\"font-size: 14pt;\">Halk aras\u0131nda g\u00f6z tansiyonu olarak bilinen glokom hastal\u0131\u011f\u0131n\u0131n k\u00f6rl\u00fckle sonu\u00e7lanabilen \u00f6nemli bir g\u00f6z hastal\u0131\u011f\u0131 oldu\u011funu belirten Op. Dr. Mercan, &#8220;G\u00f6z tansiyonu y\u00fcksekli\u011fi, zamanla g\u00f6rme sinirini tahrip ederek hastalar\u0131n \u00e7evre g\u00f6rmesini bozar ve tedavi edilmedi\u011finde k\u00f6rl\u00fckle sonu\u00e7lan\u0131r. Maalesef hastalar bu g\u00f6rme alan\u0131 defektlerini son d\u00f6neme kadar hissetmezler. Erken te\u015fhis ve tedaviye erken ba\u015flanmas\u0131 hastalar\u0131n g\u00f6rme d\u00fczeyi ve g\u00f6rme kalitesi a\u00e7\u0131s\u0131ndan \u00e7ok \u00f6nemlidir&#8221; dedi.<\/span><\/p>\n<p>&nbsp;<\/p>\n<h3><span class=\"font__weight-bold\">KOMPL\u0130KASYON R\u0130SK\u0130<\/span><\/h3>\n<p><span style=\"font-size: 14pt;\">G\u00f6z tansiyonunda tedaviye ilk olarak g\u00f6z damlalar\u0131 ile ba\u015fland\u0131\u011f\u0131n\u0131 belirten Op. Dr. Mercan, &#8220;Yeni geli\u015ftirilen bir y\u00f6ntem olan HFDS ile g\u00f6zi\u00e7i bas\u0131nc\u0131 etkili bir \u015fekilde d\u00fc\u015f\u00fcr\u00fcl\u00fcr. Bu y\u00f6ntem, hastan\u0131n g\u00f6z tansiyonu damlalar\u0131na ba\u011f\u0131ml\u0131l\u0131\u011f\u0131n\u0131 azalt\u0131r veya tamamen ortadan kald\u0131r\u0131r. Ayr\u0131ca, g\u00f6z tansiyonu ameliyatlar\u0131na g\u00f6re komplikasyon riski \u00e7ok d\u00fc\u015f\u00fck; uygulamas\u0131 daha kolay ve daha k\u0131sa s\u00fcreli bir giri\u015fimdir&#8221; dedi. Y\u00f6ntemin komplikasyon oran\u0131n\u0131n di\u011fer giri\u015fimlere g\u00f6re \u00e7ok daha d\u00fc\u015f\u00fck olmas\u0131 ve etkinli\u011finin olduk\u00e7a g\u00fc\u00e7l\u00fc olmas\u0131 gibi sebeplerle gerek hastalar, gerekse g\u00f6z hekimleri a\u00e7\u0131s\u0131ndan olduk\u00e7a y\u00fcz g\u00fcld\u00fcr\u00fcc\u00fc oldu\u011funu belirten Op. Dr. Mercan, &#8220;Y\u00f6ntemi klini\u011fimizde uygun hasta grubuna bu tedaviyi uygulamaktay\u0131z&#8221; dedi.<\/span><\/p>\n<p>&nbsp;<\/p>\n","protected":false},"excerpt":{"rendered":"<p>G\u00d6Z TANS\u0130YONU &#8211; GLOKOM TEDAV\u0130S\u0130NDE YEN\u0130 B\u0130R Y\u00d6NTEM :\u00a0 HFDS (High Frequency Deep Sklerotomy) Glokomun g\u00f6z i\u00e7i s\u0131v\u0131 bas\u0131n\u00e7 y\u00fcksekli\u011fini takiben g\u00f6rme sinirinde meydana gelen ilerleyici hasar olarak tan\u0131mland\u0131\u011f\u0131n\u0131, tedavi edilmedi\u011fi taktirde g\u00f6rme kayb\u0131 ve k\u00f6rl\u00fc\u011fe neden olabilice\u011fini s\u00f6yleyen \u00d6zel Net G\u00f6z Cerrahi T\u0131p Merkezi&#8217;nden G\u00f6z Hastal\u0131klar\u0131 Uzman\u0131 Op. Dr. Mehmet Mercan, her ya\u015fta g\u00f6r\u00fclebilen [&hellip;]<\/p>\n","protected":false},"author":2,"featured_media":0,"parent":1292,"menu_order":0,"comment_status":"closed","ping_status":"closed","template":"","meta":{"footnotes":""},"class_list":["post-1351","page","type-page","status-publish","hentry"],"acf":[],"_links":{"self":[{"href":"https:\/\/healthtourismcenterturkey.com\/tr_tr\/wp-json\/wp\/v2\/pages\/1351"}],"collection":[{"href":"https:\/\/healthtourismcenterturkey.com\/tr_tr\/wp-json\/wp\/v2\/pages"}],"about":[{"href":"https:\/\/healthtourismcenterturkey.com\/tr_tr\/wp-json\/wp\/v2\/types\/page"}],"author":[{"embeddable":true,"href":"https:\/\/healthtourismcenterturkey.com\/tr_tr\/wp-json\/wp\/v2\/users\/2"}],"replies":[{"embeddable":true,"href":"https:\/\/healthtourismcenterturkey.com\/tr_tr\/wp-json\/wp\/v2\/comments?post=1351"}],"version-history":[{"count":7,"href":"https:\/\/healthtourismcenterturkey.com\/tr_tr\/wp-json\/wp\/v2\/pages\/1351\/revisions"}],"predecessor-version":[{"id":2182,"href":"https:\/\/healthtourismcenterturkey.com\/tr_tr\/wp-json\/wp\/v2\/pages\/1351\/revisions\/2182"}],"up":[{"embeddable":true,"href":"https:\/\/healthtourismcenterturkey.com\/tr_tr\/wp-json\/wp\/v2\/pages\/1292"}],"wp:attachment":[{"href":"https:\/\/healthtourismcenterturkey.com\/tr_tr\/wp-json\/wp\/v2\/media?parent=1351"}],"curies":[{"name":"wp","href":"https:\/\/api.w.org\/{rel}","templated":true}]}}