{"id":1349,"date":"2020-08-30T10:12:27","date_gmt":"2020-08-30T10:12:27","guid":{"rendered":"http:\/\/healthtourismcenterturkey.com\/?page_id=1349"},"modified":"2020-09-04T22:24:17","modified_gmt":"2020-09-04T22:24:17","slug":"sari-nokta","status":"publish","type":"page","link":"https:\/\/healthtourismcenterturkey.com\/tr_tr\/goz-ameliyatlari\/goz-hastaliklari\/sari-nokta\/","title":{"rendered":"Sar\u0131 Nokta"},"content":{"rendered":"<div class=\"row pt-80\">\n<div class=\"col-12 col-lg-6\">\n<h1 class=\"font__family-montserrat font__size-28 line__height-32 text-uppercase mb-35\"><span class=\"font__weight-light\">SARI NOKTA HASTALI\u011eI<\/span><\/h1>\n<p class=\"brk-dark-font-color font__size-16 font__weight-normal line__height-26 mb-10\"><span style=\"font-size: 14pt;\">Sar\u0131 nokta hastal\u0131\u011f\u0131 \u00e7a\u011f\u0131m\u0131zda giderek daha fazla \u00f6nem arz etmektedir. \u0130nsan \u00f6mr\u00fcn\u00fcn uzamas\u0131, hastal\u0131\u011f\u0131n daha fazla g\u00f6r\u00fclmesini de beraberinde getirmi\u015ftir. Ad\u0131ndan da anla\u015f\u0131labilece\u011fi \u00fczere bu bir ya\u015flanma hastal\u0131\u011f\u0131d\u0131r. Tan\u0131da kullan\u0131lan cihazlar\u0131n geli\u015fmesi, \u0130ntra Vitreal ANT\u0130 VEGF (g\u00f6z i\u00e7i s\u0131v\u0131s\u0131na anti vask\u00fcler endotelyal b\u00fcy\u00fcme fakt\u00f6r\u00fc) enjeksiyonu ve mikron\u00fctrisyon tedavilerindeki geli\u015fmeler biz g\u00f6z hekimlerinin giderek daha fazla zaman\u0131m\u0131z\u0131 bu hastal\u0131\u011fa ay\u0131rmam\u0131z\u0131 zorunlu k\u0131lm\u0131\u015ft\u0131r.<\/span><\/p>\n<p class=\"brk-dark-font-color font__size-16 font__weight-normal line__height-26 mb-10\"><span style=\"font-size: 14pt;\">Ya\u015fa Ba\u011fl\u0131 Makula Dejenerasyonu\u2019nda genetik fakt\u00f6rlerin etkisi bilimsel olarak kan\u0131tlanmakla birlikte sistemik olarak dejeneratif sonu\u00e7lar do\u011furan \u201chipertansiyon\u201d ve \u201cdiabet (\u015feker hastal\u0131\u011f\u0131)\u201d olan hastalarda daha fazla ve daha erken ya\u015flarda g\u00f6r\u00fcld\u00fc\u011f\u00fcn\u00fc belirtebiliriz. Ya\u015fa Ba\u011fl\u0131 Makula Dejenerasyonu (Sar\u0131 Nokta Hastal\u0131\u011f\u0131) birbirine ge\u00e7i\u015fler g\u00f6stermekle birlikte iki tip olarak incelenir;<\/span><\/p>\n<h3 class=\"brk-dark-font-color font__size-16 font__weight-normal line__height-26\"><span class=\"font__weight-light\">1 \u2013 Kuru Tip (YBMD)<\/span><\/h3>\n<p class=\"brk-dark-font-color font__size-16 font__weight-normal line__height-26 mb-10\"><span style=\"font-size: 14pt;\">D\u00fcnyada geli\u015fmi\u015f \u00fclkelerde en s\u0131k kullan\u0131lan y\u00f6ntemdir. Ultrasonik ses dalgalar\u0131yla katarakt dokusunun eritilmesi prensibiyle \u00e7al\u0131\u015f\u0131r. FAKOem\u00fclsifikasyon tekni\u011finde g\u00f6ze yakla\u015f\u0131k 2,5 mm korneal kesi yap\u0131l\u0131r ve g\u00f6ze diki\u015f at\u0131lmaz. Cerrah\u0131n tecr\u00fcbesine ihtiya\u00e7 olan bir y\u00f6ntemdir.<\/span><\/p>\n<h3 class=\"brk-dark-font-color font__size-16 font__weight-normal line__height-26\"><span class=\"font__weight-light\">2 \u2013 Ya\u015f Tip (YBMD)<\/span><\/h3>\n<p class=\"brk-dark-font-color font__size-16 font__weight-normal line__height-26\"><span style=\"font-size: 14pt;\">Ya\u015f tip Ya\u015fa Ba\u011fl\u0131 Makula Dejenerasyonu olduk\u00e7a h\u0131zl\u0131 ilerler. Bu y\u00fczden s\u0131k takip ve muayene \u00f6enmlidir. Takip ve tedavi gere\u011fince yap\u0131lamazsa g\u00f6rme seviyeleri h\u0131zla k\u00f6t\u00fcle\u015fir. Tedavide mikron\u00fctrisyon yetersiz kal\u0131r.<\/span><\/p>\n<\/div>\n<div class=\"col-12 col-lg-6\"><img decoding=\"async\" class=\"img-fluid mb-50 lazyloaded\" src=\"https:\/\/www.netgoz.net\/img\/tedaviler\/goz-hastaliklari\/sari-nokta\/585x678_2.jpg\" alt=\"Sar\u0131 Nokta Hastal\u0131\u011f\u0131 (Makula Dejenerasyonu)\" data-src=\"img\/tedaviler\/goz-hastaliklari\/sari-nokta\/585x678_2.jpg\" \/><\/div>\n<\/div>\n<div class=\"overflow-hid position-static position-lg-relative pb-100\">\n<p class=\"brk-dark-font-color font__size-16 font__weight-normal line__height-26 mb-10\"><span style=\"font-size: 14pt;\">\u00d6zellikle makuler OCT takipleri ve aktif d\u00f6nemlerde ANT\u0130 VEGF enjeksiyonlar\u0131 uygulanmal\u0131d\u0131r. G\u00f6z i\u00e7ine yap\u0131lan bu ila\u00e7 tedavilerinin olumlu sonu\u00e7lar\u0131, g\u00f6rme seviyelerinin yeniden artmas\u0131 m\u00fcmk\u00fcnd\u00fcr. Hastalar\u0131n bu t\u00fcr takip ve tedavilere ba\u011fl\u0131 kalmalar\u0131 amac\u0131yla hastal\u0131klar\u0131, yap\u0131lan i\u015flemler ve geli\u015fmeler anlat\u0131lmal\u0131d\u0131r.<\/span><\/p>\n<\/div>\n<p><\/br><\/br><\/p>\n","protected":false},"excerpt":{"rendered":"<p>SARI NOKTA HASTALI\u011eI Sar\u0131 nokta hastal\u0131\u011f\u0131 \u00e7a\u011f\u0131m\u0131zda giderek daha fazla \u00f6nem arz etmektedir. \u0130nsan \u00f6mr\u00fcn\u00fcn uzamas\u0131, hastal\u0131\u011f\u0131n daha fazla g\u00f6r\u00fclmesini de beraberinde getirmi\u015ftir. Ad\u0131ndan da anla\u015f\u0131labilece\u011fi \u00fczere bu bir ya\u015flanma hastal\u0131\u011f\u0131d\u0131r. Tan\u0131da kullan\u0131lan cihazlar\u0131n geli\u015fmesi, \u0130ntra Vitreal ANT\u0130 VEGF (g\u00f6z i\u00e7i s\u0131v\u0131s\u0131na anti vask\u00fcler endotelyal b\u00fcy\u00fcme fakt\u00f6r\u00fc) enjeksiyonu ve mikron\u00fctrisyon tedavilerindeki geli\u015fmeler biz g\u00f6z hekimlerinin [&hellip;]<\/p>\n","protected":false},"author":2,"featured_media":0,"parent":1292,"menu_order":0,"comment_status":"closed","ping_status":"closed","template":"","meta":{"footnotes":""},"class_list":["post-1349","page","type-page","status-publish","hentry"],"acf":[],"_links":{"self":[{"href":"https:\/\/healthtourismcenterturkey.com\/tr_tr\/wp-json\/wp\/v2\/pages\/1349"}],"collection":[{"href":"https:\/\/healthtourismcenterturkey.com\/tr_tr\/wp-json\/wp\/v2\/pages"}],"about":[{"href":"https:\/\/healthtourismcenterturkey.com\/tr_tr\/wp-json\/wp\/v2\/types\/page"}],"author":[{"embeddable":true,"href":"https:\/\/healthtourismcenterturkey.com\/tr_tr\/wp-json\/wp\/v2\/users\/2"}],"replies":[{"embeddable":true,"href":"https:\/\/healthtourismcenterturkey.com\/tr_tr\/wp-json\/wp\/v2\/comments?post=1349"}],"version-history":[{"count":4,"href":"https:\/\/healthtourismcenterturkey.com\/tr_tr\/wp-json\/wp\/v2\/pages\/1349\/revisions"}],"predecessor-version":[{"id":1775,"href":"https:\/\/healthtourismcenterturkey.com\/tr_tr\/wp-json\/wp\/v2\/pages\/1349\/revisions\/1775"}],"up":[{"embeddable":true,"href":"https:\/\/healthtourismcenterturkey.com\/tr_tr\/wp-json\/wp\/v2\/pages\/1292"}],"wp:attachment":[{"href":"https:\/\/healthtourismcenterturkey.com\/tr_tr\/wp-json\/wp\/v2\/media?parent=1349"}],"curies":[{"name":"wp","href":"https:\/\/api.w.org\/{rel}","templated":true}]}}