{"id":1340,"date":"2020-08-30T10:09:56","date_gmt":"2020-08-30T10:09:56","guid":{"rendered":"http:\/\/healthtourismcenterturkey.com\/?page_id=1340"},"modified":"2020-09-04T21:53:55","modified_gmt":"2020-09-04T21:53:55","slug":"astigmat","status":"publish","type":"page","link":"https:\/\/healthtourismcenterturkey.com\/tr_tr\/goz-ameliyatlari\/goz-hastaliklari\/astigmat\/","title":{"rendered":"Astigmat"},"content":{"rendered":"<div class=\"row pt-80\">\n<div class=\"col-12 col-lg-6\">\n<h1 class=\"font__family-montserrat font__size-28 line__height-32 text-uppercase mb-35\"><span class=\"font__weight-light\">AST\u0130GMAT TEDAV\u0130S\u0130<\/span><\/h1>\n<p class=\"brk-dark-font-color font__size-16 font__weight-normal line__height-26 mb-10\"><span style=\"font-size: 14pt;\">Astigmat; g\u00f6z\u00fcn \u00f6n saydam tabakas\u0131 (kornea)\u2019n\u0131n ehipzoid olmas\u0131 halidir. Astigmat olmayan g\u00f6zlerde bu tabaka (kornea) k\u00fcreseldir. Astigmatl\u0131 g\u00f6zlerde bak\u0131lan objenin g\u00f6r\u00fcnt\u00fcs\u00fc makulaya (sar\u0131 nokta) d\u00fc\u015fmez. Objenin g\u00f6r\u00fcnt\u00fcs\u00fcn\u00fcn bir k\u0131sm\u0131 makula arkas\u0131na, bir di\u011fer k\u0131sm\u0131 ise makula \u00f6n\u00fcne d\u00fc\u015fer. Bu nedenle bulan\u0131k, flu g\u00f6r\u00fc\u015f olur.<\/span><\/p>\n<p class=\"brk-dark-font-color font__size-16 font__weight-normal line__height-26 mb-10\"><span style=\"font-size: 14pt;\">Astigmat olmayan g\u00f6zlerde odak noktas\u0131 bir tanedir. Astigmatl\u0131 g\u00f6zlerde odak noktas\u0131 birden fazlad\u0131r. Bu nedenle g\u00f6r\u00fcnt\u00fc kar\u0131\u015f\u0131r, bulan\u0131kla\u015f\u0131r. Astigmat olmayan g\u00f6zlerde bak\u0131lan objenin g\u00f6r\u00fcnt\u00fcs\u00fc tam anlam\u0131yla makulaya d\u00fc\u015fer. B\u00f6ylece net g\u00f6r\u00fc\u015f sa\u011flanm\u0131\u015f olur. Astigmat olu\u015fumu do\u011fumsald\u0131r. Genetik etkenler \u00f6n plandad\u0131r. Genellikle geli\u015fim s\u00fcrecinde ilerleme g\u00f6sterse de 18 ya\u015f\u0131ndan sonra de\u011fi\u015fim g\u00f6stermez.<\/span><\/p>\n<p class=\"brk-dark-font-color font__size-16 font__weight-normal line__height-26 mb-10\"><span style=\"font-size: 14pt;\">Nadir olarak astigmata yol a\u00e7an sebepler : Kornean\u0131n (saydam tabaka) travmatik yaralanmalar\u0131, G\u00f6z kapa\u011f\u0131 d\u00fc\u015f\u00fckl\u00fc\u011f\u00fc, Viral g\u00f6z enfeksiyonlar\u0131, Piterjium (g\u00f6ze beyaz tabakan\u0131n y\u00fcr\u00fcmesi, halk dilinde it dirse\u011fi hastal\u0131\u011f\u0131), G\u00f6ze uygulanan cerrahi m\u00fcdahaleler<\/span><\/p>\n<h2 class=\"brk-dark-font-color font__size-16 font__weight-normal line__height-26\"><span class=\"font__weight-light\">\u00a0Dikkat Edilmesi Gerekenler<\/span><\/h2>\n<p class=\"brk-dark-font-color font__size-16 font__weight-normal line__height-26 mb-10\"><span style=\"font-size: 14pt;\">Erken \u00e7ocukluk d\u00f6neminde ileri astigmatl\u0131 hastalarda tedaviye 5-8 ya\u015f aras\u0131nda ba\u015flamazsa kal\u0131c\u0131 g\u00f6z tembelli\u011fi (ambliopi) ile sonu\u00e7lanabilir. Ayn\u0131 sebeple g\u00f6zlerde kayma (\u015fa\u015f\u0131l\u0131k) ile de kar\u015f\u0131la\u015f\u0131lmas\u0131 muhtemeldir.Genellikle ergenlik \u2013 gen\u00e7 eri\u015fkinlik d\u00f6neminde keratokonus (kornean\u0131n konikle\u015fmesi) hastal\u0131\u011f\u0131 geli\u015fmesi astigmatl\u0131 hastalarda g\u00f6z ard\u0131 edilmemelidir. Keratokonus hastal\u0131\u011f\u0131 tedavi edilmezse ileri derecede g\u00f6rme kayb\u0131yla seyreden bir tablo olu\u015fturur.<\/span><\/p>\n<\/div>\n<div class=\"col-12 col-lg-6\"><img loading=\"lazy\" decoding=\"async\" class=\"alignnone size-full wp-image-1529\" src=\"http:\/\/healthtourismcenterturkey.com\/wp-content\/uploads\/2020\/09\/585x678_2-9.jpg\" alt=\"\" width=\"585\" height=\"678\" srcset=\"https:\/\/healthtourismcenterturkey.com\/wp-content\/uploads\/2020\/09\/585x678_2-9.jpg 585w, https:\/\/healthtourismcenterturkey.com\/wp-content\/uploads\/2020\/09\/585x678_2-9-259x300.jpg 259w\" sizes=\"(max-width: 585px) 100vw, 585px\" \/><\/div>\n<\/div>\n<p><\/br><\/br><\/p>\n<div class=\"overflow-hid position-static position-lg-relative pb-100\">\n<p class=\"brk-dark-font-color font__size-16 font__weight-normal line__height-26 mb-10\"><span style=\"font-size: 14pt;\">Astigmat olan bireyler de tedavi \u00f6ncesi veya yetersiz tedavide bir tak\u0131m bulgulara rastlan\u0131r ;<\/span><\/p>\n<ul>\n<li class=\"brk-dark-font-color font__size-16 font__weight-normal line__height-26\"><span class=\"font__weight-light\" style=\"font-size: 14pt;\">\u00a0Bulan\u0131k g\u00f6rme. Hem uzak g\u00f6r\u00fc\u015f, hem de yak\u0131n g\u00f6r\u00fc\u015f bozulmu\u015ftur.<\/span><\/li>\n<li class=\"brk-dark-font-color font__size-16 font__weight-normal line__height-26\"><span class=\"font__weight-light\" style=\"font-size: 14pt;\">\u00a0Okurken sat\u0131r atlama<\/span><\/li>\n<li class=\"brk-dark-font-color font__size-16 font__weight-normal line__height-26\"><span class=\"font__weight-light\" style=\"font-size: 14pt;\">\u00a0G\u00f6zleri k\u0131sarak bakma<\/span><\/li>\n<li class=\"brk-dark-font-color font__size-16 font__weight-normal line__height-26\"><span class=\"font__weight-light\" style=\"font-size: 14pt;\">\u00a0Televizyon seyrederken, kitap okurken, bilgisayar kullan\u0131rken yak\u0131nla\u015fma ihtiyac\u0131<\/span><\/li>\n<li class=\"brk-dark-font-color font__size-16 font__weight-normal line__height-26\"><span class=\"font__weight-light\" style=\"font-size: 14pt;\">\u00a0Gece g\u00f6r\u00fc\u015f\u00fcn g\u00fcnd\u00fcz g\u00f6r\u00fc\u015f\u00fcnden daha az olmas\u0131.<\/span><\/li>\n<\/ul>\n<\/div>\n<p>&nbsp;<\/p>\n","protected":false},"excerpt":{"rendered":"<p>AST\u0130GMAT TEDAV\u0130S\u0130 Astigmat; g\u00f6z\u00fcn \u00f6n saydam tabakas\u0131 (kornea)\u2019n\u0131n ehipzoid olmas\u0131 halidir. Astigmat olmayan g\u00f6zlerde bu tabaka (kornea) k\u00fcreseldir. Astigmatl\u0131 g\u00f6zlerde bak\u0131lan objenin g\u00f6r\u00fcnt\u00fcs\u00fc makulaya (sar\u0131 nokta) d\u00fc\u015fmez. Objenin g\u00f6r\u00fcnt\u00fcs\u00fcn\u00fcn bir k\u0131sm\u0131 makula arkas\u0131na, bir di\u011fer k\u0131sm\u0131 ise makula \u00f6n\u00fcne d\u00fc\u015fer. Bu nedenle bulan\u0131k, flu g\u00f6r\u00fc\u015f olur. Astigmat olmayan g\u00f6zlerde odak noktas\u0131 bir tanedir. Astigmatl\u0131 g\u00f6zlerde [&hellip;]<\/p>\n","protected":false},"author":2,"featured_media":0,"parent":1292,"menu_order":0,"comment_status":"closed","ping_status":"closed","template":"","meta":{"footnotes":""},"class_list":["post-1340","page","type-page","status-publish","hentry"],"acf":[],"_links":{"self":[{"href":"https:\/\/healthtourismcenterturkey.com\/tr_tr\/wp-json\/wp\/v2\/pages\/1340"}],"collection":[{"href":"https:\/\/healthtourismcenterturkey.com\/tr_tr\/wp-json\/wp\/v2\/pages"}],"about":[{"href":"https:\/\/healthtourismcenterturkey.com\/tr_tr\/wp-json\/wp\/v2\/types\/page"}],"author":[{"embeddable":true,"href":"https:\/\/healthtourismcenterturkey.com\/tr_tr\/wp-json\/wp\/v2\/users\/2"}],"replies":[{"embeddable":true,"href":"https:\/\/healthtourismcenterturkey.com\/tr_tr\/wp-json\/wp\/v2\/comments?post=1340"}],"version-history":[{"count":8,"href":"https:\/\/healthtourismcenterturkey.com\/tr_tr\/wp-json\/wp\/v2\/pages\/1340\/revisions"}],"predecessor-version":[{"id":1763,"href":"https:\/\/healthtourismcenterturkey.com\/tr_tr\/wp-json\/wp\/v2\/pages\/1340\/revisions\/1763"}],"up":[{"embeddable":true,"href":"https:\/\/healthtourismcenterturkey.com\/tr_tr\/wp-json\/wp\/v2\/pages\/1292"}],"wp:attachment":[{"href":"https:\/\/healthtourismcenterturkey.com\/tr_tr\/wp-json\/wp\/v2\/media?parent=1340"}],"curies":[{"name":"wp","href":"https:\/\/api.w.org\/{rel}","templated":true}]}}