{"id":1326,"date":"2020-08-30T10:05:30","date_gmt":"2020-08-30T10:05:30","guid":{"rendered":"http:\/\/healthtourismcenterturkey.com\/?page_id=1326"},"modified":"2020-09-05T14:12:23","modified_gmt":"2020-09-05T14:12:23","slug":"prk-lasek","status":"publish","type":"page","link":"https:\/\/healthtourismcenterturkey.com\/tr_tr\/goz-ameliyatlari\/lazer-tedavileri\/prk-lasek\/","title":{"rendered":"PRK-Lasek"},"content":{"rendered":"<div class=\"col-12 col-lg-6\">\n<h1 class=\"font__family-montserrat font__size-28 line__height-32 text-uppercase mb-35\"><span class=\"font__weight-light\">PRK LASEK UYGULAMASI<\/span><\/h1>\n<p class=\"brk-dark-font-color font__size-16 font__weight-normal line__height-26 mb-10\"><span style=\"font-size: 14pt;\">Korneada herhangi bir kesi olu\u015fturulmaz. Yaln\u0131z kornean\u0131n en \u00fcst\u00fcndeki epitel doku s\u0131yr\u0131l\u0131p Lazer, hastan\u0131n korneas\u0131na direkt uygulan\u0131r. Operasyon sonras\u0131 kornea y\u00fczeyini korumak amac\u0131yla 1-2 g\u00fcn kontakt lens tak\u0131lmaktad\u0131r.<\/span><\/p>\n<p>&nbsp;<\/p>\n<h2 class=\"brk-dark-font-color font__size-16 font__weight-normal line__height-26\"><span class=\"font__weight-light\">\u00a0AVANTAJLARI<\/span><\/h2>\n<ul>\n<li class=\"brk-dark-font-color font__size-16 font__weight-normal line__height-26\"><span style=\"font-size: 14pt;\">\u00a0Maliyetinin d\u00fc\u015f\u00fck olmas\u0131.<\/span><\/li>\n<li class=\"brk-dark-font-color font__size-16 font__weight-normal line__height-26\"><span style=\"font-size: 14pt;\">\u00a0Nispeten ince kornealara uygulanabilmesi.<\/span><\/li>\n<li class=\"brk-dark-font-color font__size-16 font__weight-normal line__height-26\"><span style=\"font-size: 14pt;\">\u00a0G\u00f6z i\u00e7i bas\u0131nc\u0131n\u0131 artt\u0131rma riski olmamas\u0131.<\/span><\/li>\n<li class=\"brk-dark-font-color font__size-16 font__weight-normal line__height-26\"><span style=\"font-size: 14pt;\">\u00a0Korneal duyu sinirlerine zarar vermemesi.<\/span><\/li>\n<li class=\"brk-dark-font-color font__size-16 font__weight-normal line__height-26\"><span style=\"font-size: 14pt;\">\u00a0Kuru g\u00f6z hastal\u0131\u011f\u0131na yol a\u00e7mamas\u0131.<\/span><\/li>\n<li class=\"brk-dark-font-color font__size-16 font__weight-normal line__height-26 mb-10\"><span style=\"font-size: 14pt;\">\u00a0Kornea biyomekanik b\u00fct\u00fcnl\u00fc\u011f\u00fcn\u00fcn korunmas\u0131.<\/span><\/li>\n<\/ul>\n<p>&nbsp;<\/p>\n<h2 class=\"brk-dark-font-color font__size-16 font__weight-normal line__height-26\"><span class=\"font__weight-light\">\u00a0DEZAVANTAJLARI<\/span><\/h2>\n<ul>\n<li class=\"brk-dark-font-color font__size-16 font__weight-normal line__height-26\"><span style=\"font-size: 14pt;\">\u00a0Biyomekanik b\u00fct\u00fcnl\u00fck korunsada, korneal direncin azalmas\u0131.<\/span><\/li>\n<li class=\"brk-dark-font-color font__size-16 font__weight-normal line__height-26\"><span style=\"font-size: 14pt;\">\u00a0Lazer sonras\u0131 3-5 g\u00fcn a\u011fr\u0131, batma, sulanma ve g\u00f6rmede yetersizlik \u015fikayetleri, i\u015f g\u00fcc\u00fc kayb\u0131, sosyal ya\u015fant\u0131ya geri d\u00f6n\u00fc\u015f s\u00fcresinin uzun olmas\u0131.<\/span><\/li>\n<li class=\"brk-dark-font-color font__size-16 font__weight-normal line__height-26\"><span style=\"font-size: 14pt;\">\u00a0D\u00fc\u015f\u00fck numara miyoplarda hasta memnuniyetin d\u00fc\u015f\u00fck olmas.<\/span><\/li>\n<li class=\"brk-dark-font-color font__size-16 font__weight-normal line__height-26\"><span style=\"font-size: 14pt;\">\u00a05.0 numara \u00fczeri miyoplarda haze (korneada bulanma) riski.<\/span><\/li>\n<li class=\"brk-dark-font-color font__size-16 font__weight-normal line__height-26\"><span style=\"font-size: 14pt;\">\u00a0Hipermetrop ve 2 numaradan b\u00fcy\u00fck astigmatlara yap\u0131lamamas\u0131.<\/span><\/li>\n<li class=\"brk-dark-font-color font__size-16 font__weight-normal line__height-26\"><span style=\"font-size: 14pt;\">\u00a0Enfeksiyon riskinin y\u00fcksek olmas\u0131.<\/span><\/li>\n<li class=\"brk-dark-font-color font__size-16 font__weight-normal line__height-26 mb-10\"><span style=\"font-size: 14pt;\">\u00a0Net g\u00f6r\u00fc\u015f seviyesine ula\u015fman\u0131n 3-4 haftay\u0131 bulmas\u0131.<\/span><\/li>\n<\/ul>\n<p>&nbsp;<\/p>\n<\/div>\n<div class=\"col-12 col-lg-6\"><img loading=\"lazy\" decoding=\"async\" class=\"alignnone size-full wp-image-1664\" src=\"http:\/\/healthtourismcenterturkey.com\/wp-content\/uploads\/2020\/09\/585x678_2-20.jpg\" alt=\"\" width=\"585\" height=\"678\" srcset=\"https:\/\/healthtourismcenterturkey.com\/wp-content\/uploads\/2020\/09\/585x678_2-20.jpg 585w, https:\/\/healthtourismcenterturkey.com\/wp-content\/uploads\/2020\/09\/585x678_2-20-259x300.jpg 259w\" sizes=\"(max-width: 585px) 100vw, 585px\" \/><\/div>\n<p>&nbsp;<\/p>\n","protected":false},"excerpt":{"rendered":"<p>PRK LASEK UYGULAMASI Korneada herhangi bir kesi olu\u015fturulmaz. Yaln\u0131z kornean\u0131n en \u00fcst\u00fcndeki epitel doku s\u0131yr\u0131l\u0131p Lazer, hastan\u0131n korneas\u0131na direkt uygulan\u0131r. Operasyon sonras\u0131 kornea y\u00fczeyini korumak amac\u0131yla 1-2 g\u00fcn kontakt lens tak\u0131lmaktad\u0131r. &nbsp; \u00a0AVANTAJLARI \u00a0Maliyetinin d\u00fc\u015f\u00fck olmas\u0131. \u00a0Nispeten ince kornealara uygulanabilmesi. \u00a0G\u00f6z i\u00e7i bas\u0131nc\u0131n\u0131 artt\u0131rma riski olmamas\u0131. \u00a0Korneal duyu sinirlerine zarar vermemesi. \u00a0Kuru g\u00f6z hastal\u0131\u011f\u0131na yol [&hellip;]<\/p>\n","protected":false},"author":2,"featured_media":0,"parent":1290,"menu_order":0,"comment_status":"closed","ping_status":"closed","template":"","meta":{"footnotes":""},"class_list":["post-1326","page","type-page","status-publish","hentry"],"acf":[],"_links":{"self":[{"href":"https:\/\/healthtourismcenterturkey.com\/tr_tr\/wp-json\/wp\/v2\/pages\/1326"}],"collection":[{"href":"https:\/\/healthtourismcenterturkey.com\/tr_tr\/wp-json\/wp\/v2\/pages"}],"about":[{"href":"https:\/\/healthtourismcenterturkey.com\/tr_tr\/wp-json\/wp\/v2\/types\/page"}],"author":[{"embeddable":true,"href":"https:\/\/healthtourismcenterturkey.com\/tr_tr\/wp-json\/wp\/v2\/users\/2"}],"replies":[{"embeddable":true,"href":"https:\/\/healthtourismcenterturkey.com\/tr_tr\/wp-json\/wp\/v2\/comments?post=1326"}],"version-history":[{"count":6,"href":"https:\/\/healthtourismcenterturkey.com\/tr_tr\/wp-json\/wp\/v2\/pages\/1326\/revisions"}],"predecessor-version":[{"id":1798,"href":"https:\/\/healthtourismcenterturkey.com\/tr_tr\/wp-json\/wp\/v2\/pages\/1326\/revisions\/1798"}],"up":[{"embeddable":true,"href":"https:\/\/healthtourismcenterturkey.com\/tr_tr\/wp-json\/wp\/v2\/pages\/1290"}],"wp:attachment":[{"href":"https:\/\/healthtourismcenterturkey.com\/tr_tr\/wp-json\/wp\/v2\/media?parent=1326"}],"curies":[{"name":"wp","href":"https:\/\/api.w.org\/{rel}","templated":true}]}}