{"id":1289,"date":"2020-08-30T10:00:55","date_gmt":"2020-08-30T10:00:55","guid":{"rendered":"http:\/\/healthtourismcenterturkey.com\/?page_id=1289"},"modified":"2020-09-03T11:32:11","modified_gmt":"2020-09-03T11:32:11","slug":"relex-smile","status":"publish","type":"page","link":"https:\/\/healthtourismcenterturkey.com\/tr_tr\/goz-ameliyatlari\/lazer-tedavileri\/relex-smile\/","title":{"rendered":"Relex Smile"},"content":{"rendered":"<h1 class=\"font__family-montserrat font__size-28 line__height-32 text-uppercase mb-35\"><span class=\"font__weight-bold\">SMILE<\/span>\u00a0<span class=\"font__weight-light\">BY ZEISS<\/span><\/h1>\n<p class=\"brk-dark-font-color font__size-16 font__weight-normal line__height-26 mb-30\"><span style=\"font-size: 14pt;\">LAZERLE G\u00d6RME D\u00dcZELTMEN\u0130N KISA B\u0130R TAR\u0130H\u00c7ES\u0130 : Korneal refraksiyon lazer ameliyat\u0131, otuz y\u0131l gibi k\u0131sa bir s\u00fcrede h\u0131zla geli\u015fmi\u015f olan ve g\u00f6rme bozuklu\u011funu tedavi etmek i\u00e7in kullan\u0131lan en yayg\u0131n y\u00f6ntemlerden biri. Hayat\u0131n di\u011fer alanlar\u0131nda oldu\u011fu gibi, bu alandaki ilerlemeler de s\u00fcrekli geli\u015fim iste\u011fiyle meydana geldi. Sekt\u00f6r, \u00fc\u00e7 nesil teknolojiyle \u015fekillendi: PRK, LASIK ve SMILE.<\/span><\/p>\n<p class=\"brk-dark-font-color font__size-16 font__weight-normal line__height-26 mb-30\"><span style=\"font-size: 14pt;\">PRK, lazerle g\u00f6rme d\u00fczeltmenin l. nesli olup, kornean\u0131n excimer lazer kullan\u0131lan y\u00fczey ablasyon ameliyatlar\u0131yla biliniyor. Ekonomik bir \u00e7\u00f6z\u00fcm olarak \u00f6ne \u00e7\u0131kan \u00fcr\u00fcn, yayg\u0131n olarak kullan\u0131lmaya devam ediyor. Lazerle g\u00f6rme d\u00fczeltmenin 2H\u201d nesli olarak tan\u0131t\u0131lan LASIK, excimer lazer ile korneay\u0131 yeniden \u015fekillendirme \u00f6zelli\u011fine sahip. Flep ameliyat\u0131 ile g\u00f6r\u00fc\u015f\u00fcn \u00e7abuk iyile\u015fmesini sa\u011flayan \u00fcr\u00fcn, bu \u00f6zelli\u011fi sayesinde bug\u00fcnlerde en \u00e7ok tercih edilen tedavi y\u00f6ntemlerinden biri haline geldi.<\/span><\/p>\n<p class=\"brk-dark-font-color font__size-16 font__weight-normal line__height-26 mb-30\"><span style=\"font-size: 14pt;\">Lazerle g\u00f6rme d\u00fczeltmenin 3. nesli olan SMILE, k\u00fc\u00e7\u00fck kesiyle lentik\u00fcl \u00e7\u0131karma tekni\u011fidir. Tamam\u0131yla femtosaniye lazer kullan\u0131lan bu \u00fcr\u00fcn, minimal invaziv flepsiz tekni\u011fiyle, geleneksel refraktif ameliyatlar\u0131n\u0131 yeniden tan\u0131ml\u0131yor. G\u00f6r\u00fcnen o ki, lazerle g\u00f6rme d\u00fczeltme hi\u00e7 bu kadar geli\u015fmi\u015f, doku koruyan ve hassas olmam\u0131\u015ft\u0131. Gelecek, minimal invaziv teknikte yat\u0131yor.<\/span><\/p>\n<p>&nbsp;<\/p>\n<p><img loading=\"lazy\" decoding=\"async\" class=\"alignnone size-full wp-image-1503\" src=\"http:\/\/healthtourismcenterturkey.com\/wp-content\/uploads\/2020\/09\/585x678_2.jpg\" alt=\"\" width=\"585\" height=\"678\" srcset=\"https:\/\/healthtourismcenterturkey.com\/wp-content\/uploads\/2020\/09\/585x678_2.jpg 585w, https:\/\/healthtourismcenterturkey.com\/wp-content\/uploads\/2020\/09\/585x678_2-259x300.jpg 259w\" sizes=\"(max-width: 585px) 100vw, 585px\" \/><\/p>\n<p>&nbsp;<\/p>\n<div class=\"col-12 col-sm-6 col-lg-4\">\n<div class=\"d-flex justify-content-center justify-content-sm-start align-items-center mt-15 mb-20 ml-1 ml-sm-3 ml-lg-4\">\n<p><span style=\"color: #3366ff;\"><strong><span style=\"font-size: 36pt;\">1.<\/span><\/strong><\/span><\/p>\n<h2 class=\"brk-dark-font-color font__family-montserrat font__size-14 text-uppercase line__height-24 letter-spacing-100\">NES\u0130L &#8211; PRK<br \/>\nY\u00dcZEY ABLASYON<\/h2>\n<\/div>\n<p class=\"mb-15 text-center text-sm-left brk-dark-font-color opacity-80 font__family-roboto font__size-15 font__weight-light line__height-25 letter-spacing-20 ml-1 ml-sm-3 ml-lg-4\"><span style=\"font-size: 14pt;\">\u2022 Subepitelyal ablasyon<\/span><br \/>\n<span style=\"font-size: 14pt;\">\u2022 Excimer lazer tedavisi<\/span><br \/>\n<span style=\"font-size: 14pt;\">\u2022 Zamana yay\u0131lm\u0131\u015f g\u00f6rme iyile\u015fme s\u00fcresi<\/span><br \/>\n<span style=\"font-size: 14pt;\">\u2022 Hastan\u0131n konforsuz olmas\u0131<\/span><\/p>\n<\/div>\n<div class=\"col-12 col-sm-6 col-lg-4\">\n<div class=\"d-flex justify-content-center justify-content-sm-start align-items-center mt-15 mb-20 ml-1 ml-sm-3 ml-lg-4\">\n<p><span style=\"color: #3366ff;\"><strong><span style=\"font-size: 36pt;\">2.<\/span><\/strong><\/span><\/p>\n<h2 class=\"brk-dark-font-color font__family-montserrat font__size-14 text-uppercase line__height-24 letter-spacing-100\">NES\u0130L &#8211; LASIK<br \/>\nFLEP AMEL\u0130YATI<\/h2>\n<\/div>\n<p class=\"mb-15 text-center text-sm-left brk-dark-font-color opacity-80 font__family-roboto font__size-15 font__weight-light line__height-25 letter-spacing-20 ml-1 ml-sm-3 ml-lg-4\"><span style=\"font-size: 14pt;\">\u2022 Stromal ablasyon<\/span><br \/>\n<span style=\"font-size: 14pt;\">\u2022 Excimer veya femtosecond lazer ile birle\u015ftirilmi\u015f<\/span><br \/>\n<span style=\"font-size: 14pt;\">\u2022 H\u0131zl\u0131 g\u00f6rme iyile\u015fmesi<\/span><br \/>\n<span style=\"font-size: 14pt;\">\u2022 Baz\u0131 flep komplikasyon riskleri<\/span><\/p>\n<\/div>\n<div class=\"col-12 col-sm-6 col-lg-4\">\n<div class=\"d-flex justify-content-center justify-content-sm-start align-items-center mt-15 mb-20 ml-1 ml-sm-3 ml-lg-4\">\n<p><span style=\"color: #3366ff;\"><strong><span style=\"font-size: 36pt;\">3.<\/span><\/strong><\/span><\/p>\n<h2 class=\"brk-dark-font-color font__family-montserrat font__size-14 text-uppercase line__height-24 letter-spacing-100\">NES\u0130L &#8211; SMILE<br \/>\nFLEPS\u0130Z AMEL\u0130YATI<\/h2>\n<\/div>\n<p class=\"mb-15 text-center text-sm-left brk-dark-font-color opacity-80 font__family-roboto font__size-15 font__weight-light line__height-25 letter-spacing-20 ml-1 ml-sm-3 ml-lg-4\"><span style=\"font-size: 14pt;\">\u2022 Stroma i\u00e7i lentik\u00fcl \u00e7\u0131karma<\/span><br \/>\n<span style=\"font-size: 14pt;\">\u2022 Femtosaniye lazer tedavisi<\/span><br \/>\n<span style=\"font-size: 14pt;\">\u2022 Hassas tedavi<\/span><br \/>\n<span style=\"font-size: 14pt;\">\u2022 Flep komplikasyonu yok<\/span><\/p>\n<\/div>\n<p>&nbsp;<\/p>\n<div class=\"overflow-hid position-static position-lg-relative pb-40\">\n<h1 class=\"font__family-montserrat font__size-28 line__height-32 text-uppercase mb-35\"><span class=\"font__weight-bold\">SMILE\u00a0<\/span><span class=\"font__weight-light\">TEKNOLOJ\u0130S\u0130<\/span><\/h1>\n<p class=\"brk-dark-font-color font__size-16 font__weight-normal line__height-26 mb-20\"><span style=\"font-size: 14pt;\">K\u00fc\u00e7\u00fck kesiyle lentik\u00fcl \u00e7\u0131karma bir\u00e7ok avantaj sunuyorSMILE ile minimal invaziv, flepsiz ameliyat ilk defa m\u00fcmk\u00fcn hale geldi. Klinik prosed\u00fcr, lens \u015fekilli korneal stromal doku par\u00e7as\u0131n\u0131n k\u00fc\u00e7\u00fck bir kesiyle \u00e7\u0131kar\u0131lmas\u0131 olan lentik\u00fcl \u00e7\u0131karma tekni\u011fine dayan\u0131yor. LASIK\u2019ten %80 daha k\u00fc\u00e7\u00fck yan kesik ve %30 daha k\u00fc\u00e7\u00fck kapak kesi\u011fi i\u015flemi gerektiren SMILE sayesinde kuru g\u00f6z, enfeksiyon ve epitelin i\u00e7e b\u00fcy\u00fcmesi vakalar\u0131 daha az olacak. Daha biyomekanik koruma ve stabilite sa\u011flamak i\u00e7in, korneale neredeyse hi\u00e7 dokunulmuyor.<\/span><\/p>\n<\/div>\n<div class=\"overflow-hid position-static position-lg-relative pb-40\">\n<\/br><\/br><\/p>\n<h1 class=\"font__family-montserrat font__size-28 line__height-32 text-uppercase mb-35\"><span class=\"font__weight-bold\">RELEX SMILE\u00a0<\/span><span class=\"font__weight-light\">BY ZEISS<\/span><\/h1>\n<p class=\"brk-dark-font-color font__size-16 font__weight-normal line__height-26 mb-20\"><span style=\"font-size: 14pt;\">\u0130lk minimal invaziv, flepsiz SMILE \u00e7\u00f6z\u00fcm\u00fcReLEx\u00ae SMILE ile ZEISS, hastalar\u0131 minimal invaziv, flepsiz SMILE prosed\u00fcr\u00fc ile tedavi etme y\u00f6ntemini ilk bulan firmad\u0131r. SMILE\u2019\u0131n geli\u015fmesi, refraktif ameliyatlar\u0131n\u0131n gelece\u011finin minimal invaziv oldu\u011funu g\u00f6steriyor. \u015eimdi, 3. nesil lazerle g\u00f6rme d\u00fczeltmeye ge\u00e7me zaman\u0131.<\/span><\/p>\n<p class=\"brk-dark-font-color font__size-16 font__weight-normal line__height-26 mb-20\"><span style=\"font-size: 14pt;\">M\u00fckemmel performans i\u00e7in \u00fcretildi. ReLEx SMILE, sadece bir t\u00fcr lazerle, y\u00fcksek d\u00fczeltmelerde dahi y\u00fcksek seviyede yeniden \u00fcretilebilirlik ve \u00f6ng\u00f6r\u00fclebilirlik sa\u011flayan, y\u00fcksek hassasiyetli, \u00e7\u0131\u011f\u0131r a\u00e7m\u0131\u015f femtosaniye lazer olan ZEISS VisuMax\u00ae\u00ae ile uygulan\u0131yor. \u00d6ne \u00e7\u0131kan kesi kesinli\u011fi, istisnai h\u0131z\u0131 ve hassas tedavi yakla\u015f\u0131m\u0131 ile SMILE gibi ileri korneal uygulamalar\u0131 i\u00e7in ideal bir platform.<\/span><\/p>\n<\/div>\n<p>&nbsp;<\/br><\/br><\/br><\/p>\n","protected":false},"excerpt":{"rendered":"<p>SMILE\u00a0BY ZEISS LAZERLE G\u00d6RME D\u00dcZELTMEN\u0130N KISA B\u0130R TAR\u0130H\u00c7ES\u0130 : Korneal refraksiyon lazer ameliyat\u0131, otuz y\u0131l gibi k\u0131sa bir s\u00fcrede h\u0131zla geli\u015fmi\u015f olan ve g\u00f6rme bozuklu\u011funu tedavi etmek i\u00e7in kullan\u0131lan en yayg\u0131n y\u00f6ntemlerden biri. Hayat\u0131n di\u011fer alanlar\u0131nda oldu\u011fu gibi, bu alandaki ilerlemeler de s\u00fcrekli geli\u015fim iste\u011fiyle meydana geldi. Sekt\u00f6r, \u00fc\u00e7 nesil teknolojiyle \u015fekillendi: PRK, LASIK ve [&hellip;]<\/p>\n","protected":false},"author":2,"featured_media":0,"parent":1290,"menu_order":0,"comment_status":"closed","ping_status":"closed","template":"","meta":{"footnotes":""},"class_list":["post-1289","page","type-page","status-publish","hentry"],"acf":[],"_links":{"self":[{"href":"https:\/\/healthtourismcenterturkey.com\/tr_tr\/wp-json\/wp\/v2\/pages\/1289"}],"collection":[{"href":"https:\/\/healthtourismcenterturkey.com\/tr_tr\/wp-json\/wp\/v2\/pages"}],"about":[{"href":"https:\/\/healthtourismcenterturkey.com\/tr_tr\/wp-json\/wp\/v2\/types\/page"}],"author":[{"embeddable":true,"href":"https:\/\/healthtourismcenterturkey.com\/tr_tr\/wp-json\/wp\/v2\/users\/2"}],"replies":[{"embeddable":true,"href":"https:\/\/healthtourismcenterturkey.com\/tr_tr\/wp-json\/wp\/v2\/comments?post=1289"}],"version-history":[{"count":5,"href":"https:\/\/healthtourismcenterturkey.com\/tr_tr\/wp-json\/wp\/v2\/pages\/1289\/revisions"}],"predecessor-version":[{"id":1646,"href":"https:\/\/healthtourismcenterturkey.com\/tr_tr\/wp-json\/wp\/v2\/pages\/1289\/revisions\/1646"}],"up":[{"embeddable":true,"href":"https:\/\/healthtourismcenterturkey.com\/tr_tr\/wp-json\/wp\/v2\/pages\/1290"}],"wp:attachment":[{"href":"https:\/\/healthtourismcenterturkey.com\/tr_tr\/wp-json\/wp\/v2\/media?parent=1289"}],"curies":[{"name":"wp","href":"https:\/\/api.w.org\/{rel}","templated":true}]}}