{"id":1175,"date":"2020-08-02T12:32:14","date_gmt":"2020-08-02T12:32:14","guid":{"rendered":"http:\/\/healthtourismcenterturkey.com\/?page_id=1175"},"modified":"2020-09-20T18:10:12","modified_gmt":"2020-09-20T18:10:12","slug":"radyofrekans-tedavisi","status":"publish","type":"page","link":"https:\/\/healthtourismcenterturkey.com\/tr_tr\/plastik-cerrahi\/medikal-estetik\/radyofrekans-tedavisi\/","title":{"rendered":"Radyofrekans Tedavisi"},"content":{"rendered":"<h1 class=\"vc_custom_heading font-weight-bold letter-spacing-1 vc_custom_1545678184875\">Radyofrekans Nedir? Nas\u0131l Yap\u0131l\u0131r?<\/h1>\n<p class=\"vc_custom_heading vc_custom_1545678199204\"><span style=\"font-size: 14pt;\">H\u0131zl\u0131, rahat tedavi, s\u0131f\u0131r aksama s\u00fcresi, konforlu ve yara izi olmamas\u0131 nedeniyle cerrahi olmadan cilt s\u0131k\u0131la\u015ft\u0131rma y\u00f6ntemleri, hastalar\u0131n, ameliyat ve iyile\u015fme i\u00e7in zaman kaybetmeden, g\u00f6r\u00fcn\u00fcmlerini ve \u00f6zg\u00fcvenlerini geli\u015ftirmeleri i\u00e7in pop\u00fcler bir yol haline gelmi\u015ftir. Yeni teknoloji olan Radyofrekans tedavisi de olduk\u00e7a h\u0131zl\u0131 bir geli\u015fim g\u00f6stererek kullan\u0131lmaya ba\u015flanm\u0131\u015ft\u0131r.<\/span><br \/>\n<span style=\"font-size: 14pt;\">Radyo frekans, saniyelik frekans ve dalga boyutlar\u0131nda \u00f6l\u00e7\u00fclen bir enerji t\u00fcr\u00fcd\u00fcr. Telefonlar\u0131n yayd\u0131\u011f\u0131 ses dalgalar\u0131ndan, g\u00fcne\u015f \u0131\u015f\u0131\u011f\u0131na, v\u00fccuduttan \u00e7\u0131kan \u0131s\u0131ya, radyoaktif gama \u0131\u015f\u0131nlar\u0131na kadar her tarz enerji \u00e7e\u015fidi, \u201celektromanyetik spektrum\u201d \u00fczerindeki frekanslar\u0131na g\u00f6re s\u0131n\u0131fland\u0131r\u0131l\u0131r.<\/span><\/p>\n<div class=\"wpb_single_image wpb_content_element vc_align_left vc_custom_1545678344147\">\n<figure class=\"wpb_wrapper vc_figure\">\n<div class=\"vc_single_image-wrapper vc_box_border_grey\"><img loading=\"lazy\" decoding=\"async\" class=\"vc_single_image-img attachment-full\" src=\"https:\/\/www.estecapa.com\/wp-content\/uploads\/radyo-frekans.jpg\" sizes=\"(max-width: 1920px) 100vw, 1920px\" srcset=\"https:\/\/www.estecapa.com\/wp-content\/uploads\/radyo-frekans.jpg 1920w, https:\/\/www.estecapa.com\/wp-content\/uploads\/radyo-frekans-300x200.jpg 300w, https:\/\/www.estecapa.com\/wp-content\/uploads\/radyo-frekans-768x512.jpg 768w, https:\/\/www.estecapa.com\/wp-content\/uploads\/radyo-frekans-1024x683.jpg 1024w\" alt=\"\" width=\"1920\" height=\"1280\" data-no-retina=\"\" \/><\/div>\n<\/figure>\n<\/div>\n<p class=\"vc_custom_heading vc_custom_1545678209363\"><span style=\"font-size: 14pt;\">Radyofrekans (RF) bu spektrumda bir kategoridir ve her g\u00fcn kulland\u0131\u011f\u0131m\u0131z bir\u00e7ok ortak enerji t\u00fcr\u00fcn\u00fc i\u00e7erir. Bunlar; wifi sinyalleri, radyo,TV dalgalar\u0131 ve mikrodalga f\u0131r\u0131nlar gibi enerji t\u00fcrleridir. Cilt s\u0131k\u0131la\u015ft\u0131rmada kullan\u0131lan RF enerjisi, radyofrekans aral\u0131\u011f\u0131n\u0131n yava\u015f ucunda bulunan 450 kh&#8217;lik bir sahad\u0131r. Daha b\u00fcy\u00fck bir perspektife koymak gerekirse, Radyofrekans deri s\u0131k\u0131la\u015ft\u0131rmada kullan\u0131lan dalga boyu, g\u00f6r\u00fcn\u00fcr \u0131\u015f\u0131ktan 100 milyon kat daha yava\u015f ve bir X \u0131\u015f\u0131ndan 1 milyar kez daha yava\u015ft\u0131r.<\/span><\/p>\n<div class=\"rt-separator element-one\" data-separator-width=\"100%\" data-separator-color=\"#000000\" data-separator-background=\"#ffffff\" data-separator-direction=\"center\">\n<div class=\"block\">\n<div class=\"gap\"><\/div>\n<div class=\"bar\"><\/div>\n<\/div>\n<\/div>\n<h1 class=\"vc_custom_heading font-weight-semibold vc_custom_1545678458737\">Hangi Sorunlar Radyofrekans \u0130le Giderilir?<\/h1>\n<p class=\"vc_custom_heading vc_custom_1545678469488\"><span style=\"font-size: 14pt;\">\u2022 V\u00fccutta olu\u015fabilecek sel\u00fclitlerin giderilmesi<\/span><br \/>\n<span style=\"font-size: 14pt;\">\u2022 Kal\u00e7a, kar\u0131n, bacak ve bel b\u00f6lgesindeki ya\u011f birikimlerini da\u011f\u0131t\u0131lmas\u0131<\/span><br \/>\n<span style=\"font-size: 14pt;\">\u2022 Kol ve bacaklardaki gev\u015femelerin giderilmesi<\/span><br \/>\n<span style=\"font-size: 14pt;\">\u2022 V\u00fccuttaki konturun d\u00fczenlenmesi<\/span><\/p>\n<div class=\"rt-separator element-one\" data-separator-width=\"100%\" data-separator-color=\"#000000\" data-separator-background=\"#ffffff\" data-separator-direction=\"center\">\n<div class=\"block\">\n<div class=\"gap\"><\/div>\n<div class=\"bar\"><\/div>\n<\/div>\n<\/div>\n<div class=\"vc_row wpb_row vc_inner vc_row-fluid vc_custom_1545478509233\">\n<div class=\"wpb_column vc_column_container vc_col-sm-12 vc_col-has-fill\">\n<div class=\"vc_column-inner vc_custom_1545478117371\">\n<div class=\"wpb_wrapper\">\n<h1 class=\"vc_custom_heading vc_custom_1545678531761\">Dikkat Edilmesi Gerekenler<\/h1>\n<p class=\"vc_custom_heading vc_custom_1545678544597\"><span style=\"font-size: 14pt;\">\u2022 Radyofrekans tedavisinden \u00f6nce a\u011fr\u0131y\u0131 minimale indirmek i\u00e7in \u00f6zel kremler kullan\u0131lmal\u0131d\u0131r.<\/span><br \/>\n<span style=\"font-size: 14pt;\">\u2022 \u0130lk 4-5 saat ciltte k\u0131zar\u0131kl\u0131klar olabilir.<\/span><br \/>\n<span style=\"font-size: 14pt;\">\u2022 g\u00fcn\u00fcn sonunda k\u0131zar\u0131kl\u0131klar ge\u00e7erek pembele\u015fmeye ba\u015flar.<\/span><br \/>\n<span style=\"font-size: 14pt;\">\u2022 Radyofrekans tedavisi sonras\u0131 uzman\u0131n \u00f6nerece\u011fi \u00f6zel kremleri kullanmak gereklidir.<\/span><br \/>\n<span style=\"font-size: 14pt;\">\u2022 Radyofrekans tedavisi yap\u0131ld\u0131\u011f\u0131 g\u00fcn cildi sudan uzak tutmak gereklidir. Ve makyaj ve t\u00fcrevlerini kullanmamak gereklidir.<\/span><br \/>\n<span style=\"font-size: 14pt;\">\u2022 Tedavi esnas\u0131nda ve sonras\u0131nda k\u0131zar\u0131kl\u0131klar olu\u015fabilir. Ciltte kurula\u015fma ve gerginle\u015fmeler g\u00f6r\u00fclebilir. Uzman\u0131n verece\u011fi \u00f6zel kremler ve antibiyotik pomatlar\u0131n kullan\u0131m\u0131na dikkat etmek son derece \u00f6nemlidir.<\/span><br \/>\n<span style=\"font-size: 14pt;\">\u2022 Tedavi sonras\u0131 direkt g\u00fcne\u015f \u0131\u015f\u0131\u011f\u0131ndan ka\u00e7\u0131n\u0131lmal\u0131d\u0131r. G\u00fcne\u015f \u0131\u015f\u0131\u011f\u0131 Radyofrekans tedavisinin ba\u015far\u0131 oran\u0131n\u0131 minimuma d\u00fc\u015f\u00fcrerek, farkl\u0131 problemler ve hasarlar meydana getirebilir.<\/span><br \/>\n<span style=\"font-size: 14pt;\">\u2022 Tedavi sonra ciltte minimal kabuklar olu\u015fabilir. Bu olu\u015fan kabuklar elle soyulmamal\u0131d\u0131r. Tedaviyi takiben 3-4 g\u00fcn i\u00e7erisinde kendili\u011finden d\u00fc\u015f\u00fcp, kaybolacakt\u0131r.<\/span><br \/>\n<span style=\"font-size: 14pt;\">\u2022 Tedavi seanslar\u0131na dikkat etmek, tedavinin ba\u015far\u0131 oran\u0131n\u0131 ciddi oranda artt\u0131racakt\u0131r.<\/span><\/p>\n<\/div>\n<\/div>\n<\/div>\n<\/div>\n<p><\/br><\/br><\/p>\n","protected":false},"excerpt":{"rendered":"<p>Radyofrekans Nedir? Nas\u0131l Yap\u0131l\u0131r? H\u0131zl\u0131, rahat tedavi, s\u0131f\u0131r aksama s\u00fcresi, konforlu ve yara izi olmamas\u0131 nedeniyle cerrahi olmadan cilt s\u0131k\u0131la\u015ft\u0131rma y\u00f6ntemleri, hastalar\u0131n, ameliyat ve iyile\u015fme i\u00e7in zaman kaybetmeden, g\u00f6r\u00fcn\u00fcmlerini ve \u00f6zg\u00fcvenlerini geli\u015ftirmeleri i\u00e7in pop\u00fcler bir yol haline gelmi\u015ftir. Yeni teknoloji olan Radyofrekans tedavisi de olduk\u00e7a h\u0131zl\u0131 bir geli\u015fim g\u00f6stererek kullan\u0131lmaya ba\u015flanm\u0131\u015ft\u0131r. Radyo frekans, saniyelik frekans [&hellip;]<\/p>\n","protected":false},"author":2,"featured_media":0,"parent":1112,"menu_order":0,"comment_status":"closed","ping_status":"closed","template":"","meta":{"footnotes":""},"class_list":["post-1175","page","type-page","status-publish","hentry"],"acf":[],"_links":{"self":[{"href":"https:\/\/healthtourismcenterturkey.com\/tr_tr\/wp-json\/wp\/v2\/pages\/1175"}],"collection":[{"href":"https:\/\/healthtourismcenterturkey.com\/tr_tr\/wp-json\/wp\/v2\/pages"}],"about":[{"href":"https:\/\/healthtourismcenterturkey.com\/tr_tr\/wp-json\/wp\/v2\/types\/page"}],"author":[{"embeddable":true,"href":"https:\/\/healthtourismcenterturkey.com\/tr_tr\/wp-json\/wp\/v2\/users\/2"}],"replies":[{"embeddable":true,"href":"https:\/\/healthtourismcenterturkey.com\/tr_tr\/wp-json\/wp\/v2\/comments?post=1175"}],"version-history":[{"count":3,"href":"https:\/\/healthtourismcenterturkey.com\/tr_tr\/wp-json\/wp\/v2\/pages\/1175\/revisions"}],"predecessor-version":[{"id":1908,"href":"https:\/\/healthtourismcenterturkey.com\/tr_tr\/wp-json\/wp\/v2\/pages\/1175\/revisions\/1908"}],"up":[{"embeddable":true,"href":"https:\/\/healthtourismcenterturkey.com\/tr_tr\/wp-json\/wp\/v2\/pages\/1112"}],"wp:attachment":[{"href":"https:\/\/healthtourismcenterturkey.com\/tr_tr\/wp-json\/wp\/v2\/media?parent=1175"}],"curies":[{"name":"wp","href":"https:\/\/api.w.org\/{rel}","templated":true}]}}