{"id":1173,"date":"2020-08-02T12:31:03","date_gmt":"2020-08-02T12:31:03","guid":{"rendered":"http:\/\/healthtourismcenterturkey.com\/?page_id=1173"},"modified":"2022-03-24T18:38:03","modified_gmt":"2022-03-24T18:38:03","slug":"prp-mezoterapi","status":"publish","type":"page","link":"https:\/\/healthtourismcenterturkey.com\/tr_tr\/plastik-cerrahi\/medikal-estetik\/prp-mezoterapi\/","title":{"rendered":"PRP (Mezoterapi)"},"content":{"rendered":"<h1 class=\"vc_custom_heading font-weight-bold letter-spacing-1 vc_custom_1545677622947\">Mezoterapi Nedir?<\/h1>\n<p class=\"vc_custom_heading vc_custom_1545677639787\"><span style=\"font-size: 14pt;\">Mezoterapi,ilk 1952 y\u0131l\u0131nda Dr.Michel Pistor taraf\u0131ndan geli\u015ftirilen estetik ama\u00e7l\u0131 t\u0131bbi bir i\u015flemdir. Homeopatik ajanlar, Farmas\u00f6tikal ajanlar, Vitamin, bitki ekstraktlar\u0131(\u00f6z\u00fctleri) Mikroenjeksiyon tekni\u011fiyle cilt ve cilt alt\u0131na uygulan\u0131r.<\/span><\/p>\n<div class=\"wpb_single_image wpb_content_element vc_align_left vc_custom_1545477363046\">\n<div class=\"vc_single_image-wrapper vc_box_border_grey\"><img loading=\"lazy\" decoding=\"async\" class=\"alignnone size-full wp-image-2169\" src=\"https:\/\/healthtourismcenterturkey.com\/wp-content\/uploads\/2022\/03\/mezoterapi.jpg\" alt=\"\" width=\"760\" height=\"400\" srcset=\"https:\/\/healthtourismcenterturkey.com\/wp-content\/uploads\/2022\/03\/mezoterapi.jpg 760w, https:\/\/healthtourismcenterturkey.com\/wp-content\/uploads\/2022\/03\/mezoterapi-300x158.jpg 300w\" sizes=\"(max-width: 760px) 100vw, 760px\" \/><\/div>\n<\/div>\n<p>&nbsp;<\/p>\n<h1 class=\"vc_custom_heading font-weight-bold letter-spacing-1 vc_custom_1545677685447\">Mezoterapi Nas\u0131l Etki Eder?<\/h1>\n<p class=\"vc_custom_heading vc_custom_1545677696247\"><span style=\"font-size: 14pt;\">Mezoterapide problemin oldu\u011fu b\u00f6lgeye uygun sol\u00fcsyonlar haz\u0131rlanarak i\u015flem uygulan\u0131r. Bu \u015fekilde o b\u00f6lgedeki kan dola\u015f\u0131m\u0131, lenfatik dola\u015f\u0131m ve imm\u00fcn cevap d\u00fczenlenir.<\/span><\/p>\n<div class=\"rt-separator element-one\" data-separator-width=\"100%\" data-separator-color=\"#000000\" data-separator-background=\"#ffffff\" data-separator-direction=\"center\">\n<div class=\"block\">\n<div class=\"gap\"><\/div>\n<div class=\"bar\"><\/div>\n<\/div>\n<\/div>\n<p>&nbsp;<\/p>\n<h1 class=\"vc_custom_heading font-weight-semibold vc_custom_1545678019593\">Mezoterapi Kullan\u0131m Alanlar\u0131<\/h1>\n<p class=\"vc_custom_heading vc_custom_1545678007242\"><span style=\"font-size: 14pt;\"><b>Sel\u00fclit Mezoterapisi:<\/b><\/span><br \/>\n<span style=\"font-size: 14pt;\">Sel\u00fclit her ya\u015f gurubu kad\u0131n ve erkekte g\u00f6r\u00fclebilen ciltte dalgal\u0131 yumru g\u00f6r\u00fcn\u00fcm\u00fcd\u00fcr. Problem genelde homonal duruma ba\u011fl\u0131 lenf drenaj sorunu sonras\u0131 ortaya \u00e7\u0131kmaktad\u0131r. Sel\u00fclit tedavisi i\u00e7in mezoterapi ile 4-10 haftada, bir kez olmak \u00fczere ba\u015far\u0131l\u0131 sonu\u00e7lar al\u0131n\u0131r. E\u011fer hasta bunu diyet ile bunu korursa sonu\u00e7lar kal\u0131c\u0131d\u0131r.<\/span><br \/>\n<span style=\"font-size: 14pt;\">Mezoterapi ile cilt alt\u0131na \u015f\u0131r\u0131nga edilen maddeler sel\u00fclitli alanda kan ak\u0131m\u0131n\u0131 ve lenfatik dola\u015f\u0131m\u0131 d\u00fczenler, ya\u011f depozitlerini \u00e7\u00f6zer ve sertle\u015fmi\u015f ba\u011f dokuyu d\u00fczeltir. Bu \u015fekilde g\u00f6r\u00fcn\u00fcm\u00fc de\u011fi\u015ftirir.<\/span><\/p>\n<p class=\"vc_custom_heading vc_custom_1545678034833\"><span style=\"font-size: 14pt;\"><b>Lokal (b\u00f6lgesel )ya\u011flanma:<\/b><\/span><br \/>\n<span style=\"font-size: 14pt;\">Mezoterapi, kar\u0131n, bel, kol, bacaktaki b\u00f6lgesel ya\u011flanmalar\u0131n giderilmesinde liposuctiona alternatif tedavidir. Enjeksiyon alan\u0131ndaki ya\u011f dokusunun y\u0131k\u0131lmas\u0131n\u0131 sa\u011flar.<\/span><\/p>\n<p class=\"vc_custom_heading vc_custom_1545678058598\"><span style=\"font-size: 14pt;\"><b>Sa\u00e7 d\u00f6k\u00fclmeleri ( Alopesi):<\/b><\/span><br \/>\n<span style=\"font-size: 14pt;\">Alopesi sa\u00e7lar\u0131n d\u00f6k\u00fclerek b\u00f6lgesel veya t\u00fcmden azalmas\u0131 yada yok olmas\u0131d\u0131r. \u00d6zellikle baz\u0131 tip sa\u00e7 d\u00f6k\u00fclmelerinde olduk\u00e7a iyi sonu\u00e7lar al\u0131nmaktad\u0131r. Hastan\u0131n problemine g\u00f6re haftal\u0131k veya iki haftal\u0131k seanslar \u015feklinde 4-10 seans yap\u0131l\u0131r.<\/span><\/p>\n<p class=\"vc_custom_heading vc_custom_1545678071597\"><span style=\"font-size: 14pt;\"><b>Cilt gen\u00e7le\u015ftirme (Mezolift):<\/b><\/span><br \/>\n<span style=\"font-size: 14pt;\">G\u00fcne\u015f hasar\u0131 ve kollajen kayb\u0131 birle\u015ferek cildin dolgunlu\u011funu ve g\u00f6r\u00fcn\u00fcm\u00fcn\u00fc bozar. Mezoterapi yoluyla vitaminler, antioksidanlar ve ba\u011f doku maddeleri dermise inf\u00fcze edilir yani cilt i\u00e7ine \u015f\u0131r\u0131nga ile verilir. Haftal\u0131k uygulamalar \u015feklinde 2-4 seans tedavi yap\u0131l\u0131r.<\/span><\/p>\n<p class=\"vc_custom_heading vc_custom_1545678082229\"><span style=\"font-size: 14pt;\">Mezolift olduk\u00e7a etkili bir anti-aging tedavidir. Ciltte kollajen sentezini uyar\u0131r; gen\u00e7le\u015fme, s\u0131k\u0131la\u015fma ve parlakl\u0131k olu\u015fur<\/span><\/p>\n<div class=\"rt-separator element-one\" data-separator-width=\"100%\" data-separator-color=\"#000000\" data-separator-background=\"#ffffff\" data-separator-direction=\"center\">\n<div class=\"block\">\n<p>&nbsp;<\/p>\n<h1 class=\"vc_custom_heading vc_custom_1545677868329\">Mezoterapi Hangi Durumlarda Kullan\u0131l\u0131r?<\/h1>\n<p class=\"vc_custom_heading vc_custom_1545677813753\"><span style=\"font-size: 14pt;\">\u2022 Sell\u00fclitte<\/span><br \/>\n<span style=\"font-size: 14pt;\">\u2022 Sa\u00e7 d\u00f6k\u00fclmesinde<\/span><br \/>\n<span style=\"font-size: 14pt;\">\u2022 Skar revizyonunda (ciltteki dokular\u0131n\u0131n iyile\u015fmesi)<\/span><br \/>\n<span style=\"font-size: 14pt;\">\u2022 Lokal (b\u00f6lgesel) ya\u011flanmanda<\/span><br \/>\n<span style=\"font-size: 14pt;\">\u2022 Ergenlik ve hamilelikte olu\u015fabilecek cilt sorunlar\u0131nda<\/span><\/p>\n<p>&nbsp;<\/p>\n<h1 class=\"vc_custom_heading vc_custom_1545677877111\">Mezoterapi Kimler i\u00e7in Uygun De\u011fildir?<\/h1>\n<p class=\"vc_custom_heading vc_custom_1545677843113\"><span style=\"font-size: 14pt;\">\u2022 Gebelerde<\/span><br \/>\n<span style=\"font-size: 14pt;\">\u2022 \u0130nme (fel\u00e7) ge\u00e7irmi\u015fler ki\u015filerde<\/span><br \/>\n<span style=\"font-size: 14pt;\">\u2022 \u0130ns\u00fclin ba\u011f\u0131ml\u0131 diabetes mellitus (\u015feker hastal\u0131\u011f\u0131) olanlarda<\/span><br \/>\n<span style=\"font-size: 14pt;\">\u2022 Kanser durumunda olanlarda<\/span><br \/>\n<span style=\"font-size: 14pt;\">\u2022 Kan p\u0131ht\u0131la\u015fma bozuklu\u011fu olanlarda<\/span><br \/>\n<span style=\"font-size: 14pt;\">\u2022 \u00c7oklu ila\u00e7 tedavisi gerektiren kalp hastal\u0131\u011f\u0131 bulunanlarda Mezoterapi uygulanamaz.<\/span><\/p>\n<\/div>\n<\/div>\n<p>&nbsp;<\/p>\n","protected":false},"excerpt":{"rendered":"<p>Mezoterapi Nedir? Mezoterapi,ilk 1952 y\u0131l\u0131nda Dr.Michel Pistor taraf\u0131ndan geli\u015ftirilen estetik ama\u00e7l\u0131 t\u0131bbi bir i\u015flemdir. Homeopatik ajanlar, Farmas\u00f6tikal ajanlar, Vitamin, bitki ekstraktlar\u0131(\u00f6z\u00fctleri) Mikroenjeksiyon tekni\u011fiyle cilt ve cilt alt\u0131na uygulan\u0131r. &nbsp; Mezoterapi Nas\u0131l Etki Eder? Mezoterapide problemin oldu\u011fu b\u00f6lgeye uygun sol\u00fcsyonlar haz\u0131rlanarak i\u015flem uygulan\u0131r. Bu \u015fekilde o b\u00f6lgedeki kan dola\u015f\u0131m\u0131, lenfatik dola\u015f\u0131m ve imm\u00fcn cevap d\u00fczenlenir. &nbsp; [&hellip;]<\/p>\n","protected":false},"author":2,"featured_media":0,"parent":1112,"menu_order":0,"comment_status":"closed","ping_status":"closed","template":"","meta":{"footnotes":""},"class_list":["post-1173","page","type-page","status-publish","hentry"],"acf":[],"_links":{"self":[{"href":"https:\/\/healthtourismcenterturkey.com\/tr_tr\/wp-json\/wp\/v2\/pages\/1173"}],"collection":[{"href":"https:\/\/healthtourismcenterturkey.com\/tr_tr\/wp-json\/wp\/v2\/pages"}],"about":[{"href":"https:\/\/healthtourismcenterturkey.com\/tr_tr\/wp-json\/wp\/v2\/types\/page"}],"author":[{"embeddable":true,"href":"https:\/\/healthtourismcenterturkey.com\/tr_tr\/wp-json\/wp\/v2\/users\/2"}],"replies":[{"embeddable":true,"href":"https:\/\/healthtourismcenterturkey.com\/tr_tr\/wp-json\/wp\/v2\/comments?post=1173"}],"version-history":[{"count":5,"href":"https:\/\/healthtourismcenterturkey.com\/tr_tr\/wp-json\/wp\/v2\/pages\/1173\/revisions"}],"predecessor-version":[{"id":1310,"href":"https:\/\/healthtourismcenterturkey.com\/tr_tr\/wp-json\/wp\/v2\/pages\/1173\/revisions\/1310"}],"up":[{"embeddable":true,"href":"https:\/\/healthtourismcenterturkey.com\/tr_tr\/wp-json\/wp\/v2\/pages\/1112"}],"wp:attachment":[{"href":"https:\/\/healthtourismcenterturkey.com\/tr_tr\/wp-json\/wp\/v2\/media?parent=1173"}],"curies":[{"name":"wp","href":"https:\/\/api.w.org\/{rel}","templated":true}]}}