{"id":1171,"date":"2020-08-02T12:29:15","date_gmt":"2020-08-02T12:29:15","guid":{"rendered":"http:\/\/healthtourismcenterturkey.com\/?page_id=1171"},"modified":"2022-03-24T18:36:26","modified_gmt":"2022-03-24T18:36:26","slug":"lazer-epilasyon","status":"publish","type":"page","link":"https:\/\/healthtourismcenterturkey.com\/tr_tr\/plastik-cerrahi\/medikal-estetik\/lazer-epilasyon\/","title":{"rendered":"Lazer Epilasyon"},"content":{"rendered":"<h1 class=\"vc_custom_heading font-weight-bold letter-spacing-1 vc_custom_1545674208600\">Lazer Epilasyon Nedir? Nas\u0131l Yap\u0131l\u0131r?<\/h1>\n<p class=\"vc_custom_heading vc_custom_1545674233904\"><span style=\"font-size: 14pt;\">En k\u0131sa anlat\u0131m\u0131 ile v\u00fccudunuzdaki istenmeyen t\u00fcylerden kurtulman\u0131z i\u00e7in kal\u0131c\u0131 bir yol sa\u011flayan bir g\u00fczellik uygulamas\u0131d\u0131r. G\u00fczellik ve estetik merkezlerinde yap\u0131lan bu uygulamada k\u0131l k\u00f6kleri lazer \u0131\u015f\u0131\u011f\u0131 ile yak\u0131lmas\u0131 ve i\u015flem sonunda bir daha \u00e7\u0131kmamas\u0131 hedeflenir. Lazer epilasyona geli\u015fimini tamamlam\u0131\u015f herkes gidebilir. \u00c7e\u015fitli cinsleri olan lazer makinelerinden en yayg\u0131n ve etkili olan\u0131 Alexandrite ve Diode lazerdir.<\/span><br \/>\n<span style=\"font-size: 14pt;\">Lazer epilasyon istenmeyen t\u00fcylerin kurtulmak ad\u0131na kad\u0131n ve erkekler taraf\u0131ndan s\u0131kl\u0131kla tercih edilen kal\u0131c\u0131 bir y\u00f6ntemdir. T\u0131ra\u015f, kimyasal maddeler, a\u011fda, c\u0131mb\u0131z ve epilat\u00f6rler kal\u0131c\u0131 \u00e7\u00f6z\u00fcm sa\u011flayamazlar. Lazer epilasyon cilde zarar vermeden k\u0131l k\u00f6k\u00fcn\u00fc \u0131s\u0131yla yok eden bir teknik sayesinde k\u0131l\u0131n tekrar olu\u015fumunu engellemeyi hedefler.<\/span><br \/>\n<span style=\"font-size: 14pt;\">Lazer epilasyon uzmanl\u0131k gerektiren ciddi bir i\u015flemdir. Lazer epilasyon merkezi konusunda karar verilen T\u0131p merkezi veya hastanenin farkl\u0131 lazer \u00e7e\u015fitlerine cevap verecek donan\u0131m ve ayg\u0131ta sahip olmas\u0131na dikkat edilmelidir.<\/span><br \/>\n<span style=\"font-size: 14pt;\">Lazer epilasyon koyu k\u0131llarda a\u00e7\u0131k k\u0131llara g\u00f6re daha iyi sonu\u00e7 vermektedir. A\u00e7\u0131k k\u0131l ve t\u00fcylerde de iyi sonu\u00e7 alabilmek do\u011fru cihaz ve do\u011fru uygulama ile m\u00fcmk\u00fcn olabilmektedir.<\/span><br \/>\n<span style=\"font-size: 14pt;\">Lazer epilasyona ba\u015flamadan \u00f6nce t\u00fcylenmenin nedeni de ara\u015ft\u0131r\u0131lmal\u0131d\u0131r. Hormonal nedenlerle ger\u00e7ekle\u015fen t\u00fcylenmeler de \u00f6ncelikle bu sorunun tedavisi gerekir.<\/span><\/p>\n<div class=\"wpb_single_image wpb_content_element vc_align_left vc_custom_1545674299940\">\n<figure class=\"wpb_wrapper vc_figure\">\n<div class=\"vc_single_image-wrapper vc_box_border_grey\"><\/div>\n<\/figure>\n<\/div>\n<p>&nbsp;<\/p>\n<p><img loading=\"lazy\" decoding=\"async\" class=\"size-full wp-image-2167\" src=\"https:\/\/healthtourismcenterturkey.com\/wp-content\/uploads\/2022\/03\/lazer-epilasyon-estethica-2.jpg\" alt=\"\" width=\"1008\" height=\"672\" srcset=\"https:\/\/healthtourismcenterturkey.com\/wp-content\/uploads\/2022\/03\/lazer-epilasyon-estethica-2.jpg 1008w, https:\/\/healthtourismcenterturkey.com\/wp-content\/uploads\/2022\/03\/lazer-epilasyon-estethica-2-300x200.jpg 300w, https:\/\/healthtourismcenterturkey.com\/wp-content\/uploads\/2022\/03\/lazer-epilasyon-estethica-2-768x512.jpg 768w\" sizes=\"(max-width: 1008px) 100vw, 1008px\" \/><\/p>\n<p class=\"vc_custom_heading vc_custom_1545674333911\"><span style=\"font-size: 14pt;\"><b>Alexandrite Lazer Epilasyon<\/b><\/span><br \/>\n<span style=\"font-size: 14pt;\">Uygulanacak b\u00f6lge i\u00e7in cildin alt\u0131ndaki k\u0131l k\u00f6klerine etki ederek t\u00fcylerin uzamas\u0131n\u0131 engeller.<\/span><\/p>\n<p class=\"vc_custom_heading vc_custom_1545674364376\"><span style=\"font-size: 14pt;\"><b>Diode Lazer Epilasyon<\/b><\/span><br \/>\n<span style=\"font-size: 14pt;\">Hemen hemen ayn\u0131 mant\u0131k ile \u00e7al\u0131\u015fsa da uzun dalga boyu lazer enerjisi kullan\u0131ld\u0131\u011f\u0131 i\u00e7in koyu cilt rengine sahip olanlar i\u00e7in daha avantajl\u0131d\u0131r. Uygulamalar 4 ile 9 seansa b\u00f6l\u00fcnerek yap\u0131l\u0131r. Daha kal\u0131c\u0131 bir sonu\u00e7 isteyenler seanslar\u0131 tamamlamal\u0131d\u0131r.<\/span><\/p>\n<div class=\"rt-separator element-one\" data-separator-width=\"100%\" data-separator-color=\"#000000\" data-separator-background=\"#ffffff\" data-separator-direction=\"center\">\n<div class=\"block\">\n<div class=\"gap\"><\/div>\n<div class=\"bar\"><\/div>\n<\/div>\n<\/div>\n<div class=\"vc_row wpb_row vc_inner vc_row-fluid vc_custom_1545478509233\">\n<div class=\"wpb_column vc_column_container vc_col-sm-12 vc_col-has-fill\">\n<div class=\"vc_column-inner vc_custom_1545478117371\">\n<div class=\"wpb_wrapper\">\n<h1 class=\"vc_custom_heading vc_custom_1545674589730\">Hangi B\u00f6lgelere Lazer Epilasyon Uygulanabilir?<\/h1>\n<p class=\"vc_custom_heading vc_custom_1545674448653\"><span style=\"font-size: 14pt;\">\u2022 Koltuk alt\u0131<br \/>\n<\/span><span style=\"font-size: 14pt;\">\u2022 Genital, Bikini b\u00f6lgesi ve popo<br \/>\n<\/span><span style=\"font-size: 14pt;\">\u2022 T\u00fcm bacak<br \/>\n<\/span><span style=\"font-size: 14pt;\">\u2022 T\u00fcm kol<br \/>\n<\/span><span style=\"font-size: 14pt;\">\u2022 Y\u00fcz, B\u0131y\u0131k ve favori<\/span><\/p>\n<\/div>\n<\/div>\n<\/div>\n<\/div>\n<p>&nbsp;<\/p>\n","protected":false},"excerpt":{"rendered":"<p>Lazer Epilasyon Nedir? Nas\u0131l Yap\u0131l\u0131r? En k\u0131sa anlat\u0131m\u0131 ile v\u00fccudunuzdaki istenmeyen t\u00fcylerden kurtulman\u0131z i\u00e7in kal\u0131c\u0131 bir yol sa\u011flayan bir g\u00fczellik uygulamas\u0131d\u0131r. G\u00fczellik ve estetik merkezlerinde yap\u0131lan bu uygulamada k\u0131l k\u00f6kleri lazer \u0131\u015f\u0131\u011f\u0131 ile yak\u0131lmas\u0131 ve i\u015flem sonunda bir daha \u00e7\u0131kmamas\u0131 hedeflenir. Lazer epilasyona geli\u015fimini tamamlam\u0131\u015f herkes gidebilir. \u00c7e\u015fitli cinsleri olan lazer makinelerinden en yayg\u0131n ve [&hellip;]<\/p>\n","protected":false},"author":2,"featured_media":0,"parent":1112,"menu_order":0,"comment_status":"closed","ping_status":"closed","template":"","meta":{"footnotes":""},"class_list":["post-1171","page","type-page","status-publish","hentry"],"acf":[],"_links":{"self":[{"href":"https:\/\/healthtourismcenterturkey.com\/tr_tr\/wp-json\/wp\/v2\/pages\/1171"}],"collection":[{"href":"https:\/\/healthtourismcenterturkey.com\/tr_tr\/wp-json\/wp\/v2\/pages"}],"about":[{"href":"https:\/\/healthtourismcenterturkey.com\/tr_tr\/wp-json\/wp\/v2\/types\/page"}],"author":[{"embeddable":true,"href":"https:\/\/healthtourismcenterturkey.com\/tr_tr\/wp-json\/wp\/v2\/users\/2"}],"replies":[{"embeddable":true,"href":"https:\/\/healthtourismcenterturkey.com\/tr_tr\/wp-json\/wp\/v2\/comments?post=1171"}],"version-history":[{"count":5,"href":"https:\/\/healthtourismcenterturkey.com\/tr_tr\/wp-json\/wp\/v2\/pages\/1171\/revisions"}],"predecessor-version":[{"id":2168,"href":"https:\/\/healthtourismcenterturkey.com\/tr_tr\/wp-json\/wp\/v2\/pages\/1171\/revisions\/2168"}],"up":[{"embeddable":true,"href":"https:\/\/healthtourismcenterturkey.com\/tr_tr\/wp-json\/wp\/v2\/pages\/1112"}],"wp:attachment":[{"href":"https:\/\/healthtourismcenterturkey.com\/tr_tr\/wp-json\/wp\/v2\/media?parent=1171"}],"curies":[{"name":"wp","href":"https:\/\/api.w.org\/{rel}","templated":true}]}}