{"id":1167,"date":"2020-08-02T12:27:05","date_gmt":"2020-08-02T12:27:05","guid":{"rendered":"http:\/\/healthtourismcenterturkey.com\/?page_id=1167"},"modified":"2020-08-12T09:58:33","modified_gmt":"2020-08-12T09:58:33","slug":"dolgu","status":"publish","type":"page","link":"https:\/\/healthtourismcenterturkey.com\/tr_tr\/plastik-cerrahi\/medikal-estetik\/dolgu\/","title":{"rendered":"Dolgu"},"content":{"rendered":"<h1 class=\"vc_custom_heading font-weight-bold letter-spacing-1 vc_custom_1545742547555\">Dolgu Uygulamalar\u0131<\/h1>\n<p class=\"vc_custom_heading vc_custom_1545742575274\"><span style=\"font-size: 14pt;\">Dolgu uygulamalar\u0131, Medikal Estetik alan\u0131nda en \u00e7ok kulan\u0131lan y\u00f6ntemlerden biridir. Hyal\u00fcronik asit ise dolgu uygulamalar\u0131nda en \u00e7ok ba\u015fvurulan dolgu maddesidir. Cildimiz ya\u015fland\u0131kca kolajen, elastin doku ve hyaluron\u0131k asit miktar\u0131nda azalma meydana gelir.<\/span><\/p>\n<div class=\"wpb_single_image wpb_content_element vc_align_left vc_custom_1545742892031\">\n<figure class=\"wpb_wrapper vc_figure\">\n<div class=\"vc_single_image-wrapper vc_box_border_grey\"><img loading=\"lazy\" decoding=\"async\" class=\"vc_single_image-img attachment-full\" src=\"https:\/\/www.estecapa.com\/wp-content\/uploads\/dolgu-uygulamas%C4%B1.jpg\" sizes=\"(max-width: 886px) 100vw, 886px\" srcset=\"https:\/\/www.estecapa.com\/wp-content\/uploads\/dolgu-uygulamas\u0131.jpg 886w, https:\/\/www.estecapa.com\/wp-content\/uploads\/dolgu-uygulamas\u0131-300x244.jpg 300w, https:\/\/www.estecapa.com\/wp-content\/uploads\/dolgu-uygulamas\u0131-768x624.jpg 768w\" alt=\"\" width=\"886\" height=\"720\" data-no-retina=\"\" \/><\/div>\n<\/figure>\n<\/div>\n<p class=\"vc_custom_heading vc_custom_1545742586931\"><span style=\"font-size: 14pt;\">Dolgu uygulamalar\u0131nda azalmakta olan hyaluronik asit, k\u00fc\u00e7\u00fck i\u011fneler yard\u0131m\u0131yla cilt alt\u0131ndaki problemli olan yerlere anjekte edilir.Jel k\u0131vam\u0131ndaki hyaluronik asit cildin su tutma kapasitesini artt\u0131rarak yo\u011funluk sa\u011flar<\/span><\/p>\n<div class=\"rt-separator element-one\" data-separator-width=\"100%\" data-separator-color=\"#000000\" data-separator-background=\"#ffffff\" data-separator-direction=\"center\">\n<div class=\"block\">\n<div class=\"gap\"><\/div>\n<div class=\"bar\"><\/div>\n<\/div>\n<\/div>\n<p>&nbsp;<\/p>\n<h1 class=\"vc_custom_heading font-weight-semibold vc_custom_1545742756164\">Dolgu Maddesi Hangi Ama\u00e7larla Kullan\u0131labilir ?<\/h1>\n<p class=\"vc_custom_heading vc_custom_1545742767900\"><span style=\"font-size: 14pt;\">\u2022 Y\u00fczdeki derin ve ince k\u0131r\u0131\u015f\u0131kl\u0131klar\u0131n doldurulmas\u0131,<\/span><br \/>\n<span style=\"font-size: 14pt;\">\u2022 Dudaklar\u0131n ve konturunun dolgunla\u015ft\u0131r\u0131lmas\u0131,<\/span><br \/>\n<span style=\"font-size: 14pt;\">\u2022 Yanaklar, \u00e7ene , g\u00f6z \u00e7evresi ve \u015fakaklara hacim verilmesi,<\/span><br \/>\n<span style=\"font-size: 14pt;\">\u2022 Akne ya da di\u011fer nedenlerle olu\u015fmu\u015f derin izlerin giderilmesi amac\u0131yla kullan\u0131lmaktad\u0131r.<\/span><\/p>\n<div class=\"rt-separator element-one\" data-separator-width=\"100%\" data-separator-color=\"#000000\" data-separator-background=\"#ffffff\" data-separator-direction=\"center\">\n<div class=\"block\">\n<div class=\"gap\"><\/div>\n<div class=\"bar\"><\/div>\n<\/div>\n<\/div>\n<div class=\"vc_row wpb_row vc_inner vc_row-fluid vc_custom_1545478509233\">\n<div class=\"wpb_column vc_column_container vc_col-sm-12 vc_col-has-fill\">\n<div class=\"vc_column-inner vc_custom_1545478117371\">\n<div class=\"wpb_wrapper\"><\/br><\/br><\/p>\n<h1 class=\"vc_custom_heading vc_custom_1545742919499\">Hyal\u00fcronik Asit Faydalar\u0131 Nelerdir ?<\/h1>\n<p class=\"vc_custom_heading vc_custom_1545742723237\"><span style=\"font-size: 14pt;\">\u2022 Cildi p\u00fcr\u00fczs\u00fcz ve esnek tutmaya yard\u0131mc\u0131 olur.<\/span><br \/>\n<span style=\"font-size: 14pt;\">\u2022 Akne izlerini \u00f6nlemeye yard\u0131mc\u0131 olur.<\/span><br \/>\n<span style=\"font-size: 14pt;\">\u2022 Dudaklar\u0131n tamir edilmesi ve elastikiyetinin korunmas\u0131n\u0131 sa\u011flar.Bu \u00f6zelli\u011fi sayesinde cildin ya\u015flanmas\u0131n\u0131 \u00f6nlemektedir.<\/span><br \/>\n<span style=\"font-size: 14pt;\">\u2022 Kollajen liflerinin olu\u015fumu ve bak\u0131m\u0131na yard\u0131mc\u0131 olur.Kollajenin azalmas\u0131 cildin elastikiyetini kaybetmesine sebep olur.<\/span><br \/>\n<span style=\"font-size: 14pt;\">\u2022 Ayn\u0131 zamanda cilt iltihab\u0131 ve tahri\u015fi ile sava\u015fmaya yard\u0131mc\u0131 olur.<\/span><br \/>\n<span style=\"font-size: 14pt;\">\u2022 Ya\u015fland\u0131kca h\u00fccre mitoz h\u0131z\u0131 azal\u0131r,b\u00f6ylece h\u00fccresel yenilenme ve onar\u0131m s\u00fcreci yava\u015flar.Hyaluronikasit varl\u0131\u011f\u0131 durumunu tersine \u00e7evirmede yard\u0131mc\u0131 olur.<\/span><\/p>\n<\/div>\n<\/div>\n<\/div>\n<\/div>\n<div class=\"rt-separator element-one\" data-separator-width=\"100%\" data-separator-color=\"#000000\" data-separator-background=\"#ffffff\" data-separator-direction=\"center\">\n<div class=\"block\">\n<div class=\"gap\"><\/div>\n<div class=\"bar\"><\/div>\n<\/div>\n<\/div>\n<p>&nbsp;<\/p>\n<h1 class=\"vc_custom_heading font-weight-semibold vc_custom_1545742657488\">I\u015f\u0131k Dolgusu<\/h1>\n<p class=\"vc_custom_heading vc_custom_1545742670290\"><span style=\"font-size: 14pt;\">Cilde \u0131\u015f\u0131\u011f\u0131 yans\u0131tma kapasitesini geri vermek i\u00e7in mezoterapi ve dolgu teknikleri aras\u0131nda yeni bir tedavi y\u00f6ntemidir.<\/span><\/p>\n<p class=\"vc_custom_heading vc_custom_1545742682273\"><span style=\"font-size: 14pt;\">3-4 hafta aral\u0131kl\u0131 3 seansla etkili ve basit bir uygulamad\u0131r y\u00f6ntemidir.\u0130lk olarak yap\u0131lan enjeksiyon ve devam eden seanslar ile g\u00f6zle g\u00f6r\u00fcl\u00fcr sonu\u00e7lar al\u0131nabilmektedir.<\/span><\/p>\n<div class=\"rt-separator element-one\" data-separator-width=\"100%\" data-separator-color=\"#000000\" data-separator-background=\"#ffffff\" data-separator-direction=\"center\">\n<div class=\"block\">\n<div class=\"gap\"><\/div>\n<div class=\"bar\"><\/div>\n<\/div>\n<\/div>\n<p>&nbsp;<\/p>\n<h1 class=\"vc_custom_heading font-weight-semibold vc_custom_1545742796624\">Dolgu Hangi Alanlarda Uygulan\u0131r ?<\/h1>\n<p class=\"vc_custom_heading vc_custom_1545742808528\"><span style=\"font-size: 14pt;\">\u2022 Ka\u015f aras\u0131,<\/span><br \/>\n<span style=\"font-size: 14pt;\">\u2022 Nazolabial b\u00f6lgesi,<\/span><br \/>\n<span style=\"font-size: 14pt;\">\u2022 Dudak \u00fcst\u00fcndeki dikey \u00e7izgiler en s\u0131k uygulama alanlar\u0131d\u0131r.<\/span><br \/>\n<span style=\"font-size: 14pt;\">\u2022 Boyunda ve el s\u0131rt\u0131nda da d\u00fc\u015f\u00fck molek\u00fcl a\u011f\u0131rl\u0131kl\u0131 dolgulardan faydalan\u0131lmaktad\u0131r.Kemerli olan burunlar\u0131n d\u00fczeltilmesi ya da burun ucunu kald\u0131rmak i\u00e7in de dolgu uygulamalar\u0131ndan faydalan\u0131lmaktad\u0131r.<\/span><\/p>\n<p>&nbsp;<\/p>\n","protected":false},"excerpt":{"rendered":"<p>Dolgu Uygulamalar\u0131 Dolgu uygulamalar\u0131, Medikal Estetik alan\u0131nda en \u00e7ok kulan\u0131lan y\u00f6ntemlerden biridir. Hyal\u00fcronik asit ise dolgu uygulamalar\u0131nda en \u00e7ok ba\u015fvurulan dolgu maddesidir. Cildimiz ya\u015fland\u0131kca kolajen, elastin doku ve hyaluron\u0131k asit miktar\u0131nda azalma meydana gelir. Dolgu uygulamalar\u0131nda azalmakta olan hyaluronik asit, k\u00fc\u00e7\u00fck i\u011fneler yard\u0131m\u0131yla cilt alt\u0131ndaki problemli olan yerlere anjekte edilir.Jel k\u0131vam\u0131ndaki hyaluronik asit cildin su [&hellip;]<\/p>\n","protected":false},"author":2,"featured_media":0,"parent":1112,"menu_order":0,"comment_status":"closed","ping_status":"closed","template":"","meta":{"footnotes":""},"class_list":["post-1167","page","type-page","status-publish","hentry"],"acf":[],"_links":{"self":[{"href":"https:\/\/healthtourismcenterturkey.com\/tr_tr\/wp-json\/wp\/v2\/pages\/1167"}],"collection":[{"href":"https:\/\/healthtourismcenterturkey.com\/tr_tr\/wp-json\/wp\/v2\/pages"}],"about":[{"href":"https:\/\/healthtourismcenterturkey.com\/tr_tr\/wp-json\/wp\/v2\/types\/page"}],"author":[{"embeddable":true,"href":"https:\/\/healthtourismcenterturkey.com\/tr_tr\/wp-json\/wp\/v2\/users\/2"}],"replies":[{"embeddable":true,"href":"https:\/\/healthtourismcenterturkey.com\/tr_tr\/wp-json\/wp\/v2\/comments?post=1167"}],"version-history":[{"count":5,"href":"https:\/\/healthtourismcenterturkey.com\/tr_tr\/wp-json\/wp\/v2\/pages\/1167\/revisions"}],"predecessor-version":[{"id":1277,"href":"https:\/\/healthtourismcenterturkey.com\/tr_tr\/wp-json\/wp\/v2\/pages\/1167\/revisions\/1277"}],"up":[{"embeddable":true,"href":"https:\/\/healthtourismcenterturkey.com\/tr_tr\/wp-json\/wp\/v2\/pages\/1112"}],"wp:attachment":[{"href":"https:\/\/healthtourismcenterturkey.com\/tr_tr\/wp-json\/wp\/v2\/media?parent=1167"}],"curies":[{"name":"wp","href":"https:\/\/api.w.org\/{rel}","templated":true}]}}