{"id":1112,"date":"2020-08-02T11:00:45","date_gmt":"2020-08-02T11:00:45","guid":{"rendered":"http:\/\/healthtourismcenterturkey.com\/?page_id=1112"},"modified":"2020-09-20T19:37:48","modified_gmt":"2020-09-20T19:37:48","slug":"medikal-estetik","status":"publish","type":"page","link":"https:\/\/healthtourismcenterturkey.com\/tr_tr\/plastik-cerrahi\/medikal-estetik\/","title":{"rendered":"Medikal Estetik"},"content":{"rendered":"<p><section class=\"fw-main-row \"   >\n\t<div class=\"fw-container-fluid no-padding\">\n\t\t<div class=\"fw-row\">\n\t\n<div class=\"fw-col-xs-12\" style=\"\">\n\t<section class=\"banner-block banner-block-69e9dcc02a2f2 fw-main-row \" style=\"height:450px;\">\n\t\t<div class=\"item \"  style=\"height:450px;background-image: url(\/\/healthtourismcenterturkey.com\/wp-content\/uploads\/2020\/09\/22.jpg);\">\n\t\t<div class=\"fw-container centered-container tac\">\n\t\t\t\t\t<\/div>\n\t<\/div>\n\t<\/section><\/div>\n<\/div>\n\n\t<\/div>\n<\/section><section class=\"fw-main-row \"  style=\"padding-top:40px;\" >\n\t<div class=\"fw-container\">\n\t\t<div class=\"fw-row\">\n\t\n<div class=\"fw-col-xs-12\" style=\"\">\n\t<h2 class='fw-special-title heading-decor tac' style='margin-bottom:55px;'>\n\t<span>Hizmetlerimiz<\/span>\n\t<\/h2><\/div>\n<\/div>\n\n<div class=\"fw-row\">\n\t\n<div class=\"fw-col-xs-12\" style=\"\">\n\t<div class=\"fw-row\">\n\t\t<div class=\"fw-col-sm-4\">\n\t\t<!-- Category item -->\n\t\t<div class=\"category-item\" style=\"background-image: url(\/\/healthtourismcenterturkey.com\/wp-content\/uploads\/2020\/09\/cilt-bakimi.jpg)\">\n\t\t\t<div class=\"centered-container\">\n\t\t\t\t<a href=\"http:\/\/healthtourismcenterturkey.com\/plastik-cerrahi\/medikal-estetik\/cilt-bakimi\/\" class=\"button-style2 white big\"><span>C\u0130LT BAKIMI<\/span><\/a>\n\t\t\t<\/div>\n\t\t<\/div>\n\t\t<!-- END Category item -->\n\t<\/div>\n\t\t<div class=\"fw-col-sm-4\">\n\t\t<!-- Category item -->\n\t\t<div class=\"category-item\" style=\"background-image: url(\/\/healthtourismcenterturkey.com\/wp-content\/uploads\/2020\/09\/dolgu-2.jpg)\">\n\t\t\t<div class=\"centered-container\">\n\t\t\t\t<a href=\"http:\/\/healthtourismcenterturkey.com\/plastik-cerrahi\/medikal-estetik\/dolgu\/\" class=\"button-style2 white big\"><span>DOLGU<\/span><\/a>\n\t\t\t<\/div>\n\t\t<\/div>\n\t\t<!-- END Category item -->\n\t<\/div>\n\t\t<div class=\"fw-col-sm-4\">\n\t\t<!-- Category item -->\n\t\t<div class=\"category-item\" style=\"background-image: url(\/\/healthtourismcenterturkey.com\/wp-content\/uploads\/2020\/09\/kalici-makyaj.jpg)\">\n\t\t\t<div class=\"centered-container\">\n\t\t\t\t<a href=\"http:\/\/healthtourismcenterturkey.com\/plastik-cerrahi\/medikal-estetik\/kalici-makyaj\/\" class=\"button-style2 white big\"><span>KALICI MAKYAJ<\/span><\/a>\n\t\t\t<\/div>\n\t\t<\/div>\n\t\t<!-- END Category item -->\n\t<\/div>\n\t\t<div class=\"fw-col-sm-4\">\n\t\t<!-- Category item -->\n\t\t<div class=\"category-item\" style=\"background-image: url(\/\/healthtourismcenterturkey.com\/wp-content\/uploads\/2020\/08\/uyluk-germe-resim1.jpg)\">\n\t\t\t<div class=\"centered-container\">\n\t\t\t\t<a href=\"http:\/\/healthtourismcenterturkey.com\/plastik-cerrahi\/medikal-estetik\/lazer-epilasyon\/\" class=\"button-style2 white big\"><span>LAZER EP\u0130LASYON<\/span><\/a>\n\t\t\t<\/div>\n\t\t<\/div>\n\t\t<!-- END Category item -->\n\t<\/div>\n\t\t<div class=\"fw-col-sm-4\">\n\t\t<!-- Category item -->\n\t\t<div class=\"category-item\" style=\"background-image: url(\/\/healthtourismcenterturkey.com\/wp-content\/uploads\/2020\/09\/dolgu.jpg)\">\n\t\t\t<div class=\"centered-container\">\n\t\t\t\t<a href=\"http:\/\/healthtourismcenterturkey.com\/plastik-cerrahi\/medikal-estetik\/prp-mezoterapi\/\" class=\"button-style2 white big\"><span>PRP (Mezoterapi)<\/span><\/a>\n\t\t\t<\/div>\n\t\t<\/div>\n\t\t<!-- END Category item -->\n\t<\/div>\n\t\t<div class=\"fw-col-sm-4\">\n\t\t<!-- Category item -->\n\t\t<div class=\"category-item\" style=\"background-image: url(\/\/healthtourismcenterturkey.com\/wp-content\/uploads\/2020\/09\/234234.jpg)\">\n\t\t\t<div class=\"centered-container\">\n\t\t\t\t<a href=\"http:\/\/healthtourismcenterturkey.com\/plastik-cerrahi\/medikal-estetik\/radyofrekans-tedavisi\/\" class=\"button-style2 white big\"><span>RADYOFREKANS TEDAV\u0130S\u0130<\/span><\/a>\n\t\t\t<\/div>\n\t\t<\/div>\n\t\t<!-- END Category item -->\n\t<\/div>\n\t<\/div><\/div>\n<\/div>\n\n\t<\/div>\n<\/section><\/p>\n","protected":false},"excerpt":{"rendered":"<p>Hizmetlerimiz C\u0130LT BAKIMI DOLGU KALICI MAKYAJ LAZER EP\u0130LASYON PRP (Mezoterapi) RADYOFREKANS TEDAV\u0130S\u0130<\/p>\n","protected":false},"author":2,"featured_media":0,"parent":721,"menu_order":0,"comment_status":"closed","ping_status":"closed","template":"","meta":{"footnotes":""},"class_list":["post-1112","page","type-page","status-publish","hentry"],"acf":[],"_links":{"self":[{"href":"https:\/\/healthtourismcenterturkey.com\/tr_tr\/wp-json\/wp\/v2\/pages\/1112"}],"collection":[{"href":"https:\/\/healthtourismcenterturkey.com\/tr_tr\/wp-json\/wp\/v2\/pages"}],"about":[{"href":"https:\/\/healthtourismcenterturkey.com\/tr_tr\/wp-json\/wp\/v2\/types\/page"}],"author":[{"embeddable":true,"href":"https:\/\/healthtourismcenterturkey.com\/tr_tr\/wp-json\/wp\/v2\/users\/2"}],"replies":[{"embeddable":true,"href":"https:\/\/healthtourismcenterturkey.com\/tr_tr\/wp-json\/wp\/v2\/comments?post=1112"}],"version-history":[{"count":9,"href":"https:\/\/healthtourismcenterturkey.com\/tr_tr\/wp-json\/wp\/v2\/pages\/1112\/revisions"}],"predecessor-version":[{"id":1975,"href":"https:\/\/healthtourismcenterturkey.com\/tr_tr\/wp-json\/wp\/v2\/pages\/1112\/revisions\/1975"}],"up":[{"embeddable":true,"href":"https:\/\/healthtourismcenterturkey.com\/tr_tr\/wp-json\/wp\/v2\/pages\/721"}],"wp:attachment":[{"href":"https:\/\/healthtourismcenterturkey.com\/tr_tr\/wp-json\/wp\/v2\/media?parent=1112"}],"curies":[{"name":"wp","href":"https:\/\/api.w.org\/{rel}","templated":true}]}}