{"id":1018,"date":"2020-07-30T18:19:08","date_gmt":"2020-07-30T18:19:08","guid":{"rendered":"http:\/\/healthtourismcenterturkey.com\/?page_id=1018"},"modified":"2022-03-24T19:03:55","modified_gmt":"2022-03-24T19:03:55","slug":"fue-sac-ekimi","status":"publish","type":"page","link":"https:\/\/healthtourismcenterturkey.com\/tr_tr\/sac-ekimi\/fue-sac-ekimi\/","title":{"rendered":"FUE Sa\u00e7 Ekimi"},"content":{"rendered":"<h1 class=\"vc_custom_heading font-weight-bold letter-spacing-1 vc_custom_1545745661978\"><\/h1>\n<p class=\"vc_custom_heading vc_custom_1545744646914\"><span style=\"font-size: 14pt;\">Belirli sebeplerden dolay\u0131 sa\u00e7 kayb\u0131na u\u011fram\u0131\u015f ki\u015filere, do\u011fal g\u00f6r\u00fcn\u00fcml\u00fc, kal\u0131c\u0131 ve sa\u011fl\u0131kl\u0131 yeni sa\u00e7lar kazand\u0131rmak i\u00e7in yap\u0131lan i\u015flemlerdir. Sa\u00e7 ekiminde, d\u00f6k\u00fck olan b\u00f6lgeye ki\u015finin kendi sa\u011fl\u0131kl\u0131 ve do\u011fal sa\u00e7lar\u0131 ekilir. Sa\u00e7 ekimi yap\u0131lacak ki\u015fiden al\u0131nan sa\u00e7lar, d\u00f6k\u00fclme ya\u015fanmayan yerlerden al\u0131n\u0131r. Sa\u00e7 ekimi ki\u015fiye, do\u011fal ve hi\u00e7 d\u00f6k\u00fclmemi\u015f gibi kal\u0131c\u0131 ve orjinal bir g\u00f6r\u00fcnt\u00fc sa\u011flar.<\/span><\/p>\n<div class=\"wpb_single_image wpb_content_element vc_align_left vc_custom_1545744700976\">\n<figure class=\"wpb_wrapper vc_figure\">\n<div class=\"vc_single_image-wrapper vc_box_border_grey\"><img loading=\"lazy\" decoding=\"async\" class=\"alignnone size-full wp-image-2197\" src=\"https:\/\/healthtourismcenterturkey.com\/wp-content\/uploads\/2022\/03\/dhi-son-1200x675-1.png\" alt=\"\" width=\"1200\" height=\"675\" srcset=\"https:\/\/healthtourismcenterturkey.com\/wp-content\/uploads\/2022\/03\/dhi-son-1200x675-1.png 1200w, https:\/\/healthtourismcenterturkey.com\/wp-content\/uploads\/2022\/03\/dhi-son-1200x675-1-300x169.png 300w, https:\/\/healthtourismcenterturkey.com\/wp-content\/uploads\/2022\/03\/dhi-son-1200x675-1-1024x576.png 1024w, https:\/\/healthtourismcenterturkey.com\/wp-content\/uploads\/2022\/03\/dhi-son-1200x675-1-768x432.png 768w\" sizes=\"(max-width: 1200px) 100vw, 1200px\" \/><\/div>\n<\/figure>\n<\/div>\n<p class=\"vc_custom_heading vc_custom_1545744932174\"><span style=\"font-size: 14pt;\">D\u00fcnyan\u0131n pek \u00e7ok yerinde, \u00f6zellikle de son y\u0131llarda FUE y\u00f6ntemi tercih edilir. Bunun ana sebebi ise elbette ki uygulamadaki pratiklik ve elde edilen faydal\u0131 sonu\u00e7lar\u0131n genele oran\u0131d\u0131r. Herhangi bir y\u00f6ntemde bu denli ba\u015far\u0131l\u0131 olmak \u00e7ok zor iken, FUE y\u00f6ntemi ile teknolojik yakla\u015f\u0131mlar ve etkili y\u00f6ntemler ortaya kondu\u011fu i\u00e7in do\u011frudan do\u011fruya do\u011fal g\u00f6r\u00fcn\u00fcml\u00fc ve g\u00fc\u00e7l\u00fc sa\u00e7lar elde edilebilir. Bu nedenle de pek \u00e7ok ki\u015finin tercihi FUE y\u00f6ntemi olmaktad\u0131r. Zaten uzmanlar da bu y\u00f6ntemi \u00f6nerirken gerekli teknolojik ve teknik altyap\u0131n\u0131n kurulu olma \u00f6n \u015fart\u0131 ile y\u00f6nlendirmelerini yaparlar.<\/span><\/p>\n<div class=\"rt-separator element-one\" data-separator-width=\"100%\" data-separator-color=\"#000000\" data-separator-background=\"#ffffff\" data-separator-direction=\"center\">\n<div class=\"block\">\n<div class=\"gap\"><\/div>\n<div class=\"bar\"><\/div>\n<\/div>\n<\/div>\n<p>&nbsp;<\/p>\n<h1 class=\"vc_custom_heading font-weight-semibold vc_custom_1545744952101\">Tedavi Sonras\u0131 S\u00fcre\u00e7<\/h1>\n<p class=\"vc_custom_heading vc_custom_1545744966325\"><span style=\"font-size: 14pt;\">\u0130lk ekilen sa\u00e7lar, ilk ay\u0131n sonunda d\u00f6k\u00fcl\u00fcrler. Sa\u00e7 ekimini takip eden 2 ya da 3. ayda sa\u00e7lar \u00e7\u0131kmaya ba\u015flar. Bu nedenle de ilk d\u00f6k\u00fclmeler ya\u015fand\u0131\u011f\u0131 zaman kesinlikle moral bozmadan ve can s\u0131kmadan bak\u0131m yapmaya devam etmek gerekir. Bu s\u00fcre\u00e7teki belki de en kritik d\u00f6nem buras\u0131d\u0131r. E\u011fer ki\u015fi d\u00f6k\u00fclen sa\u00e7lar sonucunda tedavinin i\u015fe yaramad\u0131\u011f\u0131n\u0131 d\u00fc\u015f\u00fcn\u00fcp hem moral olarak hem de motivasyon olarak geriye d\u00fc\u015ferse s\u00fcre\u00e7 zora girer. H\u00e2lbuki ki\u015fi, bu s\u00fcre\u00e7te ilk d\u00f6k\u00fclmelerin tedaviden dolay\u0131 son derece normal oldu\u011funu bilmeli ve buna g\u00f6re tedbirini almal\u0131d\u0131r.<\/span><br \/>\n<span style=\"font-size: 14pt;\">T\u00fcm i\u015flemler ba\u015far\u0131 ile y\u00f6netildi\u011fi takdirde, ilk d\u00f6k\u00fclmelerin de atlat\u0131lmas\u0131 ile beraber, tedavinin \u00fczerinden 6 ay ge\u00e7tikten sonra sa\u00e7lar\u0131n dolgun ve hacimli olmaya ba\u015flamas\u0131 fark edilir. Sa\u00e7\u0131n kendini bulmas\u0131 ve tamamen iyi bir hal almas\u0131 ise 1 ila 1,5 y\u0131l aras\u0131nda olacakt\u0131r. Sa\u00e7 k\u00f6kleri, ki\u015finin kendisine ait oldu\u011fu i\u00e7in renk ya da tarz olarak farkl\u0131l\u0131k g\u00f6zlemlenmez. B\u00f6ylelikle de d\u0131\u015far\u0131dan bak\u0131ld\u0131\u011f\u0131nda sa\u00e7 ekiminin yap\u0131ld\u0131\u011f\u0131 bile belli olmayacakt\u0131r.<\/span><\/p>\n<div class=\"vc_row wpb_row vc_inner vc_row-fluid vc_custom_1545478509233\">\n<div class=\"wpb_column vc_column_container vc_col-sm-12 vc_col-has-fill\">\n<div class=\"vc_column-inner vc_custom_1545478117371\">\n<div class=\"wpb_wrapper\">\n<p>&nbsp;<\/p>\n<h1 class=\"vc_custom_heading vc_custom_1545745002198\">FUE Y\u00f6ntemi Nedir?<\/h1>\n<p class=\"vc_custom_heading vc_custom_1545745012265\"><span style=\"font-size: 14pt;\">Sa\u00e7 ekiminde FUE y\u00f6ntemi d\u00fcnyan\u0131n her yan\u0131nda ge\u00e7erli ve etkili bir y\u00f6ntemdir. Sa\u00e7s\u0131z b\u00f6lgelere tek tek sa\u00e7 k\u00f6k\u00fc eklenmesi ile ger\u00e7ekle\u015ftirilen bu y\u00f6ntemde, folik\u00fcl \u00e7\u0131kartma i\u015flemi \u00f6ncesinde don\u00f6r alandaki sa\u00e7lar\u0131n kesilmesi ger\u00e7ekle\u015ftirilir. Neredeyse 1 mm kadar olacak \u015fekilde k\u0131salt\u0131lan sa\u00e7lar, lokal anestezik ila\u00e7lar sayesinde al\u0131n\u0131r. Sa\u00e7 k\u00f6klerinin al\u0131nmas\u0131 ve uygun alana yerle\u015ftirilmesi de uyumlu bir bi\u00e7imde ger\u00e7ekle\u015ftirilir.<\/span><\/p>\n<p class=\"vc_custom_heading vc_custom_1545745022930\"><span style=\"font-size: 14pt;\">Sa\u00e7 k\u0131l\u0131n\u0131 ortalayacak bi\u00e7imde yakla\u015ft\u0131r\u0131lan mikro motor ucu, k\u0131l\u0131n \u00e7\u0131k\u0131\u015f a\u00e7\u0131s\u0131na g\u00f6re deriye bat\u0131r\u0131lmakta ve \u00e7ekilmektedir. K\u0131l, folik\u00fcl ile \u00e7evresindeki dokuyla beraber kesilmi\u015f olur. Bu kesim i\u015flemi silindirik \u015fekilde yap\u0131l\u0131r. Ard\u0131ndan ise mikro penset yard\u0131m\u0131yla \u00e7ok hafif bir \u015fekilde \u00e7ekilmesi sa\u011flanan k\u0131l\u0131n, hi\u00e7bir \u015fekilde zarar g\u00f6rmemesi de sa\u011flan\u0131r.<\/span><\/p>\n<p class=\"vc_custom_heading vc_custom_1545745048788\"><span style=\"font-size: 14pt;\">Sistem otomatik s\u00fcre\u00e7ler ile y\u00f6netilir ve bu sayede zamandan da kazan\u0131l\u0131r. Folik\u00fcler \u00fcnitelerin nazik bir bi\u00e7imde toplan\u0131p sa\u00e7s\u0131z alana ekilmesi, olduk\u00e7a k\u00fc\u00e7\u00fck delikler ile m\u00fcmk\u00fcn k\u0131l\u0131n\u0131r. Her \u00fcnitede 2 ya da 3 folik\u00fcl bulunur.<\/span><\/p>\n<\/div>\n<\/div>\n<\/div>\n<\/div>\n<div class=\"rt-separator element-one\" data-separator-width=\"100%\" data-separator-color=\"#000000\" data-separator-background=\"#ffffff\" data-separator-direction=\"center\">\n<div class=\"block\">\n<div class=\"gap\"><\/div>\n<div class=\"bar\"><\/div>\n<\/div>\n<\/div>\n<p>&nbsp;<\/p>\n<h1 class=\"vc_custom_heading font-weight-semibold vc_custom_1545745239925\">FUE Y\u00f6ntemi Teknik \u00d6zellikleri<\/h1>\n<p class=\"vc_custom_heading vc_custom_1545745250765\"><span style=\"font-size: 14pt;\">Bu y\u00f6ntemin kullan\u0131larak sa\u00e7 ekimi i\u015flemlerinin yap\u0131lmas\u0131n\u0131n baz\u0131 \u00f6zellikleri vard\u0131r;<\/span><\/p>\n<p class=\"vc_custom_heading vc_custom_1549532865260\"><span style=\"font-size: 14pt;\">\u2022 Greftlerin al\u0131nm\u0131\u015f oldu\u011fu b\u00f6lgede, herhangi bir doku \u00f6rne\u011fi al\u0131nmadan, sadece ilgili k\u00f6k h\u00fccresinin \u00fczerinde do\u011frudan \u00e7al\u0131\u015f\u0131lmaktad\u0131r.<\/span><br \/>\n<span style=\"font-size: 14pt;\">\u2022 Sa\u00e7\u0131n al\u0131nd\u0131\u011f\u0131 b\u00f6lge asla diki\u015f ya ad kesi i\u015flemi g\u00f6r\u00fclmez. Ancak k\u00f6k al\u0131nan b\u00f6lgede \u00e7ok \u00e7ok k\u00fc\u00e7\u00fck \u00e7apta s\u0131yr\u0131klar olu\u015fur. Zaten s\u00f6z konusu s\u0131yr\u0131klar da birka\u00e7 haftal\u0131k s\u00fcre\u00e7 i\u00e7inde kapanarak ortadan kalkar ve iz kalmaz.<\/span><br \/>\n<span style=\"font-size: 14pt;\">\u2022 Ense b\u00f6lgesinden al\u0131nan greftlerin sa\u00e7 transferinde kullan\u0131lmas\u0131 bu teknik ile m\u00fcmk\u00fcn iken, yine ka\u015f, b\u0131y\u0131k veya sakal transferi i\u00e7in de bu greftler de\u011ferlendirilebilir.<\/span><br \/>\n<span style=\"font-size: 14pt;\">\u2022 Bir seans i\u00e7inde ortalama bir don\u00f6r alan\u0131n\u0131n durumuna, ekilecek k\u00f6k say\u0131s\u0131na da ba\u011fl\u0131 olacak \u015fekilde 4000 ila 6000 kadar greft al\u0131nmas\u0131 durumu s\u00f6z konusudur.<\/span><br \/>\n<span style=\"font-size: 14pt;\">\u2022 Greftlerin i\u00e7inde 1 ile 3 aras\u0131nda sa\u00e7 teli bulunur. Yani ortalama 1 greft sa\u00e7, yakla\u015f\u0131k 2 sa\u00e7 telidir.<\/span><br \/>\n<span style=\"font-size: 14pt;\">\u2022 Elde edilmi\u015f olan k\u00f6k say\u0131s\u0131na ve de a\u00e7\u0131kl\u0131\u011fa ba\u011fl\u0131 olacak \u015fekilde santimetrekare ba\u015f\u0131na 50 ila 60 aras\u0131nda sa\u00e7 k\u00f6k\u00fc ekilebilir.<\/span><br \/>\n<span style=\"font-size: 14pt;\">\u2022 Operasyonun ard\u0131ndan a\u011fr\u0131n\u0131n az olmas\u0131 ve iyile\u015fmenin de k\u0131sa s\u00fcrmesi bu y\u00f6ntemi \u00f6ne \u00e7\u0131kar\u0131r.<\/span><\/p>\n<div class=\"rt-separator element-one\" data-separator-width=\"100%\" data-separator-color=\"#000000\" data-separator-background=\"#ffffff\" data-separator-direction=\"center\">\n<div class=\"block\">\n<div class=\"gap\"><\/div>\n<div class=\"bar\"><\/div>\n<\/div>\n<\/div>\n<p>&nbsp;<\/p>\n<h1 class=\"vc_custom_heading font-weight-semibold vc_custom_1545745310576\">Sa\u00e7 Ekiminden Sonra Dikkat Edilmesi Gerekenler Nelerdir?<\/h1>\n<p class=\"vc_custom_heading vc_custom_1545745326681\"><span style=\"font-size: 14pt;\">\u2022 Sa\u00e7 ekimi yapt\u0131r\u0131rken, di\u011fer cerrahi operasyonlar gibi dikkatli ve titiz olunmal\u0131d\u0131r.<\/span><br \/>\n<span style=\"font-size: 14pt;\">\u2022 Sa\u00e7 ekimi yap\u0131lan b\u00f6lge hassas b\u00f6lgedir. Herhangi bir cisim de\u011fdirilmemelidir.<\/span><br \/>\n<span style=\"font-size: 14pt;\">\u2022 Hekim \u00f6nermedik\u00e7e 1,5-2 hafta spor, sauna ve hamamdan uzak durulmal\u0131d\u0131r.<\/span><br \/>\n<span style=\"font-size: 14pt;\">\u2022 Sa\u00e7lar 2 hafta jiletle al\u0131nmamak \u015fart\u0131yla, makasla kesilebilir.<\/span><br \/>\n<span style=\"font-size: 14pt;\">\u2022 Sa\u00e7 ekiminden sonraki ilk 2 g\u00fcn y\u0131kanmamal\u0131d\u0131r. Sonraki 2 hafta sa\u00e7lar y\u0131kand\u0131ktan sonra sa\u00e7 kurutma makinesiyle kurutulmal\u0131, havlu ve bez kullan\u0131lmamal\u0131d\u0131r.<\/span><br \/>\n<span style=\"font-size: 14pt;\">\u2022 Sigara ve alkol kullan\u0131m\u0131 sa\u00e7 ekimi \u00f6ncesinde ve sonras\u0131nda kullan\u0131lmamal\u0131d\u0131r.<\/span><br \/>\n<span style=\"font-size: 14pt;\">\u2022 \u00c7ok s\u0131cak ve \u00e7ok so\u011fuk ortamlardan ka\u00e7\u0131n\u0131lmal\u0131d\u0131r.<\/span><\/p>\n<p>&nbsp;<\/p>\n","protected":false},"excerpt":{"rendered":"<p>Belirli sebeplerden dolay\u0131 sa\u00e7 kayb\u0131na u\u011fram\u0131\u015f ki\u015filere, do\u011fal g\u00f6r\u00fcn\u00fcml\u00fc, kal\u0131c\u0131 ve sa\u011fl\u0131kl\u0131 yeni sa\u00e7lar kazand\u0131rmak i\u00e7in yap\u0131lan i\u015flemlerdir. Sa\u00e7 ekiminde, d\u00f6k\u00fck olan b\u00f6lgeye ki\u015finin kendi sa\u011fl\u0131kl\u0131 ve do\u011fal sa\u00e7lar\u0131 ekilir. Sa\u00e7 ekimi yap\u0131lacak ki\u015fiden al\u0131nan sa\u00e7lar, d\u00f6k\u00fclme ya\u015fanmayan yerlerden al\u0131n\u0131r. Sa\u00e7 ekimi ki\u015fiye, do\u011fal ve hi\u00e7 d\u00f6k\u00fclmemi\u015f gibi kal\u0131c\u0131 ve orjinal bir g\u00f6r\u00fcnt\u00fc sa\u011flar. D\u00fcnyan\u0131n [&hellip;]<\/p>\n","protected":false},"author":2,"featured_media":0,"parent":1013,"menu_order":0,"comment_status":"closed","ping_status":"closed","template":"","meta":{"footnotes":""},"class_list":["post-1018","page","type-page","status-publish","hentry"],"acf":[],"_links":{"self":[{"href":"https:\/\/healthtourismcenterturkey.com\/tr_tr\/wp-json\/wp\/v2\/pages\/1018"}],"collection":[{"href":"https:\/\/healthtourismcenterturkey.com\/tr_tr\/wp-json\/wp\/v2\/pages"}],"about":[{"href":"https:\/\/healthtourismcenterturkey.com\/tr_tr\/wp-json\/wp\/v2\/types\/page"}],"author":[{"embeddable":true,"href":"https:\/\/healthtourismcenterturkey.com\/tr_tr\/wp-json\/wp\/v2\/users\/2"}],"replies":[{"embeddable":true,"href":"https:\/\/healthtourismcenterturkey.com\/tr_tr\/wp-json\/wp\/v2\/comments?post=1018"}],"version-history":[{"count":8,"href":"https:\/\/healthtourismcenterturkey.com\/tr_tr\/wp-json\/wp\/v2\/pages\/1018\/revisions"}],"predecessor-version":[{"id":2200,"href":"https:\/\/healthtourismcenterturkey.com\/tr_tr\/wp-json\/wp\/v2\/pages\/1018\/revisions\/2200"}],"up":[{"embeddable":true,"href":"https:\/\/healthtourismcenterturkey.com\/tr_tr\/wp-json\/wp\/v2\/pages\/1013"}],"wp:attachment":[{"href":"https:\/\/healthtourismcenterturkey.com\/tr_tr\/wp-json\/wp\/v2\/media?parent=1018"}],"curies":[{"name":"wp","href":"https:\/\/api.w.org\/{rel}","templated":true}]}}