{"id":1015,"date":"2020-07-30T18:18:46","date_gmt":"2020-07-30T18:18:46","guid":{"rendered":"http:\/\/healthtourismcenterturkey.com\/?page_id=1015"},"modified":"2022-03-24T19:03:25","modified_gmt":"2022-03-24T19:03:25","slug":"dhi-sac-ekimi","status":"publish","type":"page","link":"https:\/\/healthtourismcenterturkey.com\/tr_tr\/sac-ekimi\/dhi-sac-ekimi\/","title":{"rendered":"DHI Sa\u00e7 Ekimi"},"content":{"rendered":"<h1 class=\"vc_custom_heading font-weight-bold letter-spacing-1 vc_custom_1545746301114\">DHI Y\u00f6ntemi Nedir? Nas\u0131l Yap\u0131l\u0131r?<\/h1>\n<p class=\"vc_custom_heading vc_custom_1545746324755\"><span style=\"font-size: 14pt;\">Bu y\u00f6ntemle toplanan sa\u00e7lar do\u011frudan alana dikilir. \u201cDH\u0130 Kalemleri\u201d ad\u0131 verilen aletler, \u00f6nceden kanal a\u00e7\u0131lmas\u0131 gerektirmeyen bu y\u00f6ntemde kullan\u0131lmaktad\u0131r. Bu kalemlerin i\u00e7ine sa\u00e7 yerle\u015ftirildikten sonra, bunlar do\u011frudan b\u00f6lgeye yerle\u015ftirilir. Bununla, kanallar tam olarak greft boyutunda a\u00e7\u0131ld\u0131\u011f\u0131 i\u00e7in, daha az nakil izi ve kanama vard\u0131r.<\/span><\/p>\n<div class=\"vc_single_image-wrapper vc_box_border_grey\"><img loading=\"lazy\" decoding=\"async\" class=\"alignnone size-full wp-image-2198\" src=\"https:\/\/healthtourismcenterturkey.com\/wp-content\/uploads\/2022\/03\/fue.png\" alt=\"\" width=\"1000\" height=\"665\" srcset=\"https:\/\/healthtourismcenterturkey.com\/wp-content\/uploads\/2022\/03\/fue.png 1000w, https:\/\/healthtourismcenterturkey.com\/wp-content\/uploads\/2022\/03\/fue-300x200.png 300w, https:\/\/healthtourismcenterturkey.com\/wp-content\/uploads\/2022\/03\/fue-768x511.png 768w\" sizes=\"(max-width: 1000px) 100vw, 1000px\" \/><\/div>\n<p class=\"vc_custom_heading vc_custom_1545746356263\"><span style=\"font-size: 14pt;\">Bu y\u00f6ntemde kademeli olarak sa\u00e7 ekimi yap\u0131l\u0131r. DH\u0130 y\u00f6ntemi a\u015famalar\u0131 \u015funlard\u0131r;<\/span><\/p>\n<p class=\"vc_custom_heading vc_custom_1545746463555\"><span style=\"font-size: 14pt;\"><b>Toplama:<\/b><\/span><br \/>\n<span style=\"font-size: 14pt;\">Bu a\u015famada \u201cmikro motor\u201d ad\u0131 verilen \u00f6zel bir aletle, 1 \u00e7aptan daha k\u00fc\u00e7\u00fck olan sa\u00e7 derisi, bulundu\u011fu k\u0131s\u0131mdan al\u0131n\u0131r ve toplan\u0131r. Herhangi bir yara izi ya da kesik olmaz ve toplanan sa\u00e7 k\u0131llar\u0131, hemen nakil i\u00e7in uygundur.<\/span><\/p>\n<p class=\"vc_custom_heading vc_custom_1545746482099\"><span style=\"font-size: 14pt;\"><b>D\u00fczenleme:<\/b><\/span><br \/>\n<span style=\"font-size: 14pt;\">K\u0131llar, sa\u00e7 teli y\u00fcksekli\u011fine uygun kanallar i\u00e7eren kalemlere dikkatlice yerle\u015ftirilir.<\/span><\/p>\n<p class=\"vc_custom_heading vc_custom_1545746496123\"><span style=\"font-size: 14pt;\"><b>Sa\u00e7 ekimi:<\/b><\/span><br \/>\n<span style=\"font-size: 14pt;\">Kalemlerin i\u00e7indeki k\u0131llar do\u011frudan sa\u00e7s\u0131z b\u00f6lgeye uygulan\u0131r, b\u00f6ylece kanallar a\u00e7\u0131l\u0131r ve k\u0131llar ayn\u0131 anda dikilebilir. Sa\u00e7, alandaki a\u00e7\u0131 ve derinlik i\u00e7in uygun bir \u015fekilde kolayca aktar\u0131l\u0131r.<\/span><\/p>\n<div class=\"rt-separator element-one\" data-separator-width=\"100%\" data-separator-color=\"#000000\" data-separator-background=\"#ffffff\" data-separator-direction=\"center\">\n<div class=\"block\">\n<div class=\"gap\"><\/div>\n<div class=\"bar\"><\/div>\n<\/div>\n<\/div>\n<div class=\"vc_row wpb_row vc_inner vc_row-fluid vc_custom_1545478509233\">\n<div class=\"wpb_column vc_column_container vc_col-sm-12 vc_col-has-fill\">\n<div class=\"vc_column-inner vc_custom_1545478117371\">\n<div class=\"wpb_wrapper\">\n<p>&nbsp;<\/p>\n<h1 class=\"vc_custom_heading vc_custom_1545746643938\">DH\u0130 Y\u00f6nteminin Avantajlar\u0131 Nelerdir?<\/h1>\n<p class=\"vc_custom_heading vc_custom_1545746521083\"><span style=\"font-size: 14pt;\">\u2022 \u0130mplante edilen folik\u00fcl\u00fcn a\u00e7\u0131s\u0131n\u0131, derinli\u011fini ve y\u00f6n\u00fcn\u00fc tam olarak kontrol etmek i\u00e7in \u00f6zel bir kalem kullan\u0131l\u0131r. Bu tamamen do\u011fal bir sa\u00e7 \u00e7izgisi ve do\u011fal bir g\u00f6r\u00fcn\u00fcm yarat\u0131r. Kalemler tek kullan\u0131ml\u0131kt\u0131r.<\/span><br \/>\n<span style=\"font-size: 14pt;\">\u2022 Bu y\u00f6ntemde, ekstrakte edilen greftler do\u011frudan al\u0131c\u0131 alana ekilebilir. \u0130lave kanal a\u00e7ma a\u015famas\u0131 yoktur.<\/span><br \/>\n<span style=\"font-size: 14pt;\">\u2022 Kabuklanma, oyukla\u015fma ya da post\u00fclasyon yoktur.<\/span><br \/>\n<span style=\"font-size: 14pt;\">\u2022 Kafa derisi kan beslemesini etkilemeden cm2 ba\u015f\u0131na 80-90 greft implante etmek m\u00fcmk\u00fcnd\u00fcr.<\/span><br \/>\n<span style=\"font-size: 14pt;\">\u2022 T\u0131ra\u015f olmaya gerek yoktur, sadece don\u00f6r b\u00f6lge kesilecektir. \u0130yile\u015fme s\u00fcresi \u00e7ok k\u0131sad\u0131r ve hemen g\u00fcnl\u00fck aktiviteye d\u00f6n\u00fclebilir.<\/span><br \/>\n<span style=\"font-size: 14pt;\">\u2022 Operasyon, \u00e7ok daha az a\u011fr\u0131 ve kanama ile ger\u00e7ekle\u015ftirilir.<\/span><br \/>\n<span style=\"font-size: 14pt;\">\u2022 DH\u0130 y\u00f6nteminin, uygun geneti\u011fi ve duyarl\u0131l\u0131\u011f\u0131 sayesinde, nakledilen k\u00f6kler sonsuza kadar kal\u0131r.<\/span><\/p>\n<\/div>\n<\/div>\n<\/div>\n<\/div>\n<div class=\"rt-separator element-one\" data-separator-width=\"100%\" data-separator-color=\"#000000\" data-separator-background=\"#ffffff\" data-separator-direction=\"center\">\n<div class=\"block\">\n<div class=\"gap\"><\/div>\n<div class=\"bar\"><\/div>\n<\/div>\n<\/div>\n<p>&nbsp;<\/p>\n<h1 class=\"vc_custom_heading font-weight-semibold vc_custom_1545746538583\">DH\u0130 Y\u00f6ntemi Hangi Alanlarda Uygulanabilir?<\/h1>\n<p class=\"vc_custom_heading vc_custom_1545746552882\"><span style=\"font-size: 14pt;\">\u2022 Sa\u00e7 ekiminde,<\/span><br \/>\n<span style=\"font-size: 14pt;\">\u2022 Ka\u015f ekiminde,<\/span><br \/>\n<span style=\"font-size: 14pt;\">\u2022 Sakal ve b\u0131y\u0131k naklinde,<\/span><br \/>\n<span style=\"font-size: 14pt;\">\u2022 T\u0131ra\u015f\u0131 tercih etmeyen ki\u015filerde,<\/span><br \/>\n<span style=\"font-size: 14pt;\">\u2022 Sa\u00e7s\u0131z alan\u0131n daha yo\u011funla\u015fmas\u0131n\u0131 isteyen ki\u015filerde uygulanabilir.<\/span><\/p>\n<p>&nbsp;<\/p>\n","protected":false},"excerpt":{"rendered":"<p>DHI Y\u00f6ntemi Nedir? Nas\u0131l Yap\u0131l\u0131r? Bu y\u00f6ntemle toplanan sa\u00e7lar do\u011frudan alana dikilir. \u201cDH\u0130 Kalemleri\u201d ad\u0131 verilen aletler, \u00f6nceden kanal a\u00e7\u0131lmas\u0131 gerektirmeyen bu y\u00f6ntemde kullan\u0131lmaktad\u0131r. Bu kalemlerin i\u00e7ine sa\u00e7 yerle\u015ftirildikten sonra, bunlar do\u011frudan b\u00f6lgeye yerle\u015ftirilir. Bununla, kanallar tam olarak greft boyutunda a\u00e7\u0131ld\u0131\u011f\u0131 i\u00e7in, daha az nakil izi ve kanama vard\u0131r. Bu y\u00f6ntemde kademeli olarak sa\u00e7 ekimi [&hellip;]<\/p>\n","protected":false},"author":2,"featured_media":0,"parent":1013,"menu_order":0,"comment_status":"closed","ping_status":"closed","template":"","meta":{"footnotes":""},"class_list":["post-1015","page","type-page","status-publish","hentry"],"acf":[],"_links":{"self":[{"href":"https:\/\/healthtourismcenterturkey.com\/tr_tr\/wp-json\/wp\/v2\/pages\/1015"}],"collection":[{"href":"https:\/\/healthtourismcenterturkey.com\/tr_tr\/wp-json\/wp\/v2\/pages"}],"about":[{"href":"https:\/\/healthtourismcenterturkey.com\/tr_tr\/wp-json\/wp\/v2\/types\/page"}],"author":[{"embeddable":true,"href":"https:\/\/healthtourismcenterturkey.com\/tr_tr\/wp-json\/wp\/v2\/users\/2"}],"replies":[{"embeddable":true,"href":"https:\/\/healthtourismcenterturkey.com\/tr_tr\/wp-json\/wp\/v2\/comments?post=1015"}],"version-history":[{"count":9,"href":"https:\/\/healthtourismcenterturkey.com\/tr_tr\/wp-json\/wp\/v2\/pages\/1015\/revisions"}],"predecessor-version":[{"id":2199,"href":"https:\/\/healthtourismcenterturkey.com\/tr_tr\/wp-json\/wp\/v2\/pages\/1015\/revisions\/2199"}],"up":[{"embeddable":true,"href":"https:\/\/healthtourismcenterturkey.com\/tr_tr\/wp-json\/wp\/v2\/pages\/1013"}],"wp:attachment":[{"href":"https:\/\/healthtourismcenterturkey.com\/tr_tr\/wp-json\/wp\/v2\/media?parent=1015"}],"curies":[{"name":"wp","href":"https:\/\/api.w.org\/{rel}","templated":true}]}}