{"id":969,"date":"2020-07-30T15:05:51","date_gmt":"2020-07-30T15:05:51","guid":{"rendered":"http:\/\/healthtourismcenterturkey.com\/?page_id=969"},"modified":"2022-03-24T18:32:05","modified_gmt":"2022-03-24T18:32:05","slug":"meme-ucu-problemleri","status":"publish","type":"page","link":"https:\/\/healthtourismcenterturkey.com\/en\/plastik-cerrahi\/meme-estetigi\/meme-ucu-problemleri\/","title":{"rendered":"Nipple Problems"},"content":{"rendered":"<h1 class=\"vc_custom_heading font-weight-bold letter-spacing-1 vc_custom_1545677078481\">What are Nipple Problems?<\/h1>\n<p class=\"vc_custom_heading vc_custom_1545677111351\"><span style=\"font-size: 14pt;\">3 main nipple problems may be mentioned;<\/span><\/p>\n<p class=\"vc_custom_heading vc_custom_1545677124667\"><span style=\"font-size: 14pt;\">\u2022 Multiple nipples<\/span><br \/>\n<span style=\"font-size: 14pt;\">\u2022 Collapsed Nipple<\/span><br \/>\n<span style=\"font-size: 14pt;\">\u2022 Large Nipple<\/span><\/p>\n<p class=\"vc_custom_heading vc_custom_1545677138534\"><span style=\"font-size: 14pt;\">Mentioned issues are easy to eliminate. However, experienced teams are needed for this. Therefore, with the right steps taken, nipple problems may be eliminated.<\/span><\/p>\n<div class=\"wpb_single_image wpb_content_element vc_align_left vc_custom_1545677278185\">\n<figure class=\"wpb_wrapper vc_figure\">\n<div class=\"vc_single_image-wrapper vc_box_border_grey\"><img loading=\"lazy\" decoding=\"async\" class=\"alignnone size-full wp-image-2156\" src=\"https:\/\/healthtourismcenterturkey.com\/wp-content\/uploads\/2022\/03\/meme-ucu.jpg\" alt=\"\" width=\"493\" height=\"331\" srcset=\"https:\/\/healthtourismcenterturkey.com\/wp-content\/uploads\/2022\/03\/meme-ucu.jpg 493w, https:\/\/healthtourismcenterturkey.com\/wp-content\/uploads\/2022\/03\/meme-ucu-300x201.jpg 300w\" sizes=\"(max-width: 493px) 100vw, 493px\" \/><\/div>\n<\/figure>\n<\/div>\n<p class=\"vc_custom_heading vc_custom_1545677150611\"><span style=\"font-size: 14pt;\">The breast area is very important for women, both aesthetically and functionally. Considered a key factor in enhancing appearance, the breast area also serves functional roles, such as breastfeeding. Given these factors, addressing breast-related issues becomes essential. Particularly in the case of nipple problems, various solutions are available. However, it is important first to identify the types of issues that commonly arise in this area.<\/span><\/p>\n<div class=\"rt-separator element-one\" data-separator-width=\"100%\" data-separator-color=\"#000000\" data-separator-background=\"#ffffff\" data-separator-direction=\"center\">\n<div class=\"block\">\n<div class=\"gap\"><\/div>\n<div class=\"bar\"><\/div>\n<\/div>\n<\/div>\n<p>&nbsp;<\/p>\n<h1 class=\"vc_custom_heading font-weight-semibold vc_custom_1545677304748\">Collapsed Nipple Problem and Its Treatment<\/h1>\n<p class=\"vc_custom_heading vc_custom_1545677318258\"><span style=\"font-size: 14pt;\">A condition known as supernumerary nipple involves the presence of more than one nipple on the breast area, which, although rare, requires surgical correction. At this point, the surgeon\u2019s expertise and perspective are crucial, as there is a possibility of damaging milk ducts during the procedure. Therefore, factors such as whether the woman is pregnant, breastfeeding, or may need to breastfeed in the future should be carefully considered.<\/span><\/p>\n<div class=\"rt-separator element-one\" data-separator-width=\"100%\" data-separator-color=\"#000000\" data-separator-background=\"#ffffff\" data-separator-direction=\"center\">\n<div class=\"block\">\n<div class=\"gap\"><img loading=\"lazy\" decoding=\"async\" class=\"alignnone  wp-image-2165\" src=\"https:\/\/healthtourismcenterturkey.com\/wp-content\/uploads\/2022\/03\/cokuk-meme-ucu.jpg\" alt=\"\" width=\"678\" height=\"507\" srcset=\"https:\/\/healthtourismcenterturkey.com\/wp-content\/uploads\/2022\/03\/cokuk-meme-ucu.jpg 1200w, https:\/\/healthtourismcenterturkey.com\/wp-content\/uploads\/2022\/03\/cokuk-meme-ucu-300x225.jpg 300w, https:\/\/healthtourismcenterturkey.com\/wp-content\/uploads\/2022\/03\/cokuk-meme-ucu-1024x766.jpg 1024w, https:\/\/healthtourismcenterturkey.com\/wp-content\/uploads\/2022\/03\/cokuk-meme-ucu-768x575.jpg 768w\" sizes=\"(max-width: 678px) 100vw, 678px\" \/><\/div>\n<div class=\"bar\"><\/div>\n<\/div>\n<\/div>\n<div class=\"vc_row wpb_row vc_inner vc_row-fluid vc_custom_1545478509233\">\n<div class=\"wpb_column vc_column_container vc_col-sm-12 vc_col-has-fill\">\n<div class=\"vc_column-inner vc_custom_1545478117371\">\n<div class=\"wpb_wrapper\">\n<p>&nbsp;<\/p>\n<h1 class=\"vc_custom_heading vc_custom_1545677555636\">Large Nipple Problem and Its Treatment<\/h1>\n<p class=\"vc_custom_heading vc_custom_1545677419559\"><span style=\"font-size: 14pt;\">Overly large nipples can cause discomfort for women, making it difficult to dress comfortably and leading to self-consciousness. These nipples tend to be highly noticeable and are generally not considered aesthetically appealing. Therefore, it\u2019s often desired to reduce their size to a more typical appearance. This is where aesthetic surgery plays a vital role, as the right intervention can effectively address this concern.<\/span><\/p>\n<p>&nbsp;<\/p>\n<h1 class=\"vc_custom_heading vc_custom_1545677564202\">Boob Reconstruction with Implants<\/h1>\n<p class=\"vc_custom_heading vc_custom_1545677449195\"><span style=\"font-size: 14pt;\">Boob reconstruction applications with prothesis are preferred from time to time to eliminate nipple problems. Especially when operating breast reduction or enlargement, to achieve a symmetry or put nipples esthetically forward, proper methods are applied.<\/span><\/p>\n<\/div>\n<\/div>\n<\/div>\n<\/div>\n<p>&nbsp;<\/p>","protected":false},"excerpt":{"rendered":"<p>Meme Ucu Problemleri Nelerdir? Temel olarak 3 ana meme ucu probleminden bahsedilebilir; \u2022 \u00c7oklu meme ucu \u2022 \u00c7\u00f6k\u00fck meme ucu \u2022 Fazla iri meme ucu S\u00f6z konusu problemlerin \u00e7\u00f6z\u00fcme kavu\u015fmas\u0131 olduk\u00e7a kolayd\u0131r. Ancak bunun i\u00e7in deneyimli ekiplere gereksinim duyulur. Bu sayede pratik ve do\u011fru ad\u0131mlar ile meme ucu problemleri giderilebilir. Kad\u0131nlarda g\u00f6\u011f\u00fcs b\u00f6lgesi hem estetik [&hellip;]<\/p>","protected":false},"author":2,"featured_media":0,"parent":959,"menu_order":0,"comment_status":"closed","ping_status":"closed","template":"","meta":{"footnotes":""},"class_list":["post-969","page","type-page","status-publish","hentry"],"acf":[],"_links":{"self":[{"href":"https:\/\/healthtourismcenterturkey.com\/en\/wp-json\/wp\/v2\/pages\/969"}],"collection":[{"href":"https:\/\/healthtourismcenterturkey.com\/en\/wp-json\/wp\/v2\/pages"}],"about":[{"href":"https:\/\/healthtourismcenterturkey.com\/en\/wp-json\/wp\/v2\/types\/page"}],"author":[{"embeddable":true,"href":"https:\/\/healthtourismcenterturkey.com\/en\/wp-json\/wp\/v2\/users\/2"}],"replies":[{"embeddable":true,"href":"https:\/\/healthtourismcenterturkey.com\/en\/wp-json\/wp\/v2\/comments?post=969"}],"version-history":[{"count":7,"href":"https:\/\/healthtourismcenterturkey.com\/en\/wp-json\/wp\/v2\/pages\/969\/revisions"}],"predecessor-version":[{"id":2166,"href":"https:\/\/healthtourismcenterturkey.com\/en\/wp-json\/wp\/v2\/pages\/969\/revisions\/2166"}],"up":[{"embeddable":true,"href":"https:\/\/healthtourismcenterturkey.com\/en\/wp-json\/wp\/v2\/pages\/959"}],"wp:attachment":[{"href":"https:\/\/healthtourismcenterturkey.com\/en\/wp-json\/wp\/v2\/media?parent=969"}],"curies":[{"name":"wp","href":"https:\/\/api.w.org\/{rel}","templated":true}]}}