{"id":967,"date":"2020-07-30T15:05:22","date_gmt":"2020-07-30T15:05:22","guid":{"rendered":"http:\/\/healthtourismcenterturkey.com\/?page_id=967"},"modified":"2022-03-24T18:30:19","modified_gmt":"2022-03-24T18:30:19","slug":"meme-esitsizlik","status":"publish","type":"page","link":"https:\/\/healthtourismcenterturkey.com\/en\/plastik-cerrahi\/meme-estetigi\/meme-esitsizlik\/","title":{"rendered":"Breast Inequality"},"content":{"rendered":"<h1 class=\"vc_custom_heading font-weight-bold letter-spacing-1 vc_custom_1545675449493\">What Are Corrective Breast Applications?<\/h1>\n<p class=\"vc_custom_heading vc_custom_1545675464015\"><span style=\"font-size: 14pt;\">Corrective breast applications are amongst the standard operations of breast aesthetics. Unevenness of breasts are corrected with these methods. Breast asymmetry may not be so discomforting, however intensity of the problem in some women makes it necessary to intervene.<\/span><\/p>\n<div class=\"wpb_single_image wpb_content_element vc_align_left vc_custom_1545675546502\">\n<figure class=\"wpb_wrapper vc_figure\">\n<div class=\"vc_single_image-wrapper vc_box_border_grey\"><img loading=\"lazy\" decoding=\"async\" class=\"alignnone size-full wp-image-2155\" src=\"https:\/\/healthtourismcenterturkey.com\/wp-content\/uploads\/2022\/03\/esitsizlik.jpg\" alt=\"\" width=\"800\" height=\"332\" srcset=\"https:\/\/healthtourismcenterturkey.com\/wp-content\/uploads\/2022\/03\/esitsizlik.jpg 800w, https:\/\/healthtourismcenterturkey.com\/wp-content\/uploads\/2022\/03\/esitsizlik-300x125.jpg 300w, https:\/\/healthtourismcenterturkey.com\/wp-content\/uploads\/2022\/03\/esitsizlik-768x319.jpg 768w\" sizes=\"(max-width: 800px) 100vw, 800px\" \/><\/div>\n<\/figure>\n<\/div>\n<p class=\"vc_custom_heading vc_custom_1545675476310\"><span style=\"font-size: 14pt;\">Among all the things women care to be attractive, breasts are one of the most critical elements. Looking from outside, it\u2019s obvious that the breasts are the most noticeable part of a women. Therefore, women are more sensitive about the size, shape and form of their breast. If one or more of the elements are not as desired, esthetic operations may be carried out. Breast asymmetry trouble is hence an important point in this manner.<\/span><\/p>\n<div class=\"rt-separator element-one\" data-separator-width=\"100%\" data-separator-color=\"#000000\" data-separator-background=\"#ffffff\" data-separator-direction=\"center\">\n<div class=\"block\">\n<div class=\"gap\"><\/div>\n<div class=\"bar\"><\/div>\n<\/div>\n<\/div>\n<p>&nbsp;<\/p>\n<h1 class=\"vc_custom_heading font-weight-semibold vc_custom_1545675580990\">What Are the Points to Pay Attention Before the Operation?<\/h1>\n<p class=\"vc_custom_heading vc_custom_1545675592143\"><span style=\"font-size: 14pt;\">If there is an asymmetry problem, women should specify their problem and expectations. Later, it is possible to share opinions with a doctor and discuss how to solve them, which techniques to use etc. At this stage, patient and expert relation is highly important.<\/span><\/p>\n<div class=\"vc_row wpb_row vc_inner vc_row-fluid vc_custom_1545478509233\">\n<div class=\"wpb_column vc_column_container vc_col-sm-12 vc_col-has-fill\">\n<div class=\"vc_column-inner vc_custom_1545478117371\">\n<div class=\"wpb_wrapper\">\n<p>&nbsp;<\/p>\n<h1 class=\"vc_custom_heading vc_custom_1545675798746\">How Is Breast Asymmetry Corrected?<\/h1>\n<p class=\"vc_custom_heading vc_custom_1545675620156\"><span style=\"font-size: 14pt;\">Breast asymmetry is also known as uneven breasts. Before appealing to a doctor, the problem and expectations should be cleared out by the patient. These points are important for breast asymmetry;<\/span><\/p>\n<p class=\"vc_custom_heading vc_custom_1545675635908\"><span style=\"font-size: 14pt;\">\u2022 When both boobs are big, but one is bigger than the other, both boobs are reduced in size in different ratios.<\/span><br \/>\n<span style=\"font-size: 14pt;\">\u2022 If one of the boobs is smaller than the other, and the bigger one is normal in size, the smaller may be added a prothesis.<\/span><br \/>\n<span style=\"font-size: 14pt;\">\u2022 If one of the boobs is very big while the other is very small, the big one gets reduction as the smaller is added a prothesis to create a symmetry.<\/span><br \/>\n<span style=\"font-size: 14pt;\">\u2022 Not listed above, if both boobs are equal in size, but look asymmetric, similar applications are held in order to create symmetry.<\/span><\/p>\n<\/div>\n<\/div>\n<\/div>\n<\/div>\n<p class=\"vc_custom_heading vc_custom_1545675671625\"><span style=\"font-size: 14pt;\">Applications to dissolve breast asymmetry are no different than breast reduction, breast enlargement or nipple correction surgeries. Because a system of all these operations are held together to create symmetry. Evenness of nipples, creating symmetry or similar applications take place in this process.<\/span><\/p>\n<div class=\"rt-separator element-one\" data-separator-width=\"100%\" data-separator-color=\"#000000\" data-separator-background=\"#ffffff\" data-separator-direction=\"center\">\n<div class=\"block\">\n<div class=\"gap\"><\/div>\n<div class=\"bar\"><\/div>\n<\/div>\n<\/div>\n<p>&nbsp;<\/p>\n<h1 class=\"vc_custom_heading font-weight-semibold vc_custom_1545675687296\">Esthetic Operations and Result<\/h1>\n<p class=\"vc_custom_heading vc_custom_1545675699121\"><span style=\"font-size: 14pt;\">To make women feel better, and continue their lives in a healthy, happy way, some operations may be needed. Size and position of each boob may only be even with corrective boob-job applications. Therefore, expert opinions can be gathered on the matter. Eventually leading to even breasts.<\/span><\/p>\n<p class=\"vc_custom_heading vc_custom_1545675710688\"><span style=\"font-size: 14pt;\">These operations are related to symmetry and after applied if two boobs are asymmetrical. That is why, physically appealing results are expected. Surgeons put their efforts in this manner.<\/span><\/p>\n<div class=\"rt-separator element-one\" data-separator-width=\"100%\" data-separator-color=\"#000000\" data-separator-background=\"#ffffff\" data-separator-direction=\"center\">\n<div class=\"block\">\n<div class=\"gap\"><\/div>\n<div class=\"bar\"><\/div>\n<\/div>\n<\/div>\n<p>&nbsp;<\/p>\n<h1 class=\"vc_custom_heading font-weight-semibold vc_custom_1545675732451\">How is the Incision Spot Decided?<\/h1>\n<p class=\"vc_custom_heading vc_custom_1545675742523\"><span style=\"font-size: 14pt;\">Another important point is making the incisions on secret spots and perform the operation with no scars. So, when women experience breast asymmetry, operations will be carried out in the best way to leave no marks. That is conceived as an extra point on appearance, esthetics and beauty.<\/span><\/p>\n<p class=\"vc_custom_heading vc_custom_1545675752467\"><span style=\"font-size: 14pt;\">You may consult experts to get more information on breast asymmetry operations. If there is a form that you would like to change, you may benefit from the most contemporary methods.<\/span><\/p>\n<p>&nbsp;<\/p>","protected":false},"excerpt":{"rendered":"<p>Meme E\u015fitleme Uygulamalar\u0131 Nelerdir? Standart olarak uygulanan meme estetik operasyonlar\u0131 i\u00e7inde meme e\u015fitleme uygulamalar\u0131 da bulunur. \u0130ki memeden birinin di\u011ferine g\u00f6re daha b\u00fcy\u00fck, daha k\u00fc\u00e7\u00fck ya da daha farkl\u0131 olmas\u0131ndan kaynakl\u0131 olarak ortaya \u00e7\u0131kan bu e\u015fitsizlikler ancak bu sayede \u00e7\u00f6z\u00fcl\u00fcrken, genel form ve hacim farklar\u0131 da yine bu \u015fekilde halledilmektedir. Meme e\u015fitsizlik s\u0131k\u0131nt\u0131s\u0131 genel anlamda [&hellip;]<\/p>","protected":false},"author":2,"featured_media":0,"parent":959,"menu_order":0,"comment_status":"closed","ping_status":"closed","template":"","meta":{"footnotes":""},"class_list":["post-967","page","type-page","status-publish","hentry"],"acf":[],"_links":{"self":[{"href":"https:\/\/healthtourismcenterturkey.com\/en\/wp-json\/wp\/v2\/pages\/967"}],"collection":[{"href":"https:\/\/healthtourismcenterturkey.com\/en\/wp-json\/wp\/v2\/pages"}],"about":[{"href":"https:\/\/healthtourismcenterturkey.com\/en\/wp-json\/wp\/v2\/types\/page"}],"author":[{"embeddable":true,"href":"https:\/\/healthtourismcenterturkey.com\/en\/wp-json\/wp\/v2\/users\/2"}],"replies":[{"embeddable":true,"href":"https:\/\/healthtourismcenterturkey.com\/en\/wp-json\/wp\/v2\/comments?post=967"}],"version-history":[{"count":6,"href":"https:\/\/healthtourismcenterturkey.com\/en\/wp-json\/wp\/v2\/pages\/967\/revisions"}],"predecessor-version":[{"id":2163,"href":"https:\/\/healthtourismcenterturkey.com\/en\/wp-json\/wp\/v2\/pages\/967\/revisions\/2163"}],"up":[{"embeddable":true,"href":"https:\/\/healthtourismcenterturkey.com\/en\/wp-json\/wp\/v2\/pages\/959"}],"wp:attachment":[{"href":"https:\/\/healthtourismcenterturkey.com\/en\/wp-json\/wp\/v2\/media?parent=967"}],"curies":[{"name":"wp","href":"https:\/\/api.w.org\/{rel}","templated":true}]}}