{"id":965,"date":"2020-07-30T15:04:37","date_gmt":"2020-07-30T15:04:37","guid":{"rendered":"http:\/\/healthtourismcenterturkey.com\/?page_id=965"},"modified":"2022-03-24T18:29:52","modified_gmt":"2022-03-24T18:29:52","slug":"meme-diklestirme","status":"publish","type":"page","link":"https:\/\/healthtourismcenterturkey.com\/en\/plastik-cerrahi\/meme-estetigi\/meme-diklestirme\/","title":{"rendered":"Breast Lift"},"content":{"rendered":"<h1 class=\"vc_custom_heading font-weight-bold letter-spacing-1 vc_custom_1545674769629\">What is the Aim of Breast Lifting Operations?<\/h1>\n<p class=\"vc_custom_heading vc_custom_1545674793070\"><span style=\"font-size: 14pt;\">Voluntarily or not, women perform many actions during a day with beauty and esthetical concerns in mind therefore, this situation may be more appealing to them. However, both in health and esthetical aspects, there may be some problems on the way in time. Some applications may be carried out to fix those problems. Esthetical touches may be performed if necessary. Breast have a great impact on women\u2019s appearance and may be operated by surgeons properly on a problematic situation. Important factor here is the women\u2019s desired shape of breast and how they will feel afterwards.<\/span><\/p>\n<div class=\"wpb_single_image wpb_content_element vc_align_left vc_custom_1545674893881\">\n<figure class=\"wpb_wrapper vc_figure\">\n<div class=\"vc_single_image-wrapper vc_box_border_grey\"><img loading=\"lazy\" decoding=\"async\" class=\"alignnone size-full wp-image-2154\" src=\"https:\/\/healthtourismcenterturkey.com\/wp-content\/uploads\/2022\/03\/diklestirme.jpg\" alt=\"\" width=\"750\" height=\"375\" srcset=\"https:\/\/healthtourismcenterturkey.com\/wp-content\/uploads\/2022\/03\/diklestirme.jpg 750w, https:\/\/healthtourismcenterturkey.com\/wp-content\/uploads\/2022\/03\/diklestirme-300x150.jpg 300w\" sizes=\"(max-width: 750px) 100vw, 750px\" \/><\/div>\n<\/figure>\n<\/div>\n<h1 class=\"vc_custom_heading font-weight-semibold vc_custom_1545674919949\">Why Do Breasts Sag?<\/h1>\n<p class=\"vc_custom_heading vc_custom_1545674930357\"><span style=\"font-size: 14pt;\">Breast sagging, the main reason of breast lifting operations, may be caused by various reasons;<\/span><\/p>\n<p class=\"vc_custom_heading vc_custom_1545674951392\"><span style=\"font-size: 14pt;\">\u2022 Growth and for lose during and after pregnancy<\/span><br \/>\n<span style=\"font-size: 14pt;\">\u2022 Growth in size caused by medications that stimulate hormones.<\/span><br \/>\n<span style=\"font-size: 14pt;\">\u2022 Approaching belly area as muscle tissues get weaker and breasts lose their elasticity.<\/span><br \/>\n<span style=\"font-size: 14pt;\">\u2022 Losing form as a result of excessive sunlight or skin drying<\/span><\/p>\n<p class=\"vc_custom_heading vc_custom_1545674963824\"><span style=\"font-size: 14pt;\">However, even though these look-like various reasons, the main reason is loosening connectives that attach boobs to breast area. Because mammary gland, fat tissue and skin sag together.<\/span><\/p>\n<div class=\"rt-separator element-one\" data-separator-width=\"100%\" data-separator-color=\"#000000\" data-separator-background=\"#ffffff\" data-separator-direction=\"center\">\n<div class=\"block\">\n<div class=\"gap\"><\/div>\n<div class=\"bar\"><\/div>\n<\/div>\n<\/div>\n<p>&nbsp;<\/p>\n<h1 class=\"vc_custom_heading font-weight-semibold vc_custom_1545675254509\">Post-Operational Process in Breast Lifting<\/h1>\n<p class=\"vc_custom_heading vc_custom_1545675265263\"><span style=\"font-size: 14pt;\">Of course, with the successful outcome of the operation, breasts will have a lifted form. Point to pay attention at this stage are taking extra care of the breasts, keeping hygiene level high to fasten healing. This ensures a well process management.<\/span><\/p>\n<p class=\"vc_custom_heading vc_custom_1545675276110\"><span style=\"font-size: 14pt;\">Using a corset bra is recommended for 6 weeks after the surgery. Because immobility is compulsory for a better healing process. In addition, avoiding heavy work is necessary. Generally, the patient may return to daily life in 3 or 4 days after the operation which is carried out in a day.<\/span><\/p>\n<p class=\"vc_custom_heading vc_custom_1545675290437\"><span style=\"font-size: 14pt;\">Lifted, alive and voluminous breast will boost the confidence level in women. Women will continue their lives in the most satisfied way with attractive and beautiful appearance.<\/span><\/p>\n<div class=\"rt-separator element-one\" data-separator-width=\"100%\" data-separator-color=\"#000000\" data-separator-background=\"#ffffff\" data-separator-direction=\"center\">\n<div class=\"block\">\n<div class=\"gap\"><\/div>\n<div class=\"bar\"><\/div>\n<\/div>\n<\/div>\n<div class=\"vc_row wpb_row vc_inner vc_row-fluid vc_custom_1545478509233\">\n<div class=\"wpb_column vc_column_container vc_col-sm-12 vc_col-has-fill\">\n<div class=\"vc_column-inner vc_custom_1545478117371\">\n<div class=\"wpb_wrapper\">\n<p>&nbsp;<\/p>\n<h1 class=\"vc_custom_heading vc_custom_1545675012656\">Techniques of Breast Lifting Operations<\/h1>\n<p class=\"vc_custom_heading vc_custom_1545675024899\"><span style=\"font-size: 14pt;\">Applications carried out and small incision marks name the breast lifting techniques. Those names are;<\/span><\/p>\n<p class=\"vc_custom_heading vc_custom_1545675347020\"><span style=\"font-size: 14pt;\">\u2022 Donut Technique<\/span><\/p>\n<p class=\"vc_custom_heading vc_custom_1545675362417\"><span style=\"font-size: 14pt;\">\u2022 Anchor Technique<\/span><\/p>\n<p class=\"vc_custom_heading vc_custom_1545675374681\"><span style=\"font-size: 14pt;\">\u2022 Lollipop Technique<\/span><\/p>\n<p class=\"vc_custom_heading vc_custom_1545675053946\"><span style=\"font-size: 14pt;\">Technique is chosen depending on the application, person\u2019s thought of surgical marks and breast form.<\/span><\/p>\n<\/div>\n<\/div>\n<\/div>\n<\/div>\n<p>&nbsp;<\/p>","protected":false},"excerpt":{"rendered":"<p>Meme Dikle\u015ftirme Operasyonlar\u0131 Neden Yap\u0131l\u0131r? Kad\u0131nlar estetik ve g\u00fczel olma d\u00fc\u015f\u00fcncesi ile g\u00fcn i\u00e7inde istemli ya da istemsiz olarak pek \u00e7ok eylemin i\u00e7inde yer ald\u0131klar\u0131 i\u00e7in bu durum onlara daha da uygun d\u00fc\u015fmektedir. Ancak elbette ki zaman zaman sa\u011fl\u0131k a\u00e7\u0131s\u0131ndan olsun, estetik a\u00e7\u0131dan olsun bir tak\u0131m problemler ya\u015fanabilir. \u0130\u015fte bu problemlerin ya\u015fanmas\u0131 noktas\u0131nda da gerekli [&hellip;]<\/p>","protected":false},"author":2,"featured_media":0,"parent":959,"menu_order":0,"comment_status":"closed","ping_status":"closed","template":"","meta":{"footnotes":""},"class_list":["post-965","page","type-page","status-publish","hentry"],"acf":[],"_links":{"self":[{"href":"https:\/\/healthtourismcenterturkey.com\/en\/wp-json\/wp\/v2\/pages\/965"}],"collection":[{"href":"https:\/\/healthtourismcenterturkey.com\/en\/wp-json\/wp\/v2\/pages"}],"about":[{"href":"https:\/\/healthtourismcenterturkey.com\/en\/wp-json\/wp\/v2\/types\/page"}],"author":[{"embeddable":true,"href":"https:\/\/healthtourismcenterturkey.com\/en\/wp-json\/wp\/v2\/users\/2"}],"replies":[{"embeddable":true,"href":"https:\/\/healthtourismcenterturkey.com\/en\/wp-json\/wp\/v2\/comments?post=965"}],"version-history":[{"count":6,"href":"https:\/\/healthtourismcenterturkey.com\/en\/wp-json\/wp\/v2\/pages\/965\/revisions"}],"predecessor-version":[{"id":2164,"href":"https:\/\/healthtourismcenterturkey.com\/en\/wp-json\/wp\/v2\/pages\/965\/revisions\/2164"}],"up":[{"embeddable":true,"href":"https:\/\/healthtourismcenterturkey.com\/en\/wp-json\/wp\/v2\/pages\/959"}],"wp:attachment":[{"href":"https:\/\/healthtourismcenterturkey.com\/en\/wp-json\/wp\/v2\/media?parent=965"}],"curies":[{"name":"wp","href":"https:\/\/api.w.org\/{rel}","templated":true}]}}