{"id":963,"date":"2020-07-30T15:02:03","date_gmt":"2020-07-30T15:02:03","guid":{"rendered":"http:\/\/healthtourismcenterturkey.com\/?page_id=963"},"modified":"2022-03-24T18:29:18","modified_gmt":"2022-03-24T18:29:18","slug":"meme-kucultme","status":"publish","type":"page","link":"https:\/\/healthtourismcenterturkey.com\/en\/plastik-cerrahi\/meme-estetigi\/meme-kucultme\/","title":{"rendered":"Breast Reduction"},"content":{"rendered":"<h1 class=\"vc_custom_heading font-weight-bold letter-spacing-1 vc_custom_1545676527493\">What is Breast Reduction Operation?<\/h1>\n<p class=\"vc_custom_heading vc_custom_1545676596935\"><span style=\"font-size: 14pt;\">As it is commonly known, there are some aesthetical aspects of women beauty. There are some details that makes women attractive such as nice buttocks, breast area, body type and legs. Breast is an important one among these elements. However, it may occur sometimes that over-sized breast may not be so much liked. Too small or too big breasts may physically and psychologically affect women. Physical complaints, inability to make any kind of sports and facing difficulties in any kind of physical activities may occur. And it is obvious women are keen on having a breast reduction operation when these situations are faced.<\/span><\/p>\n<div class=\"wpb_single_image wpb_content_element vc_align_left vc_custom_1545676673011\">\n<div class=\"vc_single_image-wrapper vc_box_border_grey\"><\/div>\n<\/div>\n<p class=\"vc_custom_heading vc_custom_1545676608062\"><span style=\"font-size: 14pt;\">Breast reduction operations are one of the most frequently used operations in the recent years. Most critical parts of the operation are technical works, used materials and choosing the right method before the operation. This way over-grown or ill looking breasts are reduced in size.<\/span><\/p>\n<div class=\"rt-separator element-one\" data-separator-width=\"100%\" data-separator-color=\"#000000\" data-separator-background=\"#ffffff\" data-separator-direction=\"center\">\n<div class=\"block\">\n<div class=\"gap\"><\/div>\n<div class=\"bar\"><img loading=\"lazy\" decoding=\"async\" class=\"alignnone  wp-image-2158\" src=\"https:\/\/healthtourismcenterturkey.com\/wp-content\/uploads\/2022\/03\/kucultme.jpg\" alt=\"\" width=\"1025\" height=\"448\" srcset=\"https:\/\/healthtourismcenterturkey.com\/wp-content\/uploads\/2022\/03\/kucultme.jpg 1600w, https:\/\/healthtourismcenterturkey.com\/wp-content\/uploads\/2022\/03\/kucultme-300x131.jpg 300w, https:\/\/healthtourismcenterturkey.com\/wp-content\/uploads\/2022\/03\/kucultme-1024x448.jpg 1024w, https:\/\/healthtourismcenterturkey.com\/wp-content\/uploads\/2022\/03\/kucultme-768x336.jpg 768w, https:\/\/healthtourismcenterturkey.com\/wp-content\/uploads\/2022\/03\/kucultme-1536x672.jpg 1536w\" sizes=\"(max-width: 1025px) 100vw, 1025px\" \/><\/div>\n<\/div>\n<\/div>\n<p>&nbsp;<\/p>\n<h1 class=\"vc_custom_heading font-weight-semibold vc_custom_1545676711742\">What is Breast Reduction Operation?<\/h1>\n<p class=\"vc_custom_heading vc_custom_1545676725271\"><span style=\"font-size: 14pt;\">Breast reduction operations should not be applied to every person in demand. Instead, these points should be considered to make a healthy decision;<\/span><\/p>\n<p class=\"vc_custom_heading vc_custom_1545676742710\"><span style=\"font-size: 14pt;\">\u2022 Person should be older than 18. Because breasts growing lasts until this age.<\/span><br \/>\n<span style=\"font-size: 14pt;\">\u2022 Parental consent is necessary for people under 18 who seek expert help with the complaint of virginal hypertrophy.<\/span><br \/>\n<span style=\"font-size: 14pt;\">\u2022 Person should not be in menopause.<\/span><br \/>\n<span style=\"font-size: 14pt;\">\u2022 Women who had just given birth or are breastfeeding, should wait 6 months after the breastfeeding is over.<\/span><br \/>\n<span style=\"font-size: 14pt;\">\u2022 The operation is applied more easily on people with tight breast tissues.<\/span><br \/>\n<span style=\"font-size: 14pt;\">\u2022 People with slim body and without excessive weight are more eligible to this operation.<\/span><\/p>\n<div class=\"vc_row wpb_row vc_inner vc_row-fluid vc_custom_1545478509233\">\n<div class=\"wpb_column vc_column_container vc_col-sm-12 vc_col-has-fill\">\n<div class=\"vc_column-inner vc_custom_1545478117371\">\n<div class=\"wpb_wrapper\">\n<p>&nbsp;<\/p>\n<h1 class=\"vc_custom_heading vc_custom_1545676989494\">What Should Patients Do in The Morning of Surgery?<\/h1>\n<p class=\"vc_custom_heading vc_custom_1545676772450\"><span style=\"font-size: 14pt;\">As in all other operations, there are some factors that the patients should pay attention before the operation;<\/span><\/p>\n<p class=\"vc_custom_heading vc_custom_1545676784315\"><span style=\"font-size: 14pt;\">\u2022 Patient should not eat or drink anything 6 hours before the surgery.<\/span><br \/>\n<span style=\"font-size: 14pt;\">\u2022 Patient should be present at the facility 1 hour before the surgery in order to receive anesthesia.<\/span><br \/>\n<span style=\"font-size: 14pt;\">\u2022 Though it is not mandatory, avoiding make-up, jewelry, watch etc. should be preferred as it will make the surgery more comfortable.<\/span><br \/>\n<span style=\"font-size: 14pt;\">\u2022 Person is expected to meet the experts knowing the desired breast type because breast reduction operations are personal and therefore, patient\u2019s ideas are important.<\/span><br \/>\n<span style=\"font-size: 14pt;\">\u2022 Drawing blood is not necessary for this surgery, however, if ongoing operations or treatments are valid, the doctor\u2019s opinion should be taken on the necessity of blood.<\/span><\/p>\n<\/div>\n<\/div>\n<\/div>\n<\/div>\n<div class=\"rt-separator element-one\" data-separator-width=\"100%\" data-separator-color=\"#000000\" data-separator-background=\"#ffffff\" data-separator-direction=\"center\">\n<div class=\"block\">\n<div class=\"gap\"><\/div>\n<div class=\"bar\"><\/div>\n<\/div>\n<\/div>\n<p>&nbsp;<\/p>\n<h1 class=\"vc_custom_heading font-weight-semibold vc_custom_1545676802546\">Technical Aspects of The Surgery<\/h1>\n<p class=\"vc_custom_heading vc_custom_1545676825004\"><span style=\"font-size: 14pt;\">Breast reduction surgery begins following the application of anesthesia on the patient. However rare it may be, sometimes local anesthesia may be applied on the operation.<\/span><br \/>\n<span style=\"font-size: 14pt;\">The decisions made by expert doctors are important and personally tailored esthetic applications are applied following the general forms and designs created before the surgery. Operation requires a careful work and will take between 2 and 7 hours. The factor that requires most attention and effort is to leave no surgery marks.<\/span><\/p>\n<div class=\"rt-separator element-one\" data-separator-width=\"100%\" data-separator-color=\"#000000\" data-separator-background=\"#ffffff\" data-separator-direction=\"center\">\n<div class=\"block\">\n<div class=\"gap\"><\/div>\n<div class=\"bar\"><\/div>\n<\/div>\n<\/div>\n<p>&nbsp;<\/p>\n<h1 class=\"vc_custom_heading font-weight-semibold vc_custom_1545676839716\">Importance of Pre and Post-Surgery Idea Exchange with Experts<\/h1>\n<p class=\"vc_custom_heading vc_custom_1545676851388\"><span style=\"font-size: 14pt;\">It is a fact that some women need less larger breasts whether it is aimed to create a more attractive look or to treat health issues. Therefore, they require the assistance of breast reduction surgeries. At this point, field experts and successful esthetical surgeons take place. Exchange of opinions between the patient and experts happens by the very beginning of operation process in order to provide women with the desired size and form of breast. After this, surgical operations begin. Some points are covered on the exchange sessions such as previous disease records, medicine usage, breastfeeding etc. All this information should be shared with the experts.<\/span><\/p>\n<p class=\"vc_custom_heading vc_custom_1545676874844\"><span style=\"font-size: 14pt;\">Decisions made by specialist doctors are crucial, and personalized aesthetic applications are implemented by following the general forms and designs created before surgery. At this point, these surgeries, which may take between 2 to 7 hours, are conducted with meticulous care, with special effort to ensure no visible scars are left.<\/span><\/p>\n<div class=\"rt-separator element-one\" data-separator-width=\"100%\" data-separator-color=\"#000000\" data-separator-background=\"#ffffff\" data-separator-direction=\"center\">\n<div class=\"block\">\n<div class=\"gap\"><\/div>\n<div class=\"bar\"><\/div>\n<\/div>\n<\/div>\n<p>&nbsp;<\/p>\n<h1 class=\"vc_custom_heading font-weight-semibold vc_custom_1545676901614\">Which Cases Require Breast Reduction Surgery?<\/h1>\n<p class=\"vc_custom_heading vc_custom_1545676921990\"><span style=\"font-size: 14pt;\">As the desire to be found desirable is totally normal and natural, it is only logical that people have such feelings. The important point here is to eliminate the emotion and idea of feeling ugly or bad from time to time. Because things may get vague as people begin to feel desperate. People with low self-esteem may become unhappy and anxious. That is why esthetical operations become valuable. If people are unhappy with their body parts, the reasons behind it should be eliminated. Experts are here to help their patients in this aspect. Breast reduction operations for men and women get the attention at this point. The subject also has importance for men even though it is more valuable to women.<\/span><\/p>\n<div class=\"rt-separator element-one\" data-separator-width=\"100%\" data-separator-color=\"#000000\" data-separator-background=\"#ffffff\" data-separator-direction=\"center\">\n<div class=\"block\">\n<div class=\"gap\"><\/div>\n<div class=\"bar\"><\/div>\n<\/div>\n<\/div>\n<p>&nbsp;<\/p>\n<h1 class=\"vc_custom_heading font-weight-semibold vc_custom_1545676947226\">What Conditions Lead to Breast Reduction Surgery?<\/h1>\n<p class=\"vc_custom_heading vc_custom_1545676957753\"><span style=\"font-size: 14pt;\">The desire to be liked is very natural and normal, making such feelings and desires understandable. What matters here is eliminating the occasional feelings of being unattractive or inadequate. When people feel down about themselves, their morale suffers, and everything becomes more challenging and overwhelming. People with low self-confidence often feel unhappy and unsettled. This is why aesthetic enhancements and surgeries gain importance. If people feel uncomfortable with any part of their appearance, addressing these concerns becomes essential. Specialist doctors aim to assist their patients in this regard. Breast reduction surgeries for both women and men are notable here. While this procedure mainly concerns women, it also holds importance for some men.<\/span><\/p>\n<p>&nbsp;<\/p>","protected":false},"excerpt":{"rendered":"<p>Meme K\u00fc\u00e7\u00fcltme Operasyonu Nedir? Bilindi\u011fi gibi kad\u0131nlar\u0131n estetik olarak g\u00fczel g\u00f6r\u00fcnmelerinde baz\u0131 unsurlar etkilidir. G\u00fczel ve ho\u015f bir kal\u00e7a, g\u00f6\u011f\u00fcs b\u00f6lgesi, d\u00fczg\u00fcn bir fizik, bacaklar gibi \u00e7e\u015fitli unsurlar kad\u0131nlar\u0131 \u00e7ekici yapan detaylard\u0131r. Bu detaylar aras\u0131nda g\u00f6\u011f\u00fcsler de \u00f6nemli bir yer tutar. Ancak zaman zaman estetik a\u00e7\u0131dan s\u0131n\u0131rlar\u0131 zorlad\u0131\u011f\u0131 i\u00e7in pek be\u011fenilmeyen boyutlarda g\u00f6\u011f\u00fcslerin olmas\u0131 durumu [&hellip;]<\/p>","protected":false},"author":2,"featured_media":0,"parent":959,"menu_order":0,"comment_status":"closed","ping_status":"closed","template":"","meta":{"footnotes":""},"class_list":["post-963","page","type-page","status-publish","hentry"],"acf":[],"_links":{"self":[{"href":"https:\/\/healthtourismcenterturkey.com\/en\/wp-json\/wp\/v2\/pages\/963"}],"collection":[{"href":"https:\/\/healthtourismcenterturkey.com\/en\/wp-json\/wp\/v2\/pages"}],"about":[{"href":"https:\/\/healthtourismcenterturkey.com\/en\/wp-json\/wp\/v2\/types\/page"}],"author":[{"embeddable":true,"href":"https:\/\/healthtourismcenterturkey.com\/en\/wp-json\/wp\/v2\/users\/2"}],"replies":[{"embeddable":true,"href":"https:\/\/healthtourismcenterturkey.com\/en\/wp-json\/wp\/v2\/comments?post=963"}],"version-history":[{"count":7,"href":"https:\/\/healthtourismcenterturkey.com\/en\/wp-json\/wp\/v2\/pages\/963\/revisions"}],"predecessor-version":[{"id":2162,"href":"https:\/\/healthtourismcenterturkey.com\/en\/wp-json\/wp\/v2\/pages\/963\/revisions\/2162"}],"up":[{"embeddable":true,"href":"https:\/\/healthtourismcenterturkey.com\/en\/wp-json\/wp\/v2\/pages\/959"}],"wp:attachment":[{"href":"https:\/\/healthtourismcenterturkey.com\/en\/wp-json\/wp\/v2\/media?parent=963"}],"curies":[{"name":"wp","href":"https:\/\/api.w.org\/{rel}","templated":true}]}}