{"id":957,"date":"2020-07-30T14:57:21","date_gmt":"2020-07-30T14:57:21","guid":{"rendered":"http:\/\/healthtourismcenterturkey.com\/?page_id=957"},"modified":"2022-03-24T19:47:01","modified_gmt":"2022-03-24T19:47:01","slug":"uyluk-germe","status":"publish","type":"page","link":"https:\/\/healthtourismcenterturkey.com\/en\/plastik-cerrahi\/vucut-estetigi\/uyluk-germe\/","title":{"rendered":"Thigh Stretching"},"content":{"rendered":"<h1 class=\"vc_custom_heading font-weight-bold letter-spacing-1 vc_custom_1545678667469\">What Is Thigh Stretching? How Is It Operated?<\/h1>\n<p class=\"vc_custom_heading vc_custom_1545678685350\"><span style=\"font-size: 14pt;\">Wavering, sagging, deformation may occur in time in inner part of legs. Constantly changing weight, irregular and ineffective sportive activities, pregnancy and aging may be the affecting factor. Tendons may be torn and leave marks. Especially in summer season, sagging skin may cause intertrigo or fungal.<\/span><\/p>\n<div class=\"wpb_single_image wpb_content_element vc_align_left vc_custom_1545678750130\">\n<figure class=\"wpb_wrapper vc_figure\">\n<div class=\"vc_single_image-wrapper vc_box_border_grey\"><img loading=\"lazy\" decoding=\"async\" class=\"alignnone  wp-image-2221\" src=\"https:\/\/healthtourismcenterturkey.com\/wp-content\/uploads\/2022\/03\/vucut-estetigi-2.jpg\" alt=\"\" width=\"625\" height=\"625\" srcset=\"https:\/\/healthtourismcenterturkey.com\/wp-content\/uploads\/2022\/03\/vucut-estetigi-2.jpg 1320w, https:\/\/healthtourismcenterturkey.com\/wp-content\/uploads\/2022\/03\/vucut-estetigi-2-300x300.jpg 300w, https:\/\/healthtourismcenterturkey.com\/wp-content\/uploads\/2022\/03\/vucut-estetigi-2-1024x1024.jpg 1024w, https:\/\/healthtourismcenterturkey.com\/wp-content\/uploads\/2022\/03\/vucut-estetigi-2-150x150.jpg 150w, https:\/\/healthtourismcenterturkey.com\/wp-content\/uploads\/2022\/03\/vucut-estetigi-2-768x768.jpg 768w\" sizes=\"(max-width: 625px) 100vw, 625px\" \/><\/div>\n<\/figure>\n<\/div>\n<p class=\"vc_custom_heading vc_custom_1545678698085\"><span style=\"font-size: 14pt;\">Especially during the summer months, sagging skin can rub and lead to chafing, and, if persistent, may cause fungal infections. This issue can be effectively addressed with a thigh lift surgery.<\/span><\/p>\n<div class=\"rt-separator element-one\" data-separator-width=\"100%\" data-separator-color=\"#000000\" data-separator-background=\"#ffffff\" data-separator-direction=\"center\">\n<div class=\"block\">\n<div class=\"gap\"><\/div>\n<div class=\"bar\"><\/div>\n<\/div>\n<\/div>\n<h1 class=\"vc_custom_heading font-weight-semibold vc_custom_1545678983845\">How is Thigh Stretching Surgery Operated?<\/h1>\n<p class=\"vc_custom_heading vc_custom_1545678992821\"><span style=\"font-size: 14pt;\">It requires a pre-surgical preparatory period like every other surgery. Patient should stop blood thinning medications according to doctor\u2019s recommendation. Smoking should be quitted. This esthetic surgery takes between 2,5 and 3 hours. Under the effect of general anesthesia, detailed inspection is made, technique, materials and esthetic angles are set. Operation begins with incisions from upper leg area, below hipbone and inner part of genital area. Incisions may go longer if deemed necessary. Fats and derivates that cause sagging are removed from the area. Surgery ends after medical stitches are done.<\/span><\/p>\n<div class=\"rt-separator element-one\" data-separator-width=\"100%\" data-separator-color=\"#000000\" data-separator-background=\"#ffffff\" data-separator-direction=\"center\">\n<div class=\"block\">\n<div class=\"gap\"><\/div>\n<div class=\"bar\"><\/div>\n<\/div>\n<\/div>\n<div class=\"vc_row wpb_row vc_inner vc_row-fluid vc_custom_1545478509233\">\n<div class=\"wpb_column vc_column_container vc_col-sm-12 vc_col-has-fill\">\n<div class=\"vc_column-inner vc_custom_1545478117371\">\n<div class=\"wpb_wrapper\">\n<p>&nbsp;<\/p>\n<h1 class=\"vc_custom_heading font-weight-semibold vc_custom_1545678816299\">What Should Be Done After Thigh Stretching Surgery?<\/h1>\n<p class=\"vc_custom_heading vc_custom_1545678829299\"><span style=\"font-size: 14pt;\">Post-surgical care begins right after surgery. It lasts during and after hospital stay. It is highly critical to follow doctor\u2019s recommendations once you leave the hospital. Medications should be taken as advised, possible complications should be followed, and recurring appointments should be corresponded. Resting helps the success of operation. Heavy duties and tiring activities should be left for a while.<\/span><\/p>\n<p class=\"vc_custom_heading vc_custom_1545678843435\"><span style=\"font-size: 14pt;\">As it is valid for every surgery, hygiene and following advices are important factors in thigh stretching surgeries. Otherwise the healing stage will get longer, and inflammations may occur on incisions. Incision marks will be gone after surgery.<\/span><\/p>\n<p class=\"vc_custom_heading vc_custom_1545678854447\"><span style=\"font-size: 14pt;\">Thigh stretching surgery is a permanent solution to extra fats, sagging and deformations on the upper leg.<\/span><\/p>\n<\/div>\n<\/div>\n<\/div>\n<\/div>\n<p>&nbsp;<\/p>","protected":false},"excerpt":{"rendered":"<p>Uyluk (\u00dcst Bacak) Germe Nedir? Nas\u0131l Yap\u0131l\u0131r? Zamanla bacaklar\u0131n i\u00e7 taraf\u0131nda, dalgalanmalar, deformasyonlar ve sarkmalar olu\u015fur. S\u00fcrekli al\u0131p verilen kilolar, d\u00fczensiz ve verimsiz sporlar, gebelik ve ya\u015f ilerlemesi ile baca\u011f\u0131n i\u00e7 taraf\u0131nda gev\u015femeler h\u0131zlan\u0131r. Cildin ba\u011f lifleri \u00e7ok gerildi\u011fin y\u0131rt\u0131lmalar ve y\u0131rt\u0131lman\u0131n neticesinde izler b\u0131rakabilir. \u00d6zellikle yaz aylar\u0131nda sarkan deri s\u00fcrt\u00fcnerek pi\u015fi\u011fe ve s\u00fcrekli olmas\u0131 [&hellip;]<\/p>","protected":false},"author":2,"featured_media":0,"parent":938,"menu_order":0,"comment_status":"closed","ping_status":"closed","template":"","meta":{"footnotes":""},"class_list":["post-957","page","type-page","status-publish","hentry"],"acf":[],"_links":{"self":[{"href":"https:\/\/healthtourismcenterturkey.com\/en\/wp-json\/wp\/v2\/pages\/957"}],"collection":[{"href":"https:\/\/healthtourismcenterturkey.com\/en\/wp-json\/wp\/v2\/pages"}],"about":[{"href":"https:\/\/healthtourismcenterturkey.com\/en\/wp-json\/wp\/v2\/types\/page"}],"author":[{"embeddable":true,"href":"https:\/\/healthtourismcenterturkey.com\/en\/wp-json\/wp\/v2\/users\/2"}],"replies":[{"embeddable":true,"href":"https:\/\/healthtourismcenterturkey.com\/en\/wp-json\/wp\/v2\/comments?post=957"}],"version-history":[{"count":7,"href":"https:\/\/healthtourismcenterturkey.com\/en\/wp-json\/wp\/v2\/pages\/957\/revisions"}],"predecessor-version":[{"id":2222,"href":"https:\/\/healthtourismcenterturkey.com\/en\/wp-json\/wp\/v2\/pages\/957\/revisions\/2222"}],"up":[{"embeddable":true,"href":"https:\/\/healthtourismcenterturkey.com\/en\/wp-json\/wp\/v2\/pages\/938"}],"wp:attachment":[{"href":"https:\/\/healthtourismcenterturkey.com\/en\/wp-json\/wp\/v2\/media?parent=957"}],"curies":[{"name":"wp","href":"https:\/\/api.w.org\/{rel}","templated":true}]}}