{"id":955,"date":"2020-07-30T14:56:22","date_gmt":"2020-07-30T14:56:22","guid":{"rendered":"http:\/\/healthtourismcenterturkey.com\/?page_id=955"},"modified":"2022-03-24T19:40:20","modified_gmt":"2022-03-24T19:40:20","slug":"obezite-cerrahisi","status":"publish","type":"page","link":"https:\/\/healthtourismcenterturkey.com\/en\/plastik-cerrahi\/vucut-estetigi\/obezite-cerrahisi\/","title":{"rendered":"Obesity Surgery"},"content":{"rendered":"<h1 class=\"vc_custom_heading font-weight-bold letter-spacing-1 vc_custom_1545743474705\">What is Obesity Surgery?<\/h1>\n<p class=\"vc_custom_heading vc_custom_1545743490022\"><span style=\"font-size: 14pt;\">There are many obese patients around the world. These patients try to lose their weight using numerous methods. While the subject is to intervene the patients\u2019 digestive systems to help them lose weight, all these interventions to reduce the food uptake and emission are called obesity surgery. In some places, these operations are called bariatric surgery.<\/span><\/p>\n<div class=\"wpb_single_image wpb_content_element vc_align_left vc_custom_1545743531852\">\n<figure class=\"wpb_wrapper vc_figure\">\n<div class=\"vc_single_image-wrapper vc_box_border_grey\"><img loading=\"lazy\" decoding=\"async\" class=\"alignnone size-full wp-image-2218\" src=\"https:\/\/healthtourismcenterturkey.com\/wp-content\/uploads\/2022\/03\/abdomen_liposuction.jpg\" alt=\"\" width=\"1204\" height=\"720\" srcset=\"https:\/\/healthtourismcenterturkey.com\/wp-content\/uploads\/2022\/03\/abdomen_liposuction.jpg 1204w, https:\/\/healthtourismcenterturkey.com\/wp-content\/uploads\/2022\/03\/abdomen_liposuction-300x179.jpg 300w, https:\/\/healthtourismcenterturkey.com\/wp-content\/uploads\/2022\/03\/abdomen_liposuction-1024x612.jpg 1024w, https:\/\/healthtourismcenterturkey.com\/wp-content\/uploads\/2022\/03\/abdomen_liposuction-768x459.jpg 768w\" sizes=\"(max-width: 1204px) 100vw, 1204px\" \/><\/div>\n<\/figure>\n<\/div>\n<p class=\"vc_custom_heading vc_custom_1545743499865\"><span style=\"font-size: 14pt;\">Obesity is a severe medical issue started to be seen in many communities in the World as unhealthy and irregular eating habits are getting widespread. This issue, faced by overweight people who have difficulty in losing weight, is tried to be relieved from by various methods. However, finding the right and direct method is necessary. At this point, while some operations stand out, \u201cobesity surgery\u201d becomes prominent as on of the most popular operations.<\/span><\/p>\n<div class=\"rt-separator element-one\" data-separator-width=\"100%\" data-separator-color=\"#000000\" data-separator-background=\"#ffffff\" data-separator-direction=\"center\">\n<div class=\"block\">\n<div class=\"gap\"><\/div>\n<div class=\"bar\"><\/div>\n<\/div>\n<\/div>\n<p>&nbsp;<\/p>\n<h1 class=\"vc_custom_heading font-weight-semibold vc_custom_1545743568631\">Important Points Regarding Obesity Surgery<\/h1>\n<p class=\"vc_custom_heading vc_custom_1545743579031\"><span style=\"font-size: 14pt;\">Obesity surgeries are amongst serious operations just like other surgeries. Therefore, patients should especially pay attention to some specific points.<\/span><\/p>\n<p class=\"vc_custom_heading vc_custom_1545743594230\"><span style=\"font-size: 14pt;\">\u2022 Pretty permanent and certain results are achievable by obesity surgery. It is compulsory that the patient is aware that he\/she is undertaking a serious operation and should behave accordingly.<\/span><br \/>\n<span style=\"font-size: 14pt;\">\u2022 In the rest and healing stages in post-surgical process, patients should strictly obey the recommendations of experts. Patients are expected to perform their part of the duties especially regarding nutrition and exercise.<\/span><br \/>\n<span style=\"font-size: 14pt;\">\u2022 Weight losing pace is rather high after this surgical operation. However, in order to protect the achieved weight, a certain level of intervention on the patient\u2019s lifestyle is necessary. Permanent success should not be overshadowed by some habits.<\/span><br \/>\n<span style=\"font-size: 14pt;\">\u2022 Obesity surgery is of course affected by technological developments. Especially in the manner of new developments and different methods, high quality and fine interventions might be achieved. For instance, closed laparoscopic method is being used in recent years and it is noticeable that the patients quickly recover and return to their daily routine.<\/span><br \/>\n<span style=\"font-size: 14pt;\">\u2022 On the other hand, obesity surgery is an operation that has gotten quickly popular. Because the post-operational risks are reduced and the surgical process is fairly comfortable. In addition to these points, after a successful surgical operation, other medical issues that the patient faces that are caused by obesity may be relieved from.<\/span><\/p>\n<div class=\"vc_row wpb_row vc_inner vc_row-fluid vc_custom_1545478509233\">\n<div class=\"wpb_column vc_column_container vc_col-sm-12 vc_col-has-fill\">\n<div class=\"vc_column-inner vc_custom_1545478117371\">\n<div class=\"wpb_wrapper\">\n<p>&nbsp;<\/p>\n<h1 class=\"vc_custom_heading vc_custom_1545743642230\">How Many Types of Obesity Surgery Are There?<\/h1>\n<p class=\"vc_custom_heading vc_custom_1545743652396\"><span style=\"font-size: 14pt;\">Surgeries in the field are twofold. These surgery types may be explained as;<\/span><\/p>\n<p class=\"vc_custom_heading vc_custom_1545743675051\"><span style=\"font-size: 14pt;\">1. First type of the surgery is about reducing the stomach volume with restrictive surgeries. Main concern of this intervention is to reduce the amount of food that reach the stomach as well as reducing the food patient consumes.<\/span><br \/>\n<span style=\"font-size: 14pt;\">2. The second type of the surgery is related to emission. In surgeries that are operated to reduce the emission, a part of intestines is removed. This is also a preferred method.<\/span><\/p>\n<\/div>\n<\/div>\n<\/div>\n<\/div>\n<p class=\"vc_custom_heading vc_custom_1545743686498\"><span style=\"font-size: 14pt;\">Obesity is a severe health issue. It is not only about physical appearance but also physical discomfort. For instance, some discomforts and diseases such as high blood-pressure, depression, impotence, insulin resistance, sleep apnea, high cholesterol and respiration diseases may be related to obesity.<\/span><\/p>\n<div class=\"rt-separator element-one\" data-separator-width=\"100%\" data-separator-color=\"#000000\" data-separator-background=\"#ffffff\" data-separator-direction=\"center\">\n<div class=\"block\">\n<div class=\"gap\"><\/div>\n<div class=\"bar\"><\/div>\n<\/div>\n<\/div>\n<p>&nbsp;<\/p>\n<h1 class=\"vc_custom_heading font-weight-semibold vc_custom_1545743715312\">What is Gastric Banding Surgery?<\/h1>\n<p class=\"vc_custom_heading vc_custom_1545743725869\"><span style=\"font-size: 14pt;\">Taking between 1 and 2 hours, this procedure is operated to restrict the nutrition uptake. Gastric banding surgery, applied to create a solution to obesity, is operated with laparoscopic method. Trauma risk is considerably low as the patient is anesthetized.<\/span><\/p>\n<p class=\"vc_custom_heading vc_custom_1545743739606\"><span style=\"font-size: 14pt;\">An inflatable band is attached to the upper side of stomach in this surgery. This way stomach is divided in 2 sections. A small channel is left between parts, where the upper part is left smaller and the below part bigger.<\/span><\/p>\n<p class=\"vc_custom_heading vc_custom_1545743751253\"><span style=\"font-size: 14pt;\">After gastric banding surgery, the risk of any complication and infection is rather low. It may even be possible to remove the band in future to emphasize the comfort level of this surgery.<\/span><\/p>\n<p class=\"vc_custom_heading vc_custom_1545743767106\"><span style=\"font-size: 14pt;\">Post-surgical hospital stay term is not too long. The patient will be discharged from the hospital once the healing indications are started.<\/span><\/p>\n<p class=\"vc_custom_heading vc_custom_1545743783120\"><span style=\"font-size: 14pt;\">It occurs that the patient will be quickly full after the gastric band surgery. It is even so that the patient may lose the quarter, half and even more than half of his\/her total weight. This way obesity issue gets a solution.<\/span><\/p>\n<div class=\"rt-separator element-one\" data-separator-width=\"100%\" data-separator-color=\"#000000\" data-separator-background=\"#ffffff\" data-separator-direction=\"center\">\n<div class=\"block\">\n<div class=\"gap\"><\/div>\n<div class=\"bar\"><\/div>\n<\/div>\n<\/div>\n<p>&nbsp;<\/p>\n<h1 class=\"vc_custom_heading font-weight-semibold vc_custom_1545743793856\">What is Gastrostomy (G-Tube) Surgery?<\/h1>\n<p class=\"vc_custom_heading vc_custom_1545743807776\"><span style=\"font-size: 14pt;\">Also known as stomach reduction operation, gastrostomy surgery is operated to restrict food intake. It is possible to surgically remove up to 75% of the stomach with this operation. In addition to this, the rest of the stomach is tied to the intestines. This part is the left thin and long part.<\/span><\/p>\n<p class=\"vc_custom_heading vc_custom_1545743828571\"><span style=\"font-size: 14pt;\">The difference between this operation and gastric banding surgery is that there is no chance to return back in this surgery. Because while it is possible to remove the gastric band in future, the presented operation involves surgically removing the stomach. Therefore, absolute confidence and exact decision is a must in this surgery.<\/span><\/p>\n<p class=\"vc_custom_heading vc_custom_1545743846724\"><span style=\"font-size: 14pt;\">Closed methods are applied in this operation. For this reason, the healing stage is faster and the patient may return to social life with ease.<\/span><\/p>\n<p>&nbsp;<\/p>","protected":false},"excerpt":{"rendered":"<p>Obezite Cerrahisi Nedir? Obezite, d\u00fczensiz ve sa\u011fl\u0131ks\u0131z beslenmenin giderek yayg\u0131nla\u015fmas\u0131 ile beraber d\u00fcnyadaki pek \u00e7ok toplumda g\u00f6r\u00fclmeye ba\u015flayan, \u00f6nemli bir sa\u011fl\u0131k sorunudur. Kilo vermekte zorlanan, a\u015f\u0131r\u0131 kilolu ki\u015filerin bu s\u0131k\u0131nt\u0131s\u0131 \u00e7e\u015fitli \u015fekillerde giderilmek istenir. Ancak net ve do\u011fru y\u00f6ntemi bulmak gereklidir. Bu noktada bir tak\u0131m uygulamalar di\u011ferlerinin aras\u0131ndan s\u0131yr\u0131larak g\u00fcndeme gelirken, \u00f6zellikle de son d\u00f6nemlerde [&hellip;]<\/p>","protected":false},"author":2,"featured_media":0,"parent":938,"menu_order":0,"comment_status":"closed","ping_status":"closed","template":"","meta":{"footnotes":""},"class_list":["post-955","page","type-page","status-publish","hentry"],"acf":[],"_links":{"self":[{"href":"https:\/\/healthtourismcenterturkey.com\/en\/wp-json\/wp\/v2\/pages\/955"}],"collection":[{"href":"https:\/\/healthtourismcenterturkey.com\/en\/wp-json\/wp\/v2\/pages"}],"about":[{"href":"https:\/\/healthtourismcenterturkey.com\/en\/wp-json\/wp\/v2\/types\/page"}],"author":[{"embeddable":true,"href":"https:\/\/healthtourismcenterturkey.com\/en\/wp-json\/wp\/v2\/users\/2"}],"replies":[{"embeddable":true,"href":"https:\/\/healthtourismcenterturkey.com\/en\/wp-json\/wp\/v2\/comments?post=955"}],"version-history":[{"count":6,"href":"https:\/\/healthtourismcenterturkey.com\/en\/wp-json\/wp\/v2\/pages\/955\/revisions"}],"predecessor-version":[{"id":2219,"href":"https:\/\/healthtourismcenterturkey.com\/en\/wp-json\/wp\/v2\/pages\/955\/revisions\/2219"}],"up":[{"embeddable":true,"href":"https:\/\/healthtourismcenterturkey.com\/en\/wp-json\/wp\/v2\/pages\/938"}],"wp:attachment":[{"href":"https:\/\/healthtourismcenterturkey.com\/en\/wp-json\/wp\/v2\/media?parent=955"}],"curies":[{"name":"wp","href":"https:\/\/api.w.org\/{rel}","templated":true}]}}