{"id":952,"date":"2020-07-30T14:55:42","date_gmt":"2020-07-30T14:55:42","guid":{"rendered":"http:\/\/healthtourismcenterturkey.com\/?page_id=952"},"modified":"2022-03-24T19:39:53","modified_gmt":"2022-03-24T19:39:53","slug":"liposuction","status":"publish","type":"page","link":"https:\/\/healthtourismcenterturkey.com\/en\/plastik-cerrahi\/vucut-estetigi\/liposuction\/","title":{"rendered":"Liposuction"},"content":{"rendered":"<h1 class=\"vc_custom_heading font-weight-bold letter-spacing-1 vc_custom_1545741296188\">Why Liposuction is Necessary?<\/h1>\n<p class=\"vc_custom_heading vc_custom_1545741317162\"><span style=\"font-size: 14pt;\">The fat removal operation, which is known as liposuction, is carried out under different names from time to time. For example, it is possible to find out terms such as Lipoplasty and Liposculture, that are used to name the operations.<\/span><\/p>\n<div class=\"wpb_single_image wpb_content_element vc_align_left vc_custom_1545477363046\">\n<figure class=\"wpb_wrapper vc_figure\">\n<div class=\"vc_single_image-wrapper vc_box_border_grey\"><img loading=\"lazy\" decoding=\"async\" class=\"alignnone size-full wp-image-2216\" src=\"https:\/\/healthtourismcenterturkey.com\/wp-content\/uploads\/2022\/03\/yag-aldirms.jpg\" alt=\"\" width=\"865\" height=\"487\" srcset=\"https:\/\/healthtourismcenterturkey.com\/wp-content\/uploads\/2022\/03\/yag-aldirms.jpg 865w, https:\/\/healthtourismcenterturkey.com\/wp-content\/uploads\/2022\/03\/yag-aldirms-300x169.jpg 300w, https:\/\/healthtourismcenterturkey.com\/wp-content\/uploads\/2022\/03\/yag-aldirms-768x432.jpg 768w\" sizes=\"(max-width: 865px) 100vw, 865px\" \/><\/div>\n<\/figure>\n<\/div>\n<p class=\"vc_custom_heading vc_custom_1545741329425\"><span style=\"font-size: 14pt;\">The fat tissue under the skin will be absorbed with the help of the cannulas in liposuction. Canullas can be described as hollow tubes which the largest one is in the same size with a pen. These cannulas (tubes) is inserted through the small incisions on the skin, and no scar will occur on the skin since these incisions are only a few millimeters. Another device that is connected to the cannulas from the back will serve as an aspirator and it allows vacuuming. The absorption will be provided from the drawbar pull. While the fat removal operation can be carried out without this device, the method selection in here totally depends on the surgeon.<\/span><\/p>\n<div class=\"rt-separator element-one\" data-separator-width=\"100%\" data-separator-color=\"#000000\" data-separator-background=\"#ffffff\" data-separator-direction=\"center\">\n<div class=\"block\">\n<div class=\"gap\"><\/div>\n<div class=\"bar\"><\/div>\n<\/div>\n<\/div>\n<p>&nbsp;<\/p>\n<h1 class=\"vc_custom_heading font-weight-semibold vc_custom_1545741340512\">Who Can Prefer Liposuction?<\/h1>\n<p class=\"vc_custom_heading vc_custom_1545741354456\"><span style=\"font-size: 14pt;\">The main purpose of the operation is to remove the fats that are gathered in a specific area. People cannot lose weight although they are on diet or exercise. Liposuction operations are in question at this stage. Especially women cannot get rid of their fat in some regions due to the hormonal causes.<\/span><br \/>\n<span style=\"font-size: 14pt;\">On the other hand, the only liposuction may not be enough for patients who lost their skin elasticity. Because the skin should be tightened and renewed after the fat removal. This is why there may be a need for additional procedures for the patient. Thus additional procedures may be applied to the patient on the same session. Removal of the loose skin or tightening of the loose skin with laser is some of these methods.<\/span><\/p>\n<div class=\"vc_row wpb_row vc_inner vc_row-fluid vc_custom_1545478509233\">\n<div class=\"wpb_column vc_column_container vc_col-sm-12 vc_col-has-fill\">\n<div class=\"vc_column-inner vc_custom_1545478117371\">\n<div class=\"wpb_wrapper\">\n<h1 class=\"vc_custom_heading vc_custom_1545741576811\">Liposuction Kimler i\u00e7in Uygundur?<\/h1>\n<p class=\"vc_custom_heading vc_custom_1545741380656\"><span style=\"font-size: 14pt;\">Ameliyat\u0131n ana amac\u0131 belli ba\u015fl\u0131 yerlerde toplanm\u0131\u015f olan ya\u011flar\u0131n al\u0131nmas\u0131d\u0131r. Ki\u015filer rejim de yapsalar, d\u00fczenli spor da yapsalar bazen kilo veremezler. Bu a\u015famada devreye liposak\u015f\u0131n i\u015flemleri girer. \u00d6zellikle bayanlar hormonal nedenlerden \u00f6t\u00fcr\u00fc baz\u0131 b\u00f6lgelerdeki ya\u011flardan kurtulamazlar. Bu noktada tek \u00e7\u00f6z\u00fcm liposaks\u0131n y\u00f6ntemidir.<\/span><\/p>\n<p class=\"vc_custom_heading vc_custom_1545741391550\"><span style=\"font-size: 14pt;\">Di\u011fer taraftan cildindeki elastikiyet kaybolmu\u015f olan hastalarda tek ba\u015f\u0131na liposak\u015f\u0131n yeterli olmayabilir. \u00c7\u00fcnk\u00fc ya\u011flar\u0131n al\u0131nmas\u0131n\u0131n ard\u0131ndan cildin yeniden gerginle\u015ferek o b\u00f6lgede kendini yenilemesi gerekir. Bu nedenle hastaya ek i\u015flemlerin yap\u0131lmas\u0131 ihtiyac\u0131 do\u011fabilir. Bu nedenle hastaya ayn\u0131 seansta ek ba\u015fka i\u015flemler yap\u0131labilir. Hastan\u0131n fazla derisinin \u00e7\u0131kart\u0131lmas\u0131 veya gev\u015feyen derinin lazer ile s\u0131k\u0131la\u015ft\u0131r\u0131lmas\u0131 bu y\u00f6ntemlerdendir.<\/span><\/p>\n<\/div>\n<\/div>\n<\/div>\n<\/div>\n<div class=\"rt-separator element-one\" data-separator-width=\"100%\" data-separator-color=\"#000000\" data-separator-background=\"#ffffff\" data-separator-direction=\"center\">\n<div class=\"block\">\n<div class=\"gap\"><\/div>\n<div class=\"bar\"><\/div>\n<\/div>\n<\/div>\n<p>&nbsp;<\/p>\n<h1 class=\"vc_custom_heading font-weight-semibold vc_custom_1545741408029\">Which Areas Does the Liposuction is Suitable For?<\/h1>\n<ul style=\"list-style-type: square;\">\n<li class=\"vc_custom_heading vc_custom_1545741420324\"><span style=\"font-size: 14pt;\">Of course, fat removal can be conducted on any part of the body. However, some parts are quite suitable for the operation. And some parts are not that much suitable.<\/span><\/li>\n<li class=\"vc_custom_heading vc_custom_1545741432372\"><span style=\"font-size: 14pt;\">The most suitable areas for liposuction operation in men are the waist, abdomen, and neck. These operations are a lot easier to carry out and they provide better results.<\/span><\/li>\n<li class=\"vc_custom_heading vc_custom_1545741445092\"><span style=\"font-size: 14pt;\">The most suitable areas for liposuction operation in women are the abdomen, waist, hip, inner knee areas, inner leg areas, upper leg, ankle joints, neck, underarm and back.<\/span><\/li>\n<\/ul>\n<p>&nbsp;<\/p>","protected":false},"excerpt":{"rendered":"<p>Liposuction Neden Gereklidir? Yayg\u0131n ismi ile bilinen Liposuction, tam anlam\u0131 ile \u201cya\u011f ald\u0131rma ameliyat\u0131\u201d olarak ifade edilebilir. Bu operasyona dair do\u011fru bilgilerin al\u0131nmas\u0131 da hastalar\u0131 ve hasta yak\u0131nlar\u0131n\u0131 rahatlatacakt\u0131r. Genel olarak liposuction \u015feklinde bilinen ya\u011f ald\u0131rma ameliyat\u0131, zaman zaman farkl\u0131 isimler alt\u0131nda da yap\u0131l\u0131r. \u00d6rne\u011fin Lipoplasty, Liposculture gibi isimlerin \u00e7e\u015fitli operasyonlar i\u00e7in kullan\u0131ld\u0131\u011f\u0131 g\u00f6r\u00fcl\u00fcr. Liposuction [&hellip;]<\/p>","protected":false},"author":2,"featured_media":0,"parent":938,"menu_order":0,"comment_status":"closed","ping_status":"closed","template":"","meta":{"footnotes":""},"class_list":["post-952","page","type-page","status-publish","hentry"],"acf":[],"_links":{"self":[{"href":"https:\/\/healthtourismcenterturkey.com\/en\/wp-json\/wp\/v2\/pages\/952"}],"collection":[{"href":"https:\/\/healthtourismcenterturkey.com\/en\/wp-json\/wp\/v2\/pages"}],"about":[{"href":"https:\/\/healthtourismcenterturkey.com\/en\/wp-json\/wp\/v2\/types\/page"}],"author":[{"embeddable":true,"href":"https:\/\/healthtourismcenterturkey.com\/en\/wp-json\/wp\/v2\/users\/2"}],"replies":[{"embeddable":true,"href":"https:\/\/healthtourismcenterturkey.com\/en\/wp-json\/wp\/v2\/comments?post=952"}],"version-history":[{"count":8,"href":"https:\/\/healthtourismcenterturkey.com\/en\/wp-json\/wp\/v2\/pages\/952\/revisions"}],"predecessor-version":[{"id":2217,"href":"https:\/\/healthtourismcenterturkey.com\/en\/wp-json\/wp\/v2\/pages\/952\/revisions\/2217"}],"up":[{"embeddable":true,"href":"https:\/\/healthtourismcenterturkey.com\/en\/wp-json\/wp\/v2\/pages\/938"}],"wp:attachment":[{"href":"https:\/\/healthtourismcenterturkey.com\/en\/wp-json\/wp\/v2\/media?parent=952"}],"curies":[{"name":"wp","href":"https:\/\/api.w.org\/{rel}","templated":true}]}}