{"id":950,"date":"2020-07-30T14:54:37","date_gmt":"2020-07-30T14:54:37","guid":{"rendered":"http:\/\/healthtourismcenterturkey.com\/?page_id=950"},"modified":"2022-03-24T19:38:19","modified_gmt":"2022-03-24T19:38:19","slug":"kol-germe","status":"publish","type":"page","link":"https:\/\/healthtourismcenterturkey.com\/en\/plastik-cerrahi\/vucut-estetigi\/kol-germe\/","title":{"rendered":"ARM LIFT"},"content":{"rendered":"<h1 class=\"vc_custom_heading font-weight-bold letter-spacing-1 vc_custom_1545740673227\">Kol Germe Esteti\u011fi Neden Gereklidir?<\/h1>\n<p class=\"vc_custom_heading vc_custom_1545740687762\"><span style=\"font-size: 14pt;\">There may be sagging in the arm due to aging. This image may be very disturbing for some people. Arm lifting will address the issue in order to eliminate the sagging on the arm which is one of the most visible parts of our body.<\/span><\/p>\n<div class=\"wpb_single_image wpb_content_element vc_align_left vc_custom_1545740795867\">\n<figure class=\"wpb_wrapper vc_figure\">\n<div class=\"vc_single_image-wrapper vc_box_border_grey\"><img loading=\"lazy\" decoding=\"async\" class=\"alignnone wp-image-2213\" src=\"https:\/\/healthtourismcenterturkey.com\/wp-content\/uploads\/2022\/03\/arm-aesthetic.jpg\" alt=\"\" width=\"790\" height=\"525\" srcset=\"https:\/\/healthtourismcenterturkey.com\/wp-content\/uploads\/2022\/03\/arm-aesthetic.jpg 1084w, https:\/\/healthtourismcenterturkey.com\/wp-content\/uploads\/2022\/03\/arm-aesthetic-300x199.jpg 300w, https:\/\/healthtourismcenterturkey.com\/wp-content\/uploads\/2022\/03\/arm-aesthetic-1024x680.jpg 1024w, https:\/\/healthtourismcenterturkey.com\/wp-content\/uploads\/2022\/03\/arm-aesthetic-768x510.jpg 768w\" sizes=\"(max-width: 790px) 100vw, 790px\" \/><\/div>\n<\/figure>\n<\/div>\n<h1 class=\"vc_custom_heading font-weight-semibold vc_custom_1545740716045\">Why Sagging Occurs on Arms?<\/h1>\n<p class=\"vc_custom_heading vc_custom_1545740726188\"><span style=\"font-size: 14pt;\">It is possible to mention many conditions that lead to arm sagging. However, the most well-known cause is aging. The skin will start to lose its elasticity as you age. In this case, the skin will start to sag. In addition to this, changes in the body weight may also cause sagging in the arms. Especially the sudden weight loss and gain may cause this complaint to occur.<\/span><\/p>\n<div class=\"rt-separator element-one\" data-separator-width=\"100%\" data-separator-color=\"#000000\" data-separator-background=\"#ffffff\" data-separator-direction=\"center\">\n<div class=\"block\">\n<div class=\"gap\"><\/div>\n<div class=\"bar\"><\/div>\n<\/div>\n<\/div>\n<div class=\"vc_row wpb_row vc_inner vc_row-fluid vc_custom_1545478509233\">\n<div class=\"wpb_column vc_column_container vc_col-sm-12 vc_col-has-fill\">\n<div class=\"vc_column-inner vc_custom_1545478117371\">\n<div class=\"wpb_wrapper\">\n<h1 class=\"vc_custom_heading vc_custom_1545741024409\">How Is Arm Lifting Operation is Carried Out?<\/h1>\n<p class=\"vc_custom_heading vc_custom_1545740850236\"><span style=\"font-size: 14pt;\">A decision will be made in line with the structure of the patient before the arm lifting operation. The operation type will be determined according to the sagging ratio and fat tissue in the area. Liposuction will be in question in case the skin is too thick. The sagging tissue will be removed with an operation after that application.<\/span><\/p>\n<p class=\"vc_custom_heading vc_custom_1545740864419\"><span style=\"font-size: 14pt;\">It will be worth to note that it is carried out quickly and easily due to the today\u2019s conditions. It is possible to have extremely tight and aesthetically appealing arms after the operation that takes about 1 to 3 hours.<\/span><\/p>\n<\/div>\n<\/div>\n<\/div>\n<\/div>\n<p>&nbsp;<\/p>\n<p><img loading=\"lazy\" decoding=\"async\" class=\"alignnone wp-image-2214\" src=\"https:\/\/healthtourismcenterturkey.com\/wp-content\/uploads\/2022\/03\/arm_stretching4.jpg\" alt=\"\" width=\"863\" height=\"575\" srcset=\"https:\/\/healthtourismcenterturkey.com\/wp-content\/uploads\/2022\/03\/arm_stretching4.jpg 1080w, https:\/\/healthtourismcenterturkey.com\/wp-content\/uploads\/2022\/03\/arm_stretching4-300x200.jpg 300w, https:\/\/healthtourismcenterturkey.com\/wp-content\/uploads\/2022\/03\/arm_stretching4-1024x683.jpg 1024w, https:\/\/healthtourismcenterturkey.com\/wp-content\/uploads\/2022\/03\/arm_stretching4-768x512.jpg 768w\" sizes=\"(max-width: 863px) 100vw, 863px\" \/><\/p>\n<h1 class=\"vc_custom_heading font-weight-semibold vc_custom_1545740899904\">What Should You Pay Attention After the Operation?<\/h1>\n<p class=\"vc_custom_heading vc_custom_1545740910728\"><span style=\"font-size: 14pt;\">General or local anesthesia is preferred during the arm lifting application. It is possible to be discharged from the hospital in case you prefer the local anesthesia. The patients who prefer general anesthesia will be monitored for at least 6 hours.<\/span><\/p>\n<p class=\"vc_custom_heading vc_custom_1545740922005\"><span style=\"font-size: 14pt;\">Paying attention to some factors after the application will help you to have a comfortable recovery period. You should not wet the area and protect the dressing for two days after the operation. Elastic bandages prevent edema. However, they should be applied carefully. If you tighten the arms a lot then blood circulation may be adversely affected. It is recommended that the patient should avoid heavy sports activities. You should wait at least 6 weeks before you do such things. You can have a faster recovery period in case you pay attention to these.<\/span><\/p>\n<p>&nbsp;<\/p>","protected":false},"excerpt":{"rendered":"<p>Kol Germe Esteti\u011fi Neden Gereklidir? Kol b\u00f6lgesinde zamana ba\u011fl\u0131 olarak sarkmalar meydana gelebilir. Bu g\u00f6r\u00fcnt\u00fc insanlar i\u00e7in olduk\u00e7a rahats\u0131z edicidir. V\u00fccudun en \u00e7ok g\u00f6r\u00fcnen b\u00f6lgesinde meydana gelen bu sarkmalar\u0131 bitirmek i\u00e7in kol germe esteti\u011fi en iyi sonu\u00e7lar\u0131 verecektir Kollarda Sarkma Neden Olur? Kol sarkmas\u0131n\u0131n nedenleri aras\u0131nda pek \u00e7ok durumu saymak m\u00fcmk\u00fcnd\u00fcr. Ama en \u00e7ok bilinen [&hellip;]<\/p>","protected":false},"author":2,"featured_media":0,"parent":938,"menu_order":0,"comment_status":"closed","ping_status":"closed","template":"","meta":{"footnotes":""},"class_list":["post-950","page","type-page","status-publish","hentry"],"acf":[],"_links":{"self":[{"href":"https:\/\/healthtourismcenterturkey.com\/en\/wp-json\/wp\/v2\/pages\/950"}],"collection":[{"href":"https:\/\/healthtourismcenterturkey.com\/en\/wp-json\/wp\/v2\/pages"}],"about":[{"href":"https:\/\/healthtourismcenterturkey.com\/en\/wp-json\/wp\/v2\/types\/page"}],"author":[{"embeddable":true,"href":"https:\/\/healthtourismcenterturkey.com\/en\/wp-json\/wp\/v2\/users\/2"}],"replies":[{"embeddable":true,"href":"https:\/\/healthtourismcenterturkey.com\/en\/wp-json\/wp\/v2\/comments?post=950"}],"version-history":[{"count":6,"href":"https:\/\/healthtourismcenterturkey.com\/en\/wp-json\/wp\/v2\/pages\/950\/revisions"}],"predecessor-version":[{"id":2215,"href":"https:\/\/healthtourismcenterturkey.com\/en\/wp-json\/wp\/v2\/pages\/950\/revisions\/2215"}],"up":[{"embeddable":true,"href":"https:\/\/healthtourismcenterturkey.com\/en\/wp-json\/wp\/v2\/pages\/938"}],"wp:attachment":[{"href":"https:\/\/healthtourismcenterturkey.com\/en\/wp-json\/wp\/v2\/media?parent=950"}],"curies":[{"name":"wp","href":"https:\/\/api.w.org\/{rel}","templated":true}]}}