{"id":948,"date":"2020-07-30T14:54:23","date_gmt":"2020-07-30T14:54:23","guid":{"rendered":"http:\/\/healthtourismcenterturkey.com\/?page_id=948"},"modified":"2022-03-24T19:26:56","modified_gmt":"2022-03-24T19:26:56","slug":"karin-germe","status":"publish","type":"page","link":"https:\/\/healthtourismcenterturkey.com\/en\/plastik-cerrahi\/vucut-estetigi\/karin-germe\/","title":{"rendered":"Abdominoplasty Surgery"},"content":{"rendered":"<h1 class=\"vc_custom_heading font-weight-bold letter-spacing-1 vc_custom_1545739532632\">Kar\u0131n Germe Esteti\u011fi Neden Gerekli<\/h1>\n<p class=\"vc_custom_heading vc_custom_1545739545544\"><span style=\"font-size: 14pt;\">There are many aesthetic problems in the abdominal region after the pregnancy or weight loss. The skin in the abdomen sags and deforms. This is why partial or full abdominoplasty operations are carried out. Also, fat removal (liposuction) or fat shaping (liposhaping) operations are carried too when they are needed.<\/span><\/p>\n<div class=\"wpb_single_image wpb_content_element vc_align_left vc_custom_1545740334402\">\n<div class=\"vc_single_image-wrapper vc_box_border_grey\"><img loading=\"lazy\" decoding=\"async\" class=\"alignnone size-full wp-image-2206\" src=\"https:\/\/healthtourismcenterturkey.com\/wp-content\/uploads\/2022\/03\/karingermeameliyatinedirnedenvenasilyapilir_1613547104.jpg\" alt=\"\" width=\"1300\" height=\"600\" srcset=\"https:\/\/healthtourismcenterturkey.com\/wp-content\/uploads\/2022\/03\/karingermeameliyatinedirnedenvenasilyapilir_1613547104.jpg 1300w, https:\/\/healthtourismcenterturkey.com\/wp-content\/uploads\/2022\/03\/karingermeameliyatinedirnedenvenasilyapilir_1613547104-300x138.jpg 300w, https:\/\/healthtourismcenterturkey.com\/wp-content\/uploads\/2022\/03\/karingermeameliyatinedirnedenvenasilyapilir_1613547104-1024x473.jpg 1024w, https:\/\/healthtourismcenterturkey.com\/wp-content\/uploads\/2022\/03\/karingermeameliyatinedirnedenvenasilyapilir_1613547104-768x354.jpg 768w\" sizes=\"(max-width: 1300px) 100vw, 1300px\" \/><\/div>\n<\/div>\n<h1 class=\"vc_custom_heading font-weight-semibold vc_custom_1545739800086\">How Is Abdominoplasty Carried Out?<\/h1>\n<p class=\"vc_custom_heading vc_custom_1545739812383\"><span style=\"font-size: 14pt;\">Today, abdominoplasty operations offer quite effective and fast results. The region will be stretched with the removal of the fats accumulated in that area. The skin surface will be healthier and look better when compared to the past after the excess skin will be corrected. The most accurate decision will be taken by examining the skin structure and abdominal area before the operation. It is a procedure that is completed with quite easy and simple steps. The pain of the patient will be eliminated with the painkillers provided with serum after the operation. The patient will be discharged in about 1-2 days.<\/span><\/p>\n<div class=\"rt-separator element-one\" data-separator-width=\"100%\" data-separator-color=\"#000000\" data-separator-background=\"#ffffff\" data-separator-direction=\"center\">\n<div class=\"block\">\n<div class=\"gap\"><\/div>\n<div class=\"bar\"><\/div>\n<\/div>\n<\/div>\n<div class=\"vc_row wpb_row vc_inner vc_row-fluid vc_custom_1545478509233\">\n<div class=\"wpb_column vc_column_container vc_col-sm-12 vc_col-has-fill\">\n<div class=\"vc_column-inner vc_custom_1545478117371\">\n<div class=\"wpb_wrapper\">\n<h1 class=\"vc_custom_heading vc_custom_1545740462324\">Things to Know About Abdominoplasty<\/h1>\n<p class=\"vc_custom_heading vc_custom_1545739844496\"><span style=\"font-size: 14pt;\">It will be possible to meet the expectations of the patients thanks to the advanced techniques of today. In general, the operation lasts about 1-2 hours which is carried out under general anesthesia. The abdominal area of the patient will be narrowed thanks to the stitches that will be carried out on the abdominal muscles of the patient. The look of the patient is positively affected by this procedure that is known as rectus plication. Also abdominal and herniated hernias are also intervened in the same session. So, many interventions can be carried out on the patient in a single session.<\/span><\/p>\n<\/div>\n<\/div>\n<\/div>\n<\/div>\n<p>&nbsp;<\/p>\n<h1 class=\"vc_custom_heading font-weight-semibold vc_custom_1545739865664\">After the Abdominoplasty<\/h1>\n<p class=\"vc_custom_heading vc_custom_1545739878880\"><span style=\"font-size: 14pt;\">Patients should pay attention to some things after the abdominoplasty application. In this way, it will be possible to have a better recovery period after the operation. The patient should avoid lifting heavy goods for a while. An average of 6 months should pass in order to let the body fully recover and feel the changes. You can have a tight image by letting your body recover quickly at the end of this period.<\/span><\/p>\n<p>&nbsp;<\/p>","protected":false},"excerpt":{"rendered":"<p>Kar\u0131n Germe Esteti\u011fi Neden Gerekli Kar\u0131n b\u00f6lgesinde hamilelik sonras\u0131 veya kilo kayb\u0131 sonras\u0131 \u00e7ok fazla estetik sorun ortaya \u00e7\u0131kmaktad\u0131r. Kar\u0131n cildi sarkmakta ve deforme olmaktad\u0131r. Bu nedenle k\u0131smi veya tam kar\u0131n germe ameliyatlar\u0131 yap\u0131lmaktad\u0131r. Ayr\u0131ca gerek oldu\u011funda ya\u011f alma (liposak\u015f\u0131n) veya ya\u011f \u015fekillendirme (liposhaping) i\u015flemleri yap\u0131lmaktad\u0131r. Kar\u0131n Germe Ameliyat\u0131 Nas\u0131l Yap\u0131l\u0131r? G\u00fcn\u00fcm\u00fczde yap\u0131lan kar\u0131n germe [&hellip;]<\/p>","protected":false},"author":2,"featured_media":0,"parent":938,"menu_order":0,"comment_status":"closed","ping_status":"closed","template":"","meta":{"footnotes":""},"class_list":["post-948","page","type-page","status-publish","hentry"],"acf":[],"_links":{"self":[{"href":"https:\/\/healthtourismcenterturkey.com\/en\/wp-json\/wp\/v2\/pages\/948"}],"collection":[{"href":"https:\/\/healthtourismcenterturkey.com\/en\/wp-json\/wp\/v2\/pages"}],"about":[{"href":"https:\/\/healthtourismcenterturkey.com\/en\/wp-json\/wp\/v2\/types\/page"}],"author":[{"embeddable":true,"href":"https:\/\/healthtourismcenterturkey.com\/en\/wp-json\/wp\/v2\/users\/2"}],"replies":[{"embeddable":true,"href":"https:\/\/healthtourismcenterturkey.com\/en\/wp-json\/wp\/v2\/comments?post=948"}],"version-history":[{"count":8,"href":"https:\/\/healthtourismcenterturkey.com\/en\/wp-json\/wp\/v2\/pages\/948\/revisions"}],"predecessor-version":[{"id":2207,"href":"https:\/\/healthtourismcenterturkey.com\/en\/wp-json\/wp\/v2\/pages\/948\/revisions\/2207"}],"up":[{"embeddable":true,"href":"https:\/\/healthtourismcenterturkey.com\/en\/wp-json\/wp\/v2\/pages\/938"}],"wp:attachment":[{"href":"https:\/\/healthtourismcenterturkey.com\/en\/wp-json\/wp\/v2\/media?parent=948"}],"curies":[{"name":"wp","href":"https:\/\/api.w.org\/{rel}","templated":true}]}}