{"id":945,"date":"2020-07-30T14:53:32","date_gmt":"2020-07-30T14:53:32","guid":{"rendered":"http:\/\/healthtourismcenterturkey.com\/?page_id=945"},"modified":"2022-03-24T19:23:45","modified_gmt":"2022-03-24T19:23:45","slug":"genital-estetik","status":"publish","type":"page","link":"https:\/\/healthtourismcenterturkey.com\/en\/plastik-cerrahi\/vucut-estetigi\/genital-estetik\/","title":{"rendered":"Genital Aesthetics"},"content":{"rendered":"<h1 class=\"vc_custom_heading font-weight-bold letter-spacing-1 vc_custom_1545672635270\">What Is Genital Aesthetics? How Is It Operated?<\/h1>\n<p class=\"vc_custom_heading vc_custom_1545672646407\"><span style=\"font-size: 14pt;\">Genital aesthetics are some of the most progressive processes under cosmetic surgery. Designed to evaluate the effects of life, aging, genetics and other changes, genital aesthetics surgery may affect your physical appearance, comfort and sexual satisfaction drastically.<\/span><\/p>\n<div class=\"wpb_single_image wpb_content_element vc_align_left vc_custom_1545672673129\">\n<div class=\"vc_single_image-wrapper vc_box_border_grey\"><img loading=\"lazy\" decoding=\"async\" class=\"alignnone size-full wp-image-2203\" src=\"https:\/\/healthtourismcenterturkey.com\/wp-content\/uploads\/2022\/03\/vagina_aesthetics2.jpg\" alt=\"\" width=\"1080\" height=\"720\" srcset=\"https:\/\/healthtourismcenterturkey.com\/wp-content\/uploads\/2022\/03\/vagina_aesthetics2.jpg 1080w, https:\/\/healthtourismcenterturkey.com\/wp-content\/uploads\/2022\/03\/vagina_aesthetics2-300x200.jpg 300w, https:\/\/healthtourismcenterturkey.com\/wp-content\/uploads\/2022\/03\/vagina_aesthetics2-1024x683.jpg 1024w, https:\/\/healthtourismcenterturkey.com\/wp-content\/uploads\/2022\/03\/vagina_aesthetics2-768x512.jpg 768w\" sizes=\"(max-width: 1080px) 100vw, 1080px\" \/><\/div>\n<\/div>\n<p class=\"vc_custom_heading vc_custom_1545672656281\"><span style=\"font-size: 14pt;\">Genital aesthetic operations are more popular amongst women than men. There are aesthetic operations to correct deformities in genital area, labial reduction, excessive swelling, aging related issues, vagina tightening surgery etc.<\/span><\/p>\n<div class=\"rt-separator element-one\" data-separator-width=\"100%\" data-separator-color=\"#000000\" data-separator-background=\"#ffffff\" data-separator-direction=\"center\">\n<div class=\"block\">\n<div class=\"gap\"><\/div>\n<div class=\"bar\"><\/div>\n<\/div>\n<\/div>\n<div class=\"vc_row wpb_row vc_inner vc_row-fluid vc_custom_1545478509233\">\n<div class=\"wpb_column vc_column_container vc_col-sm-12 vc_col-has-fill\">\n<div class=\"vc_column-inner vc_custom_1545478117371\">\n<div class=\"wpb_wrapper\">\n<h1 class=\"vc_custom_heading vc_custom_1545673066256\">On Which Occasions Genital Aesthetics Is Necessary?<\/h1>\n<p class=\"vc_custom_heading vc_custom_1545672728404\"><span style=\"font-size: 14pt;\">\u2022 Deformities in vagina that is caused by birth-giving,<\/span><br \/>\n<span style=\"font-size: 14pt;\">\u2022 Abnormalities in vagina as losing shape and esthetics after giving birth multiple times.<\/span><br \/>\n<span style=\"font-size: 14pt;\">\u2022 Excessive growing of vagina lips caused by deformations in vulva,<\/span><br \/>\n<span style=\"font-size: 14pt;\">\u2022 Deformations after painful births,<\/span><br \/>\n<span style=\"font-size: 14pt;\">\u2022 Losing sexual satisfaction and vagina esthetics caused by incisions on vagina during painful birth sessions,<\/span><br \/>\n<span style=\"font-size: 14pt;\">\u2022 Sagging in uterus and urinary incontinence because of abnormalities in urinary bladder.<\/span><br \/>\n<span style=\"font-size: 14pt;\">\u2022 Hymenoplasty (k\u0131zl\u0131k zar\u0131 dikimi) ameliyat\u0131nda genital estetik kullan\u0131labilir.<\/span><\/p>\n<\/div>\n<\/div>\n<\/div>\n<\/div>\n<div class=\"rt-separator element-one\" data-separator-width=\"100%\" data-separator-color=\"#000000\" data-separator-background=\"#ffffff\" data-separator-direction=\"center\">\n<div class=\"block\">\n<div class=\"gap\"><\/div>\n<div class=\"bar\"><\/div>\n<\/div>\n<\/div>\n<p>&nbsp;<\/p>\n<h1 class=\"vc_custom_heading font-weight-semibold vc_custom_1545672753155\">What Is Included in Genital Aesthetics?<\/h1>\n<p class=\"vc_custom_heading vc_custom_1545672848548\"><span style=\"font-size: 14pt;\"><b>Vaginoplasty:<\/b><\/span><br \/>\n<span style=\"font-size: 14pt;\">It is a popular surgical operation where vaginal space is tightened to add rigidity and tone to the body. Many women face vaginal looseness and losing tone related to aging, birth, hormonal changes or birth-defects. Vaginoplasty as a reconstructive surgical operation is also called as vaginal rejuvenation and gaining popularity. Weakened vaginal muscles may cause sexual disorders, emotional insecurity, displeasure or even pain during sexual intercourse. There are many benefits that make this esthetic operation appealing to women who\u2019s had vaginoplasty.<\/span><br \/>\n<span style=\"font-size: 14pt;\">Lose of sensitivity and sexual pleasure is one of the biggest losses that women face as the vaginal walls get weaken. In addition, women may become self-conscious as loosened vaginal walls may cause this experience less pleasurable for the both parts.<\/span><\/p>\n<p class=\"vc_custom_heading vc_custom_1545672862651\"><span style=\"font-size: 14pt;\"><b>Labiaplasty<\/b><\/span><br \/>\n<span style=\"font-size: 14pt;\">Is an aesthetic surgery aimed to reduce the size of labia minora, skin flaps that are on both sides of the vagina. It is normal to have curves around a vaginal gap. In most cases this does not cause a trouble. However, after inner lip growth, troubles may rise and labiaplasty esthetics may be required. Labiaplasty may be carried out under general anesthesia, sedation or local anesthesia. Vaginal lips are shortened or reshaped. Unwanted tissue is removed by surgical or laser methods and loosened sides are stitched by thin, soluble stitches.<\/span><\/p>\n<p class=\"vc_custom_heading vc_custom_1545672878738\"><span style=\"font-size: 14pt;\"><b>Clitoral Hoodoplasty:<\/b><\/span><br \/>\n<span style=\"font-size: 14pt;\">Known also as clitoris esthetics, clitoral hoodoplasty is a surgical intervention performed to create a better appearance for the vagina by protecting clitoral prepuce. Clitoral prepuce is overlapping skin curve on clitoris that is also known as clitoral hood or clitoral skin. Clitoris esthetics is performed by removing excessive skin on the clitoris area.<\/span><\/p>\n<p class=\"vc_custom_heading vc_custom_1545672895235\"><span style=\"font-size: 14pt;\"><b>Perinoplasty:<\/b><\/span><br \/>\n<span style=\"font-size: 14pt;\">Is the treatment of disruption, tearing on the perineum area during birth. Troublesome, excessive or painful births may cause severe deformations on the perineum area. The purpose of perinoplasty is to correct the deformations and gain esthetics.<\/span><\/p>\n<p class=\"vc_custom_heading vc_custom_1545672910590\"><span style=\"font-size: 14pt;\"><b>G-Spot Augmentation:<\/b><\/span><br \/>\n<span style=\"font-size: 14pt;\">Is a non-surgical, easy treatment lead by a doctor to increase grafenburg spot (G-Spot) in sexually active women. The aim is to enlarge the G spot.<\/span><\/p>\n<p class=\"vc_custom_heading vc_custom_1545672922839\"><span style=\"font-size: 14pt;\"><b>Hymenoplasty Surgery:<\/b><\/span><br \/>\n<span style=\"font-size: 14pt;\">Hymenoplasty is an aesthetic method to correct the virginal membrane. Correction of virginal membrane may be performed for various reasons. Hymenoplasty is the surgical correction of a membrane that partly prevents vaginal opening. Virginal membrane may be damaged because of hard exercises or placing tampons. Under these circumstances, it is possible to reconstruct the membrane with hymenoplasty.<\/span><\/p>\n<p>&nbsp;<\/p>","protected":false},"excerpt":{"rendered":"<p>Genital Estetik Nedir? Nas\u0131l Yap\u0131l\u0131r? G\u00fcn\u00fcm\u00fczde kozmetik cerrahi alan\u0131nda en \u00e7ok de\u011fi\u015fime u\u011frayan giri\u015flerden biri genital esteti\u011fidir. Ya\u015fam\u0131n, ya\u015flanman\u0131n, geneti\u011fin veya benzeri a\u011f\u0131rl\u0131ktaki dalgalanmalar\u0131n etkilerini ele almak \u00fczere tasarlanan genital estetik cerrahi, g\u00f6r\u00fcn\u00fc\u015f\u00fcn\u00fcz\u00fc, rahat\u0131n\u0131z\u0131 ve cinsel tatmininizi \u00f6nemli \u00f6l\u00e7\u00fcde art\u0131rabilir. Erkeklere oranla kad\u0131nlarda genital estetik \u00e7ok daha yayg\u0131nd\u0131r. Genital b\u00f6lgedeki \u015fekil bozukluklar\u0131, vajina i\u00e7 dudak [&hellip;]<\/p>","protected":false},"author":2,"featured_media":0,"parent":938,"menu_order":0,"comment_status":"closed","ping_status":"closed","template":"","meta":{"footnotes":""},"class_list":["post-945","page","type-page","status-publish","hentry"],"acf":[],"_links":{"self":[{"href":"https:\/\/healthtourismcenterturkey.com\/en\/wp-json\/wp\/v2\/pages\/945"}],"collection":[{"href":"https:\/\/healthtourismcenterturkey.com\/en\/wp-json\/wp\/v2\/pages"}],"about":[{"href":"https:\/\/healthtourismcenterturkey.com\/en\/wp-json\/wp\/v2\/types\/page"}],"author":[{"embeddable":true,"href":"https:\/\/healthtourismcenterturkey.com\/en\/wp-json\/wp\/v2\/users\/2"}],"replies":[{"embeddable":true,"href":"https:\/\/healthtourismcenterturkey.com\/en\/wp-json\/wp\/v2\/comments?post=945"}],"version-history":[{"count":8,"href":"https:\/\/healthtourismcenterturkey.com\/en\/wp-json\/wp\/v2\/pages\/945\/revisions"}],"predecessor-version":[{"id":2204,"href":"https:\/\/healthtourismcenterturkey.com\/en\/wp-json\/wp\/v2\/pages\/945\/revisions\/2204"}],"up":[{"embeddable":true,"href":"https:\/\/healthtourismcenterturkey.com\/en\/wp-json\/wp\/v2\/pages\/938"}],"wp:attachment":[{"href":"https:\/\/healthtourismcenterturkey.com\/en\/wp-json\/wp\/v2\/media?parent=945"}],"curies":[{"name":"wp","href":"https:\/\/api.w.org\/{rel}","templated":true}]}}