{"id":943,"date":"2020-07-30T14:52:57","date_gmt":"2020-07-30T14:52:57","guid":{"rendered":"http:\/\/healthtourismcenterturkey.com\/?page_id=943"},"modified":"2022-03-24T19:37:12","modified_gmt":"2022-03-24T19:37:12","slug":"bacak-estetigi","status":"publish","type":"page","link":"https:\/\/healthtourismcenterturkey.com\/en\/plastik-cerrahi\/vucut-estetigi\/bacak-estetigi\/","title":{"rendered":"Leg Aesthetic Practices"},"content":{"rendered":"<h1 class=\"vc_custom_heading font-weight-bold letter-spacing-1 vc_custom_1545738576795\">Bacak Esteti\u011fi Operasyonlar\u0131 Neden Yap\u0131l\u0131r?<\/h1>\n<p class=\"vc_custom_heading vc_custom_1545738599619\"><span style=\"font-size: 14pt;\">Legs are one of the most outstanding parts of our body. This is why the look of their legs is a very important issue for women. There may be some problems on the legs in terms of the aesthetics due to passing time. Especially sagging and fat are among the biggest problems. This case is not a case that can be eliminated with exercises. Leg aesthetics stands out as a method which can be applied in order to eliminate this situation. Leg aesthetics is the fastest and efficient way to have more tight and good looking legs.<\/span><\/p>\n<div class=\"wpb_single_image wpb_content_element vc_align_left vc_custom_1545738736151\">\n<figure class=\"wpb_wrapper vc_figure\">\n<div class=\"vc_single_image-wrapper vc_box_border_grey\"><img loading=\"lazy\" decoding=\"async\" class=\"alignnone size-full wp-image-2211\" src=\"https:\/\/healthtourismcenterturkey.com\/wp-content\/uploads\/2022\/03\/bacak_estetigi-1024x768-1.jpg\" alt=\"\" width=\"1024\" height=\"768\" srcset=\"https:\/\/healthtourismcenterturkey.com\/wp-content\/uploads\/2022\/03\/bacak_estetigi-1024x768-1.jpg 1024w, https:\/\/healthtourismcenterturkey.com\/wp-content\/uploads\/2022\/03\/bacak_estetigi-1024x768-1-300x225.jpg 300w, https:\/\/healthtourismcenterturkey.com\/wp-content\/uploads\/2022\/03\/bacak_estetigi-1024x768-1-768x576.jpg 768w\" sizes=\"(max-width: 1024px) 100vw, 1024px\" \/><\/div>\n<\/figure>\n<\/div>\n<h1 class=\"vc_custom_heading font-weight-bold letter-spacing-1 vc_custom_1545738822138\">Leg Aesthetics with Fat Injection<\/h1>\n<p class=\"vc_custom_heading vc_custom_1545738791370\"><span style=\"font-size: 14pt;\">Today, leg aesthetics is carried out with two methods. One of these methods can be preferred in line with the leg structure of the patient. The first methods, which is also the most preferred, is the fat injection. It is an application which includes a natural and quick procedure. Since there are fats on any part of the body, the transaction can be carried out. It will be possible to have healthier and good looking legs after the fat injection.<\/span><\/p>\n<div class=\"rt-separator element-one\" data-separator-width=\"100%\" data-separator-color=\"#000000\" data-separator-background=\"#ffffff\" data-separator-direction=\"center\">\n<div class=\"block\">\n<div class=\"gap\"><\/div>\n<div class=\"bar\"><\/div>\n<\/div>\n<\/div>\n<div class=\"vc_row wpb_row vc_inner vc_row-fluid vc_custom_1545478509233\">\n<div class=\"wpb_column vc_column_container vc_col-sm-12 vc_col-has-fill\">\n<div class=\"vc_column-inner vc_custom_1545478117371\">\n<div class=\"wpb_wrapper\">\n<h1 class=\"vc_custom_heading vc_custom_1545738887283\">Leg Aesthetics with Silicone<\/h1>\n<p class=\"vc_custom_heading vc_custom_1545738897607\"><span style=\"font-size: 14pt;\">Leg silicones are made with silicones, which are specially prepared for the leg aesthetics. It is possible to use these silicones with general or local anesthesia. Thus the surgery will be carried out painlessly and quickly. The quality and consistency of the silicones are very important. This will directly affect the results of the operation.<\/span><\/p>\n<\/div>\n<\/div>\n<\/div>\n<\/div>\n<div class=\"rt-separator element-one\" data-separator-width=\"100%\" data-separator-color=\"#000000\" data-separator-background=\"#ffffff\" data-separator-direction=\"center\">\n<div class=\"block\">\n<div class=\"gap\"><\/div>\n<div class=\"bar\"><\/div>\n<\/div>\n<\/div>\n<p>&nbsp;<\/p>\n<h1 class=\"vc_custom_heading font-weight-semibold vc_custom_1545738916016\">After the Leg Aesthetics<\/h1>\n<p class=\"vc_custom_heading vc_custom_1545738935785\"><span style=\"font-size: 14pt;\">Leg aesthetics is an application which the patients feel comfortable after the application. It is possible for patients to continue their daily activities after this operation. Patients who are discharged from the hospital after the operation can take bath on the same day. It is recommended to wear tight socks for the patients to keep their legs in good condition for three weeks after the operation. Leg corset or socks have a great importance in order to prevent edema and let the silicones adapt the body. There may be minor bruises on the body after the fat injection. These will recover in a short time. These bruises will be fully recovered at the end of the three weeks and the patient will fully recover.<\/span><\/p>\n<p>&nbsp;<\/p>","protected":false},"excerpt":{"rendered":"<p>Bacak Esteti\u011fi Operasyonlar\u0131 Neden Yap\u0131l\u0131r? Bacaklar v\u00fccutta en \u00e7ok \u00f6n plana \u00e7\u0131kan b\u00f6lgelerden biridir. Bu nedenle bacaklar\u0131n g\u00f6r\u00fcnt\u00fcs\u00fc kad\u0131nlar i\u00e7in \u00e7ok \u00f6nemli bir konudur. Zamana ba\u011fl\u0131 olarak bacaklarda estetik a\u00e7\u0131dan baz\u0131 sorunlar ortaya \u00e7\u0131kabilir. \u00d6zellikle sarkmalar ve ya\u011flanmalar bu sorunun en b\u00fcy\u00fckleri aras\u0131ndad\u0131r. Bu durum spor aktiviteleri ile ortadan kald\u0131r\u0131lacak bir durum de\u011fildir. Bu durumu [&hellip;]<\/p>","protected":false},"author":2,"featured_media":0,"parent":938,"menu_order":0,"comment_status":"closed","ping_status":"closed","template":"","meta":{"footnotes":""},"class_list":["post-943","page","type-page","status-publish","hentry"],"acf":[],"_links":{"self":[{"href":"https:\/\/healthtourismcenterturkey.com\/en\/wp-json\/wp\/v2\/pages\/943"}],"collection":[{"href":"https:\/\/healthtourismcenterturkey.com\/en\/wp-json\/wp\/v2\/pages"}],"about":[{"href":"https:\/\/healthtourismcenterturkey.com\/en\/wp-json\/wp\/v2\/types\/page"}],"author":[{"embeddable":true,"href":"https:\/\/healthtourismcenterturkey.com\/en\/wp-json\/wp\/v2\/users\/2"}],"replies":[{"embeddable":true,"href":"https:\/\/healthtourismcenterturkey.com\/en\/wp-json\/wp\/v2\/comments?post=943"}],"version-history":[{"count":7,"href":"https:\/\/healthtourismcenterturkey.com\/en\/wp-json\/wp\/v2\/pages\/943\/revisions"}],"predecessor-version":[{"id":2212,"href":"https:\/\/healthtourismcenterturkey.com\/en\/wp-json\/wp\/v2\/pages\/943\/revisions\/2212"}],"up":[{"embeddable":true,"href":"https:\/\/healthtourismcenterturkey.com\/en\/wp-json\/wp\/v2\/pages\/938"}],"wp:attachment":[{"href":"https:\/\/healthtourismcenterturkey.com\/en\/wp-json\/wp\/v2\/media?parent=943"}],"curies":[{"name":"wp","href":"https:\/\/api.w.org\/{rel}","templated":true}]}}