{"id":936,"date":"2020-07-30T14:50:46","date_gmt":"2020-07-30T14:50:46","guid":{"rendered":"http:\/\/healthtourismcenterturkey.com\/?page_id=936"},"modified":"2022-03-24T18:13:10","modified_gmt":"2022-03-24T18:13:10","slug":"kulak-estetigi","status":"publish","type":"page","link":"https:\/\/healthtourismcenterturkey.com\/en\/plastik-cerrahi\/yuz-estetigi\/kulak-estetigi\/","title":{"rendered":"Ear Aesthetics"},"content":{"rendered":"<h1 class=\"vc_custom_heading font-weight-bold letter-spacing-1 vc_custom_1545673176370\">Relation Between Esthetics and Prominent Ear Problem<\/h1>\n<p class=\"vc_custom_heading vc_custom_1545673190323\"><span style=\"font-size: 14pt;\">Appearance is an important and valuable subject for everyone. While people desire to be healthy, they also want a good looking. That is why some people require intervention on their physical appearance. Elimination of a problem on the face, removal of a visible mark or correction of an organ for instance are good examples for these situations. The structure of ears becomes significant at this point. It may be a bothersome to have a problem with one\u2019s ear and if there is an uncomfortable situation, it must be treated. Prominent ear might be among these situations.<\/span><\/p>\n<div class=\"wpb_single_image wpb_content_element vc_align_left vc_custom_1545673325228\">\n<figure class=\"wpb_wrapper vc_figure\">\n<div class=\"vc_single_image-wrapper vc_box_border_grey\"><img loading=\"lazy\" decoding=\"async\" class=\"alignnone size-full wp-image-2147\" src=\"https:\/\/healthtourismcenterturkey.com\/wp-content\/uploads\/2022\/03\/kepce-kulak.png\" alt=\"\" width=\"900\" height=\"400\" srcset=\"https:\/\/healthtourismcenterturkey.com\/wp-content\/uploads\/2022\/03\/kepce-kulak.png 900w, https:\/\/healthtourismcenterturkey.com\/wp-content\/uploads\/2022\/03\/kepce-kulak-300x133.png 300w, https:\/\/healthtourismcenterturkey.com\/wp-content\/uploads\/2022\/03\/kepce-kulak-768x341.png 768w\" sizes=\"(max-width: 900px) 100vw, 900px\" \/><\/div>\n<\/figure>\n<\/div>\n<h1 class=\"vc_custom_heading font-weight-bold letter-spacing-1 vc_custom_1545673205648\">What Exactly are Prominent Ears?<\/h1>\n<p class=\"vc_custom_heading vc_custom_1545673219766\"><span style=\"font-size: 14pt;\">It is in fact incorrect to call this a problem. Because to call it a problem is related to whether a person is happy with his\/her appearance. However, if the person is unhappy with his\/her ears, prominent ear correction might be operated with some basic touches and applications. It is important for the surgeon to correctly evaluate and share the details with the patient. This will result in creating an easy solution and shared trust situation.<\/span><\/p>\n<div class=\"rt-separator element-one\" data-separator-width=\"100%\" data-separator-color=\"#000000\" data-separator-background=\"#ffffff\" data-separator-direction=\"center\">\n<div class=\"block\">\n<div class=\"gap\"><\/div>\n<div class=\"bar\"><\/div>\n<\/div>\n<\/div>\n<p>&nbsp;<\/p>\n<h1 class=\"vc_custom_heading font-weight-semibold vc_custom_1545673342702\">Prominent Ear Form<\/h1>\n<p class=\"vc_custom_heading vc_custom_1545673353309\"><span style=\"font-size: 14pt;\">Prominent ear trouble happens with the ears\u2019 facing outwards and voluminous form. Structural disturbance is eliminated by pinning the ear backwards. Operations may begin by exchanging opinions with the experts. Esthetically desired appearance may be achieved with a successful surgical operation which involves pinning the ear back.<\/span><\/p>\n<p>&nbsp;<\/p>\n<h1 class=\"vc_custom_heading font-weight-semibold vc_custom_1545673392887\">Proper Age Range for Prominent Ear Surgery<\/h1>\n<p class=\"vc_custom_heading vc_custom_1545673409208\"><span style=\"font-size: 14pt;\">Structure of ear in people is completed by the age of 6. Therefore, early operations, especially in pre-school period, stand forward. In addition, such operations provide a psychological relief for children. If a surgery hasn\u2019t taken place at this period, there are no restrictions to have it in the other ages.<\/span><\/p>\n<div class=\"vc_row wpb_row vc_inner vc_row-fluid vc_custom_1545478509233\">\n<div class=\"wpb_column vc_column_container vc_col-sm-12 vc_col-has-fill\">\n<div class=\"vc_column-inner vc_custom_1545478117371\">\n<div class=\"wpb_wrapper\">\n<p>&nbsp;<\/p>\n<h1 class=\"vc_custom_heading vc_custom_1545673660232\">Pre-Operation Preparation Period<\/h1>\n<p class=\"vc_custom_heading vc_custom_1545673441291\"><span style=\"font-size: 14pt;\">Asprin or similar medications should be quitted 1 week before the surgery. However, continuously used and critically important medications should only be taken with the doctor\u2019s consent. Quitting these medications should only be with the doctor\u2019s decision.<\/span><\/p>\n<p class=\"vc_custom_heading vc_custom_1545673455050\"><span style=\"font-size: 14pt;\">Even though it is not mandatory, it is advised to quit smoking before the surgery. This way the operation process would continue in comfort.<\/span><\/p>\n<p class=\"vc_custom_heading vc_custom_1545673467834\"><span style=\"font-size: 14pt;\">Wearing comfortable clothes, avoiding jewelry, hair gel and any other factors that would intervene the operation is advised.<\/span><\/p>\n<p class=\"vc_custom_heading vc_custom_1545673482387\"><span style=\"font-size: 14pt;\">Operasyon saatinden en az 1 saat kadar \u00f6nce hastanede olunmal\u0131d\u0131r. Bu \u015fekilde daha haz\u0131r ve daha g\u00fcvenli bir s\u00fcre\u00e7 takip edilir.<\/span><\/p>\n<\/div>\n<\/div>\n<\/div>\n<\/div>\n<p class=\"vc_custom_heading vc_custom_1545749689292\"><span style=\"font-size: 14pt;\">Patient should be present at the facility 1 hour before the surgery. This way a more secure process would be followed.<\/span><\/p>\n<div class=\"rt-separator element-one\" data-separator-width=\"100%\" data-separator-color=\"#000000\" data-separator-background=\"#ffffff\" data-separator-direction=\"center\">\n<div class=\"block\">\n<div class=\"gap\"><\/div>\n<div class=\"bar\"><\/div>\n<\/div>\n<\/div>\n<p>&nbsp;<\/p>\n<h1 class=\"vc_custom_heading font-weight-semibold vc_custom_1545673514149\">Technical Aspects of Prominent Ear Cosmetic Surgery<\/h1>\n<p class=\"vc_custom_heading vc_custom_1545673524357\"><span style=\"font-size: 14pt;\">Some details regarding this operation should be known before the surgery and applications should realized within this frame.<\/span><\/p>\n<p class=\"vc_custom_heading vc_custom_1545673538148\"><span style=\"font-size: 14pt;\">\u2022 There will be no visible scar, surgery, incision or stitch mark left.<\/span><br \/>\n<span style=\"font-size: 14pt;\">\u2022 Operation is applied through 3 cm vertical cut behind the ear.<\/span><br \/>\n<span style=\"font-size: 14pt;\">\u2022 Cartilage is given desired and designed form and this form is protected by permanent stitches.<\/span><br \/>\n<span style=\"font-size: 14pt;\">\u2022 Ear skin is stitched by melting-in-time stitch and is covered with bandage.<\/span><br \/>\n<span style=\"font-size: 14pt;\">\u2022 Operation lasts between half and 2 hours. (time is dependent on factors such as type, density, amount of the operations to take place)<\/span><br \/>\n<span style=\"font-size: 14pt;\">\u2022 Operation may under general or local anesthesia depending on doctor\u2019s decision.<\/span><br \/>\n<span style=\"font-size: 14pt;\">\u2022 Patient may leave the hospital right after the surgery.<\/span><\/p>\n<div class=\"rt-separator element-one\" data-separator-width=\"100%\" data-separator-color=\"#000000\" data-separator-background=\"#ffffff\" data-separator-direction=\"center\">\n<div class=\"block\">\n<div class=\"gap\"><\/div>\n<div class=\"bar\"><\/div>\n<\/div>\n<\/div>\n<p>&nbsp;<\/p>\n<h1 class=\"vc_custom_heading font-weight-semibold vc_custom_1545673552948\">Post Prominent Surgery Period<\/h1>\n<p class=\"vc_custom_heading vc_custom_1545673569321\"><span style=\"font-size: 14pt;\">Patient\u2019s ear care is significant after the operation. Every patient should follow doctor\u2019s recommendations on post-surgery care and may even check with doctor on specific occasions. Therefore, patient and doctor dialogue are very important in cosmetic operations. Patients should do their part on operations that directly effect their appearance.<\/span><\/p>\n<div class=\"rt-separator element-one\" data-separator-width=\"100%\" data-separator-color=\"#000000\" data-separator-background=\"#ffffff\" data-separator-direction=\"center\">\n<div class=\"block\">\n<div class=\"gap\"><\/div>\n<div class=\"bar\"><\/div>\n<\/div>\n<\/div>\n<p>&nbsp;<\/p>\n<h1 class=\"vc_custom_heading font-weight-semibold vc_custom_1545673601226\">Prominent Ear Operations and Successful Results<\/h1>\n<p class=\"vc_custom_heading vc_custom_1545673610401\"><span style=\"font-size: 14pt;\">With the successful result of prominent ear surgery, person\u2019s self-confidence. Because the physical appearance has a great impact on one\u2019s social life and self-confidence. Therefore, a more confident and peaceful character may be the result of achieving a nice appearance with the solution of prominent ear problem. Anyone may consult experts on this subject.<\/span><\/p>\n<p>&nbsp;<\/p>","protected":false},"excerpt":{"rendered":"<p>Estetik ve Kep\u00e7e Kulak Sorununun \u0130li\u015fkisi Estetik g\u00f6r\u00fcn\u00fcm herkes a\u00e7\u0131s\u0131ndan \u00f6nemli ve de\u011ferli bir konudur. \u0130nsanlar sa\u011fl\u0131kl\u0131 olmak istedikleri kadar g\u00f6r\u00fcnt\u00fc olarak da iyi ve ho\u015f bir duru\u015fa sahip olmak isterler. Bu nedenle de pek \u00e7ok kimse a\u00e7\u0131s\u0131ndan d\u0131\u015f g\u00f6r\u00fcn\u00fc\u015f\u00fcn gerekli yerlerde gereken m\u00fcdahaleleri almas\u0131 \u015fartt\u0131r. \u00d6rne\u011fin y\u00fczde yer alan bir s\u0131k\u0131nt\u0131n\u0131n giderilmesi, do\u011frudan g\u00f6r\u00fcnen [&hellip;]<\/p>","protected":false},"author":2,"featured_media":0,"parent":926,"menu_order":0,"comment_status":"closed","ping_status":"closed","template":"","meta":{"footnotes":""},"class_list":["post-936","page","type-page","status-publish","hentry"],"acf":[],"_links":{"self":[{"href":"https:\/\/healthtourismcenterturkey.com\/en\/wp-json\/wp\/v2\/pages\/936"}],"collection":[{"href":"https:\/\/healthtourismcenterturkey.com\/en\/wp-json\/wp\/v2\/pages"}],"about":[{"href":"https:\/\/healthtourismcenterturkey.com\/en\/wp-json\/wp\/v2\/types\/page"}],"author":[{"embeddable":true,"href":"https:\/\/healthtourismcenterturkey.com\/en\/wp-json\/wp\/v2\/users\/2"}],"replies":[{"embeddable":true,"href":"https:\/\/healthtourismcenterturkey.com\/en\/wp-json\/wp\/v2\/comments?post=936"}],"version-history":[{"count":21,"href":"https:\/\/healthtourismcenterturkey.com\/en\/wp-json\/wp\/v2\/pages\/936\/revisions"}],"predecessor-version":[{"id":2148,"href":"https:\/\/healthtourismcenterturkey.com\/en\/wp-json\/wp\/v2\/pages\/936\/revisions\/2148"}],"up":[{"embeddable":true,"href":"https:\/\/healthtourismcenterturkey.com\/en\/wp-json\/wp\/v2\/pages\/926"}],"wp:attachment":[{"href":"https:\/\/healthtourismcenterturkey.com\/en\/wp-json\/wp\/v2\/media?parent=936"}],"curies":[{"name":"wp","href":"https:\/\/api.w.org\/{rel}","templated":true}]}}