{"id":934,"date":"2020-07-30T14:50:22","date_gmt":"2020-07-30T14:50:22","guid":{"rendered":"http:\/\/healthtourismcenterturkey.com\/?page_id=934"},"modified":"2020-11-25T19:50:18","modified_gmt":"2020-11-25T19:50:18","slug":"goz-kapagi-estetigi","status":"publish","type":"page","link":"https:\/\/healthtourismcenterturkey.com\/en\/plastik-cerrahi\/yuz-estetigi\/goz-kapagi-estetigi\/","title":{"rendered":"Eyelid Aesthetics"},"content":{"rendered":"<h1 class=\"vc_custom_heading font-weight-bold letter-spacing-1 vc_custom_1545671933691\"><\/h1>\n<p class=\"vc_custom_heading vc_custom_1545671918843\"><span style=\"font-size: 14pt;\">Some people may have problems with their eyelids from birth, some people may do later\nin their lives. Conditions with one eyelid is opened more or less than the other are among\nthe most common and widely noticeable ailments. Another approach is to assume that\nboth eyelids are problematic. Treatments of these conditions can be successful by\napplying aesthetic applications. It is possible to achieve the best results in the shortest\ntime especially with eyelid aesthetics.<\/span><\/p>\n<div class=\"wpb_single_image wpb_content_element vc_align_left vc_custom_1545672052281\">\n<figure class=\"wpb_wrapper vc_figure\">\n<div class=\"vc_single_image-wrapper vc_box_border_grey\"><img loading=\"lazy\" decoding=\"async\" class=\"alignnone size-full wp-image-1201\" src=\"https:\/\/healthtourismcenterturkey.com\/wp-content\/uploads\/2020\/08\/goz-kapagi-estetigi-resim1.jpg\" alt=\"\" width=\"1024\" height=\"395\" srcset=\"https:\/\/healthtourismcenterturkey.com\/wp-content\/uploads\/2020\/08\/goz-kapagi-estetigi-resim1.jpg 1024w, https:\/\/healthtourismcenterturkey.com\/wp-content\/uploads\/2020\/08\/goz-kapagi-estetigi-resim1-300x116.jpg 300w, https:\/\/healthtourismcenterturkey.com\/wp-content\/uploads\/2020\/08\/goz-kapagi-estetigi-resim1-768x296.jpg 768w, https:\/\/healthtourismcenterturkey.com\/wp-content\/uploads\/2020\/08\/goz-kapagi-estetigi-resim1-600x231.jpg 600w\" sizes=\"(max-width: 1024px) 100vw, 1024px\" \/><\/div>\n<\/figure>\n<\/div>\n<p class=\"vc_custom_heading vc_custom_1545672064689\"><span style=\"font-size: 14pt;\">When both eyelids are of equal length, equal volume and equal ability after eyelid plastic\nsurgery, it means that the operation is successful.<\/span><\/p>\n<div class=\"rt-separator element-one\" data-separator-width=\"100%\" data-separator-color=\"#000000\" data-separator-background=\"#ffffff\" data-separator-direction=\"center\">\n<div class=\"block\">\n<div class=\"gap\"><\/div>\n<div class=\"bar\"><\/div>\n<\/div>\n<\/div>\n<p>&nbsp;<\/p>\n<h1 class=\"vc_custom_heading vc_custom_1545672258751\">Age Range for Eyelid Aesthetics<\/h1>\n<p class=\"vc_custom_heading vc_custom_1545672095991\"><span style=\"font-size: 14pt;\">Droopy eyelids, which enter the visual field and make it difficult to see, become more\npronounced with age. It is a fact that droopy eyelids can be congenital but it is more\ncommon in older ages. Statistically, the applicants for eyelid aesthetics have the age\nrange of 35-40.<\/span><\/p>\n<div class=\"vc_row wpb_row vc_inner vc_row-fluid vc_custom_1545478509233\">\n<div class=\"wpb_column vc_column_container vc_col-sm-12 vc_col-has-fill\">\n<div class=\"vc_column-inner vc_custom_1545478117371\">\n<div class=\"wpb_wrapper\">\n<p>&nbsp;<\/p>\n<h1 class=\"vc_custom_heading vc_custom_1545672258751\">Important Notes About Eyelid Aesthetics<\/h1>\n<p class=\"vc_custom_heading vc_custom_1545672213914\"><span style=\"font-size: 14pt;\">The following points should be considered;<\/span><\/p>\n<p class=\"vc_custom_heading vc_custom_1545672227755\"><span style=\"font-size: 14pt;\">\u2022 During the operation, local anesthesia is applied and the patient is conscious.<\/span><br \/>\n<span style=\"font-size: 14pt;\">\u2022 Although local anesthesia is applied, the person does not feel any pain.<\/span><br \/>\n<span style=\"font-size: 14pt;\">\u2022 Eyelid aesthetic surgery is mostly done within 2 hours.<\/span><br \/>\n<span style=\"font-size: 14pt;\">\u2022 The incisions are made through the natural lines.<\/span><br \/>\n<span style=\"font-size: 14pt;\">\u2022 If the operation is for the lower eyelid, the incision is made just below the eyelashes.<\/span><br \/>\n<span style=\"font-size: 14pt;\">The operation includes removal of excess tissue and other elements in the eyelid and\ncorrection of adipose tissue.<\/span><br \/>\n<span style=\"font-size: 14pt;\">\u2022 Although the main purpose is to maintain the adipose tissue, in some cases these\ntissues can be removed.<\/span><\/p>\n<\/div>\n<\/div>\n<\/div>\n<\/div>\n<div class=\"rt-separator element-one\" data-separator-width=\"100%\" data-separator-color=\"#000000\" data-separator-background=\"#ffffff\" data-separator-direction=\"center\">\n<div class=\"block\">\n<h1 class=\"bar\"><\/h1>\n<\/div>\n<\/div>\n<p>&nbsp;<\/p>\n<h1 class=\"vc_custom_heading font-weight-semibold vc_custom_1545672401332\">Post-Operation<\/h1>\n<p class=\"vc_custom_heading vc_custom_1545672427116\"><span style=\"font-size: 14pt;\">Since it is a surgical intervention, a correct planning, an appropriate design and general\nprocess analysis should be transferred to the patient first. Then, the findings about the\neyelid and its surroundings is collected and the procedures are started.<\/span><\/p>\n<p class=\"vc_custom_heading vc_custom_1545672318701\"><span style=\"font-size: 14pt;\">Swelling of the eyes is very normal for the first two days after the operation. Swelling\ndecrease considerably at the end of the fifth day and it takes two weeks to disappear and\nthe eye circles completely return to normal. The bruises decrease and end in the same\nway.<\/span><\/p>\n<p class=\"vc_custom_heading vc_custom_1545672332664\"><span style=\"font-size: 14pt;\">Ameliyat sonras\u0131nda hastanede yatmaya gerek yok iken, evde bak\u0131m yap\u0131larak ve dikkatli \u015fekilde davran\u0131larak iyile\u015fme s\u00fcreci y\u00f6nlendirilebilir.<\/span><\/p>\n<p class=\"vc_custom_heading vc_custom_1545672342217\"><span style=\"font-size: 14pt;\">There is no need for hospitalization and the healing process can be experienced at\nhome .<\/span><\/p>\n<p>&nbsp;<\/p>","protected":false},"excerpt":{"rendered":"<p>Kimi insanlar do\u011fu\u015ftan, kimi insanlar ise sonradan olmak kayd\u0131 ile g\u00f6z kapaklar\u0131na dair \u00e7e\u015fitli s\u0131k\u0131nt\u0131lara sahip olabilirler. En \u00e7ok g\u00f6r\u00fclen ve yayg\u0131n \u015fekilde de fark edilebilen rahats\u0131zl\u0131klar aras\u0131nda ise bir g\u00f6z kapa\u011f\u0131n\u0131n di\u011ferinden daha az ya da daha \u00e7ok a\u00e7\u0131lmas\u0131 say\u0131labilir. Ya da her iki g\u00f6z kapa\u011f\u0131n\u0131n da problemli oldu\u011fu varsay\u0131m olarak kabul edilebilir. B\u00fct\u00fcn [&hellip;]<\/p>","protected":false},"author":2,"featured_media":0,"parent":926,"menu_order":0,"comment_status":"closed","ping_status":"closed","template":"","meta":{"footnotes":""},"class_list":["post-934","page","type-page","status-publish","hentry"],"acf":[],"_links":{"self":[{"href":"https:\/\/healthtourismcenterturkey.com\/en\/wp-json\/wp\/v2\/pages\/934"}],"collection":[{"href":"https:\/\/healthtourismcenterturkey.com\/en\/wp-json\/wp\/v2\/pages"}],"about":[{"href":"https:\/\/healthtourismcenterturkey.com\/en\/wp-json\/wp\/v2\/types\/page"}],"author":[{"embeddable":true,"href":"https:\/\/healthtourismcenterturkey.com\/en\/wp-json\/wp\/v2\/users\/2"}],"replies":[{"embeddable":true,"href":"https:\/\/healthtourismcenterturkey.com\/en\/wp-json\/wp\/v2\/comments?post=934"}],"version-history":[{"count":14,"href":"https:\/\/healthtourismcenterturkey.com\/en\/wp-json\/wp\/v2\/pages\/934\/revisions"}],"predecessor-version":[{"id":2053,"href":"https:\/\/healthtourismcenterturkey.com\/en\/wp-json\/wp\/v2\/pages\/934\/revisions\/2053"}],"up":[{"embeddable":true,"href":"https:\/\/healthtourismcenterturkey.com\/en\/wp-json\/wp\/v2\/pages\/926"}],"wp:attachment":[{"href":"https:\/\/healthtourismcenterturkey.com\/en\/wp-json\/wp\/v2\/media?parent=934"}],"curies":[{"name":"wp","href":"https:\/\/api.w.org\/{rel}","templated":true}]}}