{"id":922,"date":"2020-07-30T14:34:21","date_gmt":"2020-07-30T14:34:21","guid":{"rendered":"http:\/\/healthtourismcenterturkey.com\/?page_id=922"},"modified":"2020-08-06T23:07:53","modified_gmt":"2020-08-06T23:07:53","slug":"burun-estetigi","status":"publish","type":"page","link":"https:\/\/healthtourismcenterturkey.com\/en\/plastik-cerrahi\/yuz-estetigi\/burun-estetigi\/","title":{"rendered":"Nose Aesthetics"},"content":{"rendered":"<h1 class=\"vc_custom_heading font-weight-bold letter-spacing-1 vc_custom_1545667538250\">What is Nose Job Aesthetics? How is it Operated?<\/h1>\n<p class=\"vc_custom_heading vc_custom_1545749414717\"><span style=\"font-size: 14pt; font-family: georgia, palatino, serif;\">Rhinoplasty or nose job aesthetics are the general name for surgical applications and interventions that are made to correct the nose features, to add more beauty or to eliminate health issues such as nasal septum deviation. These applications require delicate attention and it is necessary to keep the patient updated at every stage.<\/span><br \/>\n<span style=\"font-size: 14pt; font-family: georgia, palatino, serif;\">Burnun g\u00f6r\u00fcn\u00fcm itibari ile daha g\u00fczel ve estetik \u015fekilde bir hal almas\u0131 i\u00e7in her sene milyonlarca insan estetik cerrahlara ba\u015fvuruda bulunur. \u00c7\u00fcnk\u00fc d\u0131\u015f g\u00f6r\u00fcn\u00fc\u015f\u00fcn ana \u00e7at\u0131s\u0131 y\u00fcz ile sa\u011flan\u0131rken, y\u00fcz\u00fcn anahtar noktas\u0131 ise burundur. \u00d6zellikle de alt\u0131n oran gibi kavramlara dikkat edilirse burun g\u00f6r\u00fcn\u00fcm\u00fcn\u00fcn ne denli \u00f6nemli oldu\u011fu fark edilebilir. \u00c7\u00fcnk\u00fc genel anlamda g\u00fczellik ve estetik duygusu g\u00fczel bir burun ile sa\u011flan\u0131r.<\/span><\/p>\n<p><img loading=\"lazy\" decoding=\"async\" class=\"\" src=\"http:\/\/healthtourismcenterturkey.com\/wp-content\/uploads\/2020\/08\/burun-estetigi-resim1.jpg\" width=\"796\" height=\"432\" \/><\/p>\n<p><span style=\"font-size: 14pt;\">Millions of people appeal to cosmetic surgeons every year to create a better nose appearance. Because the main frame of the physical appearance is provided by face and the key point on the face is the nose. The importance of the nose should be noticed especially if terms like golden ratio are considered. Because the general means of beauty and aesthetics are achieved by a beautiful nose.<\/span><\/p>\n<p>&nbsp;<\/p>\n<div class=\"vc_row wpb_row vc_inner vc_row-fluid vc_custom_1545478509233\">\n<div class=\"wpb_column vc_column_container vc_col-sm-12 vc_col-has-fill\">\n<div class=\"vc_column-inner vc_custom_1545478117371\">\n<div class=\"wpb_wrapper\">\n<h1 class=\"vc_custom_heading vc_custom_1545667884999\">Face and Nose Harmony<\/h1>\n<p class=\"vc_custom_heading vc_custom_1545667899890\"><span style=\"font-size: 14pt;\">The main concern in nose aesthetics is to achieve a face and nose harmony. In cases like a disturbing arch, sagging on the tip, too thick or too thin noses, the need of a job nose arises. Because such situations negatively effect the appearance. Both the inharmony with the face and the general bad appearance effects the person. All these may be fixed with a rhinoplasty operation. It is important to achieve a nice look.<\/span><\/p>\n<p class=\"vc_custom_heading vc_custom_1545667912790\"><span style=\"font-size: 14pt;\">To achieve a nose that is beautiful in shape and form is important for the physical appearance. Location of the eyes, angle and distance between ear and lips are points to consider in a nose job. Therefore, an in-depth pre-rhinoplasty planning should be carried out.<\/span><\/p>\n<\/div>\n<\/div>\n<\/div>\n<\/div>\n<div class=\"block\"><\/div>\n<div>\n<h1 class=\"vc_custom_heading font-weight-semibold vc_custom_1545667968881\">Incisions and Post-Surgical Period<\/h1>\n<p class=\"vc_custom_heading vc_custom_1545668038980\"><span style=\"font-size: 14pt;\">Some incision will occur during rhinoplasty. Most of these incisions are planned to be invisible to the eye. Therefore, incisions inside the nose are kept hidden. It is highly important that the incisions are made inside the nostril.\n\nSurgical operations are carried out towards bone and cartilage after the incision. Deformed structures are corrected at this stage. Bone and cartilage are reformed if deemed necessary. Correcting the outside appearance of the nose is as important as opening the narrow passage in the nose. Radiofrequency and other surgical operations may be applied on the concha tissue if it is necessary. Nasal bones are reshaped by piezo or micro-motor. It is important to avoid post-surgery swelling, bruises to let the patient return to his\/her daily life. This is provided by using high-quality materials and equipment. The result will be perfect with the unity of doctor\u2019s experience and equipment quality. To use tamps that are easy to remove and do not irritate the nose are also important. Using gauze and long tamps are now in history. Tamps are not used now in most of the nose surgeries. Using light thermoplastic splints instead of plasters or regular splints, is a factor increasing the patient\u2019s comfort. Fast healing and returning to regular life quickly affect the patient\u2019s mood in a positive manner. Therefore, the patient should return to daily life instead of staying in the hospital. Hospital infections are risky for patients who stay too long. After a 1-week period, the patient heals completely. Bandages, splints, tamps and stitches are removed. Light bruises may be seen around eye, not necessarily in every patient. Even if bruises and swelling occurs, applying gel and creams will fix those issues.<\/span><\/p>\n<p class=\"vc_custom_heading vc_custom_1545668072676\"><span style=\"font-size: 14pt;\">Heavy work should be avoided within 4-week period after the surgery. Any risk should be avoided that may cause a harm on the nose. No impact should be on the nose and if the patient is using spectacles, he\/she should wear them in a way to not become a threat to the nose.<\/span><\/p>\n<\/div>\n<p>&nbsp;<\/p>\n<p>&nbsp;<\/p>\n<div class=\"wpb_column vc_column_container vc_col-sm-12 vc_col-has-fill\">\n<p class=\"vc_custom_heading vc_custom_1545667912790\" style=\"font-size: 15px; color: #ffffff; line-height: 23px; text-align: left;\">\n<\/div>","protected":false},"excerpt":{"rendered":"<p>Burun Esteti\u011fi Nedir? Nas\u0131l Yap\u0131l\u0131r? Burun septumundaki deviasyon benzeri \u00e7e\u015fitli t\u0131bbi sorunlar tespit edildi\u011finde, bu sorunlar\u0131n d\u00fczeltilmesi ya da yaln\u0131zca burun \u00f6zelliklerinin daha da iyile\u015ftirilip g\u00fczelle\u015ftirilmesi i\u00e7in yap\u0131lan cerrahi uygulama ve m\u00fcdahaleler b\u00fct\u00fcn\u00fcne rinoplasti (burun esteti\u011fi) ad\u0131 verilir. Bu uygulamalar hassasiyet gerektiren uygulamalard\u0131r ve her ad\u0131mda hasta ile bilgi payla\u015f\u0131m\u0131 yap\u0131lmas\u0131 gerekir. Burnun g\u00f6r\u00fcn\u00fcm itibari [&hellip;]<\/p>","protected":false},"author":2,"featured_media":0,"parent":926,"menu_order":0,"comment_status":"closed","ping_status":"closed","template":"","meta":{"footnotes":""},"class_list":["post-922","page","type-page","status-publish","hentry"],"acf":[],"_links":{"self":[{"href":"https:\/\/healthtourismcenterturkey.com\/en\/wp-json\/wp\/v2\/pages\/922"}],"collection":[{"href":"https:\/\/healthtourismcenterturkey.com\/en\/wp-json\/wp\/v2\/pages"}],"about":[{"href":"https:\/\/healthtourismcenterturkey.com\/en\/wp-json\/wp\/v2\/types\/page"}],"author":[{"embeddable":true,"href":"https:\/\/healthtourismcenterturkey.com\/en\/wp-json\/wp\/v2\/users\/2"}],"replies":[{"embeddable":true,"href":"https:\/\/healthtourismcenterturkey.com\/en\/wp-json\/wp\/v2\/comments?post=922"}],"version-history":[{"count":17,"href":"https:\/\/healthtourismcenterturkey.com\/en\/wp-json\/wp\/v2\/pages\/922\/revisions"}],"predecessor-version":[{"id":1228,"href":"https:\/\/healthtourismcenterturkey.com\/en\/wp-json\/wp\/v2\/pages\/922\/revisions\/1228"}],"up":[{"embeddable":true,"href":"https:\/\/healthtourismcenterturkey.com\/en\/wp-json\/wp\/v2\/pages\/926"}],"wp:attachment":[{"href":"https:\/\/healthtourismcenterturkey.com\/en\/wp-json\/wp\/v2\/media?parent=922"}],"curies":[{"name":"wp","href":"https:\/\/api.w.org\/{rel}","templated":true}]}}