{"id":81,"date":"2016-10-10T10:15:06","date_gmt":"2016-10-10T10:15:06","guid":{"rendered":"http:\/\/healthtourismcenterturkey.com\/?page_id=81"},"modified":"2022-11-16T15:57:31","modified_gmt":"2022-11-16T15:57:31","slug":"anasayfa","status":"publish","type":"page","link":"https:\/\/healthtourismcenterturkey.com\/en\/","title":{"rendered":"Home"},"content":{"rendered":"<p><section class=\"fw-main-row\"   >\n\t<div class=\"fw-container-fluid no-padding\">\n\t\t<div class=\"fw-row\">\n\t\n<div class=\"fw-col-xs-12\" style=\"\">\n\t<section class=\"banner-block banner-block-69e3803aca719 fw-main-row full-screen\" style=\"\">\n\t\t<div class=\"item dark-bg\"  style=\"background-image: url(\/\/healthtourismcenterturkey.com\/wp-content\/uploads\/2022\/03\/13-03-scaled.jpg);\">\n\t\t<div class=\"fw-container centered-container tar\">\n\t\t\t\t\t\t<h2 class=\"h1\"><span><br>Accommodation in a 5-Star Hotel <br>VIP Airport Transfer <br> All-Inclusive Prices<\/span><\/h2>\n\t\t\t\t\t\t<p>Check out our services!<\/p>\n\t\t\t\t\t\t\t\t\t\t\t\t<a href=\"\/en\/iletisim\/\" class=\"button-style1\"><span>MAKE AN APPOINTMENT<\/span><\/a>\n\t\t\t\t\t\t\t\t\t<a href=\"\/en\/sac-ekimi\/\" class=\"button-style1 dark\"><span>DETAIL<\/span><\/a>\n\t\t\t\t\t\t\t\t\t<\/div>\n\t<\/div>\n\t\t<div class=\"item\"  style=\"background-image: url(\/\/healthtourismcenterturkey.com\/wp-content\/uploads\/2020\/09\/13.jpg);\">\n\t\t<div class=\"fw-container centered-container tal\">\n\t\t\t\t\t\t<h2 class=\"h1\"><span><span class=\"blue-color\">Regrow your confidence at<\/span><br>our hair transplant clinic<\/span><\/h2>\n\t\t\t\t\t\t<p>Check out our services!<\/p>\n\t\t\t\t\t\t\t\t\t\t\t\t<a href=\"\/en\/iletisim\/\" class=\"button-style1\"><span>MAKE AN APPOINTMENT<\/span><\/a>\n\t\t\t\t\t\t\t\t\t<a href=\"\/en\/sac-ekimi\/\" class=\"button-style1 dark\"><span>DETAIL<\/span><\/a>\n\t\t\t\t\t\t\t\t\t<\/div>\n\t<\/div>\n\t\t<div class=\"item\"  style=\"background-image: url(\/\/healthtourismcenterturkey.com\/wp-content\/uploads\/2020\/09\/1.jpg);\">\n\t\t<div class=\"fw-container centered-container tar\">\n\t\t\t\t\t\t<h2 class=\"h1\"><span><span class=\"blue-color\">Your eye health is<\/span><br>safe with us<\/span><\/h2>\n\t\t\t\t\t\t<p>Check out our services!<\/p>\n\t\t\t\t\t\t\t\t\t\t\t\t<a href=\"\/en\/iletisim\/\" class=\"button-style1\"><span>MAKE AN APPOINTMENT<\/span><\/a>\n\t\t\t\t\t\t\t\t\t<a href=\"\/en\/goz-ameliyatlari\/\" class=\"button-style1 dark\"><span>DETAIL<\/span><\/a>\n\t\t\t\t\t\t\t\t\t<\/div>\n\t<\/div>\n\t\t<div class=\"item\"  style=\"background-image: url(\/\/healthtourismcenterturkey.com\/wp-content\/uploads\/2020\/09\/3.jpg);\">\n\t\t<div class=\"fw-container centered-container tar\">\n\t\t\t\t\t\t<h2 class=\"h1\"><span><span class=\"blue-color\">Natural looking<\/span><br> Hair transplant <br>Hair Transplant<\/span><\/h2>\n\t\t\t\t\t\t<p>Check out our services!<\/p>\n\t\t\t\t\t\t\t\t\t\t\t\t<a href=\"\/en\/iletisim\/\" class=\"button-style1\"><span>MAKE AN APPOINTMENT<\/span><\/a>\n\t\t\t\t\t\t\t\t\t<a href=\"\/en\/sac-ekimi\/\" class=\"button-style1 dark\"><span>DETAIL<\/span><\/a>\n\t\t\t\t\t\t\t\t\t<\/div>\n\t<\/div>\n\t\t<div class=\"item\"  style=\"background-image: url(\/\/healthtourismcenterturkey.com\/wp-content\/uploads\/2020\/09\/5.jpg);\">\n\t\t<div class=\"fw-container centered-container tar\">\n\t\t\t\t\t\t<h2 class=\"h1\"><span><span class=\"blue-color\">Genital Aesthetics<\/span><br> Labioplasti<\/span><\/h2>\n\t\t\t\t\t\t<p>Check out our services!<\/p>\n\t\t\t\t\t\t\t\t\t\t\t\t<a href=\"\/en\/iletisim\/\" class=\"button-style1\"><span>MAKE AN APPOINTMENT<\/span><\/a>\n\t\t\t\t\t\t\t\t\t<a href=\"\/en\/plastik-cerrahi\/\" class=\"button-style1 dark\"><span>DETAIL<\/span><\/a>\n\t\t\t\t\t\t\t\t\t<\/div>\n\t<\/div>\n\t\t<div class=\"item dark-bg\"  style=\"background-image: url(\/\/healthtourismcenterturkey.com\/wp-content\/uploads\/2020\/09\/14.jpg);\">\n\t\t<div class=\"fw-container centered-container tar\">\n\t\t\t\t\t\t<h2 class=\"h1\"><span><span class=\"blue-color\">Get rid of your<\/span><br>excess weight. (Liposuction)<\/span><\/h2>\n\t\t\t\t\t\t<p>Check out our services!<\/p>\n\t\t\t\t\t\t\t\t\t\t\t\t<a href=\"\/en\/iletisim\/\" class=\"button-style1\"><span>MAKE AN APPOINTMENT<\/span><\/a>\n\t\t\t\t\t\t\t\t\t<a href=\"\/en\/plastik-cerrahi\/\" class=\"button-style1 dark\"><span>DETAIL<\/span><\/a>\n\t\t\t\t\t\t\t\t\t<\/div>\n\t<\/div>\n\t\t<div class=\"item dark-bg\"  style=\"background-image: url(\/\/healthtourismcenterturkey.com\/wp-content\/uploads\/2020\/09\/21.jpg);\">\n\t\t<div class=\"fw-container centered-container tal\">\n\t\t\t\t\t\t<h2 class=\"h1\"><span><span class=\"blue-color\">Baldness is not<\/span><br>your destiny<\/span><\/h2>\n\t\t\t\t\t\t<p>Check out our services!<\/p>\n\t\t\t\t\t\t\t\t\t\t\t\t<a href=\"\/en\/iletisim\/\" class=\"button-style1\"><span>MAKE AN APPOINTMENT<\/span><\/a>\n\t\t\t\t\t\t\t\t\t<a href=\"\/en\/sac-ekimi\/\" class=\"button-style1 dark\"><span>DETAIL<\/span><\/a>\n\t\t\t\t\t\t\t\t\t<\/div>\n\t<\/div>\n\t\t<div class=\"item\"  style=\"background-image: url(\/\/healthtourismcenterturkey.com\/wp-content\/uploads\/2020\/09\/512512512512.jpg);\">\n\t\t<div class=\"fw-container centered-container tar\">\n\t\t\t\t\t\t<h2 class=\"h1\"><span><span class=\"blue-color\">Realize your dream<\/span><br>look with us.<\/span><\/h2>\n\t\t\t\t\t\t<p>Check out our services!<\/p>\n\t\t\t\t\t\t\t\t\t\t\t\t<a href=\"\/en\/iletisim\/\" class=\"button-style1\"><span>MAKE AN APPOINTMENT<\/span><\/a>\n\t\t\t\t\t\t\t\t\t<a href=\"\/en\/plastik-cerrahi\/\" class=\"button-style1 dark\"><span>DETAIL<\/span><\/a>\n\t\t\t\t\t\t\t\t\t<\/div>\n\t<\/div>\n\t\t<div class=\"item\"  style=\"background-image: url(\/\/healthtourismcenterturkey.com\/wp-content\/uploads\/2020\/09\/8-1.jpg);\">\n\t\t<div class=\"fw-container centered-container tar\">\n\t\t\t\t\t\t<h2 class=\"h1\"><span><span class=\"blue-color\">For a<\/span><br>Perfect Face<\/span><\/h2>\n\t\t\t\t\t\t<p>Check out our services!<\/p>\n\t\t\t\t\t\t\t\t\t\t\t\t<a href=\"\/en\/iletisim\/\" class=\"button-style1\"><span>MAKE AN APPOINTMENT<\/span><\/a>\n\t\t\t\t\t\t\t\t\t<a href=\"\/en\/plastik-cerrahi\/\" class=\"button-style1 dark\"><span>DETAIL<\/span><\/a>\n\t\t\t\t\t\t\t\t\t<\/div>\n\t<\/div>\n\t\t<div class=\"item\"  style=\"background-image: url(\/\/healthtourismcenterturkey.com\/wp-content\/uploads\/2020\/09\/444444.jpg);\">\n\t\t<div class=\"fw-container centered-container tal\">\n\t\t\t\t\t\t<h2 class=\"h1\"><span><span class=\"blue-color\">Vigorous and<\/span><br>Youthful Eyes<\/span><\/h2>\n\t\t\t\t\t\t<p>Check out our services!<\/p>\n\t\t\t\t\t\t\t\t\t\t\t\t<a href=\"\/en\/iletisim\/\" class=\"button-style1\"><span>MAKE AN APPOINTMENT<\/span><\/a>\n\t\t\t\t\t\t\t\t\t<a href=\"\/en\/plastik-cerrahi\/\" class=\"button-style1 dark\"><span>DETAIL<\/span><\/a>\n\t\t\t\t\t\t\t\t\t<\/div>\n\t<\/div>\n\t\t<div class=\"item\"  style=\"background-image: url(\/\/healthtourismcenterturkey.com\/wp-content\/uploads\/2020\/09\/4124124.jpg);\">\n\t\t<div class=\"fw-container centered-container tar\">\n\t\t\t\t\t\t<h2 class=\"h1\"><span><span class=\"blue-color\">Brazilian Butt<\/span><br>Aesthetics<\/span><\/h2>\n\t\t\t\t\t\t<p>Check out our services!<\/p>\n\t\t\t\t\t\t\t\t\t\t\t\t<a href=\"\/en\/iletisim\/\" class=\"button-style1\"><span>MAKE AN APPOINTMENT<\/span><\/a>\n\t\t\t\t\t\t\t\t\t<a href=\"\/en\/plastik-cerrahi\/\" class=\"button-style1 dark\"><span>DETAIL<\/span><\/a>\n\t\t\t\t\t\t\t\t\t<\/div>\n\t<\/div>\n\t\t<div class=\"item\"  style=\"background-image: url(\/\/healthtourismcenterturkey.com\/wp-content\/uploads\/2020\/09\/3333.jpg);\">\n\t\t<div class=\"fw-container centered-container tal\">\n\t\t\t\t\t\t<h2 class=\"h1\"><span><br>Natural and<br>Aesthetic<br>Look without<br>Surgery and Pain<\/span><\/h2>\n\t\t\t\t\t\t<p>Check out our services!<\/p>\n\t\t\t\t\t\t\t\t\t\t\t\t<a href=\"\/en\/iletisim\/\" class=\"button-style1\"><span>MAKE AN APPOINTMENT<\/span><\/a>\n\t\t\t\t\t\t\t\t\t<a href=\"\/en\/sac-ekimi\/\" class=\"button-style1 dark\"><span>DETAIL<\/span><\/a>\n\t\t\t\t\t\t\t\t\t<\/div>\n\t<\/div>\n\t\t<div class=\"item dark-bg\"  style=\"background-image: url(\/\/healthtourismcenterturkey.com\/wp-content\/uploads\/2022\/03\/13-08-scaled.jpg);\">\n\t\t<div class=\"fw-container centered-container tal\">\n\t\t\t\t\t\t<h2 class=\"h1\"><span><br>We Promise Love <br>First Sight.<\/span><\/h2>\n\t\t\t\t\t\t<p>Check out our services!<\/p>\n\t\t\t\t\t\t\t\t\t\t\t\t<a href=\"\/en\/iletisim\/\" class=\"button-style1\"><span>MAKE AN APPOINTMENT<\/span><\/a>\n\t\t\t\t\t\t\t\t\t<a href=\"\/en\/sac-ekimi\/\" class=\"button-style1 dark\"><span>DETAIL<\/span><\/a>\n\t\t\t\t\t\t\t\t\t<\/div>\n\t<\/div>\n\t\t<div class=\"item\"  style=\"background-image: url(\/\/healthtourismcenterturkey.com\/wp-content\/uploads\/2022\/03\/13-07-scaled.jpg);\">\n\t\t<div class=\"fw-container centered-container tar\">\n\t\t\t\t\t\t<h2 class=\"h1\"><span><br>Don't Hide Your Teeth <br>While Smiling!<\/span><\/h2>\n\t\t\t\t\t\t<p>Check out our services!<\/p>\n\t\t\t\t\t\t\t\t\t\t\t\t<a href=\"\/en\/iletisim\/\" class=\"button-style1\"><span>MAKE AN APPOINTMENT<\/span><\/a>\n\t\t\t\t\t\t\t\t\t<a href=\"\/en\/sac-ekimi\/\" class=\"button-style1 dark\"><span>DETAIL<\/span><\/a>\n\t\t\t\t\t\t\t\t\t<\/div>\n\t<\/div>\n\t\t<div class=\"item\"  style=\"background-image: url(\/\/healthtourismcenterturkey.com\/wp-content\/uploads\/2022\/03\/13-06-scaled.jpg);\">\n\t\t<div class=\"fw-container centered-container tar\">\n\t\t\t\t\t\t<h2 class=\"h1\"><span><br>Are You Ready to <br>Embrace Your Miracle?<\/span><\/h2>\n\t\t\t\t\t\t<p>Check out our services!<\/p>\n\t\t\t\t\t\t\t\t\t\t\t\t<a href=\"\/en\/iletisim\/\" class=\"button-style1\"><span>MAKE AN APPOINTMENT<\/span><\/a>\n\t\t\t\t\t\t\t\t\t<a href=\"\/en\/sac-ekimi\/\" class=\"button-style1 dark\"><span>DETAIL<\/span><\/a>\n\t\t\t\t\t\t\t\t\t<\/div>\n\t<\/div>\n\t\t<div class=\"item dark-bg\"  style=\"background-image: url(\/\/healthtourismcenterturkey.com\/wp-content\/uploads\/2022\/03\/13-04-scaled.jpg);\">\n\t\t<div class=\"fw-container centered-container tar\">\n\t\t\t\t\t\t<h2 class=\"h1\"><span><br>Your smile is <br>worth everything<\/span><\/h2>\n\t\t\t\t\t\t<p>Check out our services!<\/p>\n\t\t\t\t\t\t\t\t\t\t\t\t<a href=\"\/en\/iletisim\/\" class=\"button-style1\"><span>MAKE AN APPOINTMENT<\/span><\/a>\n\t\t\t\t\t\t\t\t\t<a href=\"\/en\/sac-ekimi\/\" class=\"button-style1 dark\"><span>DETAIL<\/span><\/a>\n\t\t\t\t\t\t\t\t\t<\/div>\n\t<\/div>\n\t<\/section><\/div>\n<\/div>\n\n\t<\/div>\n<\/section><section class=\"fw-main-row\"  style=\"padding-top:45px;padding-bottom:20px;\" >\n\t<div class=\"fw-container\">\n\t\t<div class=\"fw-row\">\n\t\n<div class=\"fw-col-xs-12\" style=\"\">\n\t<h2 class='fw-special-title heading-decor tac' style='margin-bottom:40px;'>\n\t<span>Our main services<\/span>\n\t<\/h2><\/div>\n<\/div>\n\n<div class=\"fw-row\">\n\t\n<div class=\"fw-col-xs-12\" style=\"\">\n\t<div class=\"fw-row\">\n\t\t<div class=\"fw-col-sm-4\">\n\t\t<!-- Category item -->\n\t\t<div class=\"category-item\" style=\"background-image: url(\/\/healthtourismcenterturkey.com\/wp-content\/uploads\/2020\/07\/sa\u00e7-ekimi-main.png)\">\n\t\t\t<div class=\"centered-container\">\n\t\t\t\t<a href=\"http:\/\/healthtourismcenterturkey.com\/en\/sac-ekimi\/\" class=\"button-style2 white big\"><span>HAIR TRANSPLANT<\/span><\/a>\n\t\t\t<\/div>\n\t\t<\/div>\n\t\t<!-- END Category item -->\n\t<\/div>\n\t\t<div class=\"fw-col-sm-4\">\n\t\t<!-- Category item -->\n\t\t<div class=\"category-item\" style=\"background-image: url(\/\/healthtourismcenterturkey.com\/wp-content\/uploads\/2020\/07\/plastik-cerrahi-main.png)\">\n\t\t\t<div class=\"centered-container\">\n\t\t\t\t<a href=\"http:\/\/healthtourismcenterturkey.com\/en\/plastik-cerrahi\/\" class=\"button-style2 white big\"><span>PLASTIC SURGERY<\/span><\/a>\n\t\t\t<\/div>\n\t\t<\/div>\n\t\t<!-- END Category item -->\n\t<\/div>\n\t\t<div class=\"fw-col-sm-4\">\n\t\t<!-- Category item -->\n\t\t<div class=\"category-item\" style=\"background-image: url(\/\/healthtourismcenterturkey.com\/wp-content\/uploads\/2020\/07\/lazer-tedavisi-main.png)\">\n\t\t\t<div class=\"centered-container\">\n\t\t\t\t<a href=\"http:\/\/healthtourismcenterturkey.com\/en\/goz-ameliyatlari\/\" class=\"button-style2 white big\"><span>LASER TREATMENT<\/span><\/a>\n\t\t\t<\/div>\n\t\t<\/div>\n\t\t<!-- END Category item -->\n\t<\/div>\n\t<\/div><\/div>\n<\/div>\n\n\t<\/div>\n<\/section><section class=\"fw-main-row\"  style=\"background-color:#2d2929;padding-top:20px;\" >\n\t<div class=\"fw-container dark-bg\">\n\t\t<div class=\"fw-row\">\n\t\n<div class=\"fw-col-xs-12\" style=\"\">\n\t<h2 class='fw-special-title heading-decor tac' style='margin-bottom:40px;'>\n\t<span>We Help in Every Subject<\/span>\n\t<\/h2><\/div>\n<\/div>\n\n<div class=\"fw-row\">\n\t\n<div class=\"fw-col-xs-12\" style=\"\">\n\t\t\t\t\t\t<!-- Icon box -->\n\t\t<div class=\"fw-col-sm-3 icon-box-item\">\n\t\t\t\t\t\t\t<div class=\"icon yoga-icon-gym\"><\/div>\n\t\t\t\t\t\t<div class=\"text\">\n\t\t\t\t<div class=\"h4\">A ++ HOSPITAL<\/div>\n\t\t\t\t<p>Within the fully equipped hospital in Istanbul city center<\/p>\n\t\t\t<\/div>\n\t\t<\/div>\n\t\t<!-- END Icon box -->\n\t\t\t\t\t\t\t<!-- Icon box -->\n\t\t<div class=\"fw-col-sm-3 icon-box-item\">\n\t\t\t\t\t\t\t<div class=\"icon icon-font icon-placeholder\"><\/div>\n\t\t\t\t\t\t<div class=\"text\">\n\t\t\t\t<div class=\"h4\">TRANSFER &amp; AIRPORT<\/div>\n\t\t\t\t<p>Free airport, clinic and hotel transfer services<\/p>\n\t\t\t<\/div>\n\t\t<\/div>\n\t\t<!-- END Icon box -->\n\t\t\t\t\t\t\t<!-- Icon box -->\n\t\t<div class=\"fw-col-sm-3 icon-box-item\">\n\t\t\t\t\t\t\t<div class=\"icon spa-icons-relaxing\"><\/div>\n\t\t\t\t\t\t<div class=\"text\">\n\t\t\t\t<div class=\"h4\">ACCOMMODATION SERVICES<\/div>\n\t\t\t\t<p>Affordable accommodation in 5-star contracted hotels<\/p>\n\t\t\t<\/div>\n\t\t<\/div>\n\t\t<!-- END Icon box -->\n\t\t\t\t\t\t\t<!-- Icon box -->\n\t\t<div class=\"fw-col-sm-3 icon-box-item\">\n\t\t\t\t\t\t\t<div class=\"icon icon-font icon-favorite\"><\/div>\n\t\t\t\t\t\t<div class=\"text\">\n\t\t\t\t<div class=\"h4\">HEALTH CONSULTANCY<\/div>\n\t\t\t\t<p>Our consultants who will address you in your own language are at your service 24\/7 <\/p>\n\t\t\t<\/div>\n\t\t<\/div>\n\t\t<!-- END Icon box -->\n\t\t\t<\/div>\n<\/div>\n\n\t<\/div>\n<\/section><section class=\"fw-main-row\"  style=\"padding-top:40px;padding-bottom:40px;\" >\n\t<div class=\"fw-container\">\n\t\t<div class=\"fw-row\">\n\t\n<div class=\"fw-col-xs-12\" style=\"\">\n\t<h2 class='fw-special-title heading-decor tac' style='margin-bottom:55px;'>\n\t<span>Our Services<\/span>\n\t<\/h2><\/div>\n<\/div>\n\n<div class=\"fw-row\">\n\t\n<div class=\"fw-col-xs-12\" style=\"\">\n\t\t\t\t<div class=\"fw-row\">\t\t<!-- Icon box -->\n\t\t<div class=\"fw-col-sm-6 icon-box-item\">\n\t\t\t\t\t\t\t<div class=\"icon medical-icon med-icon-breast-implant\"><\/div>\n\t\t\t\t\t\t<div class=\"text\">\n\t\t\t\t<div class=\"h4\">Plastic Surgery<\/div>\n\t\t\t\t<p>Turkey's best plastic surgeons are ready to do all the procedures you need.<\/p>\n\t\t\t<\/div>\n\t\t<\/div>\n\t\t<!-- END Icon box -->\n\t\t\t\t\t\t\t<!-- Icon box -->\n\t\t<div class=\"fw-col-sm-6 icon-box-item\">\n\t\t\t\t\t\t\t<div class=\"icon medical-icon med-icon-epidermis\"><\/div>\n\t\t\t\t\t\t<div class=\"text\">\n\t\t\t\t<div class=\"h4\">Hair Transplant<\/div>\n\t\t\t\t<p>Hair and beard transplantation up to 5500 grafts with our professional team is waiting for \nyou.<\/p>\n\t\t\t<\/div>\n\t\t<\/div>\n\t\t<!-- END Icon box -->\n\t\t<\/div>\t\t\t<div class=\"fw-row\">\t\t<!-- Icon box -->\n\t\t<div class=\"fw-col-sm-6 icon-box-item\">\n\t\t\t\t\t\t\t<div class=\"icon medical-icon med-icon-nose\"><\/div>\n\t\t\t\t\t\t<div class=\"text\">\n\t\t\t\t<div class=\"h4\">Nose Aesthetics<\/div>\n\t\t\t\t<p>It is not a dream to have a natural-looking, aesthetic nose with the latest technological \nsystems.<\/p>\n\t\t\t<\/div>\n\t\t<\/div>\n\t\t<!-- END Icon box -->\n\t\t\t\t\t\t\t<!-- Icon box -->\n\t\t<div class=\"fw-col-sm-6 icon-box-item\">\n\t\t\t\t\t\t\t<div class=\"icon medical-icon med-icon-eye\"><\/div>\n\t\t\t\t\t\t<div class=\"text\">\n\t\t\t\t<div class=\"h4\">Eye Treatment<\/div>\n\t\t\t\t<p>Aren\u2019t you tired of being have to wear glasses or contacts?\nGetting rid of them is very easy with us.<\/p>\n\t\t\t<\/div>\n\t\t<\/div>\n\t\t<!-- END Icon box -->\n\t\t<\/div>\t\t\t<div class=\"fw-row\">\t\t<!-- Icon box -->\n\t\t<div class=\"fw-col-sm-6 icon-box-item\">\n\t\t\t\t\t\t\t<div class=\"icon medical-icon med-icon-syringe\"><\/div>\n\t\t\t\t\t\t<div class=\"text\">\n\t\t\t\t<div class=\"h4\">Medical Aesthetics<\/div>\n\t\t\t\t<p>You can have a baby-like, smooth skin with the work of our experts.<\/p>\n\t\t\t<\/div>\n\t\t<\/div>\n\t\t<!-- END Icon box -->\n\t\t\t\t\t\t\t<!-- Icon box -->\n\t\t<div class=\"fw-col-sm-6 icon-box-item\">\n\t\t\t\t\t\t\t<div class=\"icon medical-icon med-icon-premolar\"><\/div>\n\t\t\t\t\t\t<div class=\"text\">\n\t\t\t\t<div class=\"h4\">Dental Aesthetics<\/div>\n\t\t\t\t<p>With the help of our professional team, you can get the white teeth you want.<\/p>\n\t\t\t<\/div>\n\t\t<\/div>\n\t\t<!-- END Icon box -->\n\t\t<\/div>\t<\/div>\n<\/div>\n\n\t<\/div>\n<\/section><section class=\"fw-main-row\"  style=\"padding-left:5px;padding-right:5px;padding-top:40px;padding-bottom:40px;\" >\n\t<div class=\"fw-container\">\n\t\t<div class=\"fw-row\">\n\t\n<div class=\"fw-col-xs-12\" style=\"\">\n\t\n\n<!-- Photo carousel -->\n<div class=\"ig-carousel ig-carousel95\">\n\t\t<div class=\"item\" style=\"background-image: url(\/\/healthtourismcenterturkey.com\/wp-content\/uploads\/2020\/07\/sa\u00e7-ekimi-main.png);\"><a href=\"\"><\/a><\/div>\n\t\t<div class=\"item\" style=\"background-image: url(\/\/healthtourismcenterturkey.com\/wp-content\/uploads\/2020\/07\/plastik-cerrahi-main.png);\"><a href=\"\"><\/a><\/div>\n\t\t<div class=\"item\" style=\"background-image: url(\/\/healthtourismcenterturkey.com\/wp-content\/uploads\/2020\/07\/lazer-tedavisi-main.png);\"><a href=\"\"><\/a><\/div>\n\t\t<div class=\"item\" style=\"background-image: url(\/\/healthtourismcenterturkey.com\/wp-content\/uploads\/2020\/08\/meme-kucultme-resim1.jpg);\"><a href=\"\"><\/a><\/div>\n\t\t<div class=\"item\" style=\"background-image: url(\/\/healthtourismcenterturkey.com\/wp-content\/uploads\/2020\/08\/kas-ekimi-resim1.jpg);\"><a href=\"\"><\/a><\/div>\n\t\t<div class=\"item\" style=\"background-image: url(\/\/healthtourismcenterturkey.com\/wp-content\/uploads\/2020\/08\/meme-ucu-problemleri-resim1.jpg);\"><a href=\"\"><\/a><\/div>\n\t\t<div class=\"item\" style=\"background-image: url(\/\/healthtourismcenterturkey.com\/wp-content\/uploads\/2020\/08\/genital-estetik-resim1.jpg);\"><a href=\"\"><\/a><\/div>\n\t\t<div class=\"item\" style=\"background-image: url(\/\/healthtourismcenterturkey.com\/wp-content\/uploads\/2020\/08\/sakal-ekimi-resim1.jpg);\"><a href=\"\"><\/a><\/div>\n\t\t<div class=\"item\" style=\"background-image: url(\/\/healthtourismcenterturkey.com\/wp-content\/uploads\/2020\/09\/cilt-bakimi.jpg);\"><a href=\"\"><\/a><\/div>\n\t\t<div class=\"item\" style=\"background-image: url(\/\/healthtourismcenterturkey.com\/wp-content\/uploads\/2020\/09\/11.jpg);\"><a href=\"\"><\/a><\/div>\n\t\t<div class=\"item\" style=\"background-image: url(\/\/healthtourismcenterturkey.com\/wp-content\/uploads\/2020\/09\/Glokom-HFDS-1.jpg);\"><a href=\"\"><\/a><\/div>\n\t\t<div class=\"item\" style=\"background-image: url(\/\/healthtourismcenterturkey.com\/wp-content\/uploads\/2020\/09\/MEME_ESNETIGI_2-scaled.jpg);\"><a href=\"\"><\/a><\/div>\n\t\t<div class=\"item\" style=\"background-image: url(\/\/healthtourismcenterturkey.com\/wp-content\/uploads\/2020\/08\/rpr-mezoterapi-resim1.jpg);\"><a href=\"\"><\/a><\/div>\n\t<\/div>\n<!-- END Photo carousel -->\n<\/div>\n<\/div>\n\n\t<\/div>\n<\/section><div class=\"fw-main-row\"  style=\"background-image:url(http:\/\/healthtourismcenterturkey.com\/wp-content\/uploads\/2020\/07\/benefits.jpg);padding-top:35px;padding-bottom:20px;\" >\n\t<div class=\"fw-container dark-bg\">\n\t\t<div class=\"fw-row\">\n\t\n<div class=\"fw-col-xs-12\" style=\"\">\n\t\t\t\t\t<!-- Icon box style 2 -->\n\t\t<div class=\"icon-box2-item fw-col-xs-6 fw-col-sm-6 fw-col-md-3 fw-col-lg-3\">\n\t\t\t\t\t\t\t<div class=\"icon medical-icon med-icon-epidermis\"><\/div>\n\t\t\t\t\t\t<span>+ ba\u015far\u0131l\u0131<\/span>\n\t\t\t<div class=\"number animateNumber\" data-num=\"5865\">0<\/div>\n\t\t\t<h4>Hair Transplant<\/h4>\n\t\t<\/div>\n\t\t<!-- END Icon box style 2 -->\n\t\t\t<!-- Icon box style 2 -->\n\t\t<div class=\"icon-box2-item fw-col-xs-6 fw-col-sm-6 fw-col-md-3 fw-col-lg-3\">\n\t\t\t\t\t\t\t<div class=\"icon medical-icon med-icon-breast-implant\"><\/div>\n\t\t\t\t\t\t<span>+ ba\u015far\u0131l\u0131<\/span>\n\t\t\t<div class=\"number animateNumber\" data-num=\"3478\">0<\/div>\n\t\t\t<h4>Plastic Surgery<\/h4>\n\t\t<\/div>\n\t\t<!-- END Icon box style 2 -->\n\t\t\t<!-- Icon box style 2 -->\n\t\t<div class=\"icon-box2-item fw-col-xs-6 fw-col-sm-6 fw-col-md-3 fw-col-lg-3\">\n\t\t\t\t\t\t\t<div class=\"icon medical-icon med-icon-nose\"><\/div>\n\t\t\t\t\t\t<span>+ ba\u015far\u0131l\u0131<\/span>\n\t\t\t<div class=\"number animateNumber\" data-num=\"974\">0<\/div>\n\t\t\t<h4>Nose Aesthetics<\/h4>\n\t\t<\/div>\n\t\t<!-- END Icon box style 2 -->\n\t\t\t<!-- Icon box style 2 -->\n\t\t<div class=\"icon-box2-item fw-col-xs-6 fw-col-sm-6 fw-col-md-3 fw-col-lg-3\">\n\t\t\t\t\t\t\t<div class=\"icon medical-icon med-icon-eye\"><\/div>\n\t\t\t\t\t\t<span>+ ba\u015far\u0131l\u0131<\/span>\n\t\t\t<div class=\"number animateNumber\" data-num=\"2896\">0<\/div>\n\t\t\t<h4>Laser Treatment<\/h4>\n\t\t<\/div>\n\t\t<!-- END Icon box style 2 -->\n\t<\/div>\n<\/div>\n\n\t<\/div>\n<\/div><section class=\"fw-main-row\"  style=\"padding-top:40px;\" >\n\t<div class=\"fw-container\">\n\t\t<div class=\"fw-row\">\n\t\n<div class=\"fw-col-xs-12\" style=\"\">\n\t<h2 class='fw-special-title heading-decor tac' style='margin-bottom:40px;'>\n\t<span>Recent writings...<\/span>\n\t<\/h2><\/div>\n<\/div>\n\n<div class=\"fw-row\">\n\t\n<div class=\"fw-col-xs-12\" style=\"\">\n\t\n<div class=\"blog-items fw-row\">\n\t\t<!-- Blog item -->\n\t<div class=\"blog-item fw-col-xs-12 fw-col-md-4\">\n\t\t<div class=\"fw-row\">\n\t\t\t\t\t\t\t<div class=\"image fw-col-xs-12 fw-col-sm-5 fw-col-md-12\"><a href=\"https:\/\/healthtourismcenterturkey.com\/en\/blog\/researches\/\"><img decoding=\"async\" src=\"https:\/\/healthtourismcenterturkey.com\/wp-content\/uploads\/2016\/10\/1-2-370x270.jpeg\" alt=\"Popo Esteti\u011fi\"><\/a><\/div>\n\t\t\t\t\t\t<div class=\"fw-col-xs-12 fw-col-sm-7 fw-col-md-12\">\n\t\t\t\t<h4><a href=\"https:\/\/healthtourismcenterturkey.com\/en\/blog\/researches\/\">Butt Lifting<\/a><\/h4>\n\t\t\t\t<div class=\"post-date\">11\/10\/2016<\/div>\n\t\t\t\t<p>About Buttock Aesthetics\nEvery woman's dream is to have aesthetic hips. Of course, it may not be possible to turn this dream into reality due to some problems. Here's the butt in these cases...<\/p>\n\t\t\t\t<a href=\"https:\/\/healthtourismcenterturkey.com\/en\/blog\/researches\/\" class=\"button-style2 gray min\">read more<\/a>\n\t\t\t<\/div>\n\t\t<\/div>\n\t<\/div>\n\t<!-- END Blog item -->\n\t\t<!-- Blog item -->\n\t<div class=\"blog-item fw-col-xs-12 fw-col-md-4\">\n\t\t<div class=\"fw-row\">\n\t\t\t\t\t\t\t<div class=\"image fw-col-xs-12 fw-col-sm-5 fw-col-md-12\"><a href=\"https:\/\/healthtourismcenterturkey.com\/en\/blog\/your-health\/\"><img decoding=\"async\" src=\"https:\/\/healthtourismcenterturkey.com\/wp-content\/uploads\/2016\/10\/1-1-370x270.jpeg\" alt=\"Sa\u00e7 Ekimi\"><\/a><\/div>\n\t\t\t\t\t\t<div class=\"fw-col-xs-12 fw-col-sm-7 fw-col-md-12\">\n\t\t\t\t<h4><a href=\"https:\/\/healthtourismcenterturkey.com\/en\/blog\/your-health\/\">Hair Transplant<\/a><\/h4>\n\t\t\t\t<div class=\"post-date\">11\/10\/2016<\/div>\n\t\t\t\t<p>Was ist die DHI-Methode? Wie wird sie durchgef\u00fchrt?\nBei dieser Methode werden die entnommenen Haare direkt in den Bereich eingepflanzt. Die als \u201eDHI-Stifte\u201c bezeichneten Instrumente werden in diesem Verfahren verwendet, das keine vorherige Kanal\u00f6ffnung erfordert...<\/p>\n\t\t\t\t<a href=\"https:\/\/healthtourismcenterturkey.com\/en\/blog\/your-health\/\" class=\"button-style2 gray min\">read more<\/a>\n\t\t\t<\/div>\n\t\t<\/div>\n\t<\/div>\n\t<!-- END Blog item -->\n\t\t<!-- Blog item -->\n\t<div class=\"blog-item fw-col-xs-12 fw-col-md-4\">\n\t\t<div class=\"fw-row\">\n\t\t\t\t\t\t\t<div class=\"image fw-col-xs-12 fw-col-sm-5 fw-col-md-12\"><a href=\"https:\/\/healthtourismcenterturkey.com\/en\/blog\/new-investigations\/\"><img decoding=\"async\" src=\"https:\/\/healthtourismcenterturkey.com\/wp-content\/uploads\/2016\/10\/1-3-370x270.jpeg\" alt=\"Meme Esteti\u011fi\"><\/a><\/div>\n\t\t\t\t\t\t<div class=\"fw-col-xs-12 fw-col-sm-7 fw-col-md-12\">\n\t\t\t\t<h4><a href=\"https:\/\/healthtourismcenterturkey.com\/en\/blog\/new-investigations\/\">Breast Aesthetics<\/a><\/h4>\n\t\t\t\t<div class=\"post-date\">11\/10\/2016<\/div>\n\t\t\t\t<p>Why are Breast Augmentation Operations Necessary? The chest area is an extremely important and remarkable area for women. Because this is a critical part of your general appearance...<\/p>\n\t\t\t\t<a href=\"https:\/\/healthtourismcenterturkey.com\/en\/blog\/new-investigations\/\" class=\"button-style2 gray min\">read more<\/a>\n\t\t\t<\/div>\n\t\t<\/div>\n\t<\/div>\n\t<!-- END Blog item -->\n\t<\/div><\/div>\n<\/div>\n\n\t<\/div>\n<\/section><\/p>","protected":false},"excerpt":{"rendered":"<p>5 Y\u0131ld\u0131zl\u0131 Otelde Konaklama VIP Havaalan\u0131 Transferi Her \u015fey Dahil Fiyatlar Servislerimize g\u00f6z at\u0131n! RANDEVU AL DETAY D\u00fcnyan\u0131n Sa\u00e7\u0131n\u0131Ba\u015ftan \u00c7\u0131kar\u0131yoruz Servislerimize g\u00f6z at\u0131n! RANDEVU AL DETAY G\u00f6z sa\u011fl\u0131\u011f\u0131n\u0131zBizimle g\u00fcvende Servislerimize g\u00f6z at\u0131n! RANDEVU AL DETAY FUE Y\u00f6ntemiyle Do\u011fal G\u00f6r\u00fcn\u00fcml\u00fc Sa\u00e7 Ekimi Servislerimize g\u00f6z at\u0131n! RANDEVU AL DETAY Genital Estetik Labioplasti Servislerimize g\u00f6z at\u0131n! RANDEVU AL [&hellip;]<\/p>","protected":false},"author":1,"featured_media":0,"parent":79,"menu_order":0,"comment_status":"closed","ping_status":"closed","template":"page-landing.php","meta":{"footnotes":""},"class_list":["post-81","page","type-page","status-publish","hentry"],"acf":[],"_links":{"self":[{"href":"https:\/\/healthtourismcenterturkey.com\/en\/wp-json\/wp\/v2\/pages\/81"}],"collection":[{"href":"https:\/\/healthtourismcenterturkey.com\/en\/wp-json\/wp\/v2\/pages"}],"about":[{"href":"https:\/\/healthtourismcenterturkey.com\/en\/wp-json\/wp\/v2\/types\/page"}],"author":[{"embeddable":true,"href":"https:\/\/healthtourismcenterturkey.com\/en\/wp-json\/wp\/v2\/users\/1"}],"replies":[{"embeddable":true,"href":"https:\/\/healthtourismcenterturkey.com\/en\/wp-json\/wp\/v2\/comments?post=81"}],"version-history":[{"count":266,"href":"https:\/\/healthtourismcenterturkey.com\/en\/wp-json\/wp\/v2\/pages\/81\/revisions"}],"predecessor-version":[{"id":2291,"href":"https:\/\/healthtourismcenterturkey.com\/en\/wp-json\/wp\/v2\/pages\/81\/revisions\/2291"}],"up":[{"embeddable":true,"href":"https:\/\/healthtourismcenterturkey.com\/en\/wp-json\/wp\/v2\/pages\/79"}],"wp:attachment":[{"href":"https:\/\/healthtourismcenterturkey.com\/en\/wp-json\/wp\/v2\/media?parent=81"}],"curies":[{"name":"wp","href":"https:\/\/api.w.org\/{rel}","templated":true}]}}