{"id":48,"date":"2016-10-10T09:57:31","date_gmt":"2016-10-10T06:57:31","guid":{"rendered":"http:\/\/healthtourismcenterturkey.com\/?page_id=48"},"modified":"2022-11-16T16:14:51","modified_gmt":"2022-11-16T16:14:51","slug":"iletisim","status":"publish","type":"page","link":"https:\/\/healthtourismcenterturkey.com\/en\/iletisim\/","title":{"rendered":"Contacts"},"content":{"rendered":"<p><section class=\"fw-main-row\"   >\n\t<div class=\"fw-container-fluid no-padding\">\n\t\t<div class=\"fw-row\">\n\t\n<div class=\"fw-col-xs-12\" style=\"\">\n\t<section class=\"banner-block banner-block-69f545ea07bda fw-main-row\" style=\"height:450px;\">\n\t\t<div class=\"item dark-bg\"  style=\"height:450px;background-image: url(\/\/healthtourismcenterturkey.com\/wp-content\/uploads\/2020\/07\/sorular\u0131n\u0131z\u0131-yaz\u0131n.jpg);\">\n\t\t<div class=\"fw-container centered-container tac\">\n\t\t\t\t\t\t<h2 class=\"h1\"><span><span class=\"blue-color\">Submit your<\/span><br> Questions<\/span><\/h2>\n\t\t\t\t\t\t<p>Check Out Our Services!<\/p>\n\t\t\t\t\t\t\t\t\t\t\t\t<a href=\"#\" class=\"button-style1\"><span>Check Out<\/span><\/a>\n\t\t\t\t\t\t\t\t\t<a href=\"#\" class=\"button-style1 dark\"><span>MORE INFO<\/span><\/a>\n\t\t\t\t\t\t\t\t\t<\/div>\n\t<\/div>\n\t<\/section><\/div>\n<\/div>\n\n\t<\/div>\n<\/section><section class=\"fw-main-row\"  style=\"padding-top:40px;padding-bottom:30px;\" >\n\t<div class=\"fw-container\">\n\t\t<div class=\"fw-row\">\n\t\n<div class=\"fw-col-xs-12\" style=\"\">\n\t<h2 class='fw-special-title heading-decor tac' style='margin-bottom:30px;'>\n\t<span>Contact<\/span>\n\t<\/h2><\/div>\n<\/div>\n\n<div class=\"fw-row\">\n\t\n<div class=\"fw-col-xs-12 fw-col-sm-4 contact-col\" style=\"\">\n\t<span class=\"icon\">\n\t<i class=\"icon-font icon-placeholder-1\"><\/i>\n\t<\/span>\n<p>\u0130skenderpa\u015fa Mahallesi Sofular Caddesi Parlak Apartman\u0131 No:14 Daire:3<br \/>Fatih\/\u0130stanbul<\/p>\n<\/div>\n\n<div class=\"fw-col-xs-12 fw-col-sm-4 contact-col\" style=\"\">\n\t<span class=\"icon\">\n\t<i class=\"icon-font icon-telephone-1\"><\/i>\n\t<\/span>\n<p>+90 552 797 67 44<\/p>\n<\/div>\n\n<div class=\"fw-col-xs-12 fw-col-sm-4 contact-col\" style=\"\">\n\t<span class=\"icon\">\n\t<i class=\"icon-font icon-envelope\"><\/i>\n\t<\/span>\n<p><a href=\"mailto:info@healthtourismcenterturkey.com\">info@healthtourismcenterturkey.com<\/a><\/p>\n<\/div>\n<\/div>\n\n\t<\/div>\n<\/section><section class=\"fw-main-row\"  style=\"padding-top:30px;padding-bottom:45px;\" >\n\t<div class=\"fw-container\">\n\t\t<div class=\"fw-row\">\n\t\n<div class=\"fw-col-xs-12\" style=\"\">\n\t<h2 class='fw-special-title heading-decor tac' style='margin-bottom:40px;'>\n\t<span>CONTACT FORM<\/span>\n\t<\/h2><\/div>\n<\/div>\n\n<div class=\"fw-row\">\n\t\n<div class=\"fw-col-xs-12\" style=\"\">\n\t\n<p>&nbsp;<\/p><p>\n<div class=\"wpcf7 no-js\" id=\"wpcf7-f377-o1\" lang=\"ru-RU\" dir=\"ltr\">\n<div class=\"screen-reader-response\"><p role=\"status\" aria-live=\"polite\" aria-atomic=\"true\"><\/p> <ul><\/ul><\/div>\n<form action=\"\/wp-json\/wp\/v2\/pages\/48\" method=\"post\" class=\"wpcf7-form init form fw-row\" aria-label=\"\u041a\u043e\u043d\u0442\u0430\u043a\u0442\u043d\u0430\u044f \u0444\u043e\u0440\u043c\u0430\" novalidate=\"novalidate\" data-status=\"init\" data-trp-original-action=\"\/en\/wp-json\/wp\/v2\/pages\/48#wpcf7-f377-o1\">\n<div style=\"display: none;\">\n<input type=\"hidden\" name=\"_wpcf7\" value=\"377\" \/>\n<input type=\"hidden\" name=\"_wpcf7_version\" value=\"5.7.6\" \/>\n<input type=\"hidden\" name=\"_wpcf7_locale\" value=\"ru_RU\" \/>\n<input type=\"hidden\" name=\"_wpcf7_unit_tag\" value=\"wpcf7-f377-o1\" \/>\n<input type=\"hidden\" name=\"_wpcf7_container_post\" value=\"0\" \/>\n<input type=\"hidden\" name=\"_wpcf7_posted_data_hash\" value=\"\" \/>\n<\/div>\n<div class=\"fw-col-sm-6 fw-col-md-3\">\n\t<p><span class=\"wpcf7-form-control-wrap\" data-name=\"name\"><input size=\"40\" class=\"wpcf7-form-control wpcf7-text wpcf7-validates-as-required style1\" aria-required=\"true\" aria-invalid=\"false\" placeholder=\"Name Surname *\" value=\"\" type=\"text\" name=\"name\" \/><\/span>\n\t<\/p>\n<\/div>\n<div class=\"fw-col-sm-6 fw-col-md-3\">\n\t<p><span class=\"wpcf7-form-control-wrap\" data-name=\"phone\"><input size=\"40\" class=\"wpcf7-form-control wpcf7-text wpcf7-validates-as-required style1\" aria-required=\"true\" aria-invalid=\"false\" placeholder=\"Phone Number *\" value=\"\" type=\"text\" name=\"phone\" \/><\/span>\n\t<\/p>\n<\/div>\n<div class=\"fw-col-sm-6 fw-col-md-6\">\n\t<p><span class=\"wpcf7-form-control-wrap\" data-name=\"email\"><input size=\"40\" class=\"wpcf7-form-control wpcf7-text wpcf7-validates-as-required style1\" aria-required=\"true\" aria-invalid=\"false\" placeholder=\"E-mail Address *\" value=\"\" type=\"text\" name=\"email\" \/><\/span>\n\t<\/p>\n<\/div>\n<div class=\"fw-col-md-12\">\n\t<p><span class=\"wpcf7-form-control-wrap\" data-name=\"text\"><textarea cols=\"40\" rows=\"10\" class=\"wpcf7-form-control wpcf7-textarea style1\" aria-invalid=\"false\" placeholder=\"Sorular\u0131n\u0131z\u0131 veya \u015eikayetlerinizi g\u00f6nderin  *\" name=\"text\"><\/textarea><\/span>\n\t<\/p>\n\t<div class=\"tac\">\n\t\t<p><input class=\"wpcf7-form-control has-spinner wpcf7-submit button-style1\" type=\"submit\" value=\"Send\" \/>\n\t\t<\/p>\n\t<\/div>\n<\/div><p style=\"display: none !important;\" class=\"akismet-fields-container\" data-prefix=\"_wpcf7_ak_\"><label>&#916;<textarea name=\"_wpcf7_ak_hp_textarea\" cols=\"45\" rows=\"8\" maxlength=\"100\"><\/textarea><\/label><input type=\"hidden\" id=\"ak_js_1\" name=\"_wpcf7_ak_js\" value=\"157\"\/><script>document.getElementById( \"ak_js_1\" ).setAttribute( \"value\", ( new Date() ).getTime() );<\/script><\/p><div class=\"wpcf7-response-output\" aria-hidden=\"true\"><\/div>\n<input type=\"hidden\" name=\"trp-form-language\" value=\"en\"\/><\/form>\n<\/div>\n<\/p><p>&nbsp;<\/p>\n<\/div>\n<\/div>\n\n\t<\/div>\n<\/section><section class=\"fw-main-row\"   >\n\t<div class=\"fw-container-fluid no-padding\">\n\t\t<div class=\"fw-row\">\n\t\n<div class=\"fw-col-xs-12\" style=\"\">\n\t<div class=\"fw-map\" data-locations=\"[{&quot;title&quot;:&quot;&quot;,&quot;url&quot;:&quot;&quot;,&quot;thumb&quot;:false,&quot;coordinates&quot;:{&quot;lat&quot;:-32.232,&quot;lng&quot;:115.802},&quot;description&quot;:&quot;&quot;}]\" data-map-type=\"ROADMAP\" data-map-height=\"335\" data-gmap-key=\"AIzaSyAuloxiFEVDFvIrG5eDZ8xJ-uqdWCNcERw\" data-disable-scrolling=\"\" >\n\t<div class=\"fw-map-canvas\"><\/div>\n<\/div><\/div>\n<\/div>\n\n\t<\/div>\n<\/section><\/p>","protected":false},"excerpt":{"rendered":"<p>Sorunuzu G\u00f6nderin. Hizmetlerimizi \u0130nceleyin! \u0130ncele Daha Fazla Bilgi \u0130leti\u015fim \u0130skenderpa\u015fa Mahallesi Sofular Caddesi Parlak Apartman\u0131 No:14 Daire:3Fatih\/\u0130stanbul +90 552 797 67 44 info@healthtourismcenterturkey.com \u0130LET\u0130\u015e\u0130M FORMU &nbsp; &#916; &nbsp;<\/p>","protected":false},"author":1,"featured_media":0,"parent":0,"menu_order":0,"comment_status":"closed","ping_status":"closed","template":"page-landing.php","meta":{"footnotes":""},"class_list":["post-48","page","type-page","status-publish","hentry"],"acf":[],"_links":{"self":[{"href":"https:\/\/healthtourismcenterturkey.com\/en\/wp-json\/wp\/v2\/pages\/48"}],"collection":[{"href":"https:\/\/healthtourismcenterturkey.com\/en\/wp-json\/wp\/v2\/pages"}],"about":[{"href":"https:\/\/healthtourismcenterturkey.com\/en\/wp-json\/wp\/v2\/types\/page"}],"author":[{"embeddable":true,"href":"https:\/\/healthtourismcenterturkey.com\/en\/wp-json\/wp\/v2\/users\/1"}],"replies":[{"embeddable":true,"href":"https:\/\/healthtourismcenterturkey.com\/en\/wp-json\/wp\/v2\/comments?post=48"}],"version-history":[{"count":42,"href":"https:\/\/healthtourismcenterturkey.com\/en\/wp-json\/wp\/v2\/pages\/48\/revisions"}],"predecessor-version":[{"id":2292,"href":"https:\/\/healthtourismcenterturkey.com\/en\/wp-json\/wp\/v2\/pages\/48\/revisions\/2292"}],"wp:attachment":[{"href":"https:\/\/healthtourismcenterturkey.com\/en\/wp-json\/wp\/v2\/media?parent=48"}],"curies":[{"name":"wp","href":"https:\/\/api.w.org\/{rel}","templated":true}]}}