{"id":2255,"date":"2022-05-24T18:22:33","date_gmt":"2022-05-24T18:22:33","guid":{"rendered":"https:\/\/healthtourismcenterturkey.com\/?page_id=2255"},"modified":"2022-05-24T19:04:29","modified_gmt":"2022-05-24T19:04:29","slug":"hollywood-gulusu","status":"publish","type":"page","link":"https:\/\/healthtourismcenterturkey.com\/en\/dis-estetigi\/hollywood-gulusu\/","title":{"rendered":"Hollywood Smile"},"content":{"rendered":"<p><span style=\"font-size: 14pt;\"><strong>Hollywood smile<\/strong> Hollywood smile, a dental application is the most preferred smile design in recent years. In daily life, the face, mouth and smile are effective on a person's positive and aesthetic expression. In this direction, people who are not happy with the appearance of their teeth and gums prefer dental aesthetic applications.<\/span><br \/>\n<span style=\"font-size: 14pt;\">Today, the Hollywood smile look can be achieved together with all the applications planned for the needs of the person. This application basically aims to have the smile of Hollywood stars so the lips, teeth and gums appear perfectly as a whole.<\/span><\/p>\n<p><img loading=\"lazy\" decoding=\"async\" class=\"alignnone size-full wp-image-2259\" src=\"https:\/\/healthtourismcenterturkey.com\/wp-content\/uploads\/2022\/05\/5e4a54d7d265a21ebcb7ae96.jpg\" alt=\"\" width=\"740\" height=\"416\" srcset=\"https:\/\/healthtourismcenterturkey.com\/wp-content\/uploads\/2022\/05\/5e4a54d7d265a21ebcb7ae96.jpg 740w, https:\/\/healthtourismcenterturkey.com\/wp-content\/uploads\/2022\/05\/5e4a54d7d265a21ebcb7ae96-300x169.jpg 300w, https:\/\/healthtourismcenterturkey.com\/wp-content\/uploads\/2022\/05\/5e4a54d7d265a21ebcb7ae96-18x10.jpg 18w\" sizes=\"(max-width: 740px) 100vw, 740px\" \/><\/p>\n<p>&nbsp;<\/p>\n<h2>Hollywood Smile<\/h2>\n<p><span style=\"font-size: 14pt;\">Hollywood smile design is the whole of a number of applications that will be carried out according to the needs of the person. The appearance of the lips, teeth and gums is evaluated to prepare to achieve a flawless appearance in the planning phase.<\/span><br \/>\n<span style=\"font-size: 14pt;\">Problems such as missing tooth alignment, broken or crooked teeth, gums covering a large part of the teeth or receding gums are determined. At the same time, infections in the mouth, cavities and gum diseases are also treated before the application.<\/span><br \/>\n<span style=\"font-size: 14pt;\">\u2022 The operations performed in the Hollywood smile application can be listed as follows;<\/span><br \/>\n<span style=\"font-size: 14pt;\">\u2022 Implant treatment: It is applied to complete missing teeth.<\/span><br \/>\n<span style=\"font-size: 14pt;\">\u2022 Porcelain veneer: It is the process of coating the outer surfaces of the teeth with leaf porcelain by minimally abrading them.<\/span><br \/>\n<span style=\"font-size: 14pt;\">\u2022 Teeth whitening: Yellow stains on the teeth are removed.<\/span><br \/>\n<span style=\"font-size: 14pt;\">\u2022 Gum aesthetics: This process aims to make the gums look compatible with the teeth.<\/span><\/p>\n<p>&nbsp;<\/p>\n<h2>Istanbul Hollywood Smile Center<\/h2>\n<p><span style=\"font-size: 14pt;\">It is very important to find the best dentists in \nIstanbul for Hollywood smile application. In particular, centers where sterilization processes are fully implemented should be selected. It is a must that the dentist to be experienced in Hollywood smile applications. If the chosen center is qualifed you can expect<\/span><br \/>\n<span style=\"font-size: 14pt;\">\u2022 An aesthetic smile.<\/span><br \/>\n<span style=\"font-size: 14pt;\">\u2022 Your teeth to gain a symmetrical and white appearance.<\/span><br \/>\n<span style=\"font-size: 14pt;\">\u2022 Your teeth and gums to have an aesthetic appearance as a whole.<\/span><br \/>\n<span style=\"font-size: 14pt;\">\u2022 Your mouth closure to be formed correctly.<\/span><br \/>\n<span style=\"font-size: 14pt;\">\u2022 To gain a younger and more dynamic appearance.<\/span><br \/>\n<span style=\"font-size: 14pt;\">\u2022 Best Dentists for Hollywood Smile application in Istanbul<\/span><br \/>\n<span style=\"font-size: 14pt;\">\u2022 It may necessarry to be examined during the search for the best dentist in Istanbul for you. Detailed information about treatment planning should be obtained and a reference look should be witnessed. They you can decide on the dentist for Hollywood smile application. \nThen, the following procedures are carried out;<\/span><br \/>\n<span style=\"font-size: 14pt;\">\u2022 Teeth and jaw structure is evaluated and a model is created for the teeth.<\/span><br \/>\n<span style=\"font-size: 14pt;\">\u2022 Ideal teeth form is created.<\/span><br \/>\n<span style=\"font-size: 14pt;\">\u2022 Teeth prototypes are created.<\/span><br \/>\n<span style=\"font-size: 14pt;\">\u2022 Created teeth are attached.<\/span><\/p>","protected":false},"excerpt":{"rendered":"<p>Hollywood smile olarak adland\u0131r\u0131lan uygulama son y\u0131llarda olduk\u00e7a s\u0131k tercih edilen g\u00fcl\u00fc\u015f tasar\u0131m\u0131d\u0131r. G\u00fcnl\u00fck ya\u015famda ki\u015finin kendini do\u011fru, pozitif ve estetik bir \u015fekilde ifade etmesinin temelinde y\u00fcz\u00fc, a\u011fz\u0131 ve g\u00fcl\u00fc\u015f\u00fc etkilidir. Bu do\u011frultuda gerek di\u015f diziliminin gerekse de di\u015f etlerinin g\u00f6r\u00fcn\u00fcm\u00fcnden mutlu olmayan ki\u015filer di\u015f esteti\u011fi uygulamalar\u0131na ba\u015fvurmaktad\u0131r. G\u00fcn\u00fcm\u00fczde ise ki\u015finin ihtiyac\u0131na y\u00f6nelik \u015fekilde planlanan [&hellip;]<\/p>","protected":false},"author":2,"featured_media":0,"parent":2228,"menu_order":0,"comment_status":"closed","ping_status":"closed","template":"","meta":{"footnotes":""},"class_list":["post-2255","page","type-page","status-publish","hentry"],"acf":[],"_links":{"self":[{"href":"https:\/\/healthtourismcenterturkey.com\/en\/wp-json\/wp\/v2\/pages\/2255"}],"collection":[{"href":"https:\/\/healthtourismcenterturkey.com\/en\/wp-json\/wp\/v2\/pages"}],"about":[{"href":"https:\/\/healthtourismcenterturkey.com\/en\/wp-json\/wp\/v2\/types\/page"}],"author":[{"embeddable":true,"href":"https:\/\/healthtourismcenterturkey.com\/en\/wp-json\/wp\/v2\/users\/2"}],"replies":[{"embeddable":true,"href":"https:\/\/healthtourismcenterturkey.com\/en\/wp-json\/wp\/v2\/comments?post=2255"}],"version-history":[{"count":6,"href":"https:\/\/healthtourismcenterturkey.com\/en\/wp-json\/wp\/v2\/pages\/2255\/revisions"}],"predecessor-version":[{"id":2283,"href":"https:\/\/healthtourismcenterturkey.com\/en\/wp-json\/wp\/v2\/pages\/2255\/revisions\/2283"}],"up":[{"embeddable":true,"href":"https:\/\/healthtourismcenterturkey.com\/en\/wp-json\/wp\/v2\/pages\/2228"}],"wp:attachment":[{"href":"https:\/\/healthtourismcenterturkey.com\/en\/wp-json\/wp\/v2\/media?parent=2255"}],"curies":[{"name":"wp","href":"https:\/\/api.w.org\/{rel}","templated":true}]}}