{"id":2247,"date":"2022-05-24T18:17:51","date_gmt":"2022-05-24T18:17:51","guid":{"rendered":"https:\/\/healthtourismcenterturkey.com\/?page_id=2247"},"modified":"2022-05-24T18:21:17","modified_gmt":"2022-05-24T18:21:17","slug":"dis-implanti","status":"publish","type":"page","link":"https:\/\/healthtourismcenterturkey.com\/en\/dis-estetigi\/dis-implanti\/","title":{"rendered":"Dental Implant"},"content":{"rendered":"<h2>What is an implant?<\/h2>\n<p><span style=\"font-size: 14pt;\">Implants are special screws made of titanium used in the treatment of missing teeth and placed inside the jawbone. A dental prosthesis is placed on these screws. The advantage of implant treatment over other treatments is that adjacent teeth are not damaged. That is, adjacent teeth do not need to be cut. An implant acts as a tooth root and you can eat, talk and laugh just like you do with a natural tooth.<\/span><\/p>\n<h2>Who can be treated with implants?<\/h2>\n<p><span style=\"font-size: 14pt;\">Implant treatment is applied to individuals over the age of 18 who have completed their jaw and face development. Before the treatment, whether the jaw structure is suitable for the implant is determined by X-rays. For diabetic patients, the disease must be regulated before treatment. For those who use blood thinners, the drugs are discontinued before the treatment. Those with osteoporosis can receive implant treatment after receiving appropriate treatment.<\/span><\/p>\n<p>&nbsp;<\/p>\n<p><img loading=\"lazy\" decoding=\"async\" class=\"wp-image-2251\" src=\"https:\/\/healthtourismcenterturkey.com\/wp-content\/uploads\/2022\/05\/dis-implanti-3.jpg\" alt=\"\" width=\"791\" height=\"593\" srcset=\"https:\/\/healthtourismcenterturkey.com\/wp-content\/uploads\/2022\/05\/dis-implanti-3.jpg 1440w, https:\/\/healthtourismcenterturkey.com\/wp-content\/uploads\/2022\/05\/dis-implanti-3-300x225.jpg 300w, https:\/\/healthtourismcenterturkey.com\/wp-content\/uploads\/2022\/05\/dis-implanti-3-1024x768.jpg 1024w, https:\/\/healthtourismcenterturkey.com\/wp-content\/uploads\/2022\/05\/dis-implanti-3-768x576.jpg 768w, https:\/\/healthtourismcenterturkey.com\/wp-content\/uploads\/2022\/05\/dis-implanti-3-16x12.jpg 16w\" sizes=\"(max-width: 791px) 100vw, 791px\" \/><\/p>\n<h2>How is implant treatment done?<\/h2>\n<p><span style=\"font-size: 14pt;\">Implant treatment is done by giving the patient a light sedation. Detailed examination and x-ray are required before the procedure. Measurements of the jaw bones and remaining teeth are taken. There are two options for placing dental implants. In the one-step procedure, a temporary cap is attached after the implant is placed. In the two-stage process, the dental implant is covered with the gum and left to heal after it is placed. Prosthetic heads are then attached. In both cases, a temporary bridge is placed and a healing period of 3 months for the lower jaw and six months for the upper jaw is expected. In some cases newly made teeth can be placed on dental implants immediately. The patient can safely laugh and eat with a dental implant.<\/span><br \/>\n<span style=\"font-size: 14pt;\">Zirconium implants are new generation implants made to increase the resistance of implants made of titanium. It is used to increase endurance, especially in narrow jawbones and there is no difference from titanium ones except for durability.<\/span><br \/>\n<span style=\"font-size: 14pt;\">Zirconium is also used in dental veneers. Zirconium is as white as natural teeth and reflects light. It is useful in terms of aesthetics as well as durability. It does not corrode and does not leave a metal taste in the mouth. Color change does not occur over time. There is no harm to the body.<\/span><\/p>\n<p><\/br><\/br><\/p>","protected":false},"excerpt":{"rendered":"<p>\u0130mplant nedir? \u0130mplant eksik di\u015flerin tedavisinde kullan\u0131lan ve \u00e7ene kemi\u011finin i\u00e7ine yerle\u015ftirilen titanyumdan yap\u0131lm\u0131\u015f vidalard\u0131r. Bu vidalar\u0131n \u00fczerine di\u015f protezi yerle\u015ftirilir. \u0130mplant tedavisinin di\u011fer tedavilere avantaj\u0131 kom\u015fu di\u015flere zarar verilmez. Yani kom\u015fu di\u015flerin kesilmesi gerekmez. \u0130mplant di\u015f k\u00f6k g\u00f6revi g\u00f6r\u00fcr ve do\u011fal di\u015f gibi rahatl\u0131kla yemek yiyebilir, konu\u015fabilir ve g\u00fclebilirsiniz. \u0130mplant tedavisi kimlere uygulanabilir? \u0130mplant [&hellip;]<\/p>","protected":false},"author":2,"featured_media":0,"parent":2228,"menu_order":0,"comment_status":"closed","ping_status":"closed","template":"","meta":{"footnotes":""},"class_list":["post-2247","page","type-page","status-publish","hentry"],"acf":[],"_links":{"self":[{"href":"https:\/\/healthtourismcenterturkey.com\/en\/wp-json\/wp\/v2\/pages\/2247"}],"collection":[{"href":"https:\/\/healthtourismcenterturkey.com\/en\/wp-json\/wp\/v2\/pages"}],"about":[{"href":"https:\/\/healthtourismcenterturkey.com\/en\/wp-json\/wp\/v2\/types\/page"}],"author":[{"embeddable":true,"href":"https:\/\/healthtourismcenterturkey.com\/en\/wp-json\/wp\/v2\/users\/2"}],"replies":[{"embeddable":true,"href":"https:\/\/healthtourismcenterturkey.com\/en\/wp-json\/wp\/v2\/comments?post=2247"}],"version-history":[{"count":5,"href":"https:\/\/healthtourismcenterturkey.com\/en\/wp-json\/wp\/v2\/pages\/2247\/revisions"}],"predecessor-version":[{"id":2250,"href":"https:\/\/healthtourismcenterturkey.com\/en\/wp-json\/wp\/v2\/pages\/2247\/revisions\/2250"}],"up":[{"embeddable":true,"href":"https:\/\/healthtourismcenterturkey.com\/en\/wp-json\/wp\/v2\/pages\/2228"}],"wp:attachment":[{"href":"https:\/\/healthtourismcenterturkey.com\/en\/wp-json\/wp\/v2\/media?parent=2247"}],"curies":[{"name":"wp","href":"https:\/\/api.w.org\/{rel}","templated":true}]}}