{"id":1451,"date":"2020-08-30T12:53:50","date_gmt":"2020-08-30T12:53:50","guid":{"rendered":"http:\/\/healthtourismcenterturkey.com\/?page_id=1451"},"modified":"2020-09-03T12:06:07","modified_gmt":"2020-09-03T12:06:07","slug":"lazer-presbyond","status":"publish","type":"page","link":"https:\/\/healthtourismcenterturkey.com\/en\/goz-ameliyatlari\/lazer-tedavileri\/lazer-presbyond\/","title":{"rendered":"Lazer Presbyond"},"content":{"rendered":"<div class=\"row pt-80\">\n<div class=\"col-12 col-lg-6\">\n<p class=\"brk-dark-font-color font__size-16 font__weight-normal line__height-26 mb-10\"><span style=\"font-size: 14pt;\">Excimer lasers are indispensable for laser devices used in vision correction (refractive)\napplications. Excimer lasers have been used in the treatment of myopia, astigmatism and\nhyperopia for about 30 years. Besides the technological advantages of Mel 90 excimer\nlaser, the most important feature that makes it unique is the application of near vision\ncorrection laser patented under the name of \"Laser Presbyond\". The patented Laser\nPresbyond application procedure allows us to take advantage of the unique technology of\nthis device.<\/span><\/p>\n<p class=\"brk-dark-font-color font__size-16 font__weight-normal line__height-26 mb-10\"><span style=\"font-size: 14pt;\">Near vision correction operation with Mel 90 can be applied to every healthy person over\nthe age of 40. The effectiveness of the application lasts for a lifetime. After Laser\nPresbyond application, people do not have to wear reading aglasses or contact lenses in\ntheir daily lives. In case of cataract operation at advanced ages, there will be no\nimpairment in near vision. Laser Presbyond can be applied to patients who have\npreviously undergone cataract surgery. There are many successful applications about near\nvision correction developed in recent years. However, none of them give as natural results\nas Laser Presbyond.<\/span><\/p>\n<h1 class=\"brk-dark-font-color font__size-16 font__weight-normal line__height-26\"><span class=\"font__weight-light\">CORNEAL INLAY (KAMRA)<\/span><\/h1>\n<p class=\"brk-dark-font-color font__size-16 font__weight-normal line__height-26 mb-10\"><span style=\"font-size: 14pt;\">This near vision correction application is done with Femtolaser and is costly. A permanent\nprosthesis is attached to the transparent layer of the eye (only to a single eye). Field of\nview (FOV) and three-dimensional (3D) vision loss occurs. The prosthetic apparatus must\nbe removed, in case of a cataract surgery in the following years since it may make thee\ncataract operation difficult. This brings new costs and risks.<\/span><\/p>\n<\/div>\n<\/div>\n<div class=\"col-12 col-lg-6\"><\/div>\n<div><img loading=\"lazy\" decoding=\"async\" class=\"alignnone size-full wp-image-1516\" src=\"http:\/\/healthtourismcenterturkey.com\/wp-content\/uploads\/2020\/09\/585x678_2-5.jpg\" alt=\"\" width=\"585\" height=\"678\" srcset=\"https:\/\/healthtourismcenterturkey.com\/wp-content\/uploads\/2020\/09\/585x678_2-5.jpg 585w, https:\/\/healthtourismcenterturkey.com\/wp-content\/uploads\/2020\/09\/585x678_2-5-259x300.jpg 259w\" sizes=\"(max-width: 585px) 100vw, 585px\" \/><\/div>\n<div><\/div>\n<p>&nbsp;<\/p>\n<h2>SUPRA CORE<\/h2>\n<p class=\"brk-dark-font-color font__size-16 font__weight-normal line__height-26 mb-10\"><span style=\"font-size: 14pt;\">This treatment is limited in effectiveness by allowing near vision correction of 1.5\ndiopters. Satisfaction rate is low among patients. It becomes ineffective after the age range\nof 40-50.<\/span><\/p>\n<p><\/br><\/p>\n<h2>INTRA CORE<\/h2>\n<p class=\"brk-dark-font-color font__size-16 font__weight-normal line__height-26 mb-10\"><span style=\"font-size: 14pt;\">This treatment is also costly as it is applied with Femtolaser. It allows near vision\ncorrection up to 1.5 diopters. This method is not widely used.<\/span><\/p>\n<p>&nbsp;<\/p>","protected":false},"excerpt":{"rendered":"<p>G\u00f6r\u00fc\u015f d\u00fczeltme (refraktif) uygulamalar\u0131nda kullan\u0131lan lazer cihazlar\u0131n\u0131n olmazsa olmaz\u0131 excimer lazerlerdir. Excimer lazerler miyop, astigmat ve hipermetrop tedavisinde yakla\u015f\u0131k 30 y\u0131ldan beri kullan\u0131lmaktad\u0131r. Mel 90 excimer lazer\u2019in teknolojik \u00fcst\u00fcnl\u00fckleri yan\u0131 s\u0131ra, onu e\u015fsiz k\u0131lan en \u00f6nemli \u00f6zelli\u011fi \u201cLaser Presbyond\u201d ad\u0131yla patentlenmi\u015f yak\u0131n g\u00f6r\u00fc\u015f d\u00fczeltme lazer uygulamas\u0131d\u0131r. Patentli Laser Presbyond uygulama prosed\u00fcr\u00fc bu cihaz\u0131n e\u015fsiz teknolojisinden [&hellip;]<\/p>","protected":false},"author":2,"featured_media":0,"parent":1290,"menu_order":0,"comment_status":"closed","ping_status":"closed","template":"","meta":{"footnotes":""},"class_list":["post-1451","page","type-page","status-publish","hentry"],"acf":[],"_links":{"self":[{"href":"https:\/\/healthtourismcenterturkey.com\/en\/wp-json\/wp\/v2\/pages\/1451"}],"collection":[{"href":"https:\/\/healthtourismcenterturkey.com\/en\/wp-json\/wp\/v2\/pages"}],"about":[{"href":"https:\/\/healthtourismcenterturkey.com\/en\/wp-json\/wp\/v2\/types\/page"}],"author":[{"embeddable":true,"href":"https:\/\/healthtourismcenterturkey.com\/en\/wp-json\/wp\/v2\/users\/2"}],"replies":[{"embeddable":true,"href":"https:\/\/healthtourismcenterturkey.com\/en\/wp-json\/wp\/v2\/comments?post=1451"}],"version-history":[{"count":7,"href":"https:\/\/healthtourismcenterturkey.com\/en\/wp-json\/wp\/v2\/pages\/1451\/revisions"}],"predecessor-version":[{"id":1662,"href":"https:\/\/healthtourismcenterturkey.com\/en\/wp-json\/wp\/v2\/pages\/1451\/revisions\/1662"}],"up":[{"embeddable":true,"href":"https:\/\/healthtourismcenterturkey.com\/en\/wp-json\/wp\/v2\/pages\/1290"}],"wp:attachment":[{"href":"https:\/\/healthtourismcenterturkey.com\/en\/wp-json\/wp\/v2\/media?parent=1451"}],"curies":[{"name":"wp","href":"https:\/\/api.w.org\/{rel}","templated":true}]}}