{"id":1435,"date":"2020-08-30T12:11:25","date_gmt":"2020-08-30T12:11:25","guid":{"rendered":"http:\/\/healthtourismcenterturkey.com\/?page_id=1435"},"modified":"2020-11-27T16:01:00","modified_gmt":"2020-11-27T16:01:00","slug":"kontakt-lens-kullanimi","status":"publish","type":"page","link":"https:\/\/healthtourismcenterturkey.com\/en\/goz-ameliyatlari\/goz-tetkikleri\/kontakt-lens-kullanimi\/","title":{"rendered":"Contact Lens Use"},"content":{"rendered":"<h2 class=\"font__family-montserrat font__size-28 line__height-32 text-uppercase mb-35\"><span class=\"font__weight-light\">USE OF CONTACT LENS IS EXPLAINED IN DETAIL IN THE VIDEO BELOW<\/span><\/h2>\n<p class=\"brk-dark-font-color font__size-16 font__weight-normal line__height-26 mb-10\"><span style=\"font-size: 14pt;\">In this video prepared by the Contact Lens Unit of the Turkish Ophthalmology\nAssociation, you can find all information about contact lens use, hygiene elements and\ncontact lens care.<\/span><\/p>\n<p>&nbsp;<\/p>\n<div style=\"width: 640px;\" class=\"wp-video\"><!--[if lt IE 9]><script>document.createElement('video');<\/script><![endif]-->\n<video class=\"wp-video-shortcode\" id=\"video-1435-1\" width=\"640\" height=\"360\" preload=\"metadata\" controls=\"controls\"><source type=\"video\/mp4\" src=\"http:\/\/healthtourismcenterturkey.com\/wp-content\/uploads\/2020\/09\/kontaktlens.mp4?_=1\" \/><a href=\"http:\/\/healthtourismcenterturkey.com\/wp-content\/uploads\/2020\/09\/kontaktlens.mp4\">http:\/\/healthtourismcenterturkey.com\/wp-content\/uploads\/2020\/09\/kontaktlens.mp4<\/a><\/video><\/div>","protected":false},"excerpt":{"rendered":"<p>KONTAKT LENS KULLANIMI A\u015eA\u011eIDAK\u0130 V\u0130DEODA DETAYLI ANLATILMI\u015eTIR T\u00fcrk Oftalmoloji Derne\u011fi Kontakt Lens Birimi taraf\u0131ndan haz\u0131rlanan bu videoda kontakt lens kullan\u0131m\u0131, hijyen unsurlar\u0131 ve kontakt lens bak\u0131m\u0131 ile ilgili t\u00fcm bilgilere ula\u015fabilirsiniz. &nbsp; http:\/\/healthtourismcenterturkey.com\/wp-content\/uploads\/2020\/09\/kontaktlens.mp4<\/p>","protected":false},"author":2,"featured_media":0,"parent":1299,"menu_order":0,"comment_status":"closed","ping_status":"closed","template":"","meta":{"footnotes":""},"class_list":["post-1435","page","type-page","status-publish","hentry"],"acf":[],"_links":{"self":[{"href":"https:\/\/healthtourismcenterturkey.com\/en\/wp-json\/wp\/v2\/pages\/1435"}],"collection":[{"href":"https:\/\/healthtourismcenterturkey.com\/en\/wp-json\/wp\/v2\/pages"}],"about":[{"href":"https:\/\/healthtourismcenterturkey.com\/en\/wp-json\/wp\/v2\/types\/page"}],"author":[{"embeddable":true,"href":"https:\/\/healthtourismcenterturkey.com\/en\/wp-json\/wp\/v2\/users\/2"}],"replies":[{"embeddable":true,"href":"https:\/\/healthtourismcenterturkey.com\/en\/wp-json\/wp\/v2\/comments?post=1435"}],"version-history":[{"count":8,"href":"https:\/\/healthtourismcenterturkey.com\/en\/wp-json\/wp\/v2\/pages\/1435\/revisions"}],"predecessor-version":[{"id":2072,"href":"https:\/\/healthtourismcenterturkey.com\/en\/wp-json\/wp\/v2\/pages\/1435\/revisions\/2072"}],"up":[{"embeddable":true,"href":"https:\/\/healthtourismcenterturkey.com\/en\/wp-json\/wp\/v2\/pages\/1299"}],"wp:attachment":[{"href":"https:\/\/healthtourismcenterturkey.com\/en\/wp-json\/wp\/v2\/media?parent=1435"}],"curies":[{"name":"wp","href":"https:\/\/api.w.org\/{rel}","templated":true}]}}